{"id":24455,"date":"2025-12-18T09:55:12","date_gmt":"2025-12-18T01:55:12","guid":{"rendered":"https:\/\/yebodaglass.com\/?post_type=product&#038;p=24455"},"modified":"2025-12-18T11:55:49","modified_gmt":"2025-12-18T03:55:49","slug":"airtight-clear-jars-with-wooden-lids-bulk","status":"publish","type":"product","link":"https:\/\/yebodaglass.com\/hu\/airtight-clear-jars-with-wooden-lids-bulk\/","title":{"rendered":"250 ml \u2013 1550 ml l\u00e9gmentesen z\u00e1r\u00f3d\u00f3, \u00e1tl\u00e1tsz\u00f3 bef\u0151ttes\u00fcvegek fa fed\u00e9llel, \u00f6mlesztett kiszerel\u00e9sben"},"content":{"rendered":"<p data-start=\"66\" data-end=\"288\">Ezek a gy\u00f6ny\u00f6r\u0171, fa fed\u00e9llel ell\u00e1tott boroszilik\u00e1t \u00fcvegek hagyom\u00e1nyos kerek form\u00e1ban k\u00e9sz\u00fcltek, kiss\u00e9 kisebb nyakkal. Az \u00fcveg teste \u00e1tl\u00e1tsz\u00f3 boroszilik\u00e1t \u00fcvegb\u0151l k\u00e9sz\u00fclt, \u00e9s egy lapos, faerezetes fed\u00e9llel van ell\u00e1tva, lekerek\u00edtett bar\u00e1zd\u00e1kkal.<\/p>\n<h2>Term\u00e9kjellemz\u0151k<\/h2>\n<ul>\n<li><strong>Konvex alj\u00fa kialak\u00edt\u00e1s:<\/strong> A lekerek\u00edtett, dombor\u00fa alj\u00fa kialak\u00edt\u00e1s stabilabb\u00e1 teszi az \u00fcveget, amikor a padl\u00f3ra helyezik, \u00e9s egy\u00fattal kiss\u00e9 megemeltebb diz\u00e1jnt eredm\u00e9nyez.<\/li>\n<li><strong>Term\u00e9szetes\u200b\u200d\u200b\u200c\u200d\u200b\u200d\u200b\u200d\u200b\u200c\u200d\u200b\u200d\u200d\u200c Hornyolt faerezet\u0171 fed\u00e9l:<\/strong> A fed\u00e9l egyszer\u0171, faerezetes, \u00edvelt bar\u00e1zd\u00e1kkal, \u00edgy a felhaszn\u00e1l\u00f3 sz\u00e1m\u00e1ra nagyon k\u00e9nyelmes a nyit\u00e1sa \u00e9s z\u00e1r\u00e1sa, r\u00e1ad\u00e1sul az \u00fcveget is szorosan lez\u00e1rja.<\/li>\n<li><strong>\u00d6t k\u00fcl\u00f6nb\u00f6z\u0151 kapacit\u00e1s k\u00f6z\u00fcl v\u00e1laszthat:<\/strong> Egy szem\u00e9ly \u00f6t k\u00fcl\u00f6nb\u00f6z\u0151 \u0171rtartalm\u00fa tart\u00e1ly k\u00f6z\u00fcl v\u00e1laszthat, azaz 250 ml-t\u0151l 1550 ml-ig terjed\u0151 t\u00e1rol\u00f3ed\u00e9nyt.<\/li>\n<\/ul>\n<h2 style=\"text-align: left;\">F\u0151bb specifik\u00e1ci\u00f3k<\/h2>\n<table class=\"aligncenter\" style=\"border-collapse: collapse; width: 422.27pt;\" border=\"0\" width=\"563\" cellspacing=\"0\" cellpadding=\"0\">\n<tbody>\n<tr style=\"height: 13.50pt;\">\n<td style=\"height: 13.50pt; width: 99.75pt;\" width=\"133\" height=\"18\">Specifik\u00e1ci\u00f3<\/td>\n<td style=\"width: 322.50pt;\" width=\"430\">R\u00e9szletek<\/td>\n<\/tr>\n<tr style=\"height: 13.50pt;\">\n<td style=\"height: 13.50pt;\" height=\"18\">Kapacit\u00e1s<\/td>\n<td>250 ml \/ 450 ml \/ 750 ml \/ 950 ml \/ 1550 ml<\/td>\n<\/tr>\n<tr style=\"height: 13.50pt;\">\n<td style=\"height: 13.50pt;\" height=\"18\">M\u00e9retek<\/td>\n<td>9 \u00d7 7 cm \/ 9 \u00d7 10 cm \/ 9 \u00d7 15 cm \/ 9 \u00d7 19 cm \/ 9 \u00d7 29,5 cm<\/td>\n<\/tr>\n<tr style=\"height: 13.50pt;\">\n<td style=\"height: 13.50pt;\" height=\"18\">Anyag<\/td>\n<td>Magas boroszilik\u00e1t \u00fcveg<\/td>\n<\/tr>\n<tr style=\"height: 13.50pt;\">\n<td style=\"height: 13.50pt;\" height=\"18\">Fed\u00e9l t\u00edpusa<\/td>\n<td>Fa text\u00far\u00e1j\u00fa lapos fed\u00e9l k\u00f6r alak\u00fa markolattal<\/td>\n<\/tr>\n<tr style=\"height: 13.50pt;\">\n<td style=\"height: 13.50pt;\" height=\"18\">Fed\u00e9l \u00e1tm\u00e9r\u0151je<\/td>\n<td>90 mm (minden m\u00e9retben egys\u00e9ges)<\/td>\n<\/tr>\n<tr style=\"height: 13.50pt;\">\n<td style=\"height: 13.50pt;\" height=\"18\">Anyagjellemz\u0151<\/td>\n<td>Magas h\u0151- \u00e9s vegyi ellen\u00e1ll\u00e1s, kiv\u00e1l\u00f3 \u00e1tl\u00e1tsz\u00f3s\u00e1g<\/td>\n<\/tr>\n<tr style=\"height: 13.50pt;\">\n<td style=\"height: 13.50pt;\" height=\"18\">Ide\u00e1lis<\/td>\n<td>Fafedeles bef\u0151ttes\u00fcvegek \/ Fedeles \u00fcvegek<\/td>\n<\/tr>\n<\/tbody>\n<\/table>\n<h2>Egy k\u00e1v\u00e9p\u00f6rk\u00f6l\u0151 m\u00e1rka\u00e1talak\u00edt\u00e1s: A m\u00e1rka felemelked\u00e9se<\/h2>\n<p>Egy k\u00fcl\u00f6nleges k\u00e1v\u00e9p\u00f6rk\u00f6l\u0151 luxus csomagol\u00e1sra v\u00e1gyott a m\u00e1rkaim\u00e1zs n\u00f6vel\u00e9se \u00e9rdek\u00e9ben. Ennek eredm\u00e9nyek\u00e9nt a 750 ml-es, \u00e1tl\u00e1tsz\u00f3, fafedeles \u00fcvegeinket v\u00e1lasztott\u00e1k a k\u00e1v\u00e9bab csomagol\u00e1s\u00e1hoz. Ez a magas boroszilik\u00e1t-tartalm\u00fa \u00fcveg nagyon tart\u00f3s. Val\u00f3j\u00e1ban a sz\u00e1ll\u00edt\u00e1s sor\u00e1n a t\u00f6r\u00e9s kock\u00e1zata 65%-kal cs\u00f6kken a hasonl\u00f3 term\u00e9kek ipar\u00e1gi \u00e1tlag\u00e1hoz k\u00e9pest. A faerezetes fed\u00e9l nagyon l\u00e9gmentes, \u00e9s a v\u00e1s\u00e1rl\u00f3i visszajelz\u00e9sek szerint 50%-kal meghosszabb\u00edtja a k\u00e1v\u00e9bab frissess\u00e9g\u00e9t \u00e9s illat\u00e1t. Erre a hatalmas sikerre \u00e9p\u00edtve tov\u00e1bbi 50 000 \u00fcveget rendeltek meg, hogy bemutass\u00e1k vadonat\u00faj, egyetlen eredet\u0171 k\u00e1v\u00e9bab term\u00e9kcsal\u00e1djukat.<\/p>\n<h2>\u00c1tl\u00e1tsz\u00f3 \u00fcvegek testreszab\u00e1si lehet\u0151s\u00e9gei<\/h2>\n<ul>\n<li>T\u00f6m\u00f6rfa fed\u0151k \u2013 V\u00e1ltson faerezet\u0171r\u0151l val\u00f3di bambusz-, t\u00f6lgy- vagy di\u00f3fa fed\u0151kre.<\/li>\n<li>L\u00e9zergrav\u00edrozott fed\u00e9lk\u00e9p \u2013 D\u00edsz\u00edtsd fa fedeledet eleg\u00e1ns log\u00f3val, mint\u00e1val vagy bet\u0171kkel.<\/li>\n<li>Szitanyomott kapacit\u00e1sjelz\u0151k \u2013 Egyszer\u0171 \u00e9s tart\u00f3s \u00fcvegkapacit\u00e1s-jelz\u0151k az \u00fcveg oldal\u00e1n nyomtatva.<\/li>\n<li>Szilikon t\u00f6m\u00edt\u0151gy\u0171r\u0171 sz\u00ednei \u2013 A bels\u0151 t\u00f6m\u00edt\u0151gy\u0171r\u0171 sz\u00e1mos \u00e9lelmiszeripari min\u0151s\u00e9g\u0171 szilikon sz\u00ednben k\u00e9sz\u00fclhet.<\/li>\n<li>Textur\u00e1lt cs\u00fasz\u00e1sg\u00e1tl\u00f3 fel\u00fclet \u2013 Homokf\u00favott vagy textur\u00e1lt alj a jobb k\u00e9zfog\u00e1s \u00e9rdek\u00e9ben.<\/li>\n<\/ul>","protected":false},"excerpt":{"rendered":"<p>Ezek az \u00e1tl\u00e1tsz\u00f3 bef\u0151ttes\u00fcvegek fa fed\u00e9llel rendelkeznek, vastag boroszilik\u00e1t \u00fcvegb\u0151l \u00e9s sima fa fed\u00e9llel. Eleg\u00e1nsak \u00e9s praktikusak konyh\u00e1kba. Ingyenes mint\u00e1kat t\u00e1mogatunk. Gyors sz\u00e1ll\u00edt\u00e1s.<\/p>","protected":false},"featured_media":24465,"template":"","meta":[],"product_brand":[],"product_cat":[122,124,137],"product_tag":[],"class_list":{"0":"post-24455","1":"product","2":"type-product","3":"status-publish","4":"has-post-thumbnail","6":"product_cat-custom-glass-packaging","7":"product_cat-custom-glass-jars","8":"product_cat-glass-jars-with-lids","10":"first","11":"instock","12":"shipping-taxable","13":"product-type-simple"},"jetpack_sharing_enabled":true,"_links":{"self":[{"href":"https:\/\/yebodaglass.com\/hu\/wp-json\/wp\/v2\/product\/24455","targetHints":{"allow":["GET"]}}],"collection":[{"href":"https:\/\/yebodaglass.com\/hu\/wp-json\/wp\/v2\/product"}],"about":[{"href":"https:\/\/yebodaglass.com\/hu\/wp-json\/wp\/v2\/types\/product"}],"version-history":[{"count":4,"href":"https:\/\/yebodaglass.com\/hu\/wp-json\/wp\/v2\/product\/24455\/revisions"}],"predecessor-version":[{"id":24472,"href":"https:\/\/yebodaglass.com\/hu\/wp-json\/wp\/v2\/product\/24455\/revisions\/24472"}],"wp:featuredmedia":[{"embeddable":true,"href":"https:\/\/yebodaglass.com\/hu\/wp-json\/wp\/v2\/media\/24465"}],"wp:attachment":[{"href":"https:\/\/yebodaglass.com\/hu\/wp-json\/wp\/v2\/media?parent=24455"}],"wp:term":[{"taxonomy":"product_brand","embeddable":true,"href":"https:\/\/yebodaglass.com\/hu\/wp-json\/wp\/v2\/product_brand?post=24455"},{"taxonomy":"product_cat","embeddable":true,"href":"https:\/\/yebodaglass.com\/hu\/wp-json\/wp\/v2\/product_cat?post=24455"},{"taxonomy":"product_tag","embeddable":true,"href":"https:\/\/yebodaglass.com\/hu\/wp-json\/wp\/v2\/product_tag?post=24455"}],"curies":[{"name":"wp","href":"https:\/\/api.w.org\/{rel}","templated":true}]}}