{"id":24443,"date":"2025-12-17T11:52:45","date_gmt":"2025-12-17T03:52:45","guid":{"rendered":"https:\/\/yebodaglass.com\/?post_type=product&#038;p=24443"},"modified":"2025-12-18T11:56:27","modified_gmt":"2025-12-18T03:56:27","slug":"borosilicate-glass-jars-with-lids-bulk","status":"publish","type":"product","link":"https:\/\/yebodaglass.com\/hu\/borosilicate-glass-jars-with-lids-bulk\/","title":{"rendered":"16oz 25oz 32oz boroszilik\u00e1t \u00fcveged\u00e9nyek fed\u00e9llel, \u00f6mlesztett"},"content":{"rendered":"<p data-start=\"66\" data-end=\"288\">Ezek a boroszilik\u00e1t \u00fcvegb\u0151l k\u00e9sz\u00fclt, fedeles bef\u0151ttes\u00fcvegek v\u00e9kony, lekerek\u00edtett testtel \u00e9s sima, lekerek\u00edtett \u00e9lekkel rendelkeznek. \u00c1tl\u00e1tsz\u00f3 krist\u00e1lyos boroszilik\u00e1t \u00fcvegb\u0151l k\u00e9sz\u00fcltek, \u00edgy az \u00e9tel k\u00edv\u00fclr\u0151l is j\u00f3l l\u00e1that\u00f3. A vil\u00e1gos sz\u00edn\u0171, lapos bambusz fed\u00e9l be\u00e9p\u00edtett t\u00f6m\u00edt\u0151gy\u0171r\u0171vel sziv\u00e1rg\u00e1smentes t\u00f6m\u00edt\u00e9st biztos\u00edt, ugyanakkor sz\u00e9p term\u00e9szetes megjelen\u00e9st k\u00f6lcs\u00f6n\u00f6z a tart\u00e1lynak.<\/p>\n<h2>Term\u00e9kjellemz\u0151k<\/h2>\n<ul>\n<li><strong>A magas boroszilik\u00e1t \u00fcveg el\u0151nyei:<\/strong> Mivel magas boroszilik\u00e1t \u00fcvegb\u0151l k\u00e9sz\u00fclt, kiv\u00e1l\u00f3 h\u0151- \u00e9s vegyi ellen\u00e1ll\u00e1sa r\u00e9v\u00e9n hossz\u00fa ideig meg\u0151rzi sz\u00edv\u00f3ss\u00e1g\u00e1t m\u00e9g zord k\u00f6rnyezetben is.<\/li>\n<li><strong>Bambusz fed\u00e9l t\u00f6m\u00edt\u00e9s\u00e9nek kialak\u00edt\u00e1sa:<\/strong> A vil\u00e1gos sz\u00edn\u0171 bambusz lapos fed\u00e9l a bels\u0151 t\u00f6m\u00edt\u0151r\u00e9teggel egy\u00fctt ide\u00e1lis p\u00e1ros\u00edt\u00e1s a l\u00e9gmentess\u00e9g megakad\u00e1lyoz\u00e1s\u00e1ra.<\/li>\n<li><strong>K\u00fcl\u00f6nb\u00f6z\u0151 m\u00e9retkombin\u00e1ci\u00f3k:<\/strong> A h\u00e1rom m\u00e9ret\u0171 opci\u00f3 ide\u00e1lis megold\u00e1st k\u00edn\u00e1l a k\u00fcl\u00f6nb\u00f6z\u0151 t\u00e9rfogati ig\u00e9nyek kiel\u00e9g\u00edt\u00e9s\u00e9re (kis \u00fcvegek a f\u0171szereknek, nagy \u00fcvegek a gabon\u00e1knak).<\/li>\n<\/ul>\n<h2 style=\"text-align: left;\">F\u0151bb specifik\u00e1ci\u00f3k<\/h2>\n<table class=\"aligncenter\" style=\"border-collapse: collapse; width: 440.27pt;\" border=\"0\" width=\"587\" cellspacing=\"0\" cellpadding=\"0\">\n<tbody>\n<tr style=\"height: 13.50pt;\">\n<td style=\"height: 13.50pt; width: 99.75pt;\" width=\"133\" height=\"18\">Specifik\u00e1ci\u00f3<\/td>\n<td style=\"width: 340.50pt;\" width=\"454\">R\u00e9szletek<\/td>\n<\/tr>\n<tr style=\"height: 13.50pt;\">\n<td style=\"height: 13.50pt;\" height=\"18\">Kapacit\u00e1s<\/td>\n<td>500 ml \/ 750 ml \/ 1000 ml<\/td>\n<\/tr>\n<tr style=\"height: 13.50pt;\">\n<td style=\"height: 13.50pt;\" height=\"18\">M\u00e9retek<\/td>\n<td>9 \u00d7 10 cm \/ 9 \u00d7 15 cm \/ 9 \u00d7 20 cm<\/td>\n<\/tr>\n<tr style=\"height: 13.50pt;\">\n<td style=\"height: 13.50pt;\" height=\"18\">Anyag<\/td>\n<td>Magas boroszilik\u00e1t \u00fcveg<\/td>\n<\/tr>\n<tr style=\"height: 13.50pt;\">\n<td style=\"height: 13.50pt;\" height=\"18\">Fed\u00e9l t\u00edpusa<\/td>\n<td>Bambusz lapos fed\u00e9l integr\u00e1lt t\u00f6m\u00edt\u0151gy\u0171r\u0171vel<\/td>\n<\/tr>\n<tr style=\"height: 13.50pt;\">\n<td style=\"height: 13.50pt;\" height=\"18\">Fed\u00e9l \u00e1tm\u00e9r\u0151je<\/td>\n<td>90 mm (minden m\u00e9retben egys\u00e9ges)<\/td>\n<\/tr>\n<tr style=\"height: 13.50pt;\">\n<td style=\"height: 13.50pt;\" height=\"18\">Anyagjellemz\u0151<\/td>\n<td>H\u0151sokk-\u00e1ll\u00f3, k\u00e9miailag stabil, nagy \u00e1tl\u00e1tsz\u00f3s\u00e1g\u00fa<\/td>\n<\/tr>\n<tr style=\"height: 13.50pt;\">\n<td style=\"height: 13.50pt;\" height=\"18\">Ide\u00e1lis<\/td>\n<td>\u00dcvegek fed\u00e9llel, \u00f6mlesztett \u00fcvegek, \u00fcveged\u00e9ny bambusz fed\u00e9llel<\/td>\n<\/tr>\n<\/tbody>\n<\/table>\n<h2>Sikert\u00f6rt\u00e9net: Egy k\u00fcl\u00f6nleges tea kiskeresked\u0151 b\u0151v\u00edt\u00e9se<\/h2>\n<p>A gyorsan n\u00f6vekv\u0151 teagy\u00e1rt\u00f3 c\u00e9gnek kiv\u00e1l\u00f3 min\u0151s\u00e9g\u0171 \u00e9s egys\u00e9ges csomagol\u00e1sra volt sz\u00fcks\u00e9ge nagykereskedelmi teaterm\u00e9keihez. V\u00e9g\u00fcl a 750 ml-es fedeles \u00fcvegeinket v\u00e1lasztott\u00e1k standard csomagol\u00e1sk\u00e9nt minden kiskereskedelmi term\u00e9k\u00fckh\u00f6z. A boroszilik\u00e1t \u00fcveg kiemelked\u0151 tart\u00f3ss\u00e1ga 70%-kal cs\u00f6kkentette a t\u00f6r\u00e9si ar\u00e1nyt. A bambuszfed\u00e9l kiv\u00e1l\u00f3 t\u00f6m\u00edt\u00e9st biztos\u00edt, \u00edgy a term\u00e9k eltarthat\u00f3s\u00e1ga \u00e1tlagosan 8 h\u00f3nappal meghosszabbodik, ami a hullad\u00e9k jelent\u0151s 40%-os cs\u00f6kken\u00e9s\u00e9hez vezet. A term\u00e9k kiv\u00e1l\u00f3 teljes\u00edtm\u00e9nye miatt tov\u00e1bbi 120 000 darab \u00fcveged\u00e9nyt rendeltek helyi forgalmaz\u00e1sra.<\/p>\n<h2>\u00dcveged\u00e9nyek fed\u00e9llel, t\u00f6meges testreszab\u00e1si lehet\u0151s\u00e9gek<\/h2>\n<ul>\n<li>Szem\u00e9lyre szabott bambuszfed\u00e9l grav\u00edroz\u00e1s \u2013 Log\u00f3k vagy mint\u00e1k l\u00e9zergrav\u00edroz\u00e1sa bambuszfed\u00e9lre.<\/li>\n<li>Sz\u00ednes szilikon t\u00f6m\u00edt\u0151gy\u0171r\u0171k \u2013 A t\u00f6m\u00edt\u0151gy\u0171r\u0171h\u00f6z haszn\u00e1lt szilikon sz\u00edne megv\u00e1ltoztathat\u00f3. Az \u00e9lelmiszeripari min\u0151s\u00e9g\u0171 szilikon t\u00f6m\u00edt\u0151gy\u0171r\u0171k k\u00fcl\u00f6nb\u00f6z\u0151 sz\u00ednv\u00e1laszt\u00e9kban kaphat\u00f3k.<\/li>\n<li>Szitanyomott \u0171rtartalom-jel\u00f6l\u00e9sek \u2013 Abszol\u00fat ml- \u00e9s cs\u00e9szejel\u00f6l\u00e9sek nyomtathat\u00f3k, \u00edgy biztos\u00edtva, hogy a jel\u00f6l\u00e9sek tart\u00f3san hat\u00e9konyak maradjanak.<\/li>\n<li>Matt alap vagy v\u00e1ll \u2013 A kiv\u00e1lasztott ter\u00fcleteken a homokf\u00fav\u00e1sos elj\u00e1r\u00e1ssal kiv\u00e1l\u00f3 min\u0151s\u00e9g\u0171 matt fel\u00fcletet hoznak l\u00e9tre.<\/li>\n<li>Egyedi \u00fcvegsz\u00ednek \u2013 Az \u00fcveg k\u00e9sz\u00fclhet vil\u00e1gos borosty\u00e1nsz\u00edn\u0171 vagy z\u00f6ld sz\u00ednben, UV-v\u00e9delemmel kieg\u00e9sz\u00edtve.<\/li>\n<\/ul>","protected":false},"excerpt":{"rendered":"<p>Pr\u00e9mium \u00fcvegek tet\u0151vel, nagykereskedelmi kiszerel\u00e9sben, \u00e1tl\u00e1tsz\u00f3 boroszilik\u00e1t \u00fcvegb\u0151l \u00e9s term\u00e9szetes bambusz fed\u00e9llel. Letisztult diz\u00e1jn \u00e9s nagykereskedelmi \u00e1rt\u00e1mogat\u00e1s.<\/p>","protected":false},"featured_media":24450,"template":"","meta":[],"product_brand":[],"product_cat":[122,124,137],"product_tag":[],"class_list":{"0":"post-24443","1":"product","2":"type-product","3":"status-publish","4":"has-post-thumbnail","6":"product_cat-custom-glass-packaging","7":"product_cat-custom-glass-jars","8":"product_cat-glass-jars-with-lids","10":"first","11":"instock","12":"shipping-taxable","13":"product-type-simple"},"jetpack_sharing_enabled":true,"_links":{"self":[{"href":"https:\/\/yebodaglass.com\/hu\/wp-json\/wp\/v2\/product\/24443","targetHints":{"allow":["GET"]}}],"collection":[{"href":"https:\/\/yebodaglass.com\/hu\/wp-json\/wp\/v2\/product"}],"about":[{"href":"https:\/\/yebodaglass.com\/hu\/wp-json\/wp\/v2\/types\/product"}],"version-history":[{"count":4,"href":"https:\/\/yebodaglass.com\/hu\/wp-json\/wp\/v2\/product\/24443\/revisions"}],"predecessor-version":[{"id":24473,"href":"https:\/\/yebodaglass.com\/hu\/wp-json\/wp\/v2\/product\/24443\/revisions\/24473"}],"wp:featuredmedia":[{"embeddable":true,"href":"https:\/\/yebodaglass.com\/hu\/wp-json\/wp\/v2\/media\/24450"}],"wp:attachment":[{"href":"https:\/\/yebodaglass.com\/hu\/wp-json\/wp\/v2\/media?parent=24443"}],"wp:term":[{"taxonomy":"product_brand","embeddable":true,"href":"https:\/\/yebodaglass.com\/hu\/wp-json\/wp\/v2\/product_brand?post=24443"},{"taxonomy":"product_cat","embeddable":true,"href":"https:\/\/yebodaglass.com\/hu\/wp-json\/wp\/v2\/product_cat?post=24443"},{"taxonomy":"product_tag","embeddable":true,"href":"https:\/\/yebodaglass.com\/hu\/wp-json\/wp\/v2\/product_tag?post=24443"}],"curies":[{"name":"wp","href":"https:\/\/api.w.org\/{rel}","templated":true}]}}