{"id":24435,"date":"2025-12-17T10:37:34","date_gmt":"2025-12-17T02:37:34","guid":{"rendered":"https:\/\/yebodaglass.com\/?post_type=product&#038;p=24435"},"modified":"2025-12-23T10:15:44","modified_gmt":"2025-12-23T02:15:44","slug":"large-glass-food-storage-canisters-with-lids-bulk","status":"publish","type":"product","link":"https:\/\/yebodaglass.com\/hu\/large-glass-food-storage-canisters-with-lids-bulk\/","title":{"rendered":"2750 ml-es nagy \u00fcvegt\u00e1rol\u00f3 dobozok fed\u00e9llel, \u00f6mlesztett kiszerel\u00e9sben"},"content":{"rendered":"<p data-start=\"66\" data-end=\"288\">Ezek a fedeles, v\u00e9kony, \u00edvelt form\u00e1j\u00fa, nagym\u00e9ret\u0171 \u00fcvegek boroszilik\u00e1t \u00fcvegb\u0151l k\u00e9sz\u00fcltek, amelyek eszt\u00e9tikusan kiemelik t\u00e1gas t\u00e9rfogatukat. Az \u00fcvegek \u00e1tl\u00e1tsz\u00f3 boroszilik\u00e1t \u00fcvegb\u0151l k\u00e9sz\u00fclnek, \u00e9s faerezetes lapos fed\u00e9llel vannak kombin\u00e1lva, \u00edgy term\u00e9szetes, minimalista st\u00edlust hoznak l\u00e9tre, amely j\u00f3l illik az \u00e1tl\u00e1tsz\u00f3 \u00fcveghez.<\/p>\n<h2>Term\u00e9kjellemz\u0151k<\/h2>\n<ul>\n<li><strong>Nagy kapacit\u00e1s \u00e9s karcs\u00fa kialak\u00edt\u00e1s:<\/strong> A karcs\u00fa, kerek kialak\u00edt\u00e1snak k\u00f6sz\u00f6nhet\u0151en nagy mennyis\u00e9g\u0171 \u00e9lelmiszer t\u00e1rolhat\u00f3 benne, \u00e9s az \u00fcveg \u00f6tletesen eltehet\u0151 a szekr\u00e9nyben, \u00edgy helyet takar\u00edthat meg.<\/li>\n<li><strong>A magas boroszilik\u00e1t \u00fcveg el\u0151nyei:<\/strong> Mivel magas boroszilik\u00e1t tartalm\u00fa \u00fcvegr\u0151l van sz\u00f3, nagyon ellen\u00e1ll\u00f3 a h\u0151m\u00e9rs\u00e9klet-v\u00e1ltoz\u00e1sokkal szemben, nem vesz fel szagokat, \u00e9s tart\u00f3s.<\/li>\n<li><strong>Z\u00e1rt, faerezetes lapos fed\u00e9l:<\/strong> A textur\u00e1lt, faerezetes lapos fed\u00e9l szorosan illeszkedik az \u00fcveg ny\u00edl\u00e1s\u00e1hoz, \u00edgy a t\u00f6m\u00edt\u00e9s szinte l\u00e9gmentesen z\u00e1r\u00f3dik.<\/li>\n<\/ul>\n<h2 style=\"text-align: left;\">F\u0151bb specifik\u00e1ci\u00f3k<\/h2>\n<table class=\"aligncenter\" style=\"border-collapse: collapse; width: 458.27pt;\" border=\"0\" width=\"611\" cellspacing=\"0\" cellpadding=\"0\">\n<tbody>\n<tr style=\"height: 13.50pt;\">\n<td style=\"height: 13.50pt; width: 99.75pt;\" width=\"133\" height=\"18\">Specifik\u00e1ci\u00f3<\/td>\n<td style=\"width: 358.50pt;\" width=\"478\">R\u00e9szletek<\/td>\n<\/tr>\n<tr style=\"height: 13.50pt;\">\n<td style=\"height: 13.50pt;\" height=\"18\">Kapacit\u00e1s<\/td>\n<td>2750 ml (2,75 liter)<\/td>\n<\/tr>\n<tr style=\"height: 13.50pt;\">\n<td style=\"height: 13.50pt;\" height=\"18\">M\u00e9retek<\/td>\n<td>14\u00d729.5cm<\/td>\n<\/tr>\n<tr style=\"height: 13.50pt;\">\n<td style=\"height: 13.50pt;\" height=\"18\">Anyag<\/td>\n<td>Magas boroszilik\u00e1t \u00fcveg<\/td>\n<\/tr>\n<tr style=\"height: 13.50pt;\">\n<td style=\"height: 13.50pt;\" height=\"18\">Fed\u00e9l t\u00edpusa<\/td>\n<td>Fa text\u00far\u00e1j\u00fa lapos fed\u00e9l<\/td>\n<\/tr>\n<tr style=\"height: 13.50pt;\">\n<td style=\"height: 13.50pt;\" height=\"18\">Anyagjellemz\u0151<\/td>\n<td>H\u0151sokk- \u00e9s vegyszer\u00e1ll\u00f3, nagy tisztas\u00e1g\u00fa, tart\u00f3s<\/td>\n<\/tr>\n<tr style=\"height: 13.50pt;\">\n<td style=\"height: 13.50pt;\" height=\"18\">Ide\u00e1lis<\/td>\n<td>\u00c9lelmiszert\u00e1rol\u00f3 dobozok fed\u00e9llel, \u00fcveged\u00e9nyek fa fed\u00e9llel<\/td>\n<\/tr>\n<\/tbody>\n<\/table>\n<h2>A t\u00f6meges alapanyagok \u00fajragondol\u00e1sa: Hogyan alakult \u00e1t egy p\u00e9ks\u00e9g<\/h2>\n<p>Egy b\u0151v\u00edt\u0151 p\u00e9ks\u00e9gnek s\u00fcrg\u0151sen sz\u00fcks\u00e9ge volt egy megb\u00edzhat\u00f3 rendszerre 22,5 kg-os kem\u00e9ny\u00edt\u0151- \u00e9s cukort\u00e1rol\u00f3 ed\u00e9nyekhez. Gy\u00e1raikban az \u00f6sszetev\u0151oszt\u00e1lyokat 2,75 literes, fedeles, nagym\u00e9ret\u0171 \u00e9lelmiszert\u00e1rol\u00f3 ed\u00e9nyeinkkel szerelt\u00e9k fel, amelyeket a teljes t\u00e1rol\u00e1shoz haszn\u00e1ltak. Ezek a magas boroszilik\u00e1t \u00fcvegtart\u00e1lyok k\u00e1rosod\u00e1s n\u00e9lk\u00fcl b\u00edrt\u00e1k a napi h\u0151m\u00e9rs\u00e9klet-v\u00e1ltoz\u00e1sokat a hideg t\u00e1rol\u00f3t\u00f3l a meleg konyh\u00e1ig, \u00edgy 100%-os reped\u00e9s\u00e1ll\u00f3s\u00e1got biztos\u00edtottak. A tart\u00e1lyhoz a leghat\u00e9konyabban illeszked\u0151 faerezetes fed\u00e9l seg\u00edt meg\u0151rizni a liszt frissess\u00e9g\u00e9t \u00e9s biztons\u00e1g\u00e1t, megakad\u00e1lyozva a k\u00e1rtev\u0151k fert\u0151z\u00e9s\u00e9t, \u00e9s az \u00f6sszetev\u0151k roml\u00e1s\u00e1t is mind\u00f6ssze 55%-kal cs\u00f6kkentette. Emellett a p\u00e9ks\u00e9g nemcsak \u00fajabb hatalmas, 350 000 \u00fcvegb\u0151l \u00e1ll\u00f3 megrendel\u00e9st adott le \u00faj \u00fczemeinek felszerel\u00e9s\u00e9re, hanem az\u00e9rt is, mert rendk\u00edv\u00fcl el\u00e9gedettek voltak a term\u00e9k tart\u00f3ss\u00e1g\u00e1val \u00e9s teljes\u00edtm\u00e9ny\u00e9vel.<\/p>\n<h2>Nagy \u00fcveged\u00e9nyek fed\u00e9llel, egyedi opci\u00f3k<\/h2>\n<ul>\n<li>T\u00f6m\u00f6rfa fed\u00e9l fejleszt\u00e9se \u2013 Cser\u00e9lje le a faerezetes fedelet val\u00f3di bambusz- vagy t\u00f6lgyfafed\u00e9lre.<\/li>\n<li>L\u00e9zerrel grav\u00edrozott \u0171rtartalom-jel\u00f6l\u00e9sek \u2013 Pontos liter- \u00e9s cs\u00e9szejel\u00f6l\u00e9sek elhelyez\u00e9se.<\/li>\n<li>Meger\u0151s\u00edtett alj \u2013 Az \u00fcveg alja megvastagodott, hogy elb\u00edrja a neh\u00e9z t\u00e1rgyakat.<\/li>\n<li>Egy darabb\u00f3l \u00e1ll\u00f3 szilikon t\u00f6m\u00edt\u0151gy\u0171r\u0171 \u2013 Az \u00e9lelmiszeripari min\u0151s\u00e9g\u0171 szilikon gy\u0171r\u0171 a fed\u00e9len tal\u00e1lhat\u00f3.<\/li>\n<li>\u00d3lom\u00fcveg d\u00edsz\u00edt\u00e9sek \u2013 Ragaszz egy kis vil\u00e1gosz\u00f6ld vagy borosty\u00e1nsz\u00edn\u0171 foltot az \u00fcveg v\u00e1ll\u00e1ra.<\/li>\n<\/ul>","protected":false},"excerpt":{"rendered":"<p>Nagy \u00fcveged\u00e9nyek fed\u00e9llel, magas, \u00e1tl\u00e1tsz\u00f3 boroszilik\u00e1t testtel \u00e9s lapos fa fed\u00e9llel. Ide\u00e1lis \u00e9lelmiszert\u00e1rol\u00f3 dobozok fed\u00e9llel, k\u00f6zvetlen gy\u00e1ri sz\u00e1ll\u00edt\u00e1s.<\/p>","protected":false},"featured_media":24438,"template":"","meta":[],"product_brand":[],"product_cat":[122,124,137],"product_tag":[],"class_list":{"0":"post-24435","1":"product","2":"type-product","3":"status-publish","4":"has-post-thumbnail","6":"product_cat-custom-glass-packaging","7":"product_cat-custom-glass-jars","8":"product_cat-glass-jars-with-lids","10":"first","11":"instock","12":"shipping-taxable","13":"product-type-simple"},"jetpack_sharing_enabled":true,"_links":{"self":[{"href":"https:\/\/yebodaglass.com\/hu\/wp-json\/wp\/v2\/product\/24435","targetHints":{"allow":["GET"]}}],"collection":[{"href":"https:\/\/yebodaglass.com\/hu\/wp-json\/wp\/v2\/product"}],"about":[{"href":"https:\/\/yebodaglass.com\/hu\/wp-json\/wp\/v2\/types\/product"}],"version-history":[{"count":5,"href":"https:\/\/yebodaglass.com\/hu\/wp-json\/wp\/v2\/product\/24435\/revisions"}],"predecessor-version":[{"id":24534,"href":"https:\/\/yebodaglass.com\/hu\/wp-json\/wp\/v2\/product\/24435\/revisions\/24534"}],"wp:featuredmedia":[{"embeddable":true,"href":"https:\/\/yebodaglass.com\/hu\/wp-json\/wp\/v2\/media\/24438"}],"wp:attachment":[{"href":"https:\/\/yebodaglass.com\/hu\/wp-json\/wp\/v2\/media?parent=24435"}],"wp:term":[{"taxonomy":"product_brand","embeddable":true,"href":"https:\/\/yebodaglass.com\/hu\/wp-json\/wp\/v2\/product_brand?post=24435"},{"taxonomy":"product_cat","embeddable":true,"href":"https:\/\/yebodaglass.com\/hu\/wp-json\/wp\/v2\/product_cat?post=24435"},{"taxonomy":"product_tag","embeddable":true,"href":"https:\/\/yebodaglass.com\/hu\/wp-json\/wp\/v2\/product_tag?post=24435"}],"curies":[{"name":"wp","href":"https:\/\/api.w.org\/{rel}","templated":true}]}}