{"id":24427,"date":"2025-12-17T08:59:15","date_gmt":"2025-12-17T00:59:15","guid":{"rendered":"https:\/\/yebodaglass.com\/?post_type=product&#038;p=24427"},"modified":"2025-12-23T10:15:27","modified_gmt":"2025-12-23T02:15:27","slug":"bulk-big-glass-jars-with-lids-for-food-storage","status":"publish","type":"product","link":"https:\/\/yebodaglass.com\/hu\/bulk-big-glass-jars-with-lids-for-food-storage\/","title":{"rendered":"Nagy \u00fcveged\u00e9nyek fed\u00e9llel \u00e9lelmiszerek t\u00e1rol\u00e1s\u00e1ra 1250ml 1950ml"},"content":{"rendered":"<p data-start=\"66\" data-end=\"288\">Ezek a klasszikus, karcs\u00fa, kerek form\u00e1j\u00fa, fedeles, nagy \u00fcvegek boroszilik\u00e1t \u00fcvegb\u0151l k\u00e9sz\u00fcltek, hogy tart\u00f3sak \u00e9s b\u0151s\u00e9ges \u0171rtartalm\u00faak legyenek. Az \u00fcvegek \u00e1tl\u00e1tsz\u00f3 boroszilik\u00e1t \u00fcvegb\u0151l k\u00e9sz\u00fcltek, faerezetes lapos fed\u00e9llel; ez a kombin\u00e1ci\u00f3 egyszer\u0171 \u00e9s term\u00e9szetes megjelen\u00e9s\u0171 term\u00e9ket eredm\u00e9nyez, amely t\u00f6k\u00e9letesen illeszkedik az \u00e1tl\u00e1tsz\u00f3 testhez.<\/p>\n<h2>Term\u00e9kjellemz\u0151k<\/h2>\n<ul>\n<li><strong>Mi\u00e9rt \u00e9rdemes boroszilik\u00e1t \u00fcveget haszn\u00e1lni:<\/strong> Mivel ezek az \u00fcvegek magas boroszilik\u00e1t \u00fcvegb\u0151l k\u00e9sz\u00fcltek, j\u00f3l t\u0171rik a h\u0151m\u00e9rs\u00e9klet-v\u00e1ltoz\u00e1sokat, nem bocs\u00e1tanak ki szagokat, \u00e9s biztons\u00e1gosan t\u00e1rolhat\u00f3k benn\u00fck meleg \u00e9s hideg \u00e9telek, sz\u00e1raz\u00e1ruk vagy b\u00e1rmilyen m\u00e1s t\u00e1rgy.<\/li>\n<li><strong>Faerezetes fed\u00e9l:<\/strong> A faerezetes text\u00far\u00e1j\u00fa lapos fed\u00e9l az \u00e1tl\u00e1tsz\u00f3 boroszilik\u00e1t \u00fcveggel egy\u00fctt nemcsak szorosan illeszkedik, hanem hangulatos \u00e9s f\u00f6ldsz\u00edn\u0171 megjelen\u00e9st is k\u00f6lcs\u00f6n\u00f6z.<\/li>\n<li><strong>K\u00e9t m\u00e9ret opci\u00f3:<\/strong> A nagy \u00e9s kis m\u00e9retek a felhaszn\u00e1l\u00f3k v\u00e1ltoz\u00f3 ig\u00e9nyeit hivatottak kiel\u00e9g\u00edteni (pl. nagy \u00fcvegek gabonapelyhekhez, kis \u00fcvegek di\u00f3f\u00e9l\u00e9khez).<\/li>\n<\/ul>\n<h2 style=\"text-align: left;\">F\u0151bb specifik\u00e1ci\u00f3k<\/h2>\n<table class=\"aligncenter\" style=\"border-collapse: collapse; width: 382.52pt;\" border=\"0\" width=\"510\" cellspacing=\"0\" cellpadding=\"0\">\n<tbody>\n<tr style=\"height: 13.50pt;\">\n<td style=\"height: 13.50pt; width: 99.75pt;\" width=\"133\" height=\"18\">Specifik\u00e1ci\u00f3<\/td>\n<td style=\"width: 282.75pt;\" width=\"377\">R\u00e9szletek<\/td>\n<\/tr>\n<tr style=\"height: 13.50pt;\">\n<td style=\"height: 13.50pt;\" height=\"18\">Kapacit\u00e1s<\/td>\n<td>1250 ml\/1950 ml<\/td>\n<\/tr>\n<tr style=\"height: 13.50pt;\">\n<td style=\"height: 13.50pt;\" height=\"18\">M\u00e9retek<\/td>\n<td>11.5\u00d716cm\/13\u00d719.5cm<\/td>\n<\/tr>\n<tr style=\"height: 13.50pt;\">\n<td style=\"height: 13.50pt;\" height=\"18\">Anyag<\/td>\n<td>Magas boroszilik\u00e1t \u00fcveg<\/td>\n<\/tr>\n<tr style=\"height: 13.50pt;\">\n<td style=\"height: 13.50pt;\" height=\"18\">Fed\u00e9l t\u00edpusa<\/td>\n<td>Fa text\u00far\u00e1j\u00fa lapos fed\u00e9l<\/td>\n<\/tr>\n<tr style=\"height: 13.50pt;\">\n<td style=\"height: 13.50pt;\" height=\"18\">Anyagjellemz\u0151<\/td>\n<td>H\u0151sokk-\u00e1ll\u00f3, nagy tisztas\u00e1g\u00fa, tart\u00f3s<\/td>\n<\/tr>\n<tr style=\"height: 13.50pt;\">\n<td style=\"height: 13.50pt;\" height=\"18\">Ide\u00e1lis<\/td>\n<td>Nagy \u00fcvegek, nagy \u00fcvegek<\/td>\n<\/tr>\n<\/tbody>\n<\/table>\n<h2>Sikeres p\u00e9lda: T\u00e1rol\u00e1si megold\u00e1s egy k\u00e1v\u00e9z\u00f3l\u00e1nc sz\u00e1m\u00e1ra<\/h2>\n<p>Hogyan tud egy gyorsan n\u00f6vekv\u0151 k\u00e1v\u00e9z\u00f3l\u00e1nc fenntarthat\u00f3 m\u00f3don nagy t\u00e9telben t\u00e1rolni k\u00e1v\u00e9babot \u00e9s egy\u00e9b, a p\u00f6rk\u00f6l\u00e9shez sz\u00fcks\u00e9ges \u00e1rukat? Erre a k\u00e9rd\u00e9sre \u00fagy v\u00e1laszoltak, hogy 1950 ml-es, fed\u0151vel ell\u00e1tott, nagy \u00fcvegeinket v\u00e1lasztott\u00e1k konyh\u00e1jukhoz. A faerezetes text\u00far\u00e1j\u00fa fedelek a hat\u00e9kony z\u00e1r\u00e1s f\u0151 okai, \u00edgy a k\u00e1v\u00e9babok eltarthat\u00f3s\u00e1ga 40%-kal meghosszabbodik, \u00e9s a hullad\u00e9k mennyis\u00e9ge drasztikusan cs\u00f6kken. A nagy kapacit\u00e1s\u00fa \u00fcvegek seg\u00edtettek a szem\u00e9lyzetnek az \u00fajrat\u00f6lt\u00e9si id\u0151 mintegy 60%-\u00e1t megtakar\u00edtani, mivel cs\u00f6kkentett\u00e9k a feladatok gyakoris\u00e1g\u00e1t. Ezen teljes\u00edtm\u00e9nyjavul\u00e1s alapj\u00e1n a l\u00e1nc \u00fagy d\u00f6nt\u00f6tt, hogy 50 000 \u00fcveget v\u00e1s\u00e1rol, hogy megk\u00f6nny\u00edtse a t\u00e1rol\u00e1si gyakorlatok szabv\u00e1nyos\u00edt\u00e1s\u00e1t az \u00f6sszes \u00fczletben.<\/p>\n<h2>A t\u00f6meges \u00fcveged\u00e9nyek testreszab\u00e1si lehet\u0151s\u00e9geket k\u00edn\u00e1lnak<\/h2>\n<ul>\n<li>Val\u00f3di fa fed\u00e9l fejleszt\u00e9se \u2013 Cser\u00e9ld le a faerezetes fedelet t\u00f6m\u00f6r bambusz vagy t\u00f6lgy fed\u00e9lre<\/li>\n<li>Szitanyomott \u0171rtartalom-jel\u00f6l\u00e9sek \u2013 Helyezzen \u00e1lland\u00f3 m\u00e9r\u00e9si jel\u00f6l\u00e9seket az \u00fcvegre<\/li>\n<li>Matt d\u00edszcs\u00edkok \u2013 Matt kontrasztcs\u00edkok k\u00e9sz\u00edt\u00e9se homokf\u00fav\u00e1ssal<\/li>\n<li>Szilikon t\u00f6m\u00edt\u0151gy\u0171r\u0171 \u2013 Szereljen be egy szilikon t\u00f6m\u00edt\u0151gy\u0171r\u0171t a fed\u00e9lbe a jobb t\u00f6m\u00edt\u00e9s \u00e9rdek\u00e9ben<\/li>\n<li>\u00d3lom\u00fcveg \u2013 Vil\u00e1gos borosty\u00e1nsz\u00edn\u0171 vagy z\u00f6ld \u00fcvegb\u0151l k\u00e9sz\u00fclt \u00fcvegek kaphat\u00f3k a jobb UV-v\u00e9delem \u00e9rdek\u00e9ben<\/li>\n<\/ul>","protected":false},"excerpt":{"rendered":"<p>Pr\u00e9mium \u00fcvegtart\u00e1ly fa fed\u00e9llel, \u00e1tl\u00e1tsz\u00f3 boroszilik\u00e1t \u00fcvegb\u0151l k\u00e9sz\u00fclt fed\u00e9llel, modern form\u00e1val. K\u00f6zvetlen gy\u00e1ri sz\u00e1ll\u00edt\u00e1s, gyors sz\u00e1ll\u00edt\u00e1s.<\/p>","protected":false},"featured_media":24429,"template":"","meta":[],"product_brand":[],"product_cat":[122,124,137],"product_tag":[],"class_list":{"0":"post-24427","1":"product","2":"type-product","3":"status-publish","4":"has-post-thumbnail","6":"product_cat-custom-glass-packaging","7":"product_cat-custom-glass-jars","8":"product_cat-glass-jars-with-lids","10":"first","11":"instock","12":"shipping-taxable","13":"product-type-simple"},"jetpack_sharing_enabled":true,"_links":{"self":[{"href":"https:\/\/yebodaglass.com\/hu\/wp-json\/wp\/v2\/product\/24427","targetHints":{"allow":["GET"]}}],"collection":[{"href":"https:\/\/yebodaglass.com\/hu\/wp-json\/wp\/v2\/product"}],"about":[{"href":"https:\/\/yebodaglass.com\/hu\/wp-json\/wp\/v2\/types\/product"}],"version-history":[{"count":5,"href":"https:\/\/yebodaglass.com\/hu\/wp-json\/wp\/v2\/product\/24427\/revisions"}],"predecessor-version":[{"id":24533,"href":"https:\/\/yebodaglass.com\/hu\/wp-json\/wp\/v2\/product\/24427\/revisions\/24533"}],"wp:featuredmedia":[{"embeddable":true,"href":"https:\/\/yebodaglass.com\/hu\/wp-json\/wp\/v2\/media\/24429"}],"wp:attachment":[{"href":"https:\/\/yebodaglass.com\/hu\/wp-json\/wp\/v2\/media?parent=24427"}],"wp:term":[{"taxonomy":"product_brand","embeddable":true,"href":"https:\/\/yebodaglass.com\/hu\/wp-json\/wp\/v2\/product_brand?post=24427"},{"taxonomy":"product_cat","embeddable":true,"href":"https:\/\/yebodaglass.com\/hu\/wp-json\/wp\/v2\/product_cat?post=24427"},{"taxonomy":"product_tag","embeddable":true,"href":"https:\/\/yebodaglass.com\/hu\/wp-json\/wp\/v2\/product_tag?post=24427"}],"curies":[{"name":"wp","href":"https:\/\/api.w.org\/{rel}","templated":true}]}}