{"id":24404,"date":"2025-12-16T10:55:52","date_gmt":"2025-12-16T02:55:52","guid":{"rendered":"https:\/\/yebodaglass.com\/?post_type=product&#038;p=24404"},"modified":"2025-12-23T10:16:06","modified_gmt":"2025-12-23T02:16:06","slug":"clear-glass-canister-with-wood-lid-bulk","status":"publish","type":"product","link":"https:\/\/yebodaglass.com\/hu\/clear-glass-canister-with-wood-lid-bulk\/","title":{"rendered":"500ml 800ml 1200ml \u00e1tl\u00e1tsz\u00f3 \u00fcvegtart\u00e1ly fa fed\u00e9llel, \u00f6mlesztett kiszerel\u00e9sben"},"content":{"rendered":"<p data-start=\"66\" data-end=\"288\">Ez a vonz\u00f3, fa fedel\u0171 \u00fcvegtart\u00e1ly karcs\u00fa, egyenes testtel rendelkezik, amely eleg\u00e1nsan egy kiss\u00e9 keskenyebb v\u00e1llal z\u00e1r\u00f3dik, \u00e9s egy kerek term\u00e9szetes parafa dug\u00f3val z\u00e1r\u00f3dik. \u00c1tl\u00e1tsz\u00f3, magas boroszilik\u00e1t \u00fcvegb\u0151l k\u00e9sz\u00fclt, \u00edgy nagyon massz\u00edv.<\/p>\n<h2>Term\u00e9kjellemz\u0151k<\/h2>\n<ul>\n<li><strong>G\u00f6mb alak\u00fa parafa dug\u00f3 kialak\u00edt\u00e1sa:<\/strong> A g\u00f6mb alak\u00fa term\u00e9szetes parafa dug\u00f3 vonz\u00f3bb\u00e1 teszi az \u00fcveget, \u00e9s megk\u00f6nny\u00edti a nyit\u00e1st \u00e9s a tartalom kiv\u00e9tel\u00e9t.<\/li>\n<li><strong>Milyen el\u0151nyei vannak a magas boroszilik\u00e1t \u00fcvegnek?<\/strong> A gy\u00e1rt\u00e1s\u00e1hoz haszn\u00e1lt magas boroszilik\u00e1t \u00fcveg ellen\u00e1ll a h\u0151sokknak \u00e9s a k\u00e9miai korr\u00f3zi\u00f3nak, \u00edgy hossz\u00fa ideig meg\u0151rzi tart\u00f3ss\u00e1g\u00e1t.<\/li>\n<li><strong>Fels\u0151 anyag, nagyon \u00e1tl\u00e1tsz\u00f3:<\/strong> Az \u00fcveg t\u00f6k\u00e9letesen \u00e1tl\u00e1tsz\u00f3, \u00e9s ez a tulajdons\u00e1g nagyon hasznos az \u00fcvegben t\u00e1rolt term\u00e9kek bemutat\u00e1s\u00e1hoz.<\/li>\n<\/ul>\n<h2 style=\"text-align: left;\">F\u0151bb specifik\u00e1ci\u00f3k<\/h2>\n<table class=\"aligncenter\" style=\"border-collapse: collapse; width: 452.27pt;\" border=\"0\" width=\"603\" cellspacing=\"0\" cellpadding=\"0\">\n<tbody>\n<tr style=\"height: 13.50pt;\">\n<td style=\"height: 13.50pt; width: 101.25pt;\" width=\"135\" height=\"18\">Specifik\u00e1ci\u00f3<\/td>\n<td style=\"width: 351.00pt;\" width=\"468\">R\u00e9szletek<\/td>\n<\/tr>\n<tr style=\"height: 13.50pt;\">\n<td style=\"height: 13.50pt;\" height=\"18\">Kapacit\u00e1s<\/td>\n<td>500 ml \/ 800 ml \/ 1200 ml<\/td>\n<\/tr>\n<tr style=\"height: 13.50pt;\">\n<td style=\"height: 13.50pt;\" height=\"18\">M\u00e9retek<\/td>\n<td>9\u00d710cm\/9\u00d715.5cm\/9\u00d720cm<\/td>\n<\/tr>\n<tr style=\"height: 13.50pt;\">\n<td style=\"height: 13.50pt;\" height=\"18\">Anyag<\/td>\n<td>Magas boroszilik\u00e1t \u00fcveg<\/td>\n<\/tr>\n<tr style=\"height: 13.50pt;\">\n<td style=\"height: 13.50pt;\" height=\"18\">Fed\u00e9l t\u00edpusa<\/td>\n<td>G\u00f6mb alak\u00fa term\u00e9szetes parafa dug\u00f3 (fa fed\u00e9llel is k\u00e9rhet\u0151)<\/td>\n<\/tr>\n<tr style=\"height: 13.50pt;\">\n<td style=\"height: 13.50pt;\" height=\"18\">Anyagjellemz\u0151<\/td>\n<td>H\u0151sokk-\u00e1ll\u00f3, nagy \u00e1tl\u00e1tsz\u00f3s\u00e1g\u00fa, k\u00e9miailag stabil<\/td>\n<\/tr>\n<tr style=\"height: 13.50pt;\">\n<td style=\"height: 13.50pt;\" height=\"18\">Ide\u00e1lis<\/td>\n<td>\u00dcvegtart\u00e1ly fa fed\u00e9llel, \u00fcvegtart\u00e1lyok fed\u00e9llel<\/td>\n<\/tr>\n<\/tbody>\n<\/table>\n<h2>Egy k\u00e9zm\u0171ves \u00e9lelmiszerm\u00e1rka piaci sikert\u00f6rt\u00e9nete<\/h2>\n<p>Egy k\u00fcl\u00f6nleges \u00e9lelmiszereket gy\u00e1rt\u00f3 c\u00e9g \u00e9rdekl\u0151d\u00f6tt a m\u00e1rkaismerts\u00e9g n\u00f6vel\u00e9se ir\u00e1nt. Ennek \u00e9rdek\u00e9ben \u00e1tvett\u00e9k 1200 ml-es, fafedeles \u00fcvegtart\u00e1lyunkat jellegzetes gabonapelyheikhez. A l\u00e9gmentesen z\u00e1r\u00f3d\u00f3, egyedi fafedeleknek k\u00f6sz\u00f6nhet\u0151en az eltarthat\u00f3s\u00e1g t\u00f6bb mint 12 h\u00f3nappal meghosszabbodott, a roml\u00e1si ar\u00e1ny pedig 65%-kal cs\u00f6kkent. A modern diz\u00e1jn vonz\u00f3bb\u00e1 tette a term\u00e9ket a kiskeresked\u0151k sz\u00e1m\u00e1ra, aminek eredm\u00e9nyek\u00e9nt 45%-kal n\u0151tt az \u00faj kiskeresked\u0151i szerz\u0151d\u00e9sek sz\u00e1ma. Ennek megfelel\u0151en tov\u00e1bbi 350 000 darabos rendel\u00e9st adtak le.<\/p>\n<h2>Egyedi \u00fcvegtart\u00e1ly fed\u00e9llel<\/h2>\n<ul>\n<li>Egyedi fa fed\u00e9l fel\u00fclet \u2013 t\u00f6lgy, bambusz vagy di\u00f3 \u2013 \u200b\u200b\u00d6n v\u00e1lasztja, \u00e9s sz\u00e1mos p\u00e1col\u00e1s k\u00f6z\u00fcl is v\u00e1laszthat.<\/li>\n<li>L\u00e9zergrav\u00edrozott m\u00e1rkajelz\u00e9s \u2013 Log\u00f3 vagy design prec\u00edzi\u00f3s elhelyez\u00e9se az \u00fcvegfel\u00fcleten l\u00e9zergrav\u00edroz\u00e1ssal.<\/li>\n<li>Szitanyom\u00e1ssal k\u00e9sz\u00fclt kapacit\u00e1sjel\u00f6l\u00e9sek \u2013 Szitanyom\u00e1ssal helyezzen el az \u00fcvegen id\u0151r\u0151l id\u0151re \u00e1tl\u00e1tsz\u00f3, viselhetetlen m\u00e9r\u00e9si jeleket.<\/li>\n<li>Paraf\u00e1val b\u00e9lelt fafed\u00e9l \u2013 A paraf\u00e1val b\u00e9lelt fafed\u00e9l t\u00f6k\u00e9letes a lez\u00e1r\u00e1shoz.<\/li>\n<li>Sz\u00ednes \u00fcveg jellemz\u0151i \u2013 Beszerezheted egy \u00fcvegben, enyh\u00e9n borosty\u00e1nsz\u00edn\u0171 vagy z\u00f6ldes \u00e1rnyalattal a v\u00e1ll\u00e1n.<\/li>\n<\/ul>","protected":false},"excerpt":{"rendered":"<p>Pr\u00e9mium \u00fcvegtart\u00e1ly fa fed\u00e9llel, \u00e1tl\u00e1tsz\u00f3 boroszilik\u00e1t \u00fcvegb\u0151l k\u00e9sz\u00fclt fed\u00e9llel, modern form\u00e1val. K\u00f6zvetlen gy\u00e1ri sz\u00e1ll\u00edt\u00e1s, gyors sz\u00e1ll\u00edt\u00e1s.<\/p>","protected":false},"featured_media":24411,"template":"","meta":[],"product_brand":[],"product_cat":[122,124,137],"product_tag":[],"class_list":{"0":"post-24404","1":"product","2":"type-product","3":"status-publish","4":"has-post-thumbnail","6":"product_cat-custom-glass-packaging","7":"product_cat-custom-glass-jars","8":"product_cat-glass-jars-with-lids","10":"first","11":"instock","12":"shipping-taxable","13":"product-type-simple"},"jetpack_sharing_enabled":true,"_links":{"self":[{"href":"https:\/\/yebodaglass.com\/hu\/wp-json\/wp\/v2\/product\/24404","targetHints":{"allow":["GET"]}}],"collection":[{"href":"https:\/\/yebodaglass.com\/hu\/wp-json\/wp\/v2\/product"}],"about":[{"href":"https:\/\/yebodaglass.com\/hu\/wp-json\/wp\/v2\/types\/product"}],"version-history":[{"count":5,"href":"https:\/\/yebodaglass.com\/hu\/wp-json\/wp\/v2\/product\/24404\/revisions"}],"predecessor-version":[{"id":24535,"href":"https:\/\/yebodaglass.com\/hu\/wp-json\/wp\/v2\/product\/24404\/revisions\/24535"}],"wp:featuredmedia":[{"embeddable":true,"href":"https:\/\/yebodaglass.com\/hu\/wp-json\/wp\/v2\/media\/24411"}],"wp:attachment":[{"href":"https:\/\/yebodaglass.com\/hu\/wp-json\/wp\/v2\/media?parent=24404"}],"wp:term":[{"taxonomy":"product_brand","embeddable":true,"href":"https:\/\/yebodaglass.com\/hu\/wp-json\/wp\/v2\/product_brand?post=24404"},{"taxonomy":"product_cat","embeddable":true,"href":"https:\/\/yebodaglass.com\/hu\/wp-json\/wp\/v2\/product_cat?post=24404"},{"taxonomy":"product_tag","embeddable":true,"href":"https:\/\/yebodaglass.com\/hu\/wp-json\/wp\/v2\/product_tag?post=24404"}],"curies":[{"name":"wp","href":"https:\/\/api.w.org\/{rel}","templated":true}]}}