{"id":24381,"date":"2025-12-16T09:05:30","date_gmt":"2025-12-16T01:05:30","guid":{"rendered":"https:\/\/yebodaglass.com\/?post_type=product&#038;p=24381"},"modified":"2025-12-23T10:16:46","modified_gmt":"2025-12-23T02:16:46","slug":"bulk-high-borosilicate-glass-canisters-with-cork-lids","status":"publish","type":"product","link":"https:\/\/yebodaglass.com\/hu\/bulk-high-borosilicate-glass-canisters-with-cork-lids\/","title":{"rendered":"Nagy mennyis\u00e9g\u0171, nagy boroszilik\u00e1t tartalm\u00fa \u00fcvegkann\u00e1k parafa fed\u00e9llel 150ml 300ml 600ml 1100ml"},"content":{"rendered":"<p data-start=\"66\" data-end=\"288\">Ezek az \u00fcvegtart\u00e1lyok egy divatos, leegyszer\u0171s\u00edtett koncepci\u00f3t k\u00e9pviselnek: egy dug\u00f3val lez\u00e1rt tejes\u00fcveget. Pr\u00e9mium min\u0151s\u00e9g\u0171 boroszilik\u00e1t \u00fcvegb\u0151l k\u00e9sz\u00fcltek, \u00edgy nagyon \u00e1tl\u00e1tsz\u00f3ak \u00e9s hat\u00e9konyan tasz\u00edtj\u00e1k a h\u0151sokkot.<\/p>\n<h2>Term\u00e9kjellemz\u0151k<\/h2>\n<ul>\n<li><strong>Nagy boroszilik\u00e1t \u00fcveg teljes\u00edtm\u00e9ny:<\/strong> A magas boroszilik\u00e1t \u00fcveg k\u00e9pes elviselni a k\u00fcl\u00f6nb\u00f6z\u0151 h\u0151m\u00e9rs\u00e9kleteket, m\u00e9g akkor is, ha azok nagyon gyorsan v\u00e1ltoznak, \u00e9s az anyag nem reped meg.<\/li>\n<li><strong>Tiszta parafa t\u00f6m\u00edt\u00e9s:<\/strong> A parafa dug\u00f3 hat\u00e9kony t\u00f6m\u00edt\u00e9s, amely kint tartja a leveg\u0151t \u00e9s a nedvess\u00e9get.<\/li>\n<li><strong>St\u00edlusos tejes\u00fcveg forma:<\/strong> Egy olyan diz\u00e1jnmodell, amely id\u0151tlen megjelen\u00e9s\u0171v\u00e9 teszi b\u00e1rmely konyh\u00e1t.<\/li>\n<li><strong>K\u00f6teti v\u00e1ltozatok:<\/strong> N\u00e9gy k\u00fcl\u00f6nb\u00f6z\u0151 t\u00e9rfogatr\u00e9sz a k\u00fcl\u00f6nb\u00f6z\u0151 t\u00e1rol\u00e1si ig\u00e9nyek kiel\u00e9g\u00edt\u00e9s\u00e9re.<\/li>\n<\/ul>\n<h2 style=\"text-align: left;\">F\u0151bb specifik\u00e1ci\u00f3k<\/h2>\n<table class=\"aligncenter\" style=\"border-collapse: collapse; width: 419.27pt;\" border=\"0\" width=\"559\" cellspacing=\"0\" cellpadding=\"0\">\n<tbody>\n<tr style=\"height: 13.50pt;\">\n<td style=\"height: 13.50pt; width: 101.25pt;\" width=\"135\" height=\"18\">Specifik\u00e1ci\u00f3<\/td>\n<td style=\"width: 318.00pt;\" width=\"424\">R\u00e9szletek<\/td>\n<\/tr>\n<tr style=\"height: 13.50pt;\">\n<td style=\"height: 13.50pt;\" height=\"18\">Kapacit\u00e1s<\/td>\n<td>150 ml \/ 300 ml \/ 600 ml \/ 1100 ml<\/td>\n<\/tr>\n<tr style=\"height: 13.50pt;\">\n<td style=\"height: 13.50pt;\" height=\"18\">M\u00e9retek<\/td>\n<td>6\u00d711cm\/6.5\u00d715cm\/8\u00d719cm\/8.5\u00d726cm<\/td>\n<\/tr>\n<tr style=\"height: 13.50pt;\">\n<td style=\"height: 13.50pt;\" height=\"18\">Anyag<\/td>\n<td>Magas boroszilik\u00e1t \u00fcveg<\/td>\n<\/tr>\n<tr style=\"height: 13.50pt;\">\n<td style=\"height: 13.50pt;\" height=\"18\">Fed\u00e9l t\u00edpusa<\/td>\n<td>Term\u00e9szetes parafa dug\u00f3<\/td>\n<\/tr>\n<tr style=\"height: 13.50pt;\">\n<td style=\"height: 13.50pt;\" height=\"18\">Anyagjellemz\u0151<\/td>\n<td>H\u0151sokk-\u00e1ll\u00f3, nagy tisztas\u00e1g\u00fa<\/td>\n<\/tr>\n<tr style=\"height: 13.50pt;\">\n<td style=\"height: 13.50pt;\" height=\"18\">Ide\u00e1lis<\/td>\n<td>\u00dcvegtart\u00e1lyok, konyhai \u00fcvegtart\u00e1lyok<\/td>\n<\/tr>\n<\/tbody>\n<\/table>\n<h2>Sikert\u00f6rt\u00e9net\u200b\u200d\u200b\u200c\u200d\u200b\u200d\u200b\u200d\u200b\u200c\u200d\u200b\u200d\u200d\u200c\u200d\u200c: M\u00e1rkafejleszt\u00e9s egy k\u00fcl\u00f6nleges k\u00e1v\u00e9p\u00f6rk\u00f6l\u0151 sz\u00e1m\u00e1ra<\/h2>\n<p>Egy fels\u0151 kateg\u00f3ri\u00e1s k\u00e1v\u00e9gy\u00e1rt\u00f3 c\u00e9g egyedi csomagol\u00e1st keresett k\u00e1v\u00e9bab-k\u00edn\u00e1lat\u00e1hoz. A 600 ml-es, fedeles \u00fcvegpalackjaink mellett d\u00f6nt\u00f6ttek. A kiv\u00e1l\u00f3, magas boroszilik\u00e1t-tartalm\u00fa \u00fcveg reped\u00e9s n\u00e9lk\u00fcl b\u00edrja a h\u0171t\u0151szekr\u00e9ny \u00e9s szobah\u0151m\u00e9rs\u00e9klet k\u00f6z\u00f6tti h\u0151m\u00e9rs\u00e9klet-v\u00e1ltoz\u00e1st. \u00cdgy a t\u00f6r\u00e9si ar\u00e1ny 40%-kal cs\u00f6kken. A v\u00e1s\u00e1rl\u00f3i visszajelz\u00e9sek szerint a term\u00e9szetes parafa z\u00e1r\u00e1s lehet\u0151v\u00e9 teszi, hogy a k\u00e1v\u00e9babok frissess\u00e9g\u00e9t 50%-kal tov\u00e1bb meg\u0151rizz\u00e9k az el\u0151z\u0151 csomagol\u00e1shoz k\u00e9pest. A kiskeresked\u0151k szerint a pr\u00e9mium megjelen\u00e9s 25%-os \u00e1remelked\u00e9st eredm\u00e9nyezett, m\u00edg az elad\u00e1sok val\u00f3j\u00e1ban 30%-kal n\u0151ttek. Ezen eredm\u00e9nyek alapj\u00e1n a v\u00e1llalat 200 000 \u00fcvegpalackra vonatkoz\u00f3 \u00faj megrendel\u00e9st adott le, \u00e9s tervezi az \u00faj kiskereskedelmi term\u00e9kcsal\u00e1d bevezet\u00e9s\u00e9t k\u00fcl\u00f6nb\u00f6z\u0151 piacokon.<\/p>\n<h2>\u00dcvegtart\u00e1lyok testreszab\u00e1si lehet\u0151s\u00e9gei<\/h2>\n<ul>\n<li>Egyedi parafa dombornyom\u00e1s \u2013 M\u00e1rka log\u00f3j\u00e1t vagy diz\u00e1jnj\u00e1t term\u00e9szetes paraf\u00e1ra nyomtathatja.<\/li>\n<li>Szitanyomott c\u00edmk\u00e9k \u2013 Tart\u00f3s ker\u00e1mia tint\u00e1val nyomtassa ki a term\u00e9kinform\u00e1ci\u00f3kat.<\/li>\n<li>Dombornyomott kapacit\u00e1sjel\u00f6l\u00e9sek \u2013 Finom, kiemelt oszt\u00e1sokat hoz l\u00e9tre.<\/li>\n<li>\u00d3lom\u00fcveg opci\u00f3k \u2013 A sz\u00ednes \u00fcvegez\u00e9s f\u00e9ny\u00e9rz\u00e9keny tartalmak sz\u00e1m\u00e1ra is alkalmass\u00e1 teszi.<\/li>\n<li>Egyedi parafa sz\u00ednek \u2013 Sz\u00e1mos term\u00e9szetes parafa \u00e1rnyalat k\u00f6z\u00fcl v\u00e1laszthat.<\/li>\n<\/ul>","protected":false},"excerpt":{"rendered":"<p>Tart\u00f3s \u00fcvegtart\u00e1lyok, magas boroszilik\u00e1t \u00fcvegb\u0151l k\u00e9sz\u00fclt fedeles \u00fcvegtart\u00e1lyok \u00e9s parafa fed\u00e9l. Gy\u00e1ri min\u0151s\u00e9gellen\u0151rz\u00e9s, nagy t\u00e9telben t\u00f6rt\u00e9n\u0151 rendel\u00e9s eset\u00e9n kedvezm\u00e9nyes \u00e1rak el\u00e9rhet\u0151k.<\/p>","protected":false},"featured_media":24399,"template":"","meta":[],"product_brand":[],"product_cat":[122,124,137],"product_tag":[],"class_list":{"0":"post-24381","1":"product","2":"type-product","3":"status-publish","4":"has-post-thumbnail","6":"product_cat-custom-glass-packaging","7":"product_cat-custom-glass-jars","8":"product_cat-glass-jars-with-lids","10":"first","11":"instock","12":"shipping-taxable","13":"product-type-simple"},"jetpack_sharing_enabled":true,"_links":{"self":[{"href":"https:\/\/yebodaglass.com\/hu\/wp-json\/wp\/v2\/product\/24381","targetHints":{"allow":["GET"]}}],"collection":[{"href":"https:\/\/yebodaglass.com\/hu\/wp-json\/wp\/v2\/product"}],"about":[{"href":"https:\/\/yebodaglass.com\/hu\/wp-json\/wp\/v2\/types\/product"}],"version-history":[{"count":5,"href":"https:\/\/yebodaglass.com\/hu\/wp-json\/wp\/v2\/product\/24381\/revisions"}],"predecessor-version":[{"id":24536,"href":"https:\/\/yebodaglass.com\/hu\/wp-json\/wp\/v2\/product\/24381\/revisions\/24536"}],"wp:featuredmedia":[{"embeddable":true,"href":"https:\/\/yebodaglass.com\/hu\/wp-json\/wp\/v2\/media\/24399"}],"wp:attachment":[{"href":"https:\/\/yebodaglass.com\/hu\/wp-json\/wp\/v2\/media?parent=24381"}],"wp:term":[{"taxonomy":"product_brand","embeddable":true,"href":"https:\/\/yebodaglass.com\/hu\/wp-json\/wp\/v2\/product_brand?post=24381"},{"taxonomy":"product_cat","embeddable":true,"href":"https:\/\/yebodaglass.com\/hu\/wp-json\/wp\/v2\/product_cat?post=24381"},{"taxonomy":"product_tag","embeddable":true,"href":"https:\/\/yebodaglass.com\/hu\/wp-json\/wp\/v2\/product_tag?post=24381"}],"curies":[{"name":"wp","href":"https:\/\/api.w.org\/{rel}","templated":true}]}}