{"id":24324,"date":"2025-12-12T12:00:03","date_gmt":"2025-12-12T04:00:03","guid":{"rendered":"https:\/\/yebodaglass.com\/?post_type=product&#038;p=24324"},"modified":"2025-12-16T11:42:50","modified_gmt":"2025-12-16T03:42:50","slug":"glass-empty-water-bottles-for-drinking-wholesale","status":"publish","type":"product","link":"https:\/\/yebodaglass.com\/hu\/glass-empty-water-bottles-for-drinking-wholesale\/","title":{"rendered":"550 ml-es \u00fcveg \u00fcres vizes palackok nagykereskedelemhez"},"content":{"rendered":"<p>Elege van az olyan \u00fcvegpalackokb\u00f3l, amelyek nem illenek a m\u00e1rk\u00e1ja st\u00edlus\u00e1hoz? Mi k\u00e9sz\u00edt\u00fcnk \u00fcres \u00fcveg vizespalackokat \u2013 olyan m\u00e1rk\u00e1k sz\u00e1m\u00e1ra, amelyek a min\u0151s\u00e9get helyezik el\u0151t\u00e9rbe. Ezek az \u00fcres vizespalackok a napi hidrat\u00e1ci\u00f3t st\u00edlusos m\u00e1rkajelz\u00e9ss\u00e9 var\u00e1zsolj\u00e1k. A nagy t\u00e9telben rendelt term\u00e9kek egyedi kidolgoz\u00e1st kapnak, hogy illeszkedjenek a m\u00e1rk\u00e1j\u00e1hoz.<\/p>\n<h2>Term\u00e9kjellemz\u0151k<\/h2>\n<p><strong>Sz\u00e9les, 38 mm-es ny\u00edl\u00e1s<\/strong><\/p>\n<p>K\u00f6nnyen t\u00f6lthet\u0151 gy\u00fcm\u00f6lccsel vagy j\u00e9ggel \u2013 nincs t\u00f6bb maszatos inf\u00fazi\u00f3 a hidrat\u00e1l\u00e1shoz.<\/p>\n<p><strong>Tart\u00f3s boroszilik\u00e1t \u00fcveg<\/strong><\/p>\n<p>Nincs h\u0151sokk \u2013 fagyaszt\u00f3ban, mosogat\u00f3g\u00e9pben moshat\u00f3 \u00e9s tart\u00f3s.<\/p>\n<p><strong>Sziv\u00e1rg\u00e1smentes rozsdamentes ac\u00e9l fed\u00e9l<\/strong><\/p>\n<p>Biztons\u00e1gban tartja a tartalm\u00e1t \u2013 t\u00f6k\u00e9letes a hidrat\u00e1lts\u00e1g meg\u0151rz\u00e9s\u00e9hez \u00fatk\u00f6zben.<\/p>\n<p><strong>Testreszabhat\u00f3 szilikontok<\/strong><\/p>\n<p>Add hozz\u00e1 a log\u00f3dat \u2013 felejthetetlenn\u00e9 teszi az \u00fajrafelhaszn\u00e1lhat\u00f3 \u00fcveg vizespalackodat.<\/p>\n<h2>F\u0151bb specifik\u00e1ci\u00f3k<\/h2>\n<table style=\"border-collapse: collapse; width: 80%; margin-left: auto; margin-right: auto;\" border=\"0\" width=\"360\" cellspacing=\"0\" cellpadding=\"0\">\n<tbody>\n<tr style=\"height: 13.50pt;\">\n<td style=\"height: 13.5pt; width: 54pt; text-align: center;\" width=\"72\" height=\"18\">Kapacit\u00e1s<\/td>\n<td style=\"width: 54pt; text-align: center;\" width=\"72\">M\u00e9ret (cm)<\/td>\n<td style=\"width: 54pt; text-align: center;\" width=\"72\">\u00c1tm\u00e9r\u0151<\/td>\n<td style=\"width: 54pt; text-align: center;\" width=\"72\">Anyag<\/td>\n<td style=\"width: 54pt; text-align: center;\" width=\"72\">Sz\u00edn<\/td>\n<\/tr>\n<tr style=\"height: 13.50pt;\">\n<td style=\"height: 13.5pt; text-align: center;\" height=\"18\">550 ml<\/td>\n<td style=\"text-align: center;\">6.6&#215;22.3<\/td>\n<td style=\"text-align: center;\">38 mm<\/td>\n<td style=\"text-align: center;\">Boroszilik\u00e1t<\/td>\n<td style=\"text-align: center;\">Tiszta vagy egy\u00e9ni<\/td>\n<\/tr>\n<\/tbody>\n<\/table>\n<h2>Sikeres eset<\/h2>\n<p>Az egyik legnagyobb d\u00e9lkelet-\u00e1zsiai hidegen sajtolt gy\u00fcm\u00f6lcsl\u00e9-gy\u00e1rt\u00f3 l\u00e1nc, amely b\u0151v\u00edteni k\u00edv\u00e1nja palackozott ital \u00fczlet\u00e1g\u00e1t, olyan csomagol\u00e1sra volt sz\u00fcks\u00e9ge, amely ellen\u00e1ll a hideg l\u00e1nc\u00fa sz\u00e1ll\u00edt\u00e1snak, \u00e9s vonz\u00f3bbnak, luxusabbnak is t\u0171nik a polcon. Ezt a sz\u00e9les sz\u00e1j\u00fa, \u00fcres vizespalackot v\u00e1lasztott\u00e1k, mi pedig a kupak \u00e9s a c\u00edmke m\u00e9ret\u00e9t a m\u00e1rka sz\u00edneihez igaz\u00edtottuk.<\/p>\n<p>A v\u00e1ltoztat\u00e1sok v\u00e9grehajt\u00e1sa ut\u00e1n a pr\u00e9mium gy\u00fcm\u00f6lcsl\u00e9-elad\u00e1saik k\u00f6zel 30%-kal n\u0151ttek.<\/p>\n<h2>Testreszab\u00e1si k\u00e9zik\u00f6nyved<\/h2>\n<ol>\n<li>A palack nyak\u00e1tm\u00e9r\u0151j\u00e9nek, az alap kialak\u00edt\u00e1s\u00e1nak vagy a testar\u00e1nyoknak a megv\u00e1ltoztat\u00e1s\u00e1val garant\u00e1lhatjuk a lehet\u0151 legjobb kompatibilit\u00e1st a t\u00f6lt\u0151sorokkal, \u00e9s n\u00f6velhetj\u00fck a vizu\u00e1lis megk\u00fcl\u00f6nb\u00f6ztet\u0151 k\u00e9pess\u00e9get.<\/li>\n<li>L\u00e9tes\u00edtm\u00e9ny\u00fcnk felk\u00e9sz\u00fclt arra, hogy szitanyom\u00e1ssal, melegnyom\u00e1ssal, c\u00edmk\u00e9z\u00e9ssel \u00e9s matt fel\u00fcletkezel\u00e9ssel kapcsolatos k\u00e9r\u00e9seit is teljes\u00edtse. Szabads\u00e1got biztos\u00edtunk \u00d6nnek, hogy kiv\u00e1lassza a legmegfelel\u0151bb vizu\u00e1lis megjelen\u00edt\u00e9st, amely megfelel m\u00e1rk\u00e1ja arculat\u00e1nak.<\/li>\n<li>K\u00e9pesek vagyunk a palackok kupakjait k\u00fcl\u00f6nb\u00f6z\u0151 sz\u00ednekben elk\u00e9sz\u00edteni, vagy k\u00fcl\u00f6nb\u00f6z\u0151 anyagokat haszn\u00e1lni (pl. rozsdamentes ac\u00e9l, galvaniz\u00e1l\u00e1s \u00e9s sz\u00f3r\u00f3fest\u00e9k), hogy seg\u00edts\u00fcnk \u00d6nnek abban, hogy \u00e1rucikkjei a polcok k\u00f6z\u00e9ppontj\u00e1ban legyenek.<\/li>\n<\/ol>","protected":false},"excerpt":{"rendered":"<p>\u00dcres, sz\u00e9les sz\u00e1j\u00fa vizespalackok, ide\u00e1lisak iv\u00f3v\u00edz-m\u00e1rk\u00e1k sz\u00e1m\u00e1ra. Megb\u00edzhat\u00f3 besz\u00e1ll\u00edt\u00f3, amely testreszabhat\u00f3 vizespalackokat \u00e9s nagy t\u00e9telben t\u00f6rt\u00e9n\u0151 megrendel\u00e9seket k\u00edn\u00e1l. Ingyenes minta.<\/p>","protected":false},"featured_media":24336,"template":"","meta":[],"product_brand":[],"product_cat":[123,122,136],"product_tag":[],"class_list":{"0":"post-24324","1":"product","2":"type-product","3":"status-publish","4":"has-post-thumbnail","6":"product_cat-custom-glass-bottles","7":"product_cat-custom-glass-packaging","8":"product_cat-glass-water-bottles","10":"first","11":"instock","12":"shipping-taxable","13":"product-type-simple"},"jetpack_sharing_enabled":true,"_links":{"self":[{"href":"https:\/\/yebodaglass.com\/hu\/wp-json\/wp\/v2\/product\/24324","targetHints":{"allow":["GET"]}}],"collection":[{"href":"https:\/\/yebodaglass.com\/hu\/wp-json\/wp\/v2\/product"}],"about":[{"href":"https:\/\/yebodaglass.com\/hu\/wp-json\/wp\/v2\/types\/product"}],"version-history":[{"count":5,"href":"https:\/\/yebodaglass.com\/hu\/wp-json\/wp\/v2\/product\/24324\/revisions"}],"predecessor-version":[{"id":24413,"href":"https:\/\/yebodaglass.com\/hu\/wp-json\/wp\/v2\/product\/24324\/revisions\/24413"}],"wp:featuredmedia":[{"embeddable":true,"href":"https:\/\/yebodaglass.com\/hu\/wp-json\/wp\/v2\/media\/24336"}],"wp:attachment":[{"href":"https:\/\/yebodaglass.com\/hu\/wp-json\/wp\/v2\/media?parent=24324"}],"wp:term":[{"taxonomy":"product_brand","embeddable":true,"href":"https:\/\/yebodaglass.com\/hu\/wp-json\/wp\/v2\/product_brand?post=24324"},{"taxonomy":"product_cat","embeddable":true,"href":"https:\/\/yebodaglass.com\/hu\/wp-json\/wp\/v2\/product_cat?post=24324"},{"taxonomy":"product_tag","embeddable":true,"href":"https:\/\/yebodaglass.com\/hu\/wp-json\/wp\/v2\/product_tag?post=24324"}],"curies":[{"name":"wp","href":"https:\/\/api.w.org\/{rel}","templated":true}]}}