{"id":24249,"date":"2025-12-03T10:18:31","date_gmt":"2025-12-03T02:18:31","guid":{"rendered":"https:\/\/yebodaglass.com\/?post_type=product&#038;p=24249"},"modified":"2026-03-12T16:37:09","modified_gmt":"2026-03-12T08:37:09","slug":"double-walled-glass-drinking-bottles-with-stainless-steel-lid","status":"publish","type":"product","link":"https:\/\/yebodaglass.com\/hu\/double-walled-glass-drinking-bottles-with-stainless-steel-lid\/","title":{"rendered":"Dupla fal\u00fa \u00fcvegpalackok rozsdamentes ac\u00e9l fed\u00e9llel"},"content":{"rendered":"<p>Ezek az \u00fcveg kulacsok letisztult, hengeres profillal rendelkeznek, tart\u00f3s boroszilik\u00e1t \u00fcvegb\u0151l k\u00e9sz\u00fclnek, modern, duplafal\u00fa kulacs szerkezettel kombin\u00e1lva. Az \u00fcveg test \u00e1tl\u00e1tsz\u00f3, ami kiemeli az italokat, seg\u00edt a h\u0151meg\u0151rz\u00e9sben \u00e9s kik\u00fcsz\u00f6b\u00f6li a h\u0151sokkot. A palackok menetes rozsdamentes ac\u00e9l fed\u00e9llel \u00e9s 304-es rozsdamentes ac\u00e9lb\u00f3l k\u00e9sz\u00fclt, kivehet\u0151 sz\u0171r\u0151vel rendelkeznek a tealevelek vagy a gy\u00fcm\u00f6lcsp\u00e9p sz\u0171r\u00e9s\u00e9re. Az \u00fcveg kulacs sz\u00e9les sz\u00e1j\u00fa kialak\u00edt\u00e1s\u00fa, ez\u00e9rt k\u00f6nnyen megt\u00f6lthet\u0151 \u00e9s tiszt\u00edthat\u00f3, minimalista kialak\u00edt\u00e1sa pedig alkalmas irod\u00e1kba, edz\u0151termekbe \u00e9s utaz\u00e1shoz. K\u00f6rnyezetbar\u00e1t kulacsoknak l\u00e9v\u00e9n ezek az \u00fajrafelhaszn\u00e1lhat\u00f3 \u00fcveg kulacsok seg\u00edtik a felhaszn\u00e1l\u00f3kat a hidrat\u00e1lts\u00e1g fenntart\u00e1s\u00e1ban \u00e9s a fenntarthat\u00f3 \u00e9letm\u00f3d el\u0151mozd\u00edt\u00e1s\u00e1ban.<\/p>\n<h2>F\u0151bb specifik\u00e1ci\u00f3k<\/h2>\n<table style=\"border-collapse: collapse; width: 80%; margin-left: auto; margin-right: auto;\" border=\"0\" width=\"873\" cellspacing=\"0\" cellpadding=\"0\">\n<tbody>\n<tr style=\"height: 13.50pt;\">\n<td style=\"height: 13.50pt; width: 117.75pt;\" width=\"157\" height=\"18\">Kapacit\u00e1sbe\u00e1ll\u00edt\u00e1sok<\/td>\n<td style=\"width: 537.00pt;\" width=\"716\">350 ml \/ 500 ml \/ 700 ml<\/td>\n<\/tr>\n<tr style=\"height: 13.50pt;\">\n<td style=\"height: 13.50pt;\" height=\"18\">Anyag<\/td>\n<td>Boroszilik\u00e1t \u00fcveg, rozsdamentes ac\u00e9l fed\u00e9l, 304 rozsdamentes ac\u00e9l sz\u0171r\u0151, szilikon t\u00f6m\u00edt\u00e9s<\/td>\n<\/tr>\n<tr style=\"height: 13.50pt;\">\n<td style=\"height: 13.50pt;\" height=\"18\">Szerkezet<\/td>\n<td>Hengeres, dupla fal\u00fa vizespalack<\/td>\n<\/tr>\n<tr style=\"height: 13.50pt;\">\n<td style=\"height: 13.50pt;\" height=\"18\">Fed\u00e9l t\u00edpusa<\/td>\n<td>Menetes rozsdamentes ac\u00e9l fed\u00e9l, sziv\u00e1rg\u00e1smentes<\/td>\n<\/tr>\n<tr style=\"height: 13.50pt;\">\n<td style=\"height: 13.50pt;\" height=\"18\">Sz\u0171r\u0151<\/td>\n<td>Kivehet\u0151 rozsdamentes ac\u00e9l teafilter foganty\u00faval<\/td>\n<\/tr>\n<tr style=\"height: 13.50pt;\">\n<td style=\"height: 13.50pt;\" height=\"18\">Pecs\u00e9t<\/td>\n<td>Vastag szilikon t\u00f6m\u00edt\u0151gy\u0171r\u0171 a cseppmentes teljes\u00edtm\u00e9ny\u00e9rt<\/td>\n<\/tr>\n<tr style=\"height: 13.50pt;\">\n<td style=\"height: 13.50pt;\" height=\"18\">Egy\u00e9ni be\u00e1ll\u00edt\u00e1sok<\/td>\n<td>Log\u00f3nyomtat\u00e1s, sz\u00ednes bevonat, szilikon h\u00fcvely, fed\u00e9ltervez\u00e9s, m\u00e9retar\u00e1nyos jel\u00f6l\u00e9sek, csomagol\u00e1s<\/td>\n<\/tr>\n<tr style=\"height: 13.50pt;\">\n<td style=\"height: 13.50pt;\" height=\"18\">Biztons\u00e1g<\/td>\n<td>Mosogat\u00f3g\u00e9pben moshat\u00f3, fagyaszt\u00f3ban t\u00e1rolhat\u00f3, h\u0151sokknak ellen\u00e1ll\u00f3<\/td>\n<\/tr>\n<tr style=\"height: 13.50pt;\">\n<td style=\"height: 13.50pt;\" height=\"18\">Haszn\u00e1lat<\/td>\n<td>Tea, gy\u00fcm\u00f6lcstea, k\u00e1v\u00e9, hideg italok, napi folyad\u00e9kp\u00f3tl\u00e1s<\/td>\n<\/tr>\n<\/tbody>\n<\/table>\n<h2>F\u0151bb term\u00e9kjellemz\u0151k<\/h2>\n<ol>\n<li><strong>Dupla fal\u00fa h\u0151m\u00e9rs\u00e9klet-v\u00e9delem<\/strong>A palack k\u00e9toldalas kialak\u00edt\u00e1sa seg\u00edt szigetelni az italokat, megakad\u00e1lyozza a p\u00e1ralecsap\u00f3d\u00e1st \u00e9s fokozza a felhaszn\u00e1l\u00f3 k\u00e9nyelm\u00e9t.<\/li>\n<li><strong>Pr\u00e9mium boroszilik\u00e1t \u00fcvegszerkezet<\/strong>K\u00f6rnyezetbar\u00e1t vizespalackjaink strapab\u00edr\u00f3 boroszilik\u00e1t \u00fcvegb\u0151l k\u00e9sz\u00fclnek, amely ellen\u00e1ll a h\u0151nek, a hidegnek \u00e9s a hirtelen h\u0151sokknak, \u00edgy forr\u00f3 te\u00e1ban vagy j\u00e9gben is haszn\u00e1lhat\u00f3k.<\/li>\n<li><strong>Sziv\u00e1rg\u00e1smentes \u00e9s utaz\u00e1sbar\u00e1t<\/strong>A pontos rozsdamentes ac\u00e9l fed\u00e9l \u00e9s a szilikon t\u00f6m\u00edt\u00e9s sziv\u00e1rg\u00e1smentes kialak\u00edt\u00e1st biztos\u00edt, \u00edgy k\u00f6nnyen sz\u00e1ll\u00edthat\u00f3 ing\u00e1z\u00e1shoz, utaz\u00e1shoz vagy napi folyad\u00e9kp\u00f3tl\u00e1shoz.<\/li>\n<\/ol>\n<h2>Sikeres B2B eset<\/h2>\n<p>Egy holland kereskedelmi c\u00e9g m\u0171k\u00f6d\u00f6tt egy\u00fctt vel\u00fcnk, mint pr\u00e9mium min\u0151s\u00e9g\u0171 \u00fcveg vizespalackok f\u0151 forgalmaz\u00f3ja, melyeket aj\u00e1nd\u00e9kcsomagban \u00e1rulnak. A c\u00e9g 8000 darab 500 ml-es \u00e9s 700 ml-es vizespalackot rendelt.<\/p>\n<p>Testreszab\u00e1s tartalmazza:<\/p>\n<ul>\n<li>L\u00e9zerrel v\u00e1gott log\u00f3 a rozsdamentes ac\u00e9l fed\u00e9len.<\/li>\n<li>F\u00e9nyes bevonat az \u00fcvegpalackok test\u00e9n.<\/li>\n<li>M\u00e1rk\u00e1s csomagol\u00f3doboz<\/li>\n<li>A tapad\u00e1s fokoz\u00e1s\u00e1ra szilikonh\u00fcvely haszn\u00e1lhat\u00f3.<\/li>\n<\/ul>\n<p>Ezek az \u00fcveg kulacsok a piacra dob\u00e1s ut\u00e1n az egyik legsikeresebb \u00fcveg vizespalack term\u00e9k\u00fckk\u00e9nt jelentek meg a kiszerelhet\u0151 tea rajong\u00f3i k\u00f6r\u00e9ben. Egy negyed\u00e9v eltelt\u00e9vel a m\u00e1rka 35 sz\u00e1zal\u00e9kos n\u00f6veked\u00e9st tapasztalt az eladott aj\u00e1nd\u00e9kcsomagok sz\u00e1m\u00e1ban, \u00e9s egy m\u00e1sodik nagy, 12 000 darabos nagykereskedelmi megrendel\u00e9st is teljes\u00edtettek. A fenntarthat\u00f3s\u00e1gra t\u00f6rekv\u0151 v\u00e1s\u00e1rl\u00f3ikat nagyra \u00e9rt\u00e9kelt\u00e9k az \u00fajrafelhaszn\u00e1lhat\u00f3 \u00e9s k\u00f6rnyezetbar\u00e1t pozicion\u00e1l\u00e1s.<\/p>\n<h2>B2B szoftverek szem\u00e9lyre szab\u00e1si aj\u00e1nl\u00e1sai<\/h2>\n<ol>\n<li><strong>V\u00e1llalati wellness programok<\/strong>: Helyezzen el m\u00e1rk\u00e1zott log\u00f3kat \u00e9s m\u00e9r\u00e9si jel\u00f6l\u00e9seket, hogy eml\u00e9keztesse az alkalmazottakat a napi v\u00edzfogyaszt\u00e1sra, \u00e9s hogy a nap folyam\u00e1n is igyanak vizet.<\/li>\n<li><strong>Szabadt\u00e9ri\/fitnesz kiskereskedelem:<\/strong> Szilikon tokkal \u00e9s hordf\u00fcllel b\u0151v\u00edthet\u0151 a v\u00e1ltozat a jobb tapad\u00e1s \u00e9s a k\u00f6nnyebb csomagolhat\u00f3s\u00e1g \u00e9rdek\u00e9ben, sport-, t\u00far\u00e1z\u00e1si \u00e9s utaz\u00e1si c\u00e9lokra egyar\u00e1nt alkalmas.<\/li>\n<li><strong>\u00d6ko \u00e9letm\u00f3d m\u00e1rk\u00e1k<\/strong>A sz\u00ednes bevonatok, a minimalista csomagol\u00e1s \u00e9s a fenntarthat\u00f3s\u00e1gi \u00fczenetek seg\u00edtenek a palackot k\u00f6rnyezetbar\u00e1t vizespalackk\u00e9nt \u00e9s \u00fajrafelhaszn\u00e1lhat\u00f3 \u00e9letm\u00f3dterm\u00e9kk\u00e9nt pozicion\u00e1lni.<\/li>\n<\/ol>\n<p>\u00dcveg vizespalackok professzion\u00e1lis gy\u00e1rt\u00f3jak\u00e9nt nagykereskedelmi beszerz\u00e9si megold\u00e1sokat k\u00edn\u00e1lunk m\u00e1rk\u00e1knak, forgalmaz\u00f3knak \u00e9s kiskeresked\u0151knek vil\u00e1gszerte. Gy\u00e1runk rugalmas minim\u00e1lis mennyis\u00e9get, egyedi tervez\u00e9st \u00e9s megb\u00edzhat\u00f3 ell\u00e1t\u00e1st biztos\u00edt k\u00f6rnyezetbar\u00e1t vizespalackok ter\u00e9n a glob\u00e1lis piacokon.<\/p>","protected":false},"excerpt":{"rendered":"<p>Premium glass drinking bottles made from durable borosilicate glass. Eco friendly water bottle design with double wall insulation, leak-proof lid, ideal for wholesale.<\/p>","protected":false},"featured_media":24250,"template":"","meta":[],"product_brand":[],"product_cat":[136,123,122],"product_tag":[],"class_list":{"0":"post-24249","1":"product","2":"type-product","3":"status-publish","4":"has-post-thumbnail","6":"product_cat-glass-water-bottles","7":"product_cat-custom-glass-bottles","8":"product_cat-custom-glass-packaging","10":"first","11":"instock","12":"shipping-taxable","13":"product-type-simple"},"jetpack_sharing_enabled":true,"_links":{"self":[{"href":"https:\/\/yebodaglass.com\/hu\/wp-json\/wp\/v2\/product\/24249","targetHints":{"allow":["GET"]}}],"collection":[{"href":"https:\/\/yebodaglass.com\/hu\/wp-json\/wp\/v2\/product"}],"about":[{"href":"https:\/\/yebodaglass.com\/hu\/wp-json\/wp\/v2\/types\/product"}],"version-history":[{"count":5,"href":"https:\/\/yebodaglass.com\/hu\/wp-json\/wp\/v2\/product\/24249\/revisions"}],"predecessor-version":[{"id":25420,"href":"https:\/\/yebodaglass.com\/hu\/wp-json\/wp\/v2\/product\/24249\/revisions\/25420"}],"wp:featuredmedia":[{"embeddable":true,"href":"https:\/\/yebodaglass.com\/hu\/wp-json\/wp\/v2\/media\/24250"}],"wp:attachment":[{"href":"https:\/\/yebodaglass.com\/hu\/wp-json\/wp\/v2\/media?parent=24249"}],"wp:term":[{"taxonomy":"product_brand","embeddable":true,"href":"https:\/\/yebodaglass.com\/hu\/wp-json\/wp\/v2\/product_brand?post=24249"},{"taxonomy":"product_cat","embeddable":true,"href":"https:\/\/yebodaglass.com\/hu\/wp-json\/wp\/v2\/product_cat?post=24249"},{"taxonomy":"product_tag","embeddable":true,"href":"https:\/\/yebodaglass.com\/hu\/wp-json\/wp\/v2\/product_tag?post=24249"}],"curies":[{"name":"wp","href":"https:\/\/api.w.org\/{rel}","templated":true}]}}