{"id":24239,"date":"2025-12-02T13:16:32","date_gmt":"2025-12-02T05:16:32","guid":{"rendered":"https:\/\/yebodaglass.com\/?post_type=product&#038;p=24239"},"modified":"2026-03-23T13:24:29","modified_gmt":"2026-03-23T05:24:29","slug":"bulk-small-hexagon-glass-food-storage-jars-with-clamp-lids","status":"publish","type":"product","link":"https:\/\/yebodaglass.com\/hu\/bulk-small-hexagon-glass-food-storage-jars-with-clamp-lids\/","title":{"rendered":"100 ml-es kis hatsz\u00f6glet\u0171 \u00fcvegt\u00e1rol\u00f3 ed\u00e9nyek szor\u00edt\u00f3fed\u00e9llel"},"content":{"rendered":"<p data-start=\"66\" data-end=\"288\">Ezek az \u00fcveg t\u00e1rol\u00f3ed\u00e9nyek egyszer\u0171 hatsz\u00f6glet\u0171ek, egyszer\u0171 k\u00f6rvonallal \u00e9s krist\u00e1lytiszta \u00fcvegb\u0151l k\u00e9sz\u00fcltek. Ami fontos, az a rozsdamentes ac\u00e9l r\u00f6gz\u00edt\u0151z\u00e1r, amely a be\u00e9p\u00edtett szilikon t\u00f6m\u00edt\u00e9ssel nagyon stabilan tartja az \u00fcvegtet\u0151t. A t\u00f6m\u00edt\u00e9shez mind\u00f6ssze meg kell nyomni a vez\u00e9rl\u0151kart.<\/p>\n<h2>Term\u00e9kjellemz\u0151k<\/h2>\n<ul>\n<li><strong>Geometrikus hatsz\u00f6glet\u0171 kialak\u00edt\u00e1s:<\/strong> Egy hatoldal\u00fa, lapos fal\u00fa, nem gurul\u00f3, egym\u00e1sra rakhat\u00f3 forma, amely modern, helytakar\u00e9kos kialak\u00edt\u00e1s\u00fa.<\/li>\n<li><strong>L\u00e9gmentesen z\u00e1r\u00f3d\u00f3 bilincs:<\/strong> L\u00e9gmentes t\u00f6m\u00edt\u00e9s: Ez egy megb\u00edzhat\u00f3, laborat\u00f3riumi min\u0151s\u00e9g\u0171, l\u00e9gmentes t\u00f6m\u00edt\u00e9s, mivel \u00fagy j\u00f6n l\u00e9tre, hogy az \u00fcvegfed\u0151t egy rozsdamentes ac\u00e9l szor\u00edt\u00f3val a szilikon t\u00f6m\u00edt\u00e9sre nyomj\u00e1k.<\/li>\n<li><strong>J\u00f3l l\u00e1that\u00f3 \u00fcveg:<\/strong> \u00c1tl\u00e1tsz\u00f3 \u00fcvegfalakkal rendelkezik, amelyek lehet\u0151v\u00e9 teszik a tartalom azonos\u00edt\u00e1s\u00e1t \u00e9s a mennyis\u00e9gi ellen\u0151rz\u00e9st an\u00e9lk\u00fcl, hogy fel kellene nyitni azokat.<\/li>\n<\/ul>\n<h2 style=\"text-align: left;\">F\u0151bb specifik\u00e1ci\u00f3k<\/h2>\n<table class=\"aligncenter\" style=\"border-collapse: collapse; width: 366.02pt;\" border=\"0\" width=\"488\" cellspacing=\"0\" cellpadding=\"0\">\n<tbody>\n<tr style=\"height: 13.50pt;\">\n<td style=\"height: 13.50pt; width: 92.25pt;\" width=\"123\" height=\"18\">Specifik\u00e1ci\u00f3<\/td>\n<td style=\"width: 273.75pt;\" width=\"365\">R\u00e9szletek<\/td>\n<\/tr>\n<tr style=\"height: 13.50pt;\">\n<td style=\"height: 13.50pt;\" height=\"18\">Kapacit\u00e1s<\/td>\n<td>100 ml<\/td>\n<\/tr>\n<tr style=\"height: 13.50pt;\">\n<td style=\"height: 13.50pt;\" height=\"18\">M\u00e9retek<\/td>\n<td>5,7 \u00d7 8,7 cm<\/td>\n<\/tr>\n<tr style=\"height: 13.50pt;\">\n<td style=\"height: 13.50pt;\" height=\"18\">Anyag<\/td>\n<td>Tiszta \u00fcveg<\/td>\n<\/tr>\n<tr style=\"height: 13.50pt;\">\n<td style=\"height: 13.50pt;\" height=\"18\">Fed\u00e9l t\u00edpusa<\/td>\n<td>F\u00e9m bilincs fed\u00e9l dr\u00f3ttal<\/td>\n<\/tr>\n<tr style=\"height: 13.50pt;\">\n<td style=\"height: 13.50pt;\" height=\"18\">Ide\u00e1lis a k\u00f6vetkez\u0151kh\u00f6z:<\/td>\n<td>\u00dcveg \u00e9lelmiszert\u00e1rol\u00f3 bef\u0151ttes\u00fcvegek, bef\u0151ttes\u00fcvegek szor\u00edt\u00f3s fed\u00e9llel<\/td>\n<\/tr>\n<\/tbody>\n<\/table>\n<h2>Sikert\u00f6rt\u00e9net: Egy k\u00fcl\u00f6nleges te\u00e1kat gy\u00e1rt\u00f3 c\u00e9g csomagol\u00e1s\u00e1nak \u00e1talak\u00edt\u00e1sa<\/h2>\n<p>Egy luxus teagy\u00e1rt\u00f3 c\u00e9g egyedi csomagol\u00e1st keresett az \u00fajonnan piacra dobott, speci\u00e1lis teacsal\u00e1dj\u00e1hoz. V\u00e9g\u00fcl a 100 ml-es hatsz\u00f6glet\u0171 \u00fcveg \u00e9lelmiszert\u00e1rol\u00f3 \u00fcvegeink mellett d\u00f6nt\u00f6ttek egyedi megjelen\u00e9s\u00fck miatt. Felt\u00e9tlen\u00fcl sz\u00fcks\u00e9ges volt, hogy a kupakok pattint\u00f3sak legyenek \u2013 a v\u00e9lem\u00e9nyek szerint a term\u00e9kek kev\u00e9sb\u00e9 oxid\u00e1l\u00f3dtak, \u00edgy az eltarthat\u00f3s\u00e1guk 40%-kal hosszabb volt a kor\u00e1bbi csomagol\u00e1shoz k\u00e9pest. \u00daj, geometrikus st\u00edlusuk 50%-os k\u00f6z\u00f6ss\u00e9gi m\u00e9di\u00e1s megeml\u00edt\u00e9st eredm\u00e9nyezett. Ezt a sikert kihaszn\u00e1lva tov\u00e1bbi 200 000 \u00fcveget rendeltek az orsz\u00e1gos bevezet\u00e9s \u00e9rdek\u00e9ben.<\/p>\n<h2>\u00dcveg \u00e9lelmiszert\u00e1rol\u00f3 ed\u00e9ny testreszab\u00e1si lehet\u0151s\u00e9gei<\/h2>\n<ul>\n<li>Matt panelfel\u00fclet \u2013 Cs\u00e1b\u00edt\u00f3 megjelen\u00e9st hozhat l\u00e9tre az \u00fcveg mindk\u00e9t oldal\u00e1n v\u00e1ltakoz\u00f3 matt fel\u00fcletekkel.<\/li>\n<li>Szitanyomott m\u00e1rkalog\u00f3 \u2013 Tart\u00f3s m\u00e1rkalog\u00f3 nyomtatva a lapos oldals\u00f3 panelekkel egy\u00fctt.<\/li>\n<li>Dombornyomott \u0171rtartalom-beoszt\u00e1s \u2013 Helyezzen el n\u00e9h\u00e1ny sz\u00e9p beoszt\u00e1st a t\u00e9rfogatm\u00e9r\u00e9shez az \u00fcveg egyik oldal\u00e1n.<\/li>\n<li>Vari\u00e1ci\u00f3k az \u00e9llekerek\u00edt\u00e9sre \u2013 M\u00f3dos\u00edtsa a lekerek\u00edt\u00e9si sugarat a k\u00fcl\u00f6nb\u00f6z\u0151 megjelen\u00e9sek el\u00e9r\u00e9s\u00e9hez.<\/li>\n<\/ul>\n<p>K\u00e9szen \u00e1llsz arra, hogy a t\u00e1rol\u00e1sodat a k\u00f6vetkez\u0151 szintre emeld? Nagykereskedelmi \u00e1rat k\u00e9rhetsz erre az egyed\u00fcl\u00e1ll\u00f3, hatsz\u00f6glet\u0171 \u00fcveg t\u00e1rol\u00f3ed\u00e9nyre (pattinthat\u00f3 tet\u0151vel), ha m\u00e9g ma felveszed vel\u00fcnk a kapcsolatot.<\/p>","protected":false},"excerpt":{"rendered":"<p>Ez a hatsz\u00f6glet\u0171 \u00fcveg \u00e9lelmiszert\u00e1rol\u00f3 bef\u0151ttes\u00fcveg letisztult vonalvezet\u00e9st \u00e9s biztons\u00e1gos frissess\u00e9get k\u00edn\u00e1l. Kompakt bef\u0151ttes\u00fcvegeink szor\u00edt\u00f3s tet\u0151vel t\u00f6k\u00e9letesek f\u0171szerek \u00e9s aj\u00e1nd\u00e9kok t\u00e1rol\u00e1s\u00e1ra. Gyors sz\u00e1ll\u00edt\u00e1s.<\/p>","protected":false},"featured_media":25502,"template":"","meta":[],"product_brand":[],"product_cat":[134,124,122],"product_tag":[],"class_list":{"0":"post-24239","1":"product","2":"type-product","3":"status-publish","4":"has-post-thumbnail","6":"product_cat-airtight-jars","7":"product_cat-custom-glass-jars","8":"product_cat-custom-glass-packaging","10":"first","11":"instock","12":"shipping-taxable","13":"product-type-simple"},"jetpack_sharing_enabled":true,"_links":{"self":[{"href":"https:\/\/yebodaglass.com\/hu\/wp-json\/wp\/v2\/product\/24239","targetHints":{"allow":["GET"]}}],"collection":[{"href":"https:\/\/yebodaglass.com\/hu\/wp-json\/wp\/v2\/product"}],"about":[{"href":"https:\/\/yebodaglass.com\/hu\/wp-json\/wp\/v2\/types\/product"}],"version-history":[{"count":5,"href":"https:\/\/yebodaglass.com\/hu\/wp-json\/wp\/v2\/product\/24239\/revisions"}],"predecessor-version":[{"id":25548,"href":"https:\/\/yebodaglass.com\/hu\/wp-json\/wp\/v2\/product\/24239\/revisions\/25548"}],"wp:featuredmedia":[{"embeddable":true,"href":"https:\/\/yebodaglass.com\/hu\/wp-json\/wp\/v2\/media\/25502"}],"wp:attachment":[{"href":"https:\/\/yebodaglass.com\/hu\/wp-json\/wp\/v2\/media?parent=24239"}],"wp:term":[{"taxonomy":"product_brand","embeddable":true,"href":"https:\/\/yebodaglass.com\/hu\/wp-json\/wp\/v2\/product_brand?post=24239"},{"taxonomy":"product_cat","embeddable":true,"href":"https:\/\/yebodaglass.com\/hu\/wp-json\/wp\/v2\/product_cat?post=24239"},{"taxonomy":"product_tag","embeddable":true,"href":"https:\/\/yebodaglass.com\/hu\/wp-json\/wp\/v2\/product_tag?post=24239"}],"curies":[{"name":"wp","href":"https:\/\/api.w.org\/{rel}","templated":true}]}}