{"id":24229,"date":"2025-12-02T10:26:17","date_gmt":"2025-12-02T02:26:17","guid":{"rendered":"https:\/\/yebodaglass.com\/?post_type=product&#038;p=24229"},"modified":"2025-12-02T11:37:09","modified_gmt":"2025-12-02T03:37:09","slug":"bulk-pumpkin-glass-airtight-jars-with-clamp-lids","status":"publish","type":"product","link":"https:\/\/yebodaglass.com\/hu\/bulk-pumpkin-glass-airtight-jars-with-clamp-lids\/","title":{"rendered":"100 ml-es t\u00f6k \u00fcveg l\u00e9gmentesen z\u00e1r\u00f3d\u00f3 \u00fcvegek szor\u00edt\u00f3fed\u00e9llel"},"content":{"rendered":"<p data-start=\"66\" data-end=\"288\">Ezek a l\u00e9gmentesen z\u00e1r\u00f3d\u00f3 bef\u0151ttes\u00fcvegek \u00e1tl\u00e1tsz\u00f3 \u00fcvegb\u0151l k\u00e9sz\u00fcltek, \u00e9s sz\u00e9p form\u00e1j\u00faak, mint az im\u00e1dnival\u00f3 kis t\u00f6k\u00f6k. Az \u00e1tl\u00e1tsz\u00f3 dobozokban mindenki egy pillant\u00e1ssal megtal\u00e1lhatja a r\u00e1gcs\u00e1lnival\u00f3kat, f\u0171szereket vagy k\u00e9zm\u0171ves kell\u00e9keket an\u00e9lk\u00fcl, hogy kinyitn\u00e1 az \u00fcvegeket.<\/p>\n<h2>Term\u00e9kjellemz\u0151k<\/h2>\n<ul>\n<li><strong>\u00c1tl\u00e1tsz\u00f3 t\u00f6k alakja:<\/strong> Az abszol\u00fat \u00e1tl\u00e1tsz\u00f3 \u00fcvegtart\u00e1ly, valamint a lekerek\u00edtett, sz\u00e9pen form\u00e1lt t\u00f6kfigura nemcsak lehet\u0151v\u00e9 teszi a bels\u0151 r\u00e9sz megtekint\u00e9s\u00e9t k\u00edv\u00fclr\u0151l, hanem a d\u00edszvil\u00e1g\u00edt\u00e1s vibr\u00e1l\u00e1s\u00e1t is biztos\u00edtja.<\/li>\n<li><strong>R\u00e1pattinthat\u00f3 t\u00f6m\u00edt\u00e9s kialak\u00edt\u00e1sa:<\/strong> A f\u00e9mb\u0151l k\u00e9sz\u00fclt, r\u00e1pattinthat\u00f3 z\u00e1r\u00f3kupak nagyon j\u00f3l z\u00e1r, \u00edgy a term\u00e9k teljesen friss marad, \u00e9s gyakorlatilag megakad\u00e1lyozza a nedvess\u00e9g bejut\u00e1s\u00e1t. Emellett k\u00f6nnyen nyithat\u00f3 \u00e9s z\u00e1rhat\u00f3.<\/li>\n<li><strong>Kis kapacit\u00e1s:<\/strong> A kis kapacit\u00e1s pont megfelel\u0151 apr\u00f3 dolgok, p\u00e9ld\u00e1ul \u00e9dess\u00e9gek, gy\u00f3gyte\u00e1k \u00e9s apr\u00f3 r\u00e1gcs\u00e1lnival\u00f3k sz\u00e1m\u00e1ra, \u00edgy nem keletkezik pazarl\u00e1s a nagyobb \u00fcvegek kinyit\u00e1sakor.<\/li>\n<\/ul>\n<h2 style=\"text-align: left;\">F\u0151bb specifik\u00e1ci\u00f3k<\/h2>\n<table class=\"aligncenter\" style=\"border-collapse: collapse; width: 342.77pt;\" border=\"0\" width=\"457\" cellspacing=\"0\" cellpadding=\"0\">\n<tbody>\n<tr style=\"height: 13.50pt;\">\n<td style=\"height: 13.50pt; width: 92.25pt;\" width=\"123\" height=\"18\">Specifik\u00e1ci\u00f3<\/td>\n<td style=\"width: 250.50pt;\" width=\"334\">R\u00e9szletek<\/td>\n<\/tr>\n<tr style=\"height: 13.50pt;\">\n<td style=\"height: 13.50pt;\" height=\"18\">Kapacit\u00e1s<\/td>\n<td>100 ml<\/td>\n<\/tr>\n<tr style=\"height: 13.50pt;\">\n<td style=\"height: 13.50pt;\" height=\"18\">M\u00e9retek<\/td>\n<td>6,4 \u00d7 8 cm (alap \u00d7 magass\u00e1g)<\/td>\n<\/tr>\n<tr style=\"height: 13.50pt;\">\n<td style=\"height: 13.50pt;\" height=\"18\">Anyag<\/td>\n<td>Tiszta \u00fcveg<\/td>\n<\/tr>\n<tr style=\"height: 13.50pt;\">\n<td style=\"height: 13.50pt;\" height=\"18\">Fed\u00e9l t\u00edpusa<\/td>\n<td>F\u00e9m bilincs fed\u00e9l dr\u00f3ttal<\/td>\n<\/tr>\n<tr style=\"height: 13.50pt;\">\n<td style=\"height: 13.50pt;\" height=\"18\">Ide\u00e1lis a k\u00f6vetkez\u0151kh\u00f6z:<\/td>\n<td>L\u00e9gmentesen z\u00e1r\u00f3d\u00f3 \u00fcvegek, \u00fcveg t\u00e1rol\u00f3ed\u00e9nyek<\/td>\n<\/tr>\n<\/tbody>\n<\/table>\n<h2>Sikert\u00f6rt\u00e9net: Egy k\u00fcl\u00f6nleges f\u0171szereket gy\u00e1rt\u00f3 c\u00e9g \u00fajj\u00e1\u00e9led\u00e9se<\/h2>\n<p>Egy cs\u0151d sz\u00e9l\u00e9n \u00e1ll\u00f3 f\u0171szergy\u00e1rt\u00f3 c\u00e9g a lehets\u00e9ges term\u00e9kek k\u00f6z\u00fcl, amelyekkel felfriss\u00edthetn\u00e9k az arculatukat, olyan csomagol\u00e1s mellett d\u00f6nt\u00f6tt, amely lehet\u0151v\u00e9 teszi term\u00e9keik l\u00e1that\u00f3s\u00e1g\u00e1t, \u00e9s ez\u00e1ltal versenyk\u00e9pess\u00e9g\u00e9t a piacon. Mi voltunk azok, akiknek az \u00fcvegeit v\u00e1lasztott\u00e1k rangos \u00faj term\u00e9kcsal\u00e1djukhoz - 100 ml-es t\u00f6k alak\u00fa, szor\u00edt\u00f3s fed\u00e9llel ell\u00e1tott \u00fcvegek. A r\u00e1pattinthat\u00f3 kupakoknak fontos szerep\u00fck van - ezek felel\u0151sek a term\u00e9kroml\u00e1s 45%-os cs\u00f6kken\u00e9s\u00e9\u00e9rt a kor\u00e1bbi csomagol\u00e1shoz k\u00e9pest, ami 35%-os n\u00f6veked\u00e9st eredm\u00e9nyez az \u00fajrav\u00e1s\u00e1rl\u00e1si ar\u00e1nyban. Egyedi t\u00f6k form\u00e1juk a v\u00e9djegy\u00fckk\u00e9 v\u00e1lt, ami a k\u00f6z\u00f6ss\u00e9gi m\u00e9di\u00e1ban val\u00f3 interakci\u00f3k \u00e9s a v\u00e1s\u00e1rl\u00f3i fot\u00f3k sz\u00e1m\u00e1nak 60%-os n\u00f6veked\u00e9s\u00e9hez vezetett. \u00dajabb 150 000 \u00fcveget rendeltek orsz\u00e1gos term\u00e9kcsal\u00e1djuk sz\u00e1m\u00e1ra, azzal a c\u00e9llal, hogy a nagy siker ut\u00e1n tov\u00e1bbi b\u0151v\u00edt\u00e9st tervezzenek.<\/p>\n<h2>Testreszab\u00e1si lehet\u0151s\u00e9gek<\/h2>\n<ul>\n<li>\u00dcvegfest\u00e9k opci\u00f3k \u2013 Az \u00fcvegek lehetnek borosty\u00e1ns\u00e1rga vagy z\u00f6ld sz\u00edn\u0171ek azokhoz a t\u00e1rgyakhoz, amelyeket f\u00e9nyt\u0151l v\u00e9dve kell tartani<\/li>\n<li>Egyedi klipszfel\u00fcletek \u2013 A klipszfel\u00fclet lehet fekete, r\u00e9z vagy antik st\u00edlus\u00fa f\u00e9m<\/li>\n<li>Matt d\u00edszgy\u0171r\u0171 \u2013 A savas ev\u00e9ssel az \u00fcveg k\u00f6zepe eleg\u00e1ns matt cs\u00edkk\u00e1 v\u00e1lik<\/li>\n<li>Kapacit\u00e1sr\u00e1cs \u2013 A pontos adagol\u00e1s \u00e9rdek\u00e9ben a beoszt\u00e1sok seg\u00edts\u00e9g\u00e9vel t\u00f6rt\u00e9nik.<\/li>\n<\/ul>","protected":false},"excerpt":{"rendered":"<p>Az im\u00e1dnival\u00f3, l\u00e9gmentesen z\u00e1r\u00f3d\u00f3 \u00fcvegek k\u00f6nnyed\u00e9n meg\u0151rzik a frissess\u00e9get. St\u00edlusos, kompakt \u00fcvegek szor\u00edt\u00f3s tet\u0151vel, ide\u00e1lisak konyh\u00e1ba vagy aj\u00e1nd\u00e9koz\u00e1shoz, ingyenes mint\u00e1kkal.<\/p>","protected":false},"featured_media":24231,"template":"","meta":[],"product_brand":[],"product_cat":[122,134,124],"product_tag":[],"class_list":{"0":"post-24229","1":"product","2":"type-product","3":"status-publish","4":"has-post-thumbnail","6":"product_cat-custom-glass-packaging","7":"product_cat-airtight-jars","8":"product_cat-custom-glass-jars","10":"first","11":"instock","12":"shipping-taxable","13":"product-type-simple"},"jetpack_sharing_enabled":true,"_links":{"self":[{"href":"https:\/\/yebodaglass.com\/hu\/wp-json\/wp\/v2\/product\/24229","targetHints":{"allow":["GET"]}}],"collection":[{"href":"https:\/\/yebodaglass.com\/hu\/wp-json\/wp\/v2\/product"}],"about":[{"href":"https:\/\/yebodaglass.com\/hu\/wp-json\/wp\/v2\/types\/product"}],"version-history":[{"count":4,"href":"https:\/\/yebodaglass.com\/hu\/wp-json\/wp\/v2\/product\/24229\/revisions"}],"predecessor-version":[{"id":24238,"href":"https:\/\/yebodaglass.com\/hu\/wp-json\/wp\/v2\/product\/24229\/revisions\/24238"}],"wp:featuredmedia":[{"embeddable":true,"href":"https:\/\/yebodaglass.com\/hu\/wp-json\/wp\/v2\/media\/24231"}],"wp:attachment":[{"href":"https:\/\/yebodaglass.com\/hu\/wp-json\/wp\/v2\/media?parent=24229"}],"wp:term":[{"taxonomy":"product_brand","embeddable":true,"href":"https:\/\/yebodaglass.com\/hu\/wp-json\/wp\/v2\/product_brand?post=24229"},{"taxonomy":"product_cat","embeddable":true,"href":"https:\/\/yebodaglass.com\/hu\/wp-json\/wp\/v2\/product_cat?post=24229"},{"taxonomy":"product_tag","embeddable":true,"href":"https:\/\/yebodaglass.com\/hu\/wp-json\/wp\/v2\/product_tag?post=24229"}],"curies":[{"name":"wp","href":"https:\/\/api.w.org\/{rel}","templated":true}]}}