{"id":24213,"date":"2025-12-02T10:19:55","date_gmt":"2025-12-02T02:19:55","guid":{"rendered":"https:\/\/yebodaglass.com\/?post_type=product&#038;p=24213"},"modified":"2026-03-25T13:18:27","modified_gmt":"2026-03-25T05:18:27","slug":"custom-water-bottle-for-beverage-filling-bulk","status":"publish","type":"product","link":"https:\/\/yebodaglass.com\/hu\/custom-water-bottle-for-beverage-filling-bulk\/","title":{"rendered":"Egyedi vizespalack italok t\u00f6lt\u00e9s\u00e9hez, \u00f6mlesztett kiszerel\u00e9sben, 300 ml - 650 ml"},"content":{"rendered":"<p>Ennek az egyedi kulacsnak az egyszer\u0171, hengeres alakja \u00e9s a sz\u00e9les, lapos alap, valamint a krist\u00e1lytiszta v\u00edzzel teli poh\u00e1r egyszer\u0171v\u00e9 teszi a haszn\u00e1lat\u00e1t. A menetes nyak sz\u00e1mos k\u00fcl\u00f6nb\u00f6z\u0151 z\u00e1r\u00f3kupakkal kompatibilis, \u00e9s t\u00f6bbf\u00e9le kupakm\u00e9retben kaphat\u00f3.<\/p>\n<h2>Term\u00e9kjellemz\u0151k<\/h2>\n<ul>\n<li><strong>Nagy tisztas\u00e1g\u00fa \u00fcveg anyaga:<\/strong> A palack nagy tisztas\u00e1g\u00fa \u00fcvegb\u0151l k\u00e9sz\u00fclt, \u00edgy \u00e1tl\u00e1tsz\u00f3 \u00e9s letisztult kialak\u00edt\u00e1s\u00fa; \u00edgy a felhaszn\u00e1l\u00f3 tiszt\u00e1n l\u00e1thatja a palackban l\u00e9v\u0151 folyad\u00e9kot, \u00e9s kiv\u00e1l\u00f3 megjelen\u00e9st \u00e9s \u00e9rzetet biztos\u00edt.<\/li>\n<li><strong>Menetv\u00e1g\u00f3 nyak kialak\u00edt\u00e1sa:<\/strong> Az \u00e1ltal\u00e1nos menetes nyakkialak\u00edt\u00e1s lehet\u0151v\u00e9 teszi t\u00f6bb t\u00f6m\u00edt\u0151kupak haszn\u00e1lat\u00e1t, maximaliz\u00e1lva a folyad\u00e9kt\u00e1rol\u00e1s t\u00f6m\u00edt\u00e9s\u00e9t \u00e9s biztons\u00e1g\u00e1t.<\/li>\n<li><strong>Egyszer\u0171 egyenes-hengeres forma:<\/strong> Az alapvet\u0151 egyenes hengeres forma k\u00f6nnyen tarthat\u00f3 \u00e9s egym\u00e1sra rakhat\u00f3.<\/li>\n<\/ul>\n<h2>F\u0151bb specifik\u00e1ci\u00f3k<\/h2>\n<table style=\"border-collapse: collapse; width: 80%; margin-left: auto; margin-right: auto;\" border=\"0\" width=\"360\" cellspacing=\"0\" cellpadding=\"0\">\n<tbody>\n<tr style=\"height: 13.50pt;\">\n<td style=\"height: 13.5pt; width: 54pt; text-align: center;\" width=\"72\" height=\"18\">Kapacit\u00e1s (ml)<\/td>\n<td style=\"width: 54pt; text-align: center;\" width=\"72\">M\u00e9ret (cm)<\/td>\n<td style=\"width: 54pt; text-align: center;\" width=\"72\">\u00c1tm\u00e9r\u0151<\/td>\n<td style=\"width: 54pt; text-align: center;\" width=\"72\">Anyag<\/td>\n<td style=\"width: 54pt; text-align: center;\" width=\"72\">Sz\u00edn<\/td>\n<\/tr>\n<tr style=\"height: 13.50pt;\">\n<td style=\"height: 13.5pt; text-align: center;\" align=\"right\" height=\"18\">300<\/td>\n<td style=\"text-align: center;\">6,6 x 13,7<\/td>\n<td class=\"et2\" style=\"text-align: center;\" rowspan=\"4\">38 mm<\/td>\n<td class=\"et2\" style=\"text-align: center;\" rowspan=\"4\">Boroszilik\u00e1t<\/td>\n<td class=\"et2\" style=\"text-align: center;\" rowspan=\"4\">Tiszta vagy Egy\u00e9ni<\/td>\n<\/tr>\n<tr style=\"height: 13.50pt;\">\n<td style=\"height: 13.5pt; text-align: center;\" align=\"right\" height=\"18\">480<\/td>\n<td style=\"text-align: center;\">6,6 x 19,5<\/td>\n<\/tr>\n<tr style=\"height: 13.50pt;\">\n<td style=\"height: 13.5pt; text-align: center;\" align=\"right\" height=\"18\">550<\/td>\n<td style=\"text-align: center;\">6,6 x 22,5<\/td>\n<\/tr>\n<tr style=\"height: 13.50pt;\">\n<td style=\"height: 13.5pt; text-align: center;\" align=\"right\" height=\"18\">650<\/td>\n<td style=\"text-align: center;\">7,0 x 22,0<\/td>\n<\/tr>\n<\/tbody>\n<\/table>\n<h2>Sikert\u00f6rt\u00e9net<\/h2>\n<p>Egy orsz\u00e1gszerte sz\u00e1mos sz\u00e1llodal\u00e1nc m\u0171anyag vizespalackokat szeretett volna haszn\u00e1lni vend\u00e9gszob\u00e1iban. A mi 470 ml-es, szilikon h\u00fcvellyel, bambuszkupakkal \u00e9s homokf\u00favott m\u00e1rkajelz\u00e9ssel ell\u00e1tott vizespalackunkat v\u00e1lasztott\u00e1k. A sz\u00e1lloda ezt a vizespalackot tette a m\u00e1rka v\u00e9djegy\u00e9v\u00e9, \u00e9s sz\u00e1mos online \u00e9rt\u00e9kel\u00e9s 15%-\u00e1ban pozit\u00edv megjegyz\u00e9st adott r\u00e1. A palack stabilit\u00e1sa miatt a sz\u00e1ll\u00edt\u00e1s sor\u00e1n kevesebb mint 1%-ban t\u00f6rtek el. A sz\u00e1lloda olyan sikeres lett, hogy tov\u00e1bbi 250 000 palackot rendeltek, hogy feld\u00edsz\u00edts\u00e9k az \u00f6sszes vend\u00e9gszob\u00e1jukat, \u00e9s a sz\u00e1lloda hallj\u00e1ban \u00e9rt\u00e9kes\u00edts\u00e9k azokat.<\/p>\n<h2>Testreszab\u00e1si k\u00e9zik\u00f6nyved<\/h2>\n<ol>\n<li><strong>Palack k\u00fcls\u0151 fel\u00fclete:<\/strong> V\u00e1laszthat\u00f3ak az \u00e1tl\u00e1tsz\u00f3, matt, sz\u00edn\u00e1tmenetes, sz\u00f3rt bevonat\u00fa, s\u00fclt zom\u00e1ncozott vagy r\u00e9szlegesen f\u00e9nyes effektek.<\/li>\n<li><strong>Log\u00f3 kidolgoz\u00e1sa:<\/strong> V\u00e1laszthat\u00f3 szitanyom\u00e1s, UV nyomtat\u00e1s, c\u00edmkedombornyom\u00e1s, f\u00e9mc\u00edmk\u00e9k \u00e9s h\u0151transzferes nyomtat\u00e1s.<\/li>\n<li><strong>Kieg\u00e9sz\u00edt\u0151k:<\/strong> Szilikon h\u00fcvelyek, teaf\u0151z\u0151k vagy sz\u00edv\u00f3sz\u00e1lak haszn\u00e1lata lehets\u00e9ges.<\/li>\n<\/ol>","protected":false},"excerpt":{"rendered":"<p>Egyedi vizespalack vastag talppal, tart\u00f3s 470 ml-es kiszerel\u00e9sben, gyors sz\u00e1ll\u00edt\u00e1st \u00e9s k\u00f6zvetlen gy\u00e1ri kiszolg\u00e1l\u00e1st ig\u00e9nyl\u0151 italm\u00e1rk\u00e1k sz\u00e1m\u00e1ra.<\/p>","protected":false},"featured_media":24214,"template":"","meta":[],"product_brand":[],"product_cat":[136,123,122],"product_tag":[],"class_list":{"0":"post-24213","1":"product","2":"type-product","3":"status-publish","4":"has-post-thumbnail","6":"product_cat-glass-water-bottles","7":"product_cat-custom-glass-bottles","8":"product_cat-custom-glass-packaging","10":"first","11":"instock","12":"shipping-taxable","13":"product-type-simple"},"jetpack_sharing_enabled":true,"_links":{"self":[{"href":"https:\/\/yebodaglass.com\/hu\/wp-json\/wp\/v2\/product\/24213","targetHints":{"allow":["GET"]}}],"collection":[{"href":"https:\/\/yebodaglass.com\/hu\/wp-json\/wp\/v2\/product"}],"about":[{"href":"https:\/\/yebodaglass.com\/hu\/wp-json\/wp\/v2\/types\/product"}],"version-history":[{"count":5,"href":"https:\/\/yebodaglass.com\/hu\/wp-json\/wp\/v2\/product\/24213\/revisions"}],"predecessor-version":[{"id":25598,"href":"https:\/\/yebodaglass.com\/hu\/wp-json\/wp\/v2\/product\/24213\/revisions\/25598"}],"wp:featuredmedia":[{"embeddable":true,"href":"https:\/\/yebodaglass.com\/hu\/wp-json\/wp\/v2\/media\/24214"}],"wp:attachment":[{"href":"https:\/\/yebodaglass.com\/hu\/wp-json\/wp\/v2\/media?parent=24213"}],"wp:term":[{"taxonomy":"product_brand","embeddable":true,"href":"https:\/\/yebodaglass.com\/hu\/wp-json\/wp\/v2\/product_brand?post=24213"},{"taxonomy":"product_cat","embeddable":true,"href":"https:\/\/yebodaglass.com\/hu\/wp-json\/wp\/v2\/product_cat?post=24213"},{"taxonomy":"product_tag","embeddable":true,"href":"https:\/\/yebodaglass.com\/hu\/wp-json\/wp\/v2\/product_tag?post=24213"}],"curies":[{"name":"wp","href":"https:\/\/api.w.org\/{rel}","templated":true}]}}