{"id":24212,"date":"2025-12-01T11:58:09","date_gmt":"2025-12-01T03:58:09","guid":{"rendered":"https:\/\/yebodaglass.com\/?post_type=product&#038;p=24212"},"modified":"2025-12-02T13:23:40","modified_gmt":"2025-12-02T05:23:40","slug":"bulk-unique-airtight-small-glass-jars-for-food-storage","status":"publish","type":"product","link":"https:\/\/yebodaglass.com\/hu\/bulk-unique-airtight-small-glass-jars-for-food-storage\/","title":{"rendered":"100 ml-es egyedi, l\u00e9gmentesen z\u00e1r\u00f3d\u00f3 kis \u00fcveged\u00e9nyek \u00e9lelmiszer-t\u00e1rol\u00e1shoz"},"content":{"rendered":"<p data-start=\"66\" data-end=\"288\">Ezek a l\u00e9gmentesen z\u00e1r\u00f3d\u00f3, \u00fcvegb\u0151l k\u00e9sz\u00fclt bef\u0151ttes\u00fcvegek lekerek\u00edtett form\u00e1jukkal eleg\u00e1nsan feldobj\u00e1k a konyhapultot.<\/p>\n<h2>Term\u00e9kjellemz\u0151k<\/h2>\n<ul>\n<li><strong>\u00c1tl\u00e1tsz\u00f3 egyedi forma:<\/strong> Egy teljesen \u00e1tl\u00e1tsz\u00f3, lekerek\u00edtett form\u00e1j\u00fa \u00fcveged\u00e9ny nemcsak seg\u00edt abban, hogy a benn\u00fck l\u00e9v\u0151 term\u00e9kek l\u00e1that\u00f3ak legyenek, hanem dekor\u00e1ci\u00f3k\u00e9nt is haszn\u00e1lhat\u00f3.<\/li>\n<li><strong>R\u00e1pattinthat\u00f3 t\u00f6m\u00edt\u00e9s kialak\u00edt\u00e1sa:<\/strong> A f\u00e9mb\u0151l k\u00e9sz\u00fclt, r\u00e1pattinthat\u00f3 z\u00e1r\u00f3fed\u00e9l kiv\u00e1l\u00f3 t\u00f6m\u00edt\u00e9si teljes\u00edtm\u00e9nyt ny\u00fajt, \u00edgy hat\u00e9konyan megakad\u00e1lyozza a nedvess\u00e9g bejut\u00e1s\u00e1t \u00e9s frissen tartja a term\u00e9ket. A nyit\u00e1s \u00e9s z\u00e1r\u00e1s nagyon egyszer\u0171 \u00e9s k\u00e9nyelmes.<\/li>\n<li><strong>Kis kapacit\u00e1s:<\/strong> A kis t\u00e9rfogat pont megfelel\u0151 apr\u00f3s\u00e1gok, p\u00e9ld\u00e1ul \u00e9dess\u00e9gek, gy\u00f3gyte\u00e1k \u00e9s r\u00e1gcs\u00e1lnival\u00f3k t\u00e1rol\u00e1s\u00e1ra, hogy elker\u00fclje a m\u00e1r kinyitott nagyobb \u00fcvegek kinyit\u00e1s\u00e1val j\u00e1r\u00f3 pazarl\u00e1st.<\/li>\n<\/ul>\n<h2 style=\"text-align: left;\">F\u0151bb specifik\u00e1ci\u00f3k<\/h2>\n<table class=\"aligncenter\" style=\"border-collapse: collapse; width: 394.52pt;\" border=\"0\" width=\"526\" cellspacing=\"0\" cellpadding=\"0\">\n<tbody>\n<tr style=\"height: 13.50pt;\">\n<td style=\"height: 13.50pt; width: 92.25pt;\" width=\"123\" height=\"18\">Specifik\u00e1ci\u00f3<\/td>\n<td style=\"width: 302.25pt;\" width=\"403\">R\u00e9szletek<\/td>\n<\/tr>\n<tr style=\"height: 13.50pt;\">\n<td style=\"height: 13.50pt;\" height=\"18\">Kapacit\u00e1s<\/td>\n<td>100 ml<\/td>\n<\/tr>\n<tr style=\"height: 13.50pt;\">\n<td style=\"height: 13.50pt;\" height=\"18\">M\u00e9retek<\/td>\n<td>5,6 \u00d7 8,4 cm (alap \u00d7 magass\u00e1g)<\/td>\n<\/tr>\n<tr style=\"height: 13.50pt;\">\n<td style=\"height: 13.50pt;\" height=\"18\">Anyag<\/td>\n<td>Tiszta \u00fcveg<\/td>\n<\/tr>\n<tr style=\"height: 13.50pt;\">\n<td style=\"height: 13.50pt;\" height=\"18\">Fed\u00e9l t\u00edpusa<\/td>\n<td>F\u00e9m bilincs fed\u00e9l dr\u00f3ttal<\/td>\n<\/tr>\n<tr style=\"height: 13.50pt;\">\n<td style=\"height: 13.50pt;\" height=\"18\">Ide\u00e1lis a k\u00f6vetkez\u0151kh\u00f6z:<\/td>\n<td>\u00dcvegek \u00e9lelmiszerek t\u00e1rol\u00e1s\u00e1ra, kis l\u00e9gmentesen z\u00e1r\u00f3d\u00f3 bef\u0151ttes\u00fcvegek<\/td>\n<\/tr>\n<\/tbody>\n<\/table>\n<h2>Sikert\u00f6rt\u00e9net: Egy pr\u00e9mium team\u00e1rka aj\u00e1nd\u00e9kcsal\u00e1dj\u00e1b\u00f3l nagyszer\u0171 sikert\u00f6rt\u00e9net lett<\/h2>\n<p>Egy luxus team\u00e1rk\u00e1nak olyan csomagol\u00e1sra volt sz\u00fcks\u00e9ge, amely illik az \u00fajonnan piacra dobott pr\u00e9mium te\u00e1k mintacsal\u00e1dj\u00e1hoz. V\u00e9g\u00fcl a 100 ml-es l\u00e9gmentesen z\u00e1r\u00f3d\u00f3 \u00fcvegeink mellett d\u00f6nt\u00f6ttek \u00e9lelmiszerek t\u00e1rol\u00e1s\u00e1ra, f\u0151k\u00e9nt szokatlan form\u00e1juk miatt. Ez a v\u00e9djegy\u00fckk\u00e9 v\u00e1lt, ami a k\u00f6z\u00f6ss\u00e9gi m\u00e9di\u00e1ban val\u00f3 eml\u00edt\u00e9sek \u00e9s a felhaszn\u00e1l\u00f3k \u00e1ltal gener\u00e1lt tartalmak 40%-os n\u00f6veked\u00e9s\u00e9t eredm\u00e9nyezte. A keresked\u0151k arr\u00f3l sz\u00e1moltak be, hogy az egyedi forma 35%-os n\u00f6veked\u00e9st eredm\u00e9nyezett term\u00e9keik spont\u00e1n v\u00e1s\u00e1rl\u00e1saiban. E kiv\u00e1l\u00f3 teljes\u00edtm\u00e9ny alapj\u00e1n \u00fagy d\u00f6nt\u00f6ttek, hogy t\u00f6bb mint 200 000 \u00fcvegb\u0151l \u00e1ll\u00f3 \u00fcnnepi aj\u00e1nd\u00e9kt\u00e1rgy-sorozatot rendelnek.<\/p>\n<h2>L\u00e9gmentesen z\u00e1r\u00f3d\u00f3 kis \u00fcvegek testreszab\u00e1si lehet\u0151s\u00e9gei<\/h2>\n<ul>\n<li>\u00d3lom\u00fcveg opci\u00f3k \u2013 Sz\u00ednezett \u00fcveged\u00e9nyek kaphat\u00f3k a f\u00e9nyre \u00e9rz\u00e9keny t\u00e1rgyakhoz<\/li>\n<li>Szitanyomott log\u00f3 \u2013 A term\u00e9k tart\u00f3s ker\u00e1mia tint\u00e1t haszn\u00e1l, amely t\u00f6k\u00e9letesen illeszkedik az \u00fcveg \u00edveihez<\/li>\n<li>Matt fel\u00fclet \u2013 Puha tapint\u00e1s\u00fa r\u00e9teg az eg\u00e9sz t\u00e9gelyen a jobb fog\u00e1s \u00e9rdek\u00e9ben<\/li>\n<li>Kapacit\u00e1sr\u00e1cs \u2013 Nagyon kis oszt\u00e1sok a pontos m\u00e9r\u00e9s \u00e9rdek\u00e9ben<\/li>\n<\/ul>\n<p>Vannak term\u00e9kei, amelyeknek szeretne egy kis csillog\u00e1st adni? Azonnal vegye fel vel\u00fcnk a kapcsolatot, hogy megtudja ezeknek az egyed\u00fcl\u00e1ll\u00f3an l\u00e9gmentesen z\u00e1r\u00f3d\u00f3 \u00fcvegeknek a nagykereskedelmi \u00e1rait.<\/p>","protected":false},"excerpt":{"rendered":"<p>Fedezze fel a biztons\u00e1gos frissess\u00e9g\u00e9rt tervezett l\u00e9gmentesen z\u00e1r\u00f3d\u00f3 kis bef\u0151ttes\u00fcvegeket \u2013 pr\u00e9mium min\u0151s\u00e9g\u0171, \u00e1tl\u00e1tsz\u00f3 \u00fcvegek \u00e9lelmiszerek t\u00e1rol\u00e1s\u00e1ra, kompakt, z\u00e1r\u00f3kupakkal, gyors sz\u00e1ll\u00edt\u00e1ssal.<\/p>","protected":false},"featured_media":24225,"template":"","meta":[],"product_brand":[],"product_cat":[122,134,124],"product_tag":[],"class_list":{"0":"post-24212","1":"product","2":"type-product","3":"status-publish","4":"has-post-thumbnail","6":"product_cat-custom-glass-packaging","7":"product_cat-airtight-jars","8":"product_cat-custom-glass-jars","10":"first","11":"instock","12":"shipping-taxable","13":"product-type-simple"},"jetpack_sharing_enabled":true,"_links":{"self":[{"href":"https:\/\/yebodaglass.com\/hu\/wp-json\/wp\/v2\/product\/24212","targetHints":{"allow":["GET"]}}],"collection":[{"href":"https:\/\/yebodaglass.com\/hu\/wp-json\/wp\/v2\/product"}],"about":[{"href":"https:\/\/yebodaglass.com\/hu\/wp-json\/wp\/v2\/types\/product"}],"version-history":[{"count":4,"href":"https:\/\/yebodaglass.com\/hu\/wp-json\/wp\/v2\/product\/24212\/revisions"}],"predecessor-version":[{"id":24247,"href":"https:\/\/yebodaglass.com\/hu\/wp-json\/wp\/v2\/product\/24212\/revisions\/24247"}],"wp:featuredmedia":[{"embeddable":true,"href":"https:\/\/yebodaglass.com\/hu\/wp-json\/wp\/v2\/media\/24225"}],"wp:attachment":[{"href":"https:\/\/yebodaglass.com\/hu\/wp-json\/wp\/v2\/media?parent=24212"}],"wp:term":[{"taxonomy":"product_brand","embeddable":true,"href":"https:\/\/yebodaglass.com\/hu\/wp-json\/wp\/v2\/product_brand?post=24212"},{"taxonomy":"product_cat","embeddable":true,"href":"https:\/\/yebodaglass.com\/hu\/wp-json\/wp\/v2\/product_cat?post=24212"},{"taxonomy":"product_tag","embeddable":true,"href":"https:\/\/yebodaglass.com\/hu\/wp-json\/wp\/v2\/product_tag?post=24212"}],"curies":[{"name":"wp","href":"https:\/\/api.w.org\/{rel}","templated":true}]}}