{"id":24205,"date":"2025-12-01T11:14:09","date_gmt":"2025-12-01T03:14:09","guid":{"rendered":"https:\/\/yebodaglass.com\/?post_type=product&#038;p=24205"},"modified":"2025-12-01T11:52:30","modified_gmt":"2025-12-01T03:52:30","slug":"bulk-small-square-glass-food-storage-jars","status":"publish","type":"product","link":"https:\/\/yebodaglass.com\/hu\/bulk-small-square-glass-food-storage-jars\/","title":{"rendered":"100 ml-es kis n\u00e9gyzet alak\u00fa \u00fcvegt\u00e1rol\u00f3 ed\u00e9nyek l\u00e9gmentesen z\u00e1r\u00f3d\u00f3 fed\u00e9llel"},"content":{"rendered":"<p data-start=\"66\" data-end=\"288\"><span class=\"bg-green-200\">Ezek az eleg\u00e1nsak,<\/span> tiszta <span class=\"bg-green-200\">kicsi<\/span> l\u00e9gmentesen z\u00e1r\u00f3d\u00f3 \u00fcvegeket k\u00e9sz\u00edtenek <span class=\"bg-green-200\">-t\u00f3l<\/span> \u00e1tl\u00e1tsz\u00f3, tiszta \u00fcveg \u00e9s <span class=\"bg-green-200\">legyen egy csod\u00e1latos<\/span> n\u00e9gyzet alak\u00fa. <span class=\"bg-green-200\">Nagyszer\u0171ek apr\u00f3 dolgok t\u00e1rol\u00e1s\u00e1ra vagy t\u00e1rol\u00e1s\u00e1ra a konyh\u00e1ban, mivel...<\/span> kicsi <span class=\"bg-green-200\">m\u00e9ret, sima fel\u00fclet \u00e9s funkcion\u00e1lis st\u00edlus.<\/span><\/p>\n<h2>Term\u00e9kjellemz\u0151k<\/h2>\n<ul>\n<li><strong>Tiszta n\u00e9gyzet alak\u00fa kialak\u00edt\u00e1s:<\/strong> A t\u00f6k\u00e9letesen \u00e1tl\u00e1tsz\u00f3 \u00fcvegtart\u00e1ly \u00e9s a mini n\u00e9gyzet alak\u00fa kialak\u00edt\u00e1s lehet\u0151v\u00e9 teszi a felhaszn\u00e1l\u00f3 sz\u00e1m\u00e1ra a tartalom vizu\u00e1lis ellen\u0151rz\u00e9s\u00e9t; kis m\u00e9rete ide\u00e1liss\u00e1 teszi konyhapultokra, t\u00e1rol\u00f3dobozokba \u00e9s m\u00e1s sz\u0171k helyekre.<\/li>\n<li><strong>R\u00e1pattinthat\u00f3 t\u00f6m\u00edt\u00e9s kialak\u00edt\u00e1sa:<\/strong> A f\u00e9mb\u0151l k\u00e9sz\u00fclt, r\u00e1pattinthat\u00f3 fed\u00e9l szorosan z\u00e1r, \u00edgy t\u00e1vol tartja a nedvess\u00e9get a tartalomt\u00f3l, \u00e9s meg\u0151rzi a frissess\u00e9get. Nagyon k\u00f6nny\u0171 \u00e9s k\u00e9nyelmes nyitni \u00e9s z\u00e1rni.<\/li>\n<li><strong>Kis kapacit\u00e1s\u00fa, alkalmas:<\/strong> Egy kis m\u00e9ret\u0171 t\u00e1rgy a legmegfelel\u0151bb kisebb mennyis\u00e9g\u0171 dolgok, p\u00e9ld\u00e1ul f\u00fclbeval\u00f3k, illatos gyertyagy\u00f6ngy\u00f6k \u00e9s apr\u00f3 f\u0171szermint\u00e1k t\u00e1rol\u00e1s\u00e1ra, an\u00e9lk\u00fcl, hogy rendetlens\u00e9get okozna a t\u00e1rol\u00e1s sor\u00e1n.<\/li>\n<\/ul>\n<h2 style=\"text-align: left;\">F\u0151bb specifik\u00e1ci\u00f3k<\/h2>\n<table class=\"aligncenter\" style=\"border-collapse: collapse; width: 414.77pt;\" border=\"0\" width=\"553\" cellspacing=\"0\" cellpadding=\"0\">\n<tbody>\n<tr style=\"height: 13.50pt;\">\n<td style=\"height: 13.50pt; width: 99.75pt;\" width=\"133\" height=\"18\">Specifik\u00e1ci\u00f3<\/td>\n<td style=\"width: 315.00pt;\" width=\"420\">R\u00e9szletek<\/td>\n<\/tr>\n<tr style=\"height: 13.50pt;\">\n<td style=\"height: 13.50pt;\" height=\"18\">Kapacit\u00e1s<\/td>\n<td>100 ml<\/td>\n<\/tr>\n<tr style=\"height: 13.50pt;\">\n<td style=\"height: 13.50pt;\" height=\"18\">M\u00e9retek<\/td>\n<td>5,1 \u00d7 7,9 cm (alap \u00d7 magass\u00e1g)<\/td>\n<\/tr>\n<tr style=\"height: 13.50pt;\">\n<td style=\"height: 13.50pt;\" height=\"18\">Sz\u00e1j \u00e1tm\u00e9r\u0151je<\/td>\n<td>4,3 cm<\/td>\n<\/tr>\n<tr style=\"height: 13.50pt;\">\n<td style=\"height: 13.50pt;\" height=\"18\">Anyag<\/td>\n<td>Tiszta \u00fcveg<\/td>\n<\/tr>\n<tr style=\"height: 13.50pt;\">\n<td style=\"height: 13.50pt;\" height=\"18\">Fed\u00e9l t\u00edpusa<\/td>\n<td>F\u00e9m bilincs fed\u00e9l dr\u00f3ttal<\/td>\n<\/tr>\n<tr style=\"height: 13.50pt;\">\n<td style=\"height: 13.50pt;\" height=\"18\">Ide\u00e1lis a k\u00f6vetkez\u0151kh\u00f6z:<\/td>\n<td>n\u00e9gyzet alak\u00fa \u00fcvegt\u00e1rol\u00f3 ed\u00e9nyek, l\u00e9gmentesen z\u00e1r\u00f3d\u00f3 \u00fcvegek<\/td>\n<\/tr>\n<\/tbody>\n<\/table>\n<h2>Sikert\u00f6rt\u00e9net: Csomagol\u00e1si megold\u00e1s egy k\u00fcl\u00f6nleges f\u0171szereket gy\u00e1rt\u00f3 c\u00e9g sz\u00e1m\u00e1ra<\/h2>\n<p>Egy fels\u0151 kateg\u00f3ri\u00e1s f\u0171szergy\u00e1rt\u00f3 c\u00e9gnek eleg\u00e1ns megjelen\u00e9s\u0171, kis m\u00e9ret\u0171, l\u00e9gmentesen z\u00e1r\u00f3d\u00f3 \u00fcvegekre volt sz\u00fcks\u00e9ge egy \u00fajonnan piacra dobott k\u00fcl\u00f6nleges f\u0171szercsal\u00e1d csomagol\u00e1s\u00e1hoz. \u00dagy d\u00f6nt\u00f6ttek, hogy a 100 ml-es, n\u00e9gyzet alak\u00fa \u00fcveg \u00e9lelmiszert\u00e1rol\u00f3 \u00fcvegeinket v\u00e1lasztj\u00e1k, \u00e9s a v\u00e1s\u00e1rl\u00f3i visszajelz\u00e9sek azt mutatj\u00e1k, hogy ez a csomagol\u00e1s 40%-kal meghosszabb\u00edtotta az eltarthat\u00f3s\u00e1got a kor\u00e1bbi csomagol\u00e1shoz k\u00e9pest. A n\u00e9gyzet alak\u00fa, \u00e1tl\u00e1tsz\u00f3 kialak\u00edt\u00e1s emellett 30%-kal n\u00f6velte az elad\u00e1sokat. Ezen nagyszer\u0171 eredm\u00e9nyek alapj\u00e1n \u00fajabb 150 000 \u00fcveget rendeltek meg term\u00e9kpalett\u00e1juk b\u0151v\u00edt\u00e9s\u00e9re.<\/p>\n<h2>Kis l\u00e9gmentesen z\u00e1r\u00f3d\u00f3 \u00fcveged\u00e9nyek testreszab\u00e1si lehet\u0151s\u00e9gei<\/h2>\n<ul>\n<li>Dombornyomott kapacit\u00e1sjelz\u0151k \u2013 Finom beoszt\u00e1ssal a pontos adagol\u00e1s \u00e9rdek\u00e9ben<\/li>\n<li>Sz\u00ednes t\u00f6m\u00edt\u0151gy\u0171r\u0171-opci\u00f3k \u2013 A szilikon t\u00f6m\u00edt\u0151gy\u0171r\u0171k k\u00fcl\u00f6nb\u00f6z\u0151 sz\u00edn\u0171ek lehetnek, hogy megfeleljenek a sz\u00ednk\u00f3dolt t\u00e1rol\u00f3rendszereknek.<\/li>\n<li>Matt text\u00far\u00e1zott bevonat \u2013 A puha tapint\u00e1s\u00fa bevonat jobb fog\u00e1st biztos\u00edt<\/li>\n<li>Egyedi alakv\u00e1ltozatok \u2013 V\u00e1ltoztathat\u00f3 sarokr\u00e1diuszok az egyedi megjelen\u00e9s \u00e9rdek\u00e9ben<\/li>\n<\/ul>","protected":false},"excerpt":{"rendered":"<p>Our small glass jars with airtight lids and small airtight jars deliver clean sealing and sleek design for food and craft use\u2014request free samples today.<\/p>","protected":false},"featured_media":24207,"template":"","meta":[],"product_brand":[],"product_cat":[122,134,124],"product_tag":[],"class_list":{"0":"post-24205","1":"product","2":"type-product","3":"status-publish","4":"has-post-thumbnail","6":"product_cat-custom-glass-packaging","7":"product_cat-airtight-jars","8":"product_cat-custom-glass-jars","10":"first","11":"instock","12":"shipping-taxable","13":"product-type-simple"},"jetpack_sharing_enabled":true,"_links":{"self":[{"href":"https:\/\/yebodaglass.com\/hu\/wp-json\/wp\/v2\/product\/24205","targetHints":{"allow":["GET"]}}],"collection":[{"href":"https:\/\/yebodaglass.com\/hu\/wp-json\/wp\/v2\/product"}],"about":[{"href":"https:\/\/yebodaglass.com\/hu\/wp-json\/wp\/v2\/types\/product"}],"version-history":[{"count":2,"href":"https:\/\/yebodaglass.com\/hu\/wp-json\/wp\/v2\/product\/24205\/revisions"}],"predecessor-version":[{"id":24211,"href":"https:\/\/yebodaglass.com\/hu\/wp-json\/wp\/v2\/product\/24205\/revisions\/24211"}],"wp:featuredmedia":[{"embeddable":true,"href":"https:\/\/yebodaglass.com\/hu\/wp-json\/wp\/v2\/media\/24207"}],"wp:attachment":[{"href":"https:\/\/yebodaglass.com\/hu\/wp-json\/wp\/v2\/media?parent=24205"}],"wp:term":[{"taxonomy":"product_brand","embeddable":true,"href":"https:\/\/yebodaglass.com\/hu\/wp-json\/wp\/v2\/product_brand?post=24205"},{"taxonomy":"product_cat","embeddable":true,"href":"https:\/\/yebodaglass.com\/hu\/wp-json\/wp\/v2\/product_cat?post=24205"},{"taxonomy":"product_tag","embeddable":true,"href":"https:\/\/yebodaglass.com\/hu\/wp-json\/wp\/v2\/product_tag?post=24205"}],"curies":[{"name":"wp","href":"https:\/\/api.w.org\/{rel}","templated":true}]}}