{"id":24195,"date":"2025-12-01T09:53:22","date_gmt":"2025-12-01T01:53:22","guid":{"rendered":"https:\/\/yebodaglass.com\/?post_type=product&#038;p=24195"},"modified":"2025-12-01T11:13:59","modified_gmt":"2025-12-01T03:13:59","slug":"wholesale-cylindrical-small-airtight-jars-with-lids","status":"publish","type":"product","link":"https:\/\/yebodaglass.com\/hu\/wholesale-cylindrical-small-airtight-jars-with-lids\/","title":{"rendered":"Nagykereskedelmi hengeres kis l\u00e9gmentes \u00fcvegek fed\u00e9llel 45ml 60ml 100ml 130ml"},"content":{"rendered":"<p data-start=\"66\" data-end=\"288\">Ezek a kis l\u00e9gmentesen z\u00e1r\u00f3d\u00f3 bef\u0151ttes\u00fcvegek mind egyform\u00e1k, \u00e9s f\u00e9m patentz\u00e1rral rendelkeznek. \u00c1tl\u00e1tsz\u00f3, hengeres \u00fcvegb\u0151l k\u00e9sz\u00fcltek. Minden tart\u00e1ly f\u00e9m patentz\u00e1rral is rendelkezik. T\u00f6k\u00e9letesek kis helyekre, \u00e9s ide\u00e1lisak kisebb konyhai eszk\u00f6z\u00f6k vagy k\u00e9zm\u0171ves kell\u00e9kek t\u00e1rol\u00e1s\u00e1ra.<\/p>\n<h2>Term\u00e9kjellemz\u0151k<\/h2>\n<ul>\n<li><strong>\u00c1tl\u00e1tsz\u00f3 \u00e9s v\u00e9kony anyag:<\/strong> Ezek a tart\u00e1lyok teljes eg\u00e9sz\u00e9ben \u00fcvegb\u0151l k\u00e9sz\u00fcltek, amely \u00e1tl\u00e1tsz\u00f3, \u00edgy lehet\u0151v\u00e9 teszi, hogy a szem\u00e9ly l\u00e1ssa, mi van benn\u00fck an\u00e9lk\u00fcl, hogy kinyitn\u00e1 az \u00fcveget. Ezen k\u00edv\u00fcl az \u00fcvegek kompakt m\u00e9ret\u0171ek, \u00edgy t\u00f6k\u00e9letesek kis t\u00e1rol\u00f3helyekre.<\/li>\n<li><strong>Pattan\u00f3z\u00e1ras t\u00f6m\u00edt\u00e9s kialak\u00edt\u00e1sa:<\/strong> Az \u00fcvegekre szerelt f\u00e9m patentz\u00e1r t\u00f6k\u00e9letesen z\u00e1r\u00f3dik, \u00edgy egyetlen csepp nedvess\u00e9g sem jut be, mik\u00f6zben meg\u0151rzi a frissess\u00e9get. Emellett a nyit\u00e1s \u00e9s z\u00e1r\u00e1s is nagyon egyszer\u0171.<\/li>\n<li><strong>Kompakt m\u00e9ret \u00e9s kapacit\u00e1s:<\/strong> Ezek az apr\u00f3 bef\u0151ttes\u00fcvegek el\u00e9g j\u00f3k ahhoz, hogy kis mennyis\u00e9g\u0171 dolgokat, p\u00e9ld\u00e1ul f\u0171szereket, \u00fajracsomagolt f\u0171szereket vagy kis mennyis\u00e9g\u0171 gy\u00f3gyte\u00e1kat t\u00e1rolj benn\u00fck, \u00edgy cs\u00f6kkentve a nagy \u00fcvegek kinyit\u00e1sakor keletkez\u0151 hullad\u00e9kot.<\/li>\n<\/ul>\n<h2 style=\"text-align: left;\">F\u0151bb specifik\u00e1ci\u00f3k<\/h2>\n<table class=\"aligncenter\" style=\"border-collapse: collapse; width: 414.77pt;\" border=\"0\" width=\"553\" cellspacing=\"0\" cellpadding=\"0\">\n<tbody>\n<tr style=\"height: 13.50pt;\">\n<td style=\"height: 13.50pt; width: 99.75pt;\" width=\"133\" height=\"18\">Specifik\u00e1ci\u00f3<\/td>\n<td style=\"width: 315.00pt;\" width=\"420\">R\u00e9szletek<\/td>\n<\/tr>\n<tr style=\"height: 13.50pt;\">\n<td style=\"height: 13.50pt;\" height=\"18\">Kapacit\u00e1s<\/td>\n<td>45 ml \/ 60 ml \/ 100 ml \/ 130 ml<\/td>\n<\/tr>\n<tr style=\"height: 13.50pt;\">\n<td style=\"height: 13.50pt;\" height=\"18\">M\u00e9retek<\/td>\n<td>4,5 \u00d7 6,5 cm \/ 4,4 \u00d7 8,5 cm \/ 4,4 \u00d7 10,8 cm \/ 4,4 \u00d7 13,2 cm<\/td>\n<\/tr>\n<tr style=\"height: 13.50pt;\">\n<td style=\"height: 13.50pt;\" height=\"18\">Anyag<\/td>\n<td>Tiszta \u00fcveg<\/td>\n<\/tr>\n<tr style=\"height: 13.50pt;\">\n<td style=\"height: 13.50pt;\" height=\"18\">Fed\u00e9l t\u00edpusa<\/td>\n<td>F\u00e9m bilincs fed\u00e9l dr\u00f3ttal (ez\u00fcst)<\/td>\n<\/tr>\n<tr style=\"height: 13.50pt;\">\n<td style=\"height: 13.50pt;\" height=\"18\">Ide\u00e1lis a k\u00f6vetkez\u0151kh\u00f6z:<\/td>\n<td>Kis l\u00e9gmentesen z\u00e1r\u00f3d\u00f3 bef\u0151ttes\u00fcvegek, \u00fcveg t\u00e1rol\u00f3ed\u00e9nyek<\/td>\n<\/tr>\n<\/tbody>\n<\/table>\n<h2>Sikert\u00f6rt\u00e9net: Fine Tea Company mintamegold\u00e1s<\/h2>\n<p>Egy pr\u00e9mium teagy\u00e1rt\u00f3 c\u00e9gnek gy\u00f6ny\u00f6r\u0171en megtervezett, apr\u00f3, l\u00e9gmentesen z\u00e1r\u00f3d\u00f3 bef\u0151ttes\u00fcvegekre volt sz\u00fcks\u00e9ge term\u00e9kmint\u00e1i \u00e9s aj\u00e1nd\u00e9kcsomagjai t\u00e1rol\u00e1s\u00e1ra. A mi 60 ml-es, l\u00e9gmentesen z\u00e1r\u00f3d\u00f3, kis \u00fcvegeinket v\u00e1lasztott\u00e1k a kiv\u00e1l\u00f3 min\u0151s\u00e9g\u0171 teamint\u00e1ik t\u00e1rol\u00e1s\u00e1ra. A karcs\u00fa kialak\u00edt\u00e1snak k\u00f6sz\u00f6nhet\u0151en st\u00edlusos mintadobozokat k\u00e9sz\u00edtettek, \u00edgy okosan 12 k\u00fcl\u00f6nb\u00f6z\u0151 tea f\u00e9r el egy kompakt dobozban. A mint\u00e1k v\u00e1s\u00e1rl\u00f3i el\u00e9gedetts\u00e9ge 40%-kal n\u0151tt, a mint\u00e1kr\u00f3l a teljes m\u00e9ret\u0171 v\u00e1s\u00e1rl\u00e1sokra val\u00f3 \u00e1t\u00e1ll\u00e1s ar\u00e1nya pedig 25%-kal. \u00cdgy 200 000 \u00fcveget rendeltek, hogy t\u00e1mogass\u00e1k az orsz\u00e1gszerte fut\u00f3 teak\u00f3stol\u00f3 kamp\u00e1nyt.<\/p>\n<h2>Kis l\u00e9gmentesen z\u00e1r\u00f3d\u00f3 \u00fcvegek testreszab\u00e1si lehet\u0151s\u00e9gei<\/h2>\n<ul>\n<li>\u00dcvegfed\u0151k \u2013 Sz\u00ednezett \u00fcvegfed\u0151k f\u00e9ny\u00e9rz\u00e9keny t\u00e1rgyakhoz<\/li>\n<li>Prec\u00edzi\u00f3s szitanyom\u00e1s \u2013 Nagyon apr\u00f3 mikrolog\u00f3k ker\u00e1mia tint\u00e1val nyomtatva<\/li>\n<li>Kapacit\u00e1sr\u00e1csok \u2013 Kis beoszt\u00e1s\u00fa vonalak a pontos adagol\u00e1s \u00e9rdek\u00e9ben<\/li>\n<li>Matt d\u00edszcs\u00edkok \u2013 Gy\u00f6ny\u00f6r\u0171 matt cs\u00edkok szelekt\u00edv marat\u00e1ssal<\/li>\n<\/ul>\n<p>K\u00e9szen \u00e1llsz rendet tenni az apr\u00f3s\u00e1gok k\u00f6z\u00f6tt? L\u00e9pj vel\u00fcnk kapcsolatba m\u00e9g ma, \u00e9s v\u00e1s\u00e1rolj nagykereskedelmi \u00e1rat ezekre a helytakar\u00e9kos, l\u00e9gmentesen z\u00e1r\u00f3d\u00f3 \u00fcvegekre.<\/p>","protected":false},"excerpt":{"rendered":"<p>Hengeres, kis l\u00e9gmentesen z\u00e1r\u00f3d\u00f3 \u00fcvegek fed\u00e9llel, \u00e9s kis l\u00e9gmentesen z\u00e1r\u00f3d\u00f3 bef\u0151ttes\u00fcvegek f\u0171szerekhez, mint\u00e1khoz \u00e9s t\u00e1rol\u00e1shoz \u2013 kiv\u00e1l\u00f3 min\u0151s\u00e9g, gyors sz\u00e1ll\u00edt\u00e1s nagykereskedelmi v\u00e1s\u00e1rl\u00f3knak.<\/p>","protected":false},"featured_media":24199,"template":"","meta":[],"product_brand":[],"product_cat":[122,134,124],"product_tag":[],"class_list":{"0":"post-24195","1":"product","2":"type-product","3":"status-publish","4":"has-post-thumbnail","6":"product_cat-custom-glass-packaging","7":"product_cat-airtight-jars","8":"product_cat-custom-glass-jars","10":"first","11":"instock","12":"shipping-taxable","13":"product-type-simple"},"jetpack_sharing_enabled":true,"_links":{"self":[{"href":"https:\/\/yebodaglass.com\/hu\/wp-json\/wp\/v2\/product\/24195","targetHints":{"allow":["GET"]}}],"collection":[{"href":"https:\/\/yebodaglass.com\/hu\/wp-json\/wp\/v2\/product"}],"about":[{"href":"https:\/\/yebodaglass.com\/hu\/wp-json\/wp\/v2\/types\/product"}],"version-history":[{"count":4,"href":"https:\/\/yebodaglass.com\/hu\/wp-json\/wp\/v2\/product\/24195\/revisions"}],"predecessor-version":[{"id":24204,"href":"https:\/\/yebodaglass.com\/hu\/wp-json\/wp\/v2\/product\/24195\/revisions\/24204"}],"wp:featuredmedia":[{"embeddable":true,"href":"https:\/\/yebodaglass.com\/hu\/wp-json\/wp\/v2\/media\/24199"}],"wp:attachment":[{"href":"https:\/\/yebodaglass.com\/hu\/wp-json\/wp\/v2\/media?parent=24195"}],"wp:term":[{"taxonomy":"product_brand","embeddable":true,"href":"https:\/\/yebodaglass.com\/hu\/wp-json\/wp\/v2\/product_brand?post=24195"},{"taxonomy":"product_cat","embeddable":true,"href":"https:\/\/yebodaglass.com\/hu\/wp-json\/wp\/v2\/product_cat?post=24195"},{"taxonomy":"product_tag","embeddable":true,"href":"https:\/\/yebodaglass.com\/hu\/wp-json\/wp\/v2\/product_tag?post=24195"}],"curies":[{"name":"wp","href":"https:\/\/api.w.org\/{rel}","templated":true}]}}