{"id":24164,"date":"2025-12-01T11:25:52","date_gmt":"2025-12-01T03:25:52","guid":{"rendered":"https:\/\/yebodaglass.com\/?post_type=product&#038;p=24164"},"modified":"2025-12-01T11:25:53","modified_gmt":"2025-12-01T03:25:53","slug":"custom-glass-water-bottle-storage-with-infuser-wholesale","status":"publish","type":"product","link":"https:\/\/yebodaglass.com\/hu\/custom-glass-water-bottle-storage-with-infuser-wholesale\/","title":{"rendered":"Egyedi \u00fcveg vizespalack-t\u00e1rol\u00f3 inf\u00fazi\u00f3val, nagykereskedelem, 450ml, 550ml"},"content":{"rendered":"<p>Elege van a te\u00e1z\u00e1sra alkalmatlan \u00fcvegpalackokb\u00f3l? A cs\u00facsmin\u0151s\u00e9g\u0171 \u00fcveg vizespalackokat be\u00e9p\u00edtett teaf\u0151z\u0151vel tervezt\u00fck. Ezek a vizespalackok divatoss\u00e1 teszik a napi hidrat\u00e1l\u00e1st. A nagy t\u00e9telben rendelt term\u00e9kek egyedi kidolgoz\u00e1st kapnak, hogy \u00f6sszhangban legyenek a m\u00e1rk\u00e1j\u00e1val.<\/p>\n<h2>Term\u00e9kjellemz\u0151k<\/h2>\n<p><strong>Be\u00e9p\u00edtett teaf\u0151z\u0151<\/strong><\/p>\n<p>A rozsdamentes ac\u00e9l sz\u0171r\u0151 lehet\u0151v\u00e9 teszi, hogy k\u00f6zvetlen\u00fcl a palackban f\u0151zze a te\u00e1t \u2013 nincs sz\u00fcks\u00e9g extra felszerel\u00e9sre.<\/p>\n<p><strong>Tart\u00f3s boroszilik\u00e1t \u00fcveg<\/strong><\/p>\n<p>Nincs h\u0151sokk \u2013 fagyaszt\u00f3ban is haszn\u00e1lhat\u00f3, mosogat\u00f3g\u00e9pben moshat\u00f3, \u00e9s sok\u00e1ig el\u00e1ll.<\/p>\n<p><strong>Testreszabhat\u00f3 diz\u00e1jn<\/strong><\/p>\n<p>\u00c1tl\u00e1tsz\u00f3 \u00fcveg a v\u00e1s\u00e1rl\u00f3 \u00e1ltal v\u00e1laszthat\u00f3 sz\u00ednben \u2013 kiv\u00e1l\u00f3, m\u00e1rk\u00e1s vizespalack-t\u00e1rol\u00e1si megold\u00e1s.<\/p>\n<h2>F\u0151bb specifik\u00e1ci\u00f3k<\/h2>\n<table style=\"border-collapse: collapse; width: 80%; margin-left: auto; margin-right: auto;\" border=\"0\" width=\"360\" cellspacing=\"0\" cellpadding=\"0\">\n<tbody>\n<tr style=\"height: 13.50pt;\">\n<td style=\"height: 13.5pt; width: 54pt; text-align: center;\" width=\"72\" height=\"18\">Kapacit\u00e1s (ml)<\/td>\n<td style=\"width: 54pt; text-align: center;\" width=\"72\">M\u00e9ret (cm)<\/td>\n<td style=\"width: 54pt; text-align: center;\" width=\"72\">\u00c1tm\u00e9r\u0151<\/td>\n<td style=\"width: 54pt; text-align: center;\" width=\"72\">Anyag<\/td>\n<td style=\"width: 54pt; text-align: center;\" width=\"72\">Infuser t\u00edpusa<\/td>\n<\/tr>\n<tr style=\"height: 13.50pt;\">\n<td style=\"height: 13.5pt; text-align: center;\" align=\"right\" height=\"18\">550<\/td>\n<td style=\"text-align: center;\">6,5 x 23,5<\/td>\n<td class=\"et2\" style=\"text-align: center;\" rowspan=\"2\">28 mm<\/td>\n<td class=\"et2\" style=\"text-align: center;\" rowspan=\"2\">Boroszilik\u00e1t<\/td>\n<td class=\"et2\" style=\"text-align: center;\" rowspan=\"2\">Rozsdamentes ac\u00e9l<\/td>\n<\/tr>\n<tr style=\"height: 13.50pt;\">\n<td style=\"height: 13.5pt; text-align: center;\" align=\"right\" height=\"18\">450<\/td>\n<td style=\"text-align: center;\">5,6 x 24,6<\/td>\n<\/tr>\n<\/tbody>\n<\/table>\n<h2>Sikeres eset<\/h2>\n<p>Egy luxus eur\u00f3pai gy\u00f3gytea-m\u00e1rka, a c\u00e9g s\u00fcrg\u0151sen sz\u00fcks\u00e9ge volt egy olyan vizespalackra, amely t\u00f6k\u00e9letes vizu\u00e1lis \u00e9s f\u0151z\u00e9si \u00e9lm\u00e9nyt ny\u00fajt, \u00e9s n\u00f6veli a term\u00e9k \u00f6ssz\u00e9rt\u00e9k\u00e9t az \u00e9ves limit\u00e1lt kiad\u00e1s\u00fa gy\u00f3gytea- \u00e9s gy\u00fcm\u00f6lcstea aj\u00e1nd\u00e9kk\u00e9szlet\u00e9nek megjelen\u00e9sekor. Ez\u00e9rt k\u00e9sz\u00edtett\u00fcnk egy rozsdamentes ac\u00e9l vizespalackot poh\u00e1rral \u00e9s egy szem\u00e9lyre szabott vizespalack-sz\u0171r\u0151vel, \u00e9s a vizespalack-sz\u0171r\u0151 p\u00f3rusm\u00e9ret\u00e9t a tealev\u00e9l m\u00e9ret\u00e9hez igaz\u00edtottuk, hogy a vir\u00e1gok \u00e1ztat\u00e1s k\u00f6zben teljesen kibontakozhassanak an\u00e9lk\u00fcl, hogy a tea elvesz\u00edten\u00e9 simas\u00e1g\u00e1t. A term\u00e9kbevezet\u00e9s eredm\u00e9nyek\u00e9nt az aj\u00e1nd\u00e9kk\u00e9szletek elad\u00e1sai k\u00f6zel 40%-kal n\u0151ttek az el\u0151z\u0151 negyed\u00e9vhez k\u00e9pest, \u00e9s a m\u00e1rka nagyszer\u0171en utalt a v\u00e1s\u00e1rl\u00f3i \u00fajrav\u00e1s\u00e1rl\u00e1si ar\u00e1nyok n\u00f6veked\u00e9s\u00e9re is.<\/p>\n<h2>Testreszab\u00e1si k\u00e9zik\u00f6nyved<\/h2>\n<ol>\n<li><strong>Testreszabhat\u00f3\u200b\u200d\u200b\u200c\u200d\u200b\u200d\u200b\u200d\u200b\u200c\u200d\u200b\u200d\u200d\u200c Sz\u0171r\u0151szerkezet:<\/strong>A sz\u0171r\u0151szerkezet durva\/finom p\u00f3rus\u00fa cser\u00e9lhet\u0151 sz\u0171r\u0151ket, meghosszabb\u00edtott sz\u0171r\u0151ket \u00e9s kivehet\u0151 k\u00e9tr\u00e9teg\u0171 sz\u0171r\u0151ket is t\u00e1mogat, amelyek te\u00e1hoz, gy\u00f3gyn\u00f6v\u00e9nyekhez, gy\u00fcm\u00f6lcsszeletekhez \u00e9s hidegen f\u0151z\u00f6tt k\u00e1v\u00e9hoz haszn\u00e1lhat\u00f3k.<\/li>\n<li><strong>Cs\u00fasz\u00e1sg\u00e1tl\u00f3\/\u00fctk\u00f6z\u00e9st g\u00e1tl\u00f3 als\u00f3 kialak\u00edt\u00e1s:<\/strong>Szilikonp\u00e1rn\u00e1k vagy vastagabb als\u00f3 szerkezet adhat\u00f3 hozz\u00e1 a sz\u00e1ll\u00edt\u00e1s k\u00f6zbeni s\u00e9r\u00fcl\u00e9sek cs\u00f6kkent\u00e9se \u00e9s a biztons\u00e1g n\u00f6vel\u00e9se \u00e9rdek\u00e9ben.<\/li>\n<li><strong>Testreszabhat\u00f3 kieg\u00e9sz\u00edt\u0151k:<\/strong>Az opcion\u00e1lis kieg\u00e9sz\u00edt\u0151k k\u00f6z\u00f6tt megtal\u00e1lhat\u00f3 egy hordozhat\u00f3 b\u00e1rsonyt\u00e1ska, egy nejlon palacktok \u00e9s egy hordp\u00e1nt, amelyek megk\u00f6nny\u00edtik a k\u00fclt\u00e9ri hordoz\u00e1st.<\/li>\n<\/ol>","protected":false},"excerpt":{"rendered":"<p>\u00dcveg vizespalack-t\u00e1rol\u00f3 inf\u00fazi\u00f3val, ide\u00e1lis teaf\u0151z\u00e9shez \u00e9s vizespalackok t\u00e1rol\u00e1s\u00e1ra. T\u00e1mogatja a nagy t\u00e9telben t\u00f6rt\u00e9n\u0151 rendel\u00e9st, a k\u00f6zvetlen gy\u00e1ri sz\u00e1ll\u00edt\u00e1st \u00e9s az egyedi m\u00e1rkajelz\u00e9st.<\/p>","protected":false},"featured_media":24165,"template":"","meta":[],"product_brand":[],"product_cat":[122,123,136],"product_tag":[],"class_list":{"0":"post-24164","1":"product","2":"type-product","3":"status-publish","4":"has-post-thumbnail","6":"product_cat-custom-glass-packaging","7":"product_cat-custom-glass-bottles","8":"product_cat-glass-water-bottles","10":"first","11":"instock","12":"shipping-taxable","13":"product-type-simple"},"jetpack_sharing_enabled":true,"_links":{"self":[{"href":"https:\/\/yebodaglass.com\/hu\/wp-json\/wp\/v2\/product\/24164","targetHints":{"allow":["GET"]}}],"collection":[{"href":"https:\/\/yebodaglass.com\/hu\/wp-json\/wp\/v2\/product"}],"about":[{"href":"https:\/\/yebodaglass.com\/hu\/wp-json\/wp\/v2\/types\/product"}],"version-history":[{"count":4,"href":"https:\/\/yebodaglass.com\/hu\/wp-json\/wp\/v2\/product\/24164\/revisions"}],"predecessor-version":[{"id":24194,"href":"https:\/\/yebodaglass.com\/hu\/wp-json\/wp\/v2\/product\/24164\/revisions\/24194"}],"wp:featuredmedia":[{"embeddable":true,"href":"https:\/\/yebodaglass.com\/hu\/wp-json\/wp\/v2\/media\/24165"}],"wp:attachment":[{"href":"https:\/\/yebodaglass.com\/hu\/wp-json\/wp\/v2\/media?parent=24164"}],"wp:term":[{"taxonomy":"product_brand","embeddable":true,"href":"https:\/\/yebodaglass.com\/hu\/wp-json\/wp\/v2\/product_brand?post=24164"},{"taxonomy":"product_cat","embeddable":true,"href":"https:\/\/yebodaglass.com\/hu\/wp-json\/wp\/v2\/product_cat?post=24164"},{"taxonomy":"product_tag","embeddable":true,"href":"https:\/\/yebodaglass.com\/hu\/wp-json\/wp\/v2\/product_tag?post=24164"}],"curies":[{"name":"wp","href":"https:\/\/api.w.org\/{rel}","templated":true}]}}