{"id":24163,"date":"2025-11-28T10:31:40","date_gmt":"2025-11-28T02:31:40","guid":{"rendered":"https:\/\/yebodaglass.com\/?post_type=product&#038;p=24163"},"modified":"2025-11-28T11:43:27","modified_gmt":"2025-11-28T03:43:27","slug":"bulk-large-square-glass-food-storage-jars-with-lids","status":"publish","type":"product","link":"https:\/\/yebodaglass.com\/hu\/bulk-large-square-glass-food-storage-jars-with-lids\/","title":{"rendered":"Nagym\u00e9ret\u0171, n\u00e9gyzet alak\u00fa, \u00fcvegt\u00e1rol\u00f3 ed\u00e9nyek fed\u00e9llel, 50oz, 64oz, 100oz"},"content":{"rendered":"<p data-start=\"66\" data-end=\"288\">Ezek a nagym\u00e9ret\u0171, fedeles, \u00fcvegb\u0151l k\u00e9sz\u00fclt \u00e9lelmiszert\u00e1rol\u00f3 bef\u0151ttes\u00fcvegek h\u00e1rom divatos t\u00e9glalap alak\u00faak. Minden tart\u00e1ly f\u00e9m patentz\u00e1ras fed\u00e9llel rendelkezik.<\/p>\n<h2>Term\u00e9kjellemz\u0151k<\/h2>\n<ul>\n<li><strong>\u00c1tl\u00e1tsz\u00f3 t\u00e9glalap alak\u00fa anyag:<\/strong> Az \u00fcveg \u00e1tl\u00e1tsz\u00f3, \u00edgy azonnal ellen\u0151rizheted a tartalm\u00e1t, \u00e9s a k\u00e9szletet is nyomon k\u00f6vetheted an\u00e9lk\u00fcl, hogy kinyitn\u00e1d az \u00fcveget.<\/li>\n<li><strong>Pattan\u00f3z\u00e1ras t\u00f6m\u00edt\u00e9s kialak\u00edt\u00e1sa:<\/strong> F\u00e9m patentz\u00e1ras fed\u00e9llel rendelkezik, amely kiv\u00e1l\u00f3 t\u00f6m\u00edt\u00e9st biztos\u00edt, \u00edgy teljesen mentes a v\u00edzg\u0151zt\u0151l, \u00e9s seg\u00edt meg\u0151rizni a tartalom frissess\u00e9g\u00e9t. Az \u00fcveg k\u00f6nnyen \u00e9s k\u00e9nyelmesen z\u00e1rhat\u00f3 \u00e9s nyithat\u00f3.<\/li>\n<li><strong>Nagy kapacit\u00e1s:<\/strong> Ezek a nagy kapacit\u00e1s\u00fa t\u00e1rol\u00f3ed\u00e9nyek elegend\u0151 helyet biztos\u00edtanak a konyh\u00e1dnak, \u00edgy t\u00f6k\u00e9letesek nagy mennyis\u00e9g\u0171 rizs, gabona vagy b\u00e1rmilyen m\u00e1s nyersanyag stb. t\u00e1rol\u00e1s\u00e1ra, \u00e9s cs\u00f6kkentik a t\u00e1rol\u00f3ed\u00e9nyek v\u00e1s\u00e1rl\u00e1s\u00e1nak k\u00f6lts\u00e9g\u00e9t.<\/li>\n<\/ul>\n<h2 style=\"text-align: left;\">F\u0151bb specifik\u00e1ci\u00f3k<\/h2>\n<table class=\"aligncenter\" style=\"border-collapse: collapse; width: 438.02pt;\" border=\"0\" width=\"584\" cellspacing=\"0\" cellpadding=\"0\">\n<tbody>\n<tr style=\"height: 13.50pt;\">\n<td style=\"height: 13.50pt; width: 99.75pt;\" width=\"133\" height=\"18\">Specifik\u00e1ci\u00f3<\/td>\n<td style=\"width: 338.25pt;\" width=\"451\">R\u00e9szletek<\/td>\n<\/tr>\n<tr style=\"height: 13.50pt;\">\n<td style=\"height: 13.50pt;\" height=\"18\">Kapacit\u00e1s<\/td>\n<td>1500 ml (50 uncia) \/ 2000 ml (64 uncia) \/ 3000 ml (100 uncia)<\/td>\n<\/tr>\n<tr style=\"height: 13.50pt;\">\n<td style=\"height: 13.50pt;\" height=\"18\">M\u00e9retek<\/td>\n<td>11,4 \u00d7 19,5 cm \/ 11,4 \u00d7 25,8 cm \/ 14,2 \u00d7 23,9 cm<\/td>\n<\/tr>\n<tr style=\"height: 13.50pt;\">\n<td style=\"height: 13.50pt;\" height=\"18\">Anyag<\/td>\n<td>Vastag, \u00e1tl\u00e1tsz\u00f3 \u00fcveg<\/td>\n<\/tr>\n<tr style=\"height: 13.50pt;\">\n<td style=\"height: 13.50pt;\" height=\"18\">Fed\u00e9l t\u00edpusa\/sz\u00edne<\/td>\n<td>F\u00e9m bilincs fed\u00e9l dr\u00f3ttal<\/td>\n<\/tr>\n<tr style=\"height: 13.50pt;\">\n<td style=\"height: 13.50pt;\" height=\"18\">Ide\u00e1lis a k\u00f6vetkez\u0151kh\u00f6z:<\/td>\n<td>\u00dcveg \u00e9lelmiszert\u00e1rol\u00f3 bef\u0151ttes\u00fcvegek fed\u00e9llel, \u00fcveg t\u00e1rol\u00f3ed\u00e9nyek<\/td>\n<\/tr>\n<\/tbody>\n<\/table>\n<h2>Sikert\u00f6rt\u00e9net: Hozz\u00e1val\u00f3megold\u00e1s egy kereskedelmi p\u00e9ks\u00e9g sz\u00e1m\u00e1ra<\/h2>\n<p>Egy k\u00e9zm\u0171ves p\u00e9ks\u00e9g, amely gyors n\u00f6veked\u00e9sen ment kereszt\u00fcl, \u00e9s hat\u00e9konyabb liszt- \u00e9s cukort\u00e1rol\u00e1si m\u00f3dszerre volt sz\u00fcks\u00e9ge, v\u00e9g\u00fcl a mi 2000 ml-es, nagym\u00e9ret\u0171, n\u00e9gyzet alak\u00fa \u00fcvegt\u00e1rol\u00f3inkat v\u00e1lasztotta az alapanyagok t\u00e1rol\u00e1s\u00e1ra. A legfontosabb t\u00e9nyez\u0151nek a lez\u00e1r\u00e1st jel\u00f6lt\u00e9k meg \u2013 ez nemcsak 60%-kal n\u00f6velte a liszt eltarthat\u00f3s\u00e1g\u00e1t, hanem teljesen megakad\u00e1lyozta a k\u00e1rtev\u0151k el\u0151fordul\u00e1s\u00e1t is. A t\u00e9glalap alak\u00fa form\u00e1nak k\u00f6sz\u00f6nhet\u0151en 40%-kal t\u00f6bb alapanyagot tudtak t\u00e1rolni ugyanabban a t\u00e9rben, \u00edgy optimaliz\u00e1lni tudt\u00e1k a kis konyh\u00e1juk elrendez\u00e9s\u00e9t. Ennek eredm\u00e9nyek\u00e9nt minden \u00fczlet\u00fckben szabv\u00e1nyos\u00edtott\u00e1k a t\u00e1rol\u00e1st, \u00e9s 500 000 \u00fcveged\u00e9nyre adtak le \u00fajrarendel\u00e9st.<\/p>\n<h2>\u00dcveg t\u00e1rol\u00f3ed\u00e9nyek testreszab\u00e1si lehet\u0151s\u00e9gei:<\/h2>\n<ul>\n<li>Kiemelked\u0151 t\u00e9rfogatjel\u00f6l\u00e9sek \u2013 Az adagol\u00e1s egyszer\u0171 szab\u00e1lyoz\u00e1sa \u00e9rdek\u00e9ben \u00e1lland\u00f3 kiemelt jel\u00f6l\u00e9seket kell hozz\u00e1adni.<\/li>\n<li>Szitanyomott c\u00edmk\u00e9k \u2013 Nagy, tart\u00f3s m\u00e1rkalog\u00f3k ker\u00e1mia tint\u00e1val nyomtatva.<\/li>\n<li>Meger\u0151s\u00edtett talpkialak\u00edt\u00e1s \u2013 Vastag\u00edtott \u00fcveg a nehezebb t\u00e1rgyak, p\u00e9ld\u00e1ul liszt vagy gabonaf\u00e9l\u00e9k megtart\u00e1s\u00e1hoz.<\/li>\n<li>Integr\u00e1lt foganty\u00fak \u2013 Opcion\u00e1lis \u00f6nt\u00f6tt \u00fcveg foganty\u00fak a teli \u00fcvegek k\u00f6nny\u0171 kezel\u00e9s\u00e9hez.<\/li>\n<\/ul>\n<p>Szeretn\u00e9d hat\u00e9konyabban b\u0151v\u00edteni a t\u00e1rol\u00f3ed\u00e9nyeidet? Fordulj hozz\u00e1nk bizalommal, ha szeretn\u00e9d megtudni ezeknek a helytakar\u00e9kos, nagym\u00e9ret\u0171, n\u00e9gyzet alak\u00fa \u00fcvegt\u00e1rol\u00f3 bef\u0151ttes\u00fcvegeknek a nagykereskedelmi \u00e1rait.<\/p>","protected":false},"excerpt":{"rendered":"<p>V\u00e1lasszon tart\u00f3s, fedeles \u00fcvegt\u00e1rol\u00f3 bef\u0151ttes\u00fcvegeket \u00e9s nagy, n\u00e9gyzet alak\u00fa, kiv\u00e1l\u00f3 min\u0151s\u00e9g\u0171 anyagokb\u00f3l k\u00e9sz\u00fclt bef\u0151ttes\u00fcvegeket \u2013 k\u00f6zvetlen gy\u00e1ri \u00e9rt\u00e9kes\u00edt\u00e9s. Ingyenes mint\u00e1k.<\/p>","protected":false},"featured_media":24166,"template":"","meta":[],"product_brand":[],"product_cat":[122,134,124],"product_tag":[],"class_list":{"0":"post-24163","1":"product","2":"type-product","3":"status-publish","4":"has-post-thumbnail","6":"product_cat-custom-glass-packaging","7":"product_cat-airtight-jars","8":"product_cat-custom-glass-jars","10":"first","11":"instock","12":"shipping-taxable","13":"product-type-simple"},"jetpack_sharing_enabled":true,"_links":{"self":[{"href":"https:\/\/yebodaglass.com\/hu\/wp-json\/wp\/v2\/product\/24163","targetHints":{"allow":["GET"]}}],"collection":[{"href":"https:\/\/yebodaglass.com\/hu\/wp-json\/wp\/v2\/product"}],"about":[{"href":"https:\/\/yebodaglass.com\/hu\/wp-json\/wp\/v2\/types\/product"}],"version-history":[{"count":4,"href":"https:\/\/yebodaglass.com\/hu\/wp-json\/wp\/v2\/product\/24163\/revisions"}],"predecessor-version":[{"id":24190,"href":"https:\/\/yebodaglass.com\/hu\/wp-json\/wp\/v2\/product\/24163\/revisions\/24190"}],"wp:featuredmedia":[{"embeddable":true,"href":"https:\/\/yebodaglass.com\/hu\/wp-json\/wp\/v2\/media\/24166"}],"wp:attachment":[{"href":"https:\/\/yebodaglass.com\/hu\/wp-json\/wp\/v2\/media?parent=24163"}],"wp:term":[{"taxonomy":"product_brand","embeddable":true,"href":"https:\/\/yebodaglass.com\/hu\/wp-json\/wp\/v2\/product_brand?post=24163"},{"taxonomy":"product_cat","embeddable":true,"href":"https:\/\/yebodaglass.com\/hu\/wp-json\/wp\/v2\/product_cat?post=24163"},{"taxonomy":"product_tag","embeddable":true,"href":"https:\/\/yebodaglass.com\/hu\/wp-json\/wp\/v2\/product_tag?post=24163"}],"curies":[{"name":"wp","href":"https:\/\/api.w.org\/{rel}","templated":true}]}}