{"id":24154,"date":"2025-11-28T08:55:51","date_gmt":"2025-11-28T00:55:51","guid":{"rendered":"https:\/\/yebodaglass.com\/?post_type=product&#038;p=24154"},"modified":"2025-11-28T11:44:03","modified_gmt":"2025-11-28T03:44:03","slug":"bulk-clear-square-glass-storage-jars-with-glass-lids","status":"publish","type":"product","link":"https:\/\/yebodaglass.com\/hu\/bulk-clear-square-glass-storage-jars-with-glass-lids\/","title":{"rendered":"T\u00f6meges, \u00e1tl\u00e1tsz\u00f3, n\u00e9gyzet alak\u00fa \u00fcvegt\u00e1rol\u00f3 ed\u00e9nyek \u00fcvegfed\u0151vel 380ml 500ml 750ml 1000ml"},"content":{"rendered":"<p data-start=\"66\" data-end=\"288\">Ezek a n\u00e9gyzet alak\u00fa \u00fcveg t\u00e1rol\u00f3ed\u00e9nyek \u00e1tl\u00e1tsz\u00f3 \u00fcvegb\u0151l k\u00e9sz\u00fclnek, \u00e9s n\u00e9gy k\u00fcl\u00f6nb\u00f6z\u0151 m\u00e9retben kaphat\u00f3k. Lekerek\u00edtett, n\u00e9gyzet alak\u00faak. Minden \u00fcveghez tartozik egy egyszer\u0171 f\u00e9m patenttal r\u00f6gz\u00edtett \u00fcvegtet\u0151.<\/p>\n<h2>Term\u00e9kjellemz\u0151k<\/h2>\n<ul>\n<li><strong>\u00c1tl\u00e1tsz\u00f3 n\u00e9gyzet alak\u00fa anyag:<\/strong> A teljesen \u00e1tl\u00e1tsz\u00f3, lekerek\u00edtett sark\u00fa \u00fcvegnek k\u00f6sz\u00f6nhet\u0151en a tartalom k\u00f6nnyen l\u00e1that\u00f3, mik\u00f6zben az \u00fcvegek t\u00f6bb helyet takar\u00edtanak meg, mintha tiszt\u00e1n hengeresek lenn\u00e9nek.<\/li>\n<li><strong>R\u00e1pattinthat\u00f3 t\u00f6m\u00edt\u00e9s kialak\u00edt\u00e1sa:<\/strong> A t\u00e9gelyen tal\u00e1lhat\u00f3 f\u00e9m, r\u00e1pattinthat\u00f3 fed\u00e9l kiv\u00e1l\u00f3 t\u00f6m\u00edt\u00e9st biztos\u00edt, \u00edgy hat\u00e9konyan megakad\u00e1lyozza a nedvess\u00e9g bejut\u00e1s\u00e1t \u00e9s a term\u00e9k frissess\u00e9g\u00e9nek meg\u0151rz\u00e9s\u00e9t. A tart\u00e1ly nyit\u00e1sa \u00e9s z\u00e1r\u00e1sa nagyon egyszer\u0171 \u00e9s k\u00e9nyelmes.<\/li>\n<li><strong>N\u00e9gy k\u00fcl\u00f6nb\u00f6z\u0151 m\u00e9ret:<\/strong> A n\u00e9gy m\u00e9ret k\u00fcl\u00f6nb\u00f6z\u0151 m\u00e9ret\u0171 dolgok befogad\u00e1s\u00e1ra szolg\u00e1l (p\u00e9ld\u00e1ul kis \u00fcvegek f\u0171szereknek, nagy \u00fcvegek sz\u00e1r\u00edtott \u00e1ruknak).<\/li>\n<\/ul>\n<h2 style=\"text-align: left;\">F\u0151bb specifik\u00e1ci\u00f3k<\/h2>\n<table class=\"aligncenter\" style=\"border-collapse: collapse; width: 435.02pt;\" border=\"0\" width=\"580\" cellspacing=\"0\" cellpadding=\"0\">\n<tbody>\n<tr style=\"height: 13.50pt;\">\n<td style=\"height: 13.50pt; width: 99.75pt;\" width=\"133\" height=\"18\">Specifik\u00e1ci\u00f3<\/td>\n<td style=\"width: 335.25pt;\" width=\"447\">R\u00e9szletek<\/td>\n<\/tr>\n<tr style=\"height: 13.50pt;\">\n<td style=\"height: 13.50pt;\" height=\"18\">Kapacit\u00e1s<\/td>\n<td>380 ml \/ 500 ml \/ 750 ml \/ 1000 ml<\/td>\n<\/tr>\n<tr style=\"height: 13.50pt;\">\n<td style=\"height: 13.50pt;\" height=\"18\">M\u00e9retek<\/td>\n<td>8,7 \u00d7 10 cm \/ 10,8 \u00d7 10 cm \/ 11 \u00d7 12,3 cm \/ 11,3 \u00d7 15 cm<\/td>\n<\/tr>\n<tr style=\"height: 13.50pt;\">\n<td style=\"height: 13.50pt;\" height=\"18\">Anyag<\/td>\n<td>\u00c1tl\u00e1tsz\u00f3 \u00fcveg (\u00fcveg \u00e9s fed\u00e9l)<\/td>\n<\/tr>\n<tr style=\"height: 13.50pt;\">\n<td style=\"height: 13.50pt;\" height=\"18\">Fed\u00e9l t\u00edpusa\/sz\u00edne<\/td>\n<td>\u00dcvegfed\u00e9l ac\u00e9l szor\u00edt\u00f3z\u00e1rral<\/td>\n<\/tr>\n<tr style=\"height: 13.50pt;\">\n<td style=\"height: 13.50pt;\" height=\"18\">Ide\u00e1lis a k\u00f6vetkez\u0151kh\u00f6z:<\/td>\n<td>\u00dcveg t\u00e1rol\u00f3ed\u00e9nyek, \u00fcveg t\u00e1rol\u00f3ed\u00e9nyek \u00fcvegtet\u0151vel<\/td>\n<\/tr>\n<\/tbody>\n<\/table>\n<h2>Sikert\u00f6rt\u00e9net: Hogyan jav\u00edtotta egy teah\u00e1z a kijelz\u0151j\u00e9t<\/h2>\n<p>Egy dr\u00e1ga teagy\u00e1rt\u00f3 c\u00e9gnek olyan t\u00e1rol\u00e1si megold\u00e1sra volt sz\u00fcks\u00e9ge, amely egyszerre k\u00e9pes bemutatni \u00e9s frissen tartani a term\u00e9keket. A teagy\u00e1rt\u00f3 c\u00e9g \u00fagy d\u00f6nt\u00f6tt, hogy 500 ml-es, n\u00e9gyzet alak\u00fa \u00fcvegt\u00e1rol\u00f3inkat haszn\u00e1lja kiskereskedelmi \u00fczleteiben. A n\u00e9gyzet alak\u00fa kialak\u00edt\u00e1snak k\u00f6sz\u00f6nhet\u0151en a teagy\u00e1rt\u00f3 c\u00e9g 30%-kal t\u00f6bb term\u00e9ket tudott megjelen\u00edteni ugyanazon a pultfel\u00fcleten. A lez\u00e1r\u00e1s olyan j\u00f3, hogy a tea h\u00f3napokig friss marad, \u00edgy a hullad\u00e9k 40%-kal cs\u00f6kken. A c\u00e9g ezut\u00e1n 25 000 \u00fcveget rendelt, hogy a siker ut\u00e1n \u00faj \u00e9rt\u00e9kes\u00edt\u00e9si helyeket nyisson.<\/p>\n<h2>\u00dcveg t\u00e1rol\u00f3ed\u00e9nyek testreszab\u00e1si lehet\u0151s\u00e9gei<\/h2>\n<ul>\n<li>Szitanyomott sz\u00edn\u00e1tmenetek \u2013 Hasznos kapacit\u00e1sjel\u00f6l\u00e9sek hozz\u00e1ad\u00e1sa a term\u00e9k adott mennyis\u00e9g\u00e9nek meghat\u00e1roz\u00e1s\u00e1hoz<\/li>\n<li>Sz\u00ednes \u00fcvegfed\u0151k \u2013 F\u00e9ny\u00e9rz\u00e9keny t\u00e1rgyak eset\u00e9n felt\u00e9tlen\u00fcl sz\u00ednes \u00fcvegfed\u0151ket haszn\u00e1ljon.<\/li>\n<li>Egyedi klipsz sz\u00ednek \u2013 Bronz, fekete vagy nikkel sz\u00edn k\u00f6z\u00fcl v\u00e1laszthat a klipszekhez<\/li>\n<li>Szilikon t\u00f6m\u00edt\u0151gy\u0171r\u0171 opci\u00f3k \u2013 A t\u00f6m\u00edt\u0151gy\u0171r\u0171 sz\u00edne a m\u00e1rka sz\u00edn\u00e9vel megegyez\u0151 lehet a sz\u00edns\u00e9ma meg\u0151rz\u00e9se \u00e9rdek\u00e9ben.<\/li>\n<\/ul>\n<p>Szeretn\u00e9 a lehet\u0151 legjobban kihaszn\u00e1lni a t\u00e1rol\u00f3hely\u00e9t? L\u00e9pjen kapcsolatba vel\u00fcnk most, hogy nagykereskedelmi \u00e1ron v\u00e1s\u00e1rolhasson ezekre a gy\u00f6ny\u00f6r\u0171, sz\u00f6gletes, \u00fcvegtet\u0151s \u00fcvegt\u00e1rol\u00f3 ed\u00e9nyekre.<\/p>","protected":false},"excerpt":{"rendered":"<p>N\u00e9gyzet alak\u00fa \u00fcvegt\u00e1rol\u00f3ink \u200b\u200b\u00e9s fedeles \u00fcvegt\u00e1rol\u00f3ink \u200b\u200brendk\u00edv\u00fcl \u00e1tl\u00e1tsz\u00f3ak, tart\u00f3sak \u00e9s j\u00f3l z\u00e1r\u00f3dnak \u2013 ingyenes mint\u00e1k \u00e1llnak rendelkez\u00e9sre.<\/p>","protected":false},"featured_media":24157,"template":"","meta":[],"product_brand":[],"product_cat":[122,134,124],"product_tag":[],"class_list":{"0":"post-24154","1":"product","2":"type-product","3":"status-publish","4":"has-post-thumbnail","6":"product_cat-custom-glass-packaging","7":"product_cat-airtight-jars","8":"product_cat-custom-glass-jars","10":"first","11":"instock","12":"shipping-taxable","13":"product-type-simple"},"jetpack_sharing_enabled":true,"_links":{"self":[{"href":"https:\/\/yebodaglass.com\/hu\/wp-json\/wp\/v2\/product\/24154","targetHints":{"allow":["GET"]}}],"collection":[{"href":"https:\/\/yebodaglass.com\/hu\/wp-json\/wp\/v2\/product"}],"about":[{"href":"https:\/\/yebodaglass.com\/hu\/wp-json\/wp\/v2\/types\/product"}],"version-history":[{"count":5,"href":"https:\/\/yebodaglass.com\/hu\/wp-json\/wp\/v2\/product\/24154\/revisions"}],"predecessor-version":[{"id":24189,"href":"https:\/\/yebodaglass.com\/hu\/wp-json\/wp\/v2\/product\/24154\/revisions\/24189"}],"wp:featuredmedia":[{"embeddable":true,"href":"https:\/\/yebodaglass.com\/hu\/wp-json\/wp\/v2\/media\/24157"}],"wp:attachment":[{"href":"https:\/\/yebodaglass.com\/hu\/wp-json\/wp\/v2\/media?parent=24154"}],"wp:term":[{"taxonomy":"product_brand","embeddable":true,"href":"https:\/\/yebodaglass.com\/hu\/wp-json\/wp\/v2\/product_brand?post=24154"},{"taxonomy":"product_cat","embeddable":true,"href":"https:\/\/yebodaglass.com\/hu\/wp-json\/wp\/v2\/product_cat?post=24154"},{"taxonomy":"product_tag","embeddable":true,"href":"https:\/\/yebodaglass.com\/hu\/wp-json\/wp\/v2\/product_tag?post=24154"}],"curies":[{"name":"wp","href":"https:\/\/api.w.org\/{rel}","templated":true}]}}