{"id":24141,"date":"2025-11-27T11:41:17","date_gmt":"2025-11-27T03:41:17","guid":{"rendered":"https:\/\/yebodaglass.com\/?post_type=product&#038;p=24141"},"modified":"2025-11-27T18:27:41","modified_gmt":"2025-11-27T10:27:41","slug":"wholesale-clear-large-glass-food-storage-jars","status":"publish","type":"product","link":"https:\/\/yebodaglass.com\/hu\/termek\/wholesale-clear-large-glass-food-storage-jars\/","title":{"rendered":"Nagykereskedelmi \u00e1tl\u00e1tsz\u00f3 nagy \u00fcveg t\u00e1rol\u00f3ed\u00e9nyek 64oz 100oz"},"content":{"rendered":"<p data-start=\"66\" data-end=\"288\">Ezek a nagym\u00e9ret\u0171, \u00fcveggel ell\u00e1tott t\u00e1rol\u00f3ed\u00e9nyek \u00e1tl\u00e1tsz\u00f3 \u00fcvegb\u0151l k\u00e9sz\u00fcltek, \u00e9s k\u00e9t eleg\u00e1ns, karcs\u00fa, kerek form\u00e1ban kaphat\u00f3k. Minden \u00fcveghez tartozik egy f\u00e9m, r\u00e1pattinthat\u00f3 fed\u00e9l, \u00edgy k\u00e9nyelmes v\u00e1laszt\u00e1st jelentenek nagy mennyis\u00e9g\u0171 \u00e9lelmiszer t\u00e1rol\u00e1s\u00e1ra a konyh\u00e1ban.<\/p>\n<h2>Term\u00e9kjellemz\u0151k<\/h2>\n<ul>\n<li><strong>Nagy kapacit\u00e1s:<\/strong> A 2 \u00e9s 3 literes kiszerel\u00e9sben kaphat\u00f3k ezek az \u00fcvegek, amelyekben nagy mennyis\u00e9g\u0171 azonos term\u00e9ket lehet t\u00e1rolni, \u00edgy minimaliz\u00e1lva a csomagol\u00e1st \u00e9s a gyakori ut\u00e1nt\u00f6lt\u00e9st.<\/li>\n<li><strong>T\u00f6k\u00e9letes t\u00f6m\u00edt\u00e9s:<\/strong> A bilincsek \u00e9s a gumit\u00f6m\u00edt\u00e9s egy\u00fcttesen teljesen kiz\u00e1rj\u00e1k a nedvess\u00e9get, a k\u00e1rtev\u0151ket \u00e9s a leveg\u0151t, \u00edgy a t\u00e1rol\u00e1s egy h\u00f3napig vagy tov\u00e1bb is frissen tartja az \u00e9lelmiszert.<\/li>\n<li><strong>Sz\u00e9les sz\u00e1j\u00fa kialak\u00edt\u00e1s a k\u00f6nny\u0171 t\u00f6lt\u00e9s \u00e9s ut\u00e1nt\u00f6lt\u00e9s \u00e9rdek\u00e9ben:<\/strong> A sz\u00e9les sz\u00e1j\u00fa kialak\u00edt\u00e1s gyors \u00e9s egyszer\u0171v\u00e9 teszi az \u00e9telek be- \u00e9s kiv\u00e9tel\u00e9t, m\u00e9g nagy kez\u0171ek vagy nagy kanalat haszn\u00e1l\u00f3k sz\u00e1m\u00e1ra is.<\/li>\n<\/ul>\n<h2 style=\"text-align: left;\">F\u0151bb specifik\u00e1ci\u00f3k<\/h2>\n<table class=\"aligncenter\" style=\"border-collapse: collapse; width: 402.77pt;\" border=\"0\" width=\"537\" cellspacing=\"0\" cellpadding=\"0\">\n<tbody>\n<tr style=\"height: 13.50pt;\">\n<td style=\"height: 13.50pt; width: 99.75pt;\" width=\"133\" height=\"18\">Specifik\u00e1ci\u00f3<\/td>\n<td style=\"width: 303.00pt;\" width=\"404\">R\u00e9szletek<\/td>\n<\/tr>\n<tr style=\"height: 13.50pt;\">\n<td style=\"height: 13.50pt;\" height=\"18\">Kapacit\u00e1s<\/td>\n<td>2000 ml (64 uncia) \/ 3000 ml (100 uncia)<\/td>\n<\/tr>\n<tr style=\"height: 13.50pt;\">\n<td style=\"height: 13.50pt;\" height=\"18\">M\u00e9retek<\/td>\n<td>12,7 \u00d7 25,3 cm \/ 14,5 \u00d7 26,5 cm<\/td>\n<\/tr>\n<tr style=\"height: 13.50pt;\">\n<td style=\"height: 13.50pt;\" height=\"18\">Anyag<\/td>\n<td>Vastag, \u00e1tl\u00e1tsz\u00f3 \u00fcveg<\/td>\n<\/tr>\n<tr style=\"height: 13.50pt;\">\n<td style=\"height: 13.50pt;\" height=\"18\">Fed\u00e9l t\u00edpusa<\/td>\n<td>F\u00e9m bilincs fed\u00e9l dr\u00f3ttal (ez\u00fcst)<\/td>\n<\/tr>\n<tr style=\"height: 13.50pt;\">\n<td style=\"height: 13.50pt;\" height=\"18\">Ide\u00e1lis a k\u00f6vetkez\u0151kh\u00f6z:<\/td>\n<td>Nagy \u00fcveg t\u00e1rol\u00f3ed\u00e9nyek, \u00fcveg \u00e9lelmiszert\u00e1rol\u00f3 ed\u00e9nyek<\/td>\n<\/tr>\n<\/tbody>\n<\/table>\n<h2>Sikert\u00f6rt\u00e9net: Egy hullad\u00e9kmentes \u00e9lelmiszerbolt sikert\u00f6rt\u00e9nete<\/h2>\n<p>Egy hullad\u00e9kmentes \u00e9lelmiszerboltnak nagy \u0171rtartalm\u00fa, \u00fcvegb\u0151l k\u00e9sz\u00fclt \u00e9lelmiszert\u00e1rol\u00f3 ed\u00e9nyekre volt sz\u00fcks\u00e9ge, amelyek praktikusak \u00e9s sz\u00e9pek is lehetnek az \u00f6mlesztett \u00e9lelmiszerek t\u00e1rol\u00e1s\u00e1ra. A 3 literes, nagy \u00fcveg \u00e9lelmiszert\u00e1rol\u00f3 ed\u00e9nyeinket gabonaf\u00e9l\u00e9k, di\u00f3f\u00e9l\u00e9k \u00e9s t\u00e9szta t\u00e1rol\u00e1s\u00e1ra haszn\u00e1lt\u00e1k. A kiv\u00e1l\u00f3 lez\u00e1r\u00e1s jelent\u0151sen meghosszabb\u00edtotta a term\u00e9kek eltarthat\u00f3s\u00e1g\u00e1t, ami az \u00e9lelmiszer-pazarl\u00e1s 40%-os cs\u00f6kken\u00e9s\u00e9hez \u00e9s az \u00fajrav\u00e1s\u00e1rl\u00e1si ar\u00e1ny 65%-os n\u00f6veked\u00e9s\u00e9hez vezetett. A pozit\u00edv piaci visszajelz\u00e9seknek k\u00f6sz\u00f6nhet\u0151en az \u00fczlet 500 000 \u00fcvegre vonatkoz\u00f3 \u00faj megrendel\u00e9st adott le tov\u00e1bbi \u00fczletek megnyit\u00e1s\u00e1ra.<\/p>\n<h2>Egyedi \u00fcvegt\u00e1rol\u00f3 megold\u00e1sok<\/h2>\n<ul>\n<li>Dombornyomott kapacit\u00e1sjel\u00f6l\u00e9sek \u2013 A oszt\u00e1sok kiemel\u00e9s\u00e9vel k\u00f6nnyen \u00e9s tart\u00f3san r\u00f6gz\u00edthet\u0151k.<\/li>\n<li>Szitanyomott c\u00edmk\u00e9k \u2013 Ker\u00e1mia tint\u00e1val nyomtathat tiszta \u00e9s felt\u0171n\u0151 m\u00e1rka- vagy tartalomc\u00edmk\u00e9ket.<\/li>\n<li>Meger\u0151s\u00edtett alap \u2013 Vastagabb \u00fcvegalap a neh\u00e9z t\u00e1rgyak sz\u00e1ll\u00edt\u00e1s\u00e1hoz.<\/li>\n<li>Integr\u00e1lt foganty\u00fa \u2013 Integr\u00e1lt \u00fcvegfoganty\u00faval is felszerelhet\u0151 a k\u00e9nyelmes hordoz\u00e1s \u00e9rdek\u00e9ben.<\/li>\n<\/ul>","protected":false},"excerpt":{"rendered":"<p>Nagy \u00fcveg t\u00e1rol\u00f3ed\u00e9nyeink \u00e9s nagy \u00fcveg \u00e9lelmiszert\u00e1rol\u00f3 bef\u0151ttes\u00fcvegeink krist\u00e1lytiszt\u00e1k, tart\u00f3sak \u00e9s ide\u00e1lisak kamra kell\u00e9kek \u00e9s hozz\u00e1val\u00f3k t\u00e1rol\u00e1s\u00e1ra. Ingyenes mint\u00e1k.<\/p>","protected":false},"featured_media":24152,"template":"","meta":[],"product_brand":[],"product_cat":[122,134,124],"product_tag":[],"class_list":{"0":"post-24141","1":"product","2":"type-product","3":"status-publish","4":"has-post-thumbnail","6":"product_cat-custom-glass-packaging","7":"product_cat-airtight-jars","8":"product_cat-custom-glass-jars","10":"first","11":"instock","12":"shipping-taxable","13":"product-type-simple"},"jetpack_sharing_enabled":true,"_links":{"self":[{"href":"https:\/\/yebodaglass.com\/hu\/wp-json\/wp\/v2\/product\/24141","targetHints":{"allow":["GET"]}}],"collection":[{"href":"https:\/\/yebodaglass.com\/hu\/wp-json\/wp\/v2\/product"}],"about":[{"href":"https:\/\/yebodaglass.com\/hu\/wp-json\/wp\/v2\/types\/product"}],"version-history":[{"count":3,"href":"https:\/\/yebodaglass.com\/hu\/wp-json\/wp\/v2\/product\/24141\/revisions"}],"predecessor-version":[{"id":24153,"href":"https:\/\/yebodaglass.com\/hu\/wp-json\/wp\/v2\/product\/24141\/revisions\/24153"}],"wp:featuredmedia":[{"embeddable":true,"href":"https:\/\/yebodaglass.com\/hu\/wp-json\/wp\/v2\/media\/24152"}],"wp:attachment":[{"href":"https:\/\/yebodaglass.com\/hu\/wp-json\/wp\/v2\/media?parent=24141"}],"wp:term":[{"taxonomy":"product_brand","embeddable":true,"href":"https:\/\/yebodaglass.com\/hu\/wp-json\/wp\/v2\/product_brand?post=24141"},{"taxonomy":"product_cat","embeddable":true,"href":"https:\/\/yebodaglass.com\/hu\/wp-json\/wp\/v2\/product_cat?post=24141"},{"taxonomy":"product_tag","embeddable":true,"href":"https:\/\/yebodaglass.com\/hu\/wp-json\/wp\/v2\/product_tag?post=24141"}],"curies":[{"name":"wp","href":"https:\/\/api.w.org\/{rel}","templated":true}]}}