{"id":24128,"date":"2025-11-28T12:00:50","date_gmt":"2025-11-28T04:00:50","guid":{"rendered":"https:\/\/yebodaglass.com\/?post_type=product&#038;p=24128"},"modified":"2026-04-14T13:10:55","modified_gmt":"2026-04-14T05:10:55","slug":"custom-clear-water-bottle-with-sleeve-wholesale","status":"publish","type":"product","link":"https:\/\/yebodaglass.com\/hu\/custom-clear-water-bottle-with-sleeve-wholesale\/","title":{"rendered":"Egyedi \u00e1tl\u00e1tsz\u00f3 vizespalack h\u00fcvelytel, nagykereskedelem, 550ml \u2013 1000ml"},"content":{"rendered":"<p>Az \u00e1tl\u00e1tsz\u00f3 vizespalack egyszer\u0171 hengeres kialak\u00edt\u00e1s\u00fa, \u00e9lelmiszeripari min\u0151s\u00e9g\u0171 boroszilik\u00e1t \u00fcvegb\u0151l k\u00e9sz\u00fclt. Az \u00fcvegtest sima fel\u00fclet\u0171, ez\u00fcst f\u00e9m csavaros kupakkal \u00e9s \u00e9lelmiszeripari min\u0151s\u00e9g\u0171 szilikon t\u00f6m\u00edt\u0151gy\u0171r\u0171vel, amely sziv\u00e1rg\u00e1smentes \u00e9s l\u00e9gmentes z\u00e1r\u00e1st biztos\u00edt.<\/p>\n<h2>Term\u00e9kjellemz\u0151k<\/h2>\n<p><strong>Tart\u00f3s boroszilik\u00e1t \u00fcveg<\/strong><\/p>\n<p>Nincs h\u0151sokk \u2013 fagyaszt\u00f3ba vagy mosogat\u00f3g\u00e9pbe tehet\u0151, \u00e9s hossz\u00fa \u00e9lettartamra k\u00e9sz\u00fclt.<\/p>\n<p><strong>Sz\u00e9les, 38 mm-es ny\u00edl\u00e1s<\/strong><\/p>\n<p>A t\u00f6lt\u00e9s, tiszt\u00edt\u00e1s \u00e9s \u00f6nt\u00e9s nagyon egyszer\u0171 \u2013 nagyszer\u0171 a mindennapi v\u00edzfogyaszt\u00e1shoz vagy sportpalackokhoz.<\/p>\n<p><strong>Testreszabhat\u00f3 h\u00fcvelydiz\u00e1jn<\/strong><\/p>\n<p>Tedd a log\u00f3dat a szilikonh\u00fcvelyre \u2013 \u00edgy az \u00e1tl\u00e1tsz\u00f3 kulacsod a m\u00e1rka eml\u00e9k\u00e9v\u00e9 v\u00e1lhat.<\/p>\n<h2>F\u0151bb specifik\u00e1ci\u00f3k<\/h2>\n<table style=\"border-collapse: collapse; width: 80%; margin-left: auto; margin-right: auto;\" border=\"0\" width=\"360\" cellspacing=\"0\" cellpadding=\"0\">\n<tbody>\n<tr style=\"height: 13.50pt;\">\n<td style=\"height: 13.5pt; width: 54pt; text-align: center;\" width=\"72\" height=\"18\">Kapacit\u00e1s (ml)<\/td>\n<td style=\"width: 54pt; text-align: center;\" width=\"72\">M\u00e9ret (cm)<\/td>\n<td style=\"width: 54pt; text-align: center;\" width=\"72\">\u00c1tm\u00e9r\u0151<\/td>\n<td style=\"width: 54pt; text-align: center;\" width=\"72\">Anyag<\/td>\n<td style=\"width: 54pt; text-align: center;\" width=\"72\">Sz\u00edn<\/td>\n<\/tr>\n<tr style=\"height: 13.50pt;\">\n<td style=\"height: 13.5pt; text-align: center;\" align=\"right\" height=\"18\">550<\/td>\n<td style=\"text-align: center;\">6.6&#215;23.0<\/td>\n<td class=\"et2\" style=\"text-align: center;\" rowspan=\"3\">38 mm<\/td>\n<td class=\"et2\" style=\"text-align: center;\" rowspan=\"3\">Boroszilik\u00e1t<\/td>\n<td class=\"et2\" style=\"text-align: center;\" rowspan=\"3\">Vil\u00e1gos<\/td>\n<\/tr>\n<tr style=\"height: 13.50pt;\">\n<td style=\"height: 13.5pt; text-align: center;\" align=\"right\" height=\"18\">750<\/td>\n<td style=\"text-align: center;\">7.0&#215;27.2<\/td>\n<\/tr>\n<tr style=\"height: 13.50pt;\">\n<td style=\"height: 13.5pt; text-align: center;\" align=\"right\" height=\"18\">1000<\/td>\n<td style=\"text-align: center;\">7.9&#215;29.1<\/td>\n<\/tr>\n<\/tbody>\n<\/table>\n<h2>Sikert\u00f6rt\u00e9net: Egyedi megrendel\u00e9s\u0171 National Health el\u0151fizet\u00e9ses doboz<\/h2>\n<p>Az amerikai eg\u00e9szs\u00e9g\u00fcgyi el\u0151fizet\u00e9ses c\u00e9g a mi 500 ml-es, h\u00fcvellyel ell\u00e1tott vizespalackunkat v\u00e1lasztotta, amelyet neopr\u00e9n h\u00fcvellyel \u00e9s l\u00e9zergrav\u00edrozott, inspir\u00e1l\u00f3 szlogennel szabtak testre. A palackrendszerrel ell\u00e1tott h\u00fcvely nagy teljes\u00edtm\u00e9nyt ny\u00fajtott, mivel a tart\u00f3s boroszilik\u00e1t \u00fcveg kialak\u00edt\u00e1snak k\u00f6sz\u00f6nhet\u0151en az \u00fcgyfelek a v\u00e9dett \u00e9s a v\u00e9delem n\u00e9lk\u00fcli \u00fcvegpalackok k\u00f6z\u00f6tti t\u00f6r\u00e9sek 70%-\u00e1t megakad\u00e1lyozt\u00e1k. A palack kialak\u00edt\u00e1sa egyszer\u0171 tiszt\u00edt\u00e1st tesz lehet\u0151v\u00e9 az \u00edzek meg\u0151rz\u00e9se mellett, aminek eredm\u00e9nyek\u00e9nt az el\u0151fizet\u0151k a nap 95%-\u00e1ban haszn\u00e1lj\u00e1k. Miut\u00e1n sikert arattak megl\u00e9v\u0151 term\u00e9keikkel, tov\u00e1bbi 380 000 palackot rendeltek \u00faj, funkcion\u00e1lis italpor-term\u00e9kcsal\u00e1djuk t\u00e1mogat\u00e1s\u00e1ra.<\/p>\n<h2>Tiszta vizes palack testreszab\u00e1si lehet\u0151s\u00e9gei<\/h2>\n<ul>\n<li>Kupak kialak\u00edt\u00e1s: A term\u00e9k t\u00f6bbf\u00e9le f\u00e9mfel\u00fclettel kaphat\u00f3, bele\u00e9rtve a fekete, arany, roz\u00e9arany \u00e9s bambusz anyagokat.<\/li>\n<li>Testreszabhat\u00f3 palackh\u00fcvelyek: A term\u00e9k h\u00e1romf\u00e9le anyagb\u00f3l k\u00e9sz\u00fclt, neopr\u00e9nb\u0151l, szilikonb\u00f3l \u00e9s sz\u00f6vetb\u0151l k\u00e9sz\u00fclt, m\u00edg a v\u00e1s\u00e1rl\u00f3k k\u00fcl\u00f6nf\u00e9le sz\u00edn-, minta- \u00e9s log\u00f3nyomtat\u00e1si lehet\u0151s\u00e9gek k\u00f6z\u00fcl v\u00e1laszthatnak.<\/li>\n<li>Tartoz\u00e9kok: Kompatibilis tiszt\u00edt\u00f3kef\u00e9kkel, gy\u00fcm\u00f6lcs\u00e1ztat\u00f3 magokkal vagy hordp\u00e1ntokkal.<\/li>\n<\/ul>","protected":false},"excerpt":{"rendered":"<p>\u00c1tl\u00e1tsz\u00f3 kulacs v\u00e9d\u0151h\u00fcvelylel a jobb v\u00e9delem \u00e9rdek\u00e9ben. A gy\u00e1ri k\u00f6zvetlen sz\u00e1ll\u00edt\u00e1s, a k\u00e9sz k\u00e9szlet \u00e9s a gyors sz\u00e1ll\u00edt\u00e1s ide\u00e1liss\u00e1 teszi nagy t\u00e9telben t\u00f6rt\u00e9n\u0151 megrendel\u00e9sekhez \u00e9s kiskereskedelmi t\u00f6lt\u00e9shez.<\/p>","protected":false},"featured_media":24129,"template":"","meta":[],"product_brand":[],"product_cat":[136,123,122],"product_tag":[],"class_list":{"0":"post-24128","1":"product","2":"type-product","3":"status-publish","4":"has-post-thumbnail","6":"product_cat-glass-water-bottles","7":"product_cat-custom-glass-bottles","8":"product_cat-custom-glass-packaging","10":"first","11":"instock","12":"shipping-taxable","13":"product-type-simple"},"jetpack_sharing_enabled":true,"_links":{"self":[{"href":"https:\/\/yebodaglass.com\/hu\/wp-json\/wp\/v2\/product\/24128","targetHints":{"allow":["GET"]}}],"collection":[{"href":"https:\/\/yebodaglass.com\/hu\/wp-json\/wp\/v2\/product"}],"about":[{"href":"https:\/\/yebodaglass.com\/hu\/wp-json\/wp\/v2\/types\/product"}],"version-history":[{"count":5,"href":"https:\/\/yebodaglass.com\/hu\/wp-json\/wp\/v2\/product\/24128\/revisions"}],"predecessor-version":[{"id":25780,"href":"https:\/\/yebodaglass.com\/hu\/wp-json\/wp\/v2\/product\/24128\/revisions\/25780"}],"wp:featuredmedia":[{"embeddable":true,"href":"https:\/\/yebodaglass.com\/hu\/wp-json\/wp\/v2\/media\/24129"}],"wp:attachment":[{"href":"https:\/\/yebodaglass.com\/hu\/wp-json\/wp\/v2\/media?parent=24128"}],"wp:term":[{"taxonomy":"product_brand","embeddable":true,"href":"https:\/\/yebodaglass.com\/hu\/wp-json\/wp\/v2\/product_brand?post=24128"},{"taxonomy":"product_cat","embeddable":true,"href":"https:\/\/yebodaglass.com\/hu\/wp-json\/wp\/v2\/product_cat?post=24128"},{"taxonomy":"product_tag","embeddable":true,"href":"https:\/\/yebodaglass.com\/hu\/wp-json\/wp\/v2\/product_tag?post=24128"}],"curies":[{"name":"wp","href":"https:\/\/api.w.org\/{rel}","templated":true}]}}