{"id":24111,"date":"2025-11-27T12:00:19","date_gmt":"2025-11-27T04:00:19","guid":{"rendered":"https:\/\/yebodaglass.com\/?post_type=product&#038;p=24111"},"modified":"2026-04-13T09:34:01","modified_gmt":"2026-04-13T01:34:01","slug":"28mm-diameter-custom-water-bottles-bulk","status":"publish","type":"product","link":"https:\/\/yebodaglass.com\/hu\/28mm-diameter-custom-water-bottles-bulk\/","title":{"rendered":"28 mm \u00e1tm\u00e9r\u0151j\u0171, egyedi vizespalackok, \u00f6mlesztett kiszerel\u00e9sben, 280 ml \u2013 1000 ml"},"content":{"rendered":"<p>Az egyedi vizespalackok hengeres form\u00e1juk r\u00e9v\u00e9n megfelelnek a modern minimalista formatervez\u00e9s k\u00f6vetelm\u00e9nyeinek. A palackok \u00e1tl\u00e1tsz\u00f3 boroszilik\u00e1t \u00fcvegen kereszt\u00fcl mutatj\u00e1k be \u00f6sszet\u00e9tel\u00fcket, amely nagy tart\u00f3ss\u00e1got \u00e9s h\u0151sokk-v\u00e9delmet biztos\u00edt. A rendszer szabv\u00e1nyos menetes csatlakoz\u00e1st \u00e9s f\u00e9nyes ez\u00fcst f\u00e9m csavaros kupakot haszn\u00e1l, amely hat\u00e9kony t\u00f6m\u00edt\u0151mechanizmust hoz l\u00e9tre.<\/p>\n<h2>Term\u00e9kjellemz\u0151k<\/h2>\n<ul>\n<li><strong>Minimalista hengeres kialak\u00edt\u00e1s:<\/strong> Az egyenes fal\u00fa \u00fcveghenger egyszer\u0171 t\u00e1rol\u00e1st biztos\u00edt, amely tiszt\u00edthat\u00f3 \u00e9s c\u00edmk\u00e9zhet\u0151, mik\u00f6zben meg\u0151rzi alapvet\u0151 kialak\u00edt\u00e1s\u00e1t.<\/li>\n<li><strong>Tart\u00f3s boroszilik\u00e1t \u00fcveg:<\/strong> A boroszilik\u00e1t \u00fcveg anyaga h\u0151sokk-\u00e1ll\u00f3s\u00e1got biztos\u00edt, \u00edgy biztons\u00e1gosan t\u00e1rolhat benne forr\u00f3 \u00e9s hideg italokat is an\u00e9lk\u00fcl, hogy b\u00e1rmilyen szag meg\u0151rz\u0151dne.<\/li>\n<li><strong>St\u00edlusos f\u00e9m csavaros kupak:<\/strong> A magasf\u00e9ny\u0171 ez\u00fcst f\u00e9mkupak modern megjelen\u00e9st k\u00f6lcs\u00f6n\u00f6z, \u00e9s biztons\u00e1gos z\u00e1r\u00f3mechanizmus\u00e1nak k\u00f6sz\u00f6nhet\u0151en v\u00e9d a sziv\u00e1rg\u00e1sokt\u00f3l.<\/li>\n<\/ul>\n<h2>F\u0151bb specifik\u00e1ci\u00f3k<\/h2>\n<table style=\"border-collapse: collapse; width: 80%; margin-left: auto; margin-right: auto;\" border=\"0\" width=\"360\" cellspacing=\"0\" cellpadding=\"0\">\n<tbody>\n<tr style=\"height: 13.50pt;\">\n<td style=\"height: 13.5pt; width: 54pt; text-align: center;\" width=\"72\" height=\"18\">Kapacit\u00e1s (ml)<\/td>\n<td style=\"width: 54pt; text-align: center;\" width=\"72\">M\u00e9ret (cm)<\/td>\n<td style=\"width: 54pt; text-align: center;\" width=\"72\">\u00c1tm\u00e9r\u0151 (mm)<\/td>\n<td style=\"width: 54pt; text-align: center;\" width=\"72\">Anyag<\/td>\n<td style=\"width: 54pt; text-align: center;\" width=\"72\">Sz\u00edn<\/td>\n<\/tr>\n<tr style=\"height: 13.50pt;\">\n<td style=\"height: 13.5pt; text-align: center;\" align=\"right\" height=\"18\">280<\/td>\n<td style=\"text-align: center;\">5,5 x 17,5<\/td>\n<td class=\"et2\" style=\"text-align: center;\" rowspan=\"6\">28<\/td>\n<td class=\"et2\" style=\"text-align: center;\" rowspan=\"6\">Boroszilik\u00e1t<\/td>\n<td class=\"et2\" style=\"text-align: center;\" rowspan=\"6\">Tiszta vagy egy\u00e9ni<\/td>\n<\/tr>\n<tr style=\"height: 13.50pt;\">\n<td style=\"height: 13.5pt; text-align: center;\" align=\"right\" height=\"18\">360<\/td>\n<td style=\"text-align: center;\">6,0 x 19,0<\/td>\n<\/tr>\n<tr style=\"height: 13.50pt;\">\n<td style=\"height: 13.5pt; text-align: center;\" align=\"right\" height=\"18\">450<\/td>\n<td style=\"text-align: center;\">6,6 x 21,5<\/td>\n<\/tr>\n<tr style=\"height: 13.50pt;\">\n<td style=\"height: 13.5pt; text-align: center;\" align=\"right\" height=\"18\">550<\/td>\n<td style=\"text-align: center;\">6,6 x 22,5<\/td>\n<\/tr>\n<tr style=\"height: 13.50pt;\">\n<td style=\"height: 13.5pt; text-align: center;\" align=\"right\" height=\"18\">750<\/td>\n<td style=\"text-align: center;\">7,0 x 25,9<\/td>\n<\/tr>\n<tr style=\"height: 13.50pt;\">\n<td style=\"height: 13.5pt; text-align: center;\" align=\"right\" height=\"18\">1000<\/td>\n<td style=\"text-align: center;\">7,9 x 27,8<\/td>\n<\/tr>\n<\/tbody>\n<\/table>\n<h2>Sikert\u00f6rt\u00e9net: Egyedi megrendel\u00e9s egy nyugati parti wellnessm\u00e1rk\u00e1t\u00f3l<\/h2>\n<p>Egy kaliforniai wellness el\u0151fizet\u00e9ses dobozokat gy\u00e1rt\u00f3 c\u00e9g a mi 500 ml-es, egyedi vizespalackjainkat v\u00e1lasztotta, melyeket saj\u00e1t tervez\u00e9s\u0171, szitanyomott c\u00edmk\u00e9kkel \u00e9s fekete szilikon h\u00fcvelyekkel l\u00e1ttak el. Az egyedi palackok kiv\u00e9teles eredm\u00e9nyeket hoztak, mivel az \u00fcgyfelek szerint a boroszilik\u00e1t \u00fcveg anyag 60%-kal alacsonyabb t\u00f6r\u00e9si ar\u00e1nnyal rendelkezik, mint a hagyom\u00e1nyos sz\u00f3da\u00fcveg palackok. Azok az el\u0151fizet\u0151k, akik megtapasztalt\u00e1k a pr\u00e9mium szolg\u00e1ltat\u00e1st \u00e9s a szem\u00e9lyre szabott interakci\u00f3kat, 40%-kal n\u00f6velt\u00e9k az \u00fcgyf\u00e9lmegtart\u00e1st. A v\u00e1llalat tov\u00e1bbi sikereket \u00e9rt el, amikor 350 000 vizespalackot v\u00e1s\u00e1rolt, hogy t\u00e1mogassa adaptog\u00e9n tartalm\u00fa italokat is tartalmaz\u00f3 term\u00e9kcsal\u00e1dj\u00e1t.<\/p>\n<h2>\u00d6mlesztett vizespalackok testreszab\u00e1si javaslatai<\/h2>\n<ul>\n<li>Kupak kialak\u00edt\u00e1s: A term\u00e9k t\u00f6bbf\u00e9le f\u00e9m kivitelben kaphat\u00f3, bele\u00e9rtve az arany, roz\u00e9arany, fekete \u00e9s r\u00e9z sz\u00ednt, valamint a bambusz anyag kombin\u00e1ci\u00f3j\u00e1t.<\/li>\n<li>Kieg\u00e9sz\u00edt\u0151k: A v\u00e1s\u00e1rl\u00f3k v\u00e1laszthatnak a jobb tapad\u00e1st \u00e9s szigetel\u00e9st biztos\u00edt\u00f3 szilikonh\u00fcvelyek vagy az egyedi foganty\u00fak k\u00f6z\u00fcl.<\/li>\n<li>Be\u00e9p\u00edtett sz\u0171r\u0151: A term\u00e9k levehet\u0151 sz\u0171r\u0151vel rendelkezik, amely \u00fcveg vagy rozsdamentes ac\u00e9l felhaszn\u00e1l\u00e1s\u00e1val sz\u0171ri a hozz\u00e1adott gy\u00fcm\u00f6lcs\u00f6ket, gy\u00f3gyn\u00f6v\u00e9nyeket \u00e9s te\u00e1t.<\/li>\n<\/ul>","protected":false},"excerpt":{"rendered":"<p>A 28 mm \u00e1tm\u00e9r\u0151j\u0171, egyedi vizespalackok k\u00f6zvetlen gy\u00e1ri sz\u00e1ll\u00edt\u00e1sa megb\u00edzhat\u00f3 nagykereskedelmi vizespalack-megold\u00e1st k\u00edn\u00e1l k\u00fcl\u00f6nf\u00e9le italt\u00f6lt\u00e9si ig\u00e9nyekhez. Ingyenes minta.<\/p>","protected":false},"featured_media":24112,"template":"","meta":[],"product_brand":[],"product_cat":[136,123,122],"product_tag":[],"class_list":{"0":"post-24111","1":"product","2":"type-product","3":"status-publish","4":"has-post-thumbnail","6":"product_cat-glass-water-bottles","7":"product_cat-custom-glass-bottles","8":"product_cat-custom-glass-packaging","10":"first","11":"instock","12":"shipping-taxable","13":"product-type-simple"},"jetpack_sharing_enabled":true,"_links":{"self":[{"href":"https:\/\/yebodaglass.com\/hu\/wp-json\/wp\/v2\/product\/24111","targetHints":{"allow":["GET"]}}],"collection":[{"href":"https:\/\/yebodaglass.com\/hu\/wp-json\/wp\/v2\/product"}],"about":[{"href":"https:\/\/yebodaglass.com\/hu\/wp-json\/wp\/v2\/types\/product"}],"version-history":[{"count":5,"href":"https:\/\/yebodaglass.com\/hu\/wp-json\/wp\/v2\/product\/24111\/revisions"}],"predecessor-version":[{"id":25752,"href":"https:\/\/yebodaglass.com\/hu\/wp-json\/wp\/v2\/product\/24111\/revisions\/25752"}],"wp:featuredmedia":[{"embeddable":true,"href":"https:\/\/yebodaglass.com\/hu\/wp-json\/wp\/v2\/media\/24112"}],"wp:attachment":[{"href":"https:\/\/yebodaglass.com\/hu\/wp-json\/wp\/v2\/media?parent=24111"}],"wp:term":[{"taxonomy":"product_brand","embeddable":true,"href":"https:\/\/yebodaglass.com\/hu\/wp-json\/wp\/v2\/product_brand?post=24111"},{"taxonomy":"product_cat","embeddable":true,"href":"https:\/\/yebodaglass.com\/hu\/wp-json\/wp\/v2\/product_cat?post=24111"},{"taxonomy":"product_tag","embeddable":true,"href":"https:\/\/yebodaglass.com\/hu\/wp-json\/wp\/v2\/product_tag?post=24111"}],"curies":[{"name":"wp","href":"https:\/\/api.w.org\/{rel}","templated":true}]}}