{"id":24110,"date":"2025-11-27T09:30:57","date_gmt":"2025-11-27T01:30:57","guid":{"rendered":"https:\/\/yebodaglass.com\/?post_type=product&#038;p=24110"},"modified":"2025-11-27T10:43:48","modified_gmt":"2025-11-27T02:43:48","slug":"bulk-round-glass-pantry-storage-jars-with-airtight-lids","status":"publish","type":"product","link":"https:\/\/yebodaglass.com\/hu\/bulk-round-glass-pantry-storage-jars-with-airtight-lids\/","title":{"rendered":"T\u00f6meges kerek \u00fcveg kamra t\u00e1rol\u00f3ed\u00e9nyek l\u00e9gmentesen z\u00e1r\u00f3d\u00f3 fed\u00e9llel 150ml 380ml 500ml"},"content":{"rendered":"<p data-start=\"66\" data-end=\"288\">Ezek az \u00fcveg kamrai t\u00e1rol\u00f3ed\u00e9nyek egyszer\u0171, m\u00e9gis st\u00edlusos, sima, kerek form\u00e1ban kaphat\u00f3k, teljes eg\u00e9sz\u00e9ben \u00e1tl\u00e1tsz\u00f3 \u00fcvegb\u0151l. Minden \u00fcveghez egy eleg\u00e1ns, r\u00e1pattinthat\u00f3 f\u00e9m \u00fcvegfed\u00e9l \u00e9s egy z\u00e1r\u00f3kupak tartozik. A l\u00e1gy, \u00edvelt forma biztosan feldobja b\u00e1rmelyik t\u00e1rol\u00f3szekr\u00e9ny s\u00f6t\u00e9t sark\u00e1t.<\/p>\n<h2>Term\u00e9kjellemz\u0151k<\/h2>\n<ul>\n<li><strong>R\u00e1pattinthat\u00f3 t\u00f6m\u00edt\u00e9s kialak\u00edt\u00e1sa:<\/strong> A f\u00e9mb\u0151l k\u00e9sz\u00fclt, r\u00e1pattinthat\u00f3 z\u00e1r\u00f3kupak j\u00f3 t\u00f6m\u00edt\u00e9si teljes\u00edtm\u00e9nyt biztos\u00edt, \u00edgy hat\u00e9konyan megakad\u00e1lyozza a nedvess\u00e9g bejut\u00e1s\u00e1t \u00e9s frissen tartja a t\u00e1rolt dolgokat. A z\u00e1r\u00e1s \u00e9s nyit\u00e1s nagyon egyszer\u0171, \u00e9s m\u00e1sodpercek alatt elv\u00e9gezhet\u0151.<\/li>\n<li><strong>K\u00fcl\u00f6nb\u00f6z\u0151 m\u00e9retek sz\u00e9les talppal:<\/strong> A kerek t\u00e1rol\u00f3ed\u00e9nyek k\u00e9szlete kis, k\u00f6zepes \u00e9s nagy m\u00e9retekben kaphat\u00f3, amelyek k\u00fcl\u00f6nb\u00f6z\u0151 m\u00e9ret\u0171 t\u00e1rgyakhoz haszn\u00e1lhat\u00f3k, \u00e9s a b\u00e1jos diz\u00e1jn is sz\u00e9p.<\/li>\n<li><strong>K\u00e9nyelmes \u00e9s biztons\u00e1gos:<\/strong> A doboz sz\u00e9les alapja nagyon stabill\u00e1 teszi, \u00e9s kisebb a val\u00f3sz\u00edn\u0171s\u00e9ge, hogy felborul. Az \u00fcveg lekerek\u00edtett, sima vonalai helyet takar\u00edtanak meg, \u00edgy nagyszer\u0171ek konyh\u00e1kba, konyhapultokra \u00e9s b\u00e1rmilyen m\u00e1s t\u00e1rol\u00e1si k\u00f6rnyezetbe.<\/li>\n<\/ul>\n<h2 style=\"text-align: left;\">F\u0151bb specifik\u00e1ci\u00f3k<\/h2>\n<table class=\"aligncenter\" style=\"border-collapse: collapse; width: 521.27pt;\" border=\"0\" width=\"695\" cellspacing=\"0\" cellpadding=\"0\">\n<tbody>\n<tr style=\"height: 13.50pt;\">\n<td style=\"height: 13.50pt; width: 99.75pt;\" width=\"133\" height=\"18\">Jellemz\u0151<\/td>\n<td style=\"width: 421.50pt;\" width=\"562\">R\u00e9szletek<\/td>\n<\/tr>\n<tr style=\"height: 13.50pt;\">\n<td style=\"height: 13.50pt;\" height=\"18\">M\u00e9retek<\/td>\n<td>150 ml: 7,6 \u00d7 7,8 cm \/ 380 ml: 9,5 \u00d7 9,8 cm \/ 500 ml: 11 \u00d7 10,5 cm<\/td>\n<\/tr>\n<tr style=\"height: 13.50pt;\">\n<td style=\"height: 13.50pt;\" height=\"18\">Anyag<\/td>\n<td>\u00c1tl\u00e1tsz\u00f3 sz\u00f3da-lime \u00fcveged\u00e9ny + edzett \u00fcveg fed\u00e9l<\/td>\n<\/tr>\n<tr style=\"height: 13.50pt;\">\n<td style=\"height: 13.50pt;\" height=\"18\">Alkalmas<\/td>\n<td>l\u00e9gmentesen z\u00e1r\u00f3d\u00f3 \u00fcveged\u00e9ny, \u00fcveg t\u00e1rol\u00f3ed\u00e9nyek<\/td>\n<\/tr>\n<\/tbody>\n<\/table>\n<h2>Sikert\u00f6rt\u00e9net: Egy \u00ednyenc c\u00e9g kiskereskedelmi sikert\u00f6rt\u00e9nete<\/h2>\n<p>Egy speci\u00e1lis \u00e9lelmiszeripari v\u00e1llalat olyan csomagol\u00e1st keresett, amely kiemeli term\u00e9keit a versenyt\u00e1rsak s\u00fcti- \u00e9s snackpolcai k\u00f6z\u00fcl. Ennek eredm\u00e9nyek\u00e9nt a mi 500 ml-es kamr\u00e1s \u00fcvegt\u00e1rol\u00f3 bef\u0151ttes\u00fcvegeinket v\u00e1lasztott\u00e1k a pr\u00e9mium term\u00e9kcsal\u00e1djukhoz. A z\u00e1r\u00f3kupak szerepe volt a legfontosabb \u2013 40%-kal meghosszabb\u00edtotta a p\u00e9k\u00e1ruk eltarthat\u00f3s\u00e1g\u00e1t. A m\u00e1rk\u00e1jukhoz gyorsan kapcsol\u00f3d\u00f3 szerethet\u0151 \u201epuf\u00f3k\u201d megjelen\u00e9snek k\u00f6sz\u00f6nhet\u0151en az impulzusv\u00e1s\u00e1rl\u00e1saik 35%-kal n\u0151ttek. Ennek a figyelemre m\u00e9lt\u00f3 teljes\u00edtm\u00e9nynek k\u00f6sz\u00f6nhet\u0151en tov\u00e1bbi t\u00f6bb mint 300 000 bef\u0151ttes\u00fcveget rendeltek, hogy folytass\u00e1k terjeszked\u00e9s\u00fcket az orsz\u00e1gos kiskereskedelmi l\u00e1ncban.<\/p>\n<h2>\u00dcveg t\u00e1rol\u00f3ed\u00e9nyek testreszab\u00e1si lehet\u0151s\u00e9gei<\/h2>\n<ul>\n<li>Matt \u00fcvegfel\u00fclet \u2013 Az eleg\u00e1ns matt megjelen\u00e9s savas marat\u00e1s eredm\u00e9nye.<\/li>\n<li>Sz\u00ednes t\u00f6m\u00edt\u0151gy\u0171r\u0171 opci\u00f3k \u2013 A szilikon t\u00f6m\u00edt\u0151gy\u0171r\u0171k a m\u00e1rk\u00e1d sz\u00edneiben kaphat\u00f3k.<\/li>\n<li>Kapacit\u00e1sr\u00e1cs \u2013 Helyezzen el hasznos beoszt\u00e1sokat a k\u00e9nyelmes felhaszn\u00e1l\u00f3k\u00f6vet\u00e9s \u00e9rdek\u00e9ben.<\/li>\n<li>Egyedi forma \u2013 M\u00f3dos\u00edtsa a \u201epuf\u00f3k\u201d forma g\u00f6rb\u00fclet\u00e9nek m\u00e9rt\u00e9k\u00e9t, hogy m\u00e1s m\u00e1rkaim\u00e1zst mutasson be.<\/li>\n<li>Matt bevonat \u2013 Teljes fel\u00fclet\u0171, puha tapint\u00e1s\u00fa bevonat a folyamatos fog\u00e1s\u00e9rt \u00e9s a vizu\u00e1lis \u00e9lvezet\u00e9rt.<\/li>\n<\/ul>\n<p>Feldobn\u00e1d a t\u00e1rol\u00e1si szok\u00e1saidat? Nagykereskedelmi \u00e1rat is megv\u00e1s\u00e1rolhatsz ezekt\u0151l a gy\u00f6ny\u00f6r\u0171, l\u00e9gmentesen z\u00e1r\u00f3d\u00f3 \u00fcvegekt\u0151l, ha m\u00e9g ma felveszed vel\u00fcnk a kapcsolatot.<\/p>","protected":false},"excerpt":{"rendered":"<p>Tartsa rendben kamr\u00e1j\u00e1t l\u00e9gmentesen z\u00e1r\u00f3d\u00f3 \u00fcveged\u00e9ny\u00fcnkkel. Tart\u00f3s \u00e9s tiszta \u00fcveg kamrai t\u00e1rol\u00f3ed\u00e9nyek t\u00f6bbf\u00e9le m\u00e9retben, gyors sz\u00e1ll\u00edt\u00e1ssal.<\/p>","protected":false},"featured_media":24120,"template":"","meta":[],"product_brand":[],"product_cat":[122,134,124],"product_tag":[],"class_list":{"0":"post-24110","1":"product","2":"type-product","3":"status-publish","4":"has-post-thumbnail","6":"product_cat-custom-glass-packaging","7":"product_cat-airtight-jars","8":"product_cat-custom-glass-jars","10":"first","11":"instock","12":"shipping-taxable","13":"product-type-simple"},"jetpack_sharing_enabled":true,"_links":{"self":[{"href":"https:\/\/yebodaglass.com\/hu\/wp-json\/wp\/v2\/product\/24110","targetHints":{"allow":["GET"]}}],"collection":[{"href":"https:\/\/yebodaglass.com\/hu\/wp-json\/wp\/v2\/product"}],"about":[{"href":"https:\/\/yebodaglass.com\/hu\/wp-json\/wp\/v2\/types\/product"}],"version-history":[{"count":4,"href":"https:\/\/yebodaglass.com\/hu\/wp-json\/wp\/v2\/product\/24110\/revisions"}],"predecessor-version":[{"id":24188,"href":"https:\/\/yebodaglass.com\/hu\/wp-json\/wp\/v2\/product\/24110\/revisions\/24188"}],"wp:featuredmedia":[{"embeddable":true,"href":"https:\/\/yebodaglass.com\/hu\/wp-json\/wp\/v2\/media\/24120"}],"wp:attachment":[{"href":"https:\/\/yebodaglass.com\/hu\/wp-json\/wp\/v2\/media?parent=24110"}],"wp:term":[{"taxonomy":"product_brand","embeddable":true,"href":"https:\/\/yebodaglass.com\/hu\/wp-json\/wp\/v2\/product_brand?post=24110"},{"taxonomy":"product_cat","embeddable":true,"href":"https:\/\/yebodaglass.com\/hu\/wp-json\/wp\/v2\/product_cat?post=24110"},{"taxonomy":"product_tag","embeddable":true,"href":"https:\/\/yebodaglass.com\/hu\/wp-json\/wp\/v2\/product_tag?post=24110"}],"curies":[{"name":"wp","href":"https:\/\/api.w.org\/{rel}","templated":true}]}}