{"id":24100,"date":"2025-11-26T12:11:49","date_gmt":"2025-11-26T04:11:49","guid":{"rendered":"https:\/\/yebodaglass.com\/?post_type=product&#038;p=24100"},"modified":"2026-04-15T15:15:39","modified_gmt":"2026-04-15T07:15:39","slug":"bulk-food-storage-glass-jars-with-airtight-clamp-lids","status":"publish","type":"product","link":"https:\/\/yebodaglass.com\/hu\/bulk-food-storage-glass-jars-with-airtight-clamp-lids\/","title":{"rendered":"Nagy kiszerel\u00e9s\u0171 \u00e9lelmiszert\u00e1rol\u00f3 \u00fcvegek l\u00e9gmentesen z\u00e1r\u00f3d\u00f3 kupakkal 80 ml \u2013 350 ml"},"content":{"rendered":"<p data-start=\"66\" data-end=\"288\">A t\u00e1rol\u00f3 \u00fcveged\u00e9nyek hengeres kialak\u00edt\u00e1s\u00faak, \u00e1tl\u00e1tsz\u00f3 \u00fcvegb\u0151l k\u00e9sz\u00fclnek, \u00e9s hagyom\u00e1nyos rozsdamentes ac\u00e9lb\u00f3l k\u00e9sz\u00fclt, patentkapcsos fed\u00e9llel rendelkeznek, amely er\u0151s f\u00e9mkapcsokat \u00e9s gumi t\u00f6m\u00edt\u0151gy\u0171r\u0171ket haszn\u00e1l a teljesen l\u00e9gmentes z\u00e1r\u00e1s \u00e9rdek\u00e9ben.<\/p>\n<h2>Term\u00e9kjellemz\u0151k<\/h2>\n<ul>\n<li><strong>Val\u00f3di t\u00f6m\u00edt\u00e9sv\u00e9delem:<\/strong> A r\u00e1pattinthat\u00f3 fed\u00e9l a gumit\u00f6m\u00edt\u00e9ssel egy\u00fctt teljesen megakad\u00e1lyozza az oxig\u00e9n \u00e9s a nedvess\u00e9g \u00e1tjut\u00e1s\u00e1t, \u00edgy a k\u00e1v\u00e9, a liszt, a f\u0171szerek vagy a tea hosszabb ideig friss marad.<\/li>\n<li><strong>Sz\u00e9les nyit\u00e1s\u00fa funkci\u00f3 az egyszer\u0171 felt\u00f6lt\u00e9shez \u00e9s tiszt\u00edt\u00e1shoz:<\/strong> A sz\u00e9les ny\u00edl\u00e1snak k\u00f6sz\u00f6nhet\u0151en k\u00f6nnyen kanalazhatsz, \u00f6nthetsz vagy t\u00f6r\u00f6lhetsz, \u00edgy az \u00fcvegek felhaszn\u00e1l\u00f3bar\u00e1tabbak.<\/li>\n<li><strong>Bar\u00e1ts\u00e1gos \u00e9s hossz\u00fa \u00e9lettartam ezekkel az \u00fcvegekkel:<\/strong> Er\u0151s \u00fcvegb\u0151l k\u00e9sz\u00fcltek, ezek a t\u00e1rol\u00f3ed\u00e9nyek mosogat\u00f3g\u00e9pben is moshat\u00f3k, \u00edgy minden napi haszn\u00e1lat ut\u00e1n nagyon gyorsan kitiszt\u00edthat\u00f3k mos\u00f3g\u00e9pben.<\/li>\n<\/ul>\n<h2 style=\"text-align: left;\">F\u0151bb specifik\u00e1ci\u00f3k<\/h2>\n<table class=\"aligncenter\" style=\"border-collapse: collapse; width: 807.02pt;\" border=\"0\" width=\"1076\" cellspacing=\"0\" cellpadding=\"0\">\n<tbody>\n<tr style=\"height: 13.50pt;\">\n<td style=\"height: 13.50pt; width: 99.75pt;\" width=\"133\" height=\"18\">Jellemz\u0151<\/td>\n<td style=\"width: 707.25pt;\" width=\"943\">R\u00e9szletek<\/td>\n<\/tr>\n<tr style=\"height: 13.50pt;\">\n<td style=\"height: 13.50pt;\" height=\"18\">M\u00e9ret \u00e9s kapacit\u00e1s<\/td>\n<td>80 ml: 6,1 \u00d7 7,3 cm \/ 100 ml: 6,3 \u00d7 7,1 cm \/ 150 ml: 7,5 \u00d7 7,2 cm \/ 180 ml: 7,9 \u00d7 8,1 cm \/ 200 ml: 7,6 \u00d7 8,2 cm \/ 220 ml: 7,6 \u00d7 9 cm \/ 300 ml: 7,8 \u00d7 10,3 cm \/ 350 ml: 9,2 \u00d7 9,7 cm<\/td>\n<\/tr>\n<tr style=\"height: 13.50pt;\">\n<td style=\"height: 13.50pt;\" height=\"18\">Anyag<\/td>\n<td>\u00c1tl\u00e1tsz\u00f3 sz\u00f3da-lime \u00fcveged\u00e9ny + edzett \u00fcveg fed\u00e9l<\/td>\n<\/tr>\n<tr style=\"height: 13.50pt;\">\n<td style=\"height: 13.50pt;\" height=\"18\">Alkalmas<\/td>\n<td>T\u00e1rol\u00f3 \u00fcvegek, \u00e9lelmiszert\u00e1rol\u00f3 \u00fcvegek<\/td>\n<\/tr>\n<\/tbody>\n<\/table>\n<h2>Sikert\u00f6rt\u00e9net: Egyedi megrendel\u00e9s egy orsz\u00e1gos k\u00e1v\u00e9z\u00f3l\u00e1nct\u00f3l<\/h2>\n<p>Az amerikai k\u00e1v\u00e9z\u00f3l\u00e1nc a mi \u00e9lelmiszeripari min\u0151s\u00e9g\u0171 \u00fcvegeinket v\u00e1lasztotta k\u00e1v\u00e9bab t\u00e1rol\u00e1s\u00e1ra, melyeket r\u00e9zkapcsokkal \u00e9s szitanyomott p\u00f6rk\u00f6l\u00e9si d\u00e1tumokkal l\u00e1tott el. Az egyedi, \u00e9lelmiszeripari min\u0151s\u00e9g\u0171 \u00fcvegek kiemelked\u0151 teljes\u00edtm\u00e9nyt \u00e9rtek el, mivel a zacsk\u00f3s k\u00e1v\u00e9hoz k\u00e9pest 50%-kal meghosszabb\u00edtott\u00e1k a k\u00e1v\u00e9bab eltarthat\u00f3s\u00e1g\u00e1t, \u00e9s 60%-kal cs\u00f6kkentett\u00e9k a t\u00f6r\u00e9si ar\u00e1nyt a kor\u00e1bbi t\u00e1rol\u00f3ed\u00e9nyekhez k\u00e9pest. Kor\u00e1bbi sikeres tapasztalataikra \u00e9p\u00edtve tov\u00e1bbi 350 000 \u00fcvegre vonatkoz\u00f3 megrendel\u00e9st adtak le \u00faj k\u00fcl\u00f6nleges tea term\u00e9kcsal\u00e1djuk t\u00e1mogat\u00e1s\u00e1ra.<\/p>\n<h2>T\u00e1rol\u00f3 \u00fcveged\u00e9nyek testreszab\u00e1si lehet\u0151s\u00e9gei<\/h2>\n<ul>\n<li>Szem\u00e9lyre szabott kupakkidolgoz\u00e1sok \u2013 Az elit aur\u00e1t \u00e1raszt\u00f3 \u00fcveg kupakj\u00e1hoz r\u00e9z, arany vagy fekete csat v\u00e1laszthat\u00f3.<\/li>\n<li>Az \u00fcvegek szilikon t\u00f6m\u00edt\u00e9sei k\u00fcl\u00f6nb\u00f6z\u0151 sz\u00ednekkel vannak festve \u2013 V\u00e1lasszon olyan t\u00f6m\u00edt\u00e9seket, amelyek megfelelnek a m\u00e1rk\u00e1ja sz\u00edneinek.<\/li>\n<li>Testreszabott \u00fcvegform\u00e1k \u2013 M\u00f3dos\u00edtsa az \u00fcveg alakj\u00e1t, hogy egyedi megjelen\u00e9st k\u00f6lcs\u00f6n\u00f6zz\u00f6n neki<\/li>\n<\/ul>","protected":false},"excerpt":{"rendered":"<p>Fedezze fel a pr\u00e9mium t\u00e1rol\u00f3 \u00fcvegeket, amelyek \u00e1tl\u00e1tsz\u00f3, vastag \u00fcvegb\u0151l k\u00e9sz\u00fcltek. L\u00e9gmentesen l\u00e9gmentesen z\u00e1r\u00f3d\u00f3 \u00e9lelmiszert\u00e1rol\u00f3 \u00fcvegeink hosszan tart\u00f3 frissess\u00e9get \u00e9s ingyenes mint\u00e1kat biztos\u00edtanak.<\/p>","protected":false},"featured_media":24101,"template":"","meta":[],"product_brand":[],"product_cat":[134,124,122],"product_tag":[],"class_list":{"0":"post-24100","1":"product","2":"type-product","3":"status-publish","4":"has-post-thumbnail","6":"product_cat-airtight-jars","7":"product_cat-custom-glass-jars","8":"product_cat-custom-glass-packaging","10":"first","11":"instock","12":"shipping-taxable","13":"product-type-simple"},"jetpack_sharing_enabled":true,"_links":{"self":[{"href":"https:\/\/yebodaglass.com\/hu\/wp-json\/wp\/v2\/product\/24100","targetHints":{"allow":["GET"]}}],"collection":[{"href":"https:\/\/yebodaglass.com\/hu\/wp-json\/wp\/v2\/product"}],"about":[{"href":"https:\/\/yebodaglass.com\/hu\/wp-json\/wp\/v2\/types\/product"}],"version-history":[{"count":5,"href":"https:\/\/yebodaglass.com\/hu\/wp-json\/wp\/v2\/product\/24100\/revisions"}],"predecessor-version":[{"id":25787,"href":"https:\/\/yebodaglass.com\/hu\/wp-json\/wp\/v2\/product\/24100\/revisions\/25787"}],"wp:featuredmedia":[{"embeddable":true,"href":"https:\/\/yebodaglass.com\/hu\/wp-json\/wp\/v2\/media\/24101"}],"wp:attachment":[{"href":"https:\/\/yebodaglass.com\/hu\/wp-json\/wp\/v2\/media?parent=24100"}],"wp:term":[{"taxonomy":"product_brand","embeddable":true,"href":"https:\/\/yebodaglass.com\/hu\/wp-json\/wp\/v2\/product_brand?post=24100"},{"taxonomy":"product_cat","embeddable":true,"href":"https:\/\/yebodaglass.com\/hu\/wp-json\/wp\/v2\/product_cat?post=24100"},{"taxonomy":"product_tag","embeddable":true,"href":"https:\/\/yebodaglass.com\/hu\/wp-json\/wp\/v2\/product_tag?post=24100"}],"curies":[{"name":"wp","href":"https:\/\/api.w.org\/{rel}","templated":true}]}}