{"id":24084,"date":"2025-11-26T11:40:59","date_gmt":"2025-11-26T03:40:59","guid":{"rendered":"https:\/\/yebodaglass.com\/?post_type=product&#038;p=24084"},"modified":"2026-03-12T18:03:24","modified_gmt":"2026-03-12T10:03:24","slug":"custom-design-water-bottles-with-silicone-sleeve","status":"publish","type":"product","link":"https:\/\/yebodaglass.com\/hu\/custom-design-water-bottles-with-silicone-sleeve\/","title":{"rendered":"Egyedi tervez\u00e9s\u0171 \u00fcveg vizespalackok szilikon h\u00fcvellyel 250ml 350ml 500ml"},"content":{"rendered":"<p>Ezek az egyedi tervez\u00e9s\u0171 vizespalackok magas, hengeres \u00fcvegform\u00e1val rendelkeznek, v\u00e9kony nyakkal \u00e9s sima testtel, valamint biztons\u00e1gos alum\u00ednium tetejjel. Az \u00e1tl\u00e1tsz\u00f3 jellegnek k\u00f6sz\u00f6nhet\u0151en az iv\u00f3palackok el\u00e9g letisztultnak \u00e9s modernnek t\u0171nnek ahhoz, hogy gy\u00fcm\u00f6lcsl\u00e9vel, te\u00e1val, tejjel \u00e9s turmixokkal, valamint egy\u00e9b italokkal haszn\u00e1lj\u00e1k. A palackok hordozhat\u00f3ak \u00e9s k\u00e9nyelmesen haszn\u00e1lhat\u00f3k mindennapi hidrat\u00e1l\u00e1shoz, sportol\u00e1shoz, k\u00e1v\u00e9z\u00f3kban, gy\u00fcm\u00f6lcsl\u00e9 m\u00e1rk\u00e1khoz \u00e9s kiskereskedelmi csomagol\u00e1sban.<\/p>\n<p>A sziv\u00e1rg\u00e1smentes fed\u00e9l menettel van r\u00f6gz\u00edtve, ami lehet\u0151v\u00e9 teszi a term\u00e9k biztons\u00e1gos sz\u00e1ll\u00edt\u00e1s\u00e1t; az olyan kieg\u00e9sz\u00edt\u0151k, mint a szilikon tok \u00e9s a hordoz\u00f3hurok, csak n\u00e9h\u00e1ny p\u00e9lda azokra a divatos kieg\u00e9sz\u00edt\u0151kre, amelyekkel a felhaszn\u00e1l\u00f3k megk\u00f6nny\u00edthetik a palack hordoz\u00e1s\u00e1t, \u00e9s minden haszn\u00e1lat sor\u00e1n k\u00e9nyelmes t\u00e1rsukk\u00e1 alak\u00edthatj\u00e1k a palackot. Az \u00fajrafelhaszn\u00e1lhat\u00f3 \u00e9s k\u00f6rnyezetbar\u00e1t \u00fcveg vizestart\u00e1lyok nagyszer\u0171 eszk\u00f6zt jelentenek a hidrat\u00e1lts\u00e1g fenntart\u00e1s\u00e1ra \u00e9s az egyszer haszn\u00e1latos m\u0171anyagok minimaliz\u00e1l\u00e1s\u00e1ra.<\/p>\n<h2>F\u0151bb specifik\u00e1ci\u00f3k<\/h2>\n<table style=\"border-collapse: collapse; width: 80%; margin-left: auto; margin-right: auto;\" border=\"0\" width=\"868\" cellspacing=\"0\" cellpadding=\"0\">\n<tbody>\n<tr style=\"height: 13.50pt;\">\n<td style=\"height: 13.50pt; width: 138.00pt;\" width=\"184\" height=\"18\">Term\u00e9k<\/td>\n<td style=\"width: 513.00pt;\" width=\"684\">egyedi tervez\u00e9s\u0171 vizes palack<\/td>\n<\/tr>\n<tr style=\"height: 13.50pt;\">\n<td style=\"height: 13.50pt; width: 138.00pt;\" width=\"184\" height=\"18\">Kapacit\u00e1sbe\u00e1ll\u00edt\u00e1sok<\/td>\n<td style=\"width: 513.00pt;\" width=\"684\">250 ml \/ 350 ml \/ 500 ml<\/td>\n<\/tr>\n<tr style=\"height: 13.50pt;\">\n<td style=\"height: 13.50pt;\" height=\"18\">Palack anyaga<\/td>\n<td>\u00d3lommentes sz\u00f3da\u00fcveg<\/td>\n<\/tr>\n<tr style=\"height: 13.50pt;\">\n<td style=\"height: 13.50pt;\" height=\"18\">Fed\u00e9l anyaga<\/td>\n<td>Alum\u00ednium fed\u00e9l t\u00f6m\u00edt\u0151 b\u00e9l\u00e9ssel<\/td>\n<\/tr>\n<tr style=\"height: 13.50pt;\">\n<td style=\"height: 13.50pt;\" height=\"18\">Palack sz\u00e1ja<\/td>\n<td>30 mm bels\u0151 \u00e1tm\u00e9r\u0151<\/td>\n<\/tr>\n<tr style=\"height: 13.50pt;\">\n<td style=\"height: 13.50pt;\" height=\"18\">Szerkezet<\/td>\n<td>V\u00e9kony, hengeres \u00fcvegpalack<\/td>\n<\/tr>\n<tr style=\"height: 13.50pt;\">\n<td style=\"height: 13.50pt;\" height=\"18\">T\u00f6m\u00edt\u00e9s t\u00edpusa<\/td>\n<td>Menetes, sziv\u00e1rg\u00e1smentes kupak vastag t\u00f6m\u00edt\u0151gy\u0171r\u0171vel<\/td>\n<\/tr>\n<tr style=\"height: 13.50pt;\">\n<td style=\"height: 13.50pt;\" height=\"18\">Opcion\u00e1lis tartoz\u00e9kok<\/td>\n<td>Szilikon tok, hordf\u00fcl, m\u00e9r\u00e9si jel\u00f6l\u00e9sek<\/td>\n<\/tr>\n<tr style=\"height: 13.50pt;\">\n<td style=\"height: 13.50pt;\" height=\"18\">Egy\u00e9ni be\u00e1ll\u00edt\u00e1sok<\/td>\n<td>Log\u00f3nyomtat\u00e1s, palack sz\u00edne, fed\u00e9l st\u00edlusa, szilikon bor\u00edt\u00e1s, csomagol\u00f3doboz<\/td>\n<\/tr>\n<tr style=\"height: 13.50pt;\">\n<td style=\"height: 13.50pt;\" height=\"18\">Alkalmaz\u00e1sok<\/td>\n<td>Gy\u00fcm\u00f6lcslevek, te\u00e1k, tej, turmixok, \u00fajrafelhaszn\u00e1lhat\u00f3 poh\u00e1r v\u00edz<\/td>\n<\/tr>\n<\/tbody>\n<\/table>\n<h2>Term\u00e9k kiemelt jellemz\u0151i<\/h2>\n<ol>\n<li><strong>Minimalista \/ hordozhat\u00f3 kialak\u00edt\u00e1s<\/strong>A kulacsok karcs\u00fa \u00e9s k\u00f6nny\u0171 form\u00e1j\u00faak, \u00edgy b\u00e1rmilyen sport- vagy ing\u00e1z\u00f3t\u00e1sk\u00e1ba elf\u00e9rnek, \u00edgy ide\u00e1lis v\u00e1laszt\u00e1s a napi v\u00edzbevitel fenntart\u00e1s\u00e1hoz.<\/li>\n<li><strong>K\u00f6rnyezetbar\u00e1t, \u00fajrafelhaszn\u00e1lhat\u00f3 megold\u00e1s<\/strong>Ezek a k\u00f6rnyezetbar\u00e1t \u00e9s \u00fajrafelhaszn\u00e1lhat\u00f3 tart\u00e1lyok seg\u00edtik a fogyaszt\u00f3kat a fenntarthat\u00f3 hidrat\u00e1l\u00e1sban \u00e9s a m\u0171anyag palackok fogyaszt\u00e1s\u00e1nak cs\u00f6kkent\u00e9s\u00e9ben.<\/li>\n<li><strong>Sziv\u00e1rg\u00e1smentes \u00e9s biztons\u00e1gos fed\u00e9l<\/strong>Ez a palack egy v\u00e9kony szilikon t\u00f6m\u00edt\u0151gy\u0171r\u0171vel \u00e9s prec\u00edzi\u00f3s menettel rendelkezik, amely lehet\u0151v\u00e9 teszi, hogy m\u00e9g t\u00e1sk\u00e1kban vagy h\u00e1tizs\u00e1kokban is sziv\u00e1rg\u00e1smentes legyen.<\/li>\n<\/ol>\n<h2>Sikeres B2B eset<\/h2>\n<p>Egy ausztr\u00e1l eg\u00e9szs\u00e9ges italm\u00e1rka hossz\u00fa t\u00e1v\u00fa partnerk\u00e9nt l\u00e9pett vel\u00fcnk partners\u00e9gre, hogy egyedi tervez\u00e9s\u0171 vizespalack-csomagol\u00e1sokat biztos\u00edtson hidegen sajtolt gy\u00fcm\u00f6lcslevekhez.<\/p>\n<p>A c\u00e9g 15 000 darab 350 ml-es \u00fcveg vizespalackot rendelt \u00faj term\u00e9kk\u00e9nt szilikon h\u00fcvellyel. Hagyom\u00e1nyos ig\u00e9nyeik a k\u00f6vetkez\u0151k voltak:<\/p>\n<ul>\n<li>\u00dcvegpalackra nyomtatott log\u00f3.<\/li>\n<li>UV-v\u00e9delemmel ell\u00e1tott, borosty\u00e1ns\u00e1rga sz\u00edn\u0171 flakon.<\/li>\n<li>Egyedi alum\u00ednium fed\u00e9l kialak\u00edt\u00e1s<\/li>\n<li>M\u00e1rk\u00e1s csomagol\u00f3dobozok<\/li>\n<\/ul>\n<p>A term\u00e9k bevezet\u00e9se nagy sikert aratott, \u00e9s a palack az egyik legjobb \u00fcveg vizespalack-csomagol\u00e1ss\u00e1 v\u00e1lt a kiskereskedelmi gy\u00fcm\u00f6lcslevek eset\u00e9ben. A m\u00e1rka nyolc h\u00f3napon bel\u00fcl leadta a m\u00e1sodik, 25 000 darabos nagykereskedelmi megrendel\u00e9s\u00e9t, ami ism\u00e9t azt jelzi, hogy a piacon nagy a kereslet a k\u00f6rnyezetbar\u00e1t, \u00fajrafelhaszn\u00e1lhat\u00f3 italcsomagol\u00e1sokra.<\/p>\n<h2>B2B alkalmaz\u00e1sok individualiz\u00e1l\u00e1si aj\u00e1nl\u00e1sai<\/h2>\n<ol>\n<li><strong>Gy\u00fcm\u00f6lcsl\u00e9- \u00e9s italm\u00e1rk\u00e1k<\/strong>Szilikon h\u00fcvellyel vagy textur\u00e1lt bevonattal ell\u00e1tott \u00fcveg vizespalackot hozhat l\u00e9tre, ami jav\u00edtja a fog\u00e1st \u00e9s a m\u00e1rka megk\u00fcl\u00f6nb\u00f6ztethet\u0151s\u00e9g\u00e9t.<\/li>\n<li><strong>Fitnesz\/\u00e9letm\u00f3d kiskeresked\u0151k<\/strong>: Hordoz\u00f3hurokkal \u00e9s nyomtatott m\u00e9r\u0151jelekkel kell rendelkeznie, amelyek seg\u00edtenek eml\u00e9keztetni a v\u00e1s\u00e1rl\u00f3kat a napi v\u00edzfogyaszt\u00e1suk nyomon k\u00f6vet\u00e9s\u00e9re \u00e9s a megfelel\u0151 hidrat\u00e1lts\u00e1gra edz\u00e9sek sor\u00e1n.<\/li>\n<li><strong>V\u00e1llalati prom\u00f3ci\u00f3s term\u00e9kek<\/strong>K\u00edn\u00e1ljon m\u00e1rk\u00e1s, egyedi tervez\u00e9s\u0171 vizespalackokat log\u00f3nyomtat\u00e1ssal \u00e9s p\u00e9nzt\u00e1rcabar\u00e1t csomagol\u00e1ssal prom\u00f3ci\u00f3s aj\u00e1nd\u00e9kokhoz vagy wellness kamp\u00e1nyokhoz.<\/li>\n<\/ol>\n<p>\u00dcveg vizespalackok fejlett gy\u00e1rt\u00f3jak\u00e9nt hiteles nagykereskedelmi beszerz\u00e9si szolg\u00e1ltat\u00e1sokat ny\u00fajtunk forgalmaz\u00f3knak, italm\u00e1rk\u00e1knak \u00e9s kiskeresked\u0151knek vil\u00e1gszerte. Gy\u00e1runk lehet\u0151v\u00e9 teszi sz\u00e1munkra a rugalmas t\u00f6megtermel\u00e9st, \u00e9s \u00fcgyfeleink olyan j\u00f3 \u00fcveg vizespalackokat k\u00e9sz\u00edtenek, amelyek a st\u00edlus, a fenntarthat\u00f3s\u00e1g \u00e9s a teljes\u00edtm\u00e9ny \u00f6tv\u00f6zet\u00e9t k\u00e9pviselik.<\/p>","protected":false},"excerpt":{"rendered":"<p>Egyedi tervez\u00e9s\u0171 vizespalack tart\u00f3s \u00fcvegb\u0151l, szilikon h\u00fcvellyel. K\u00f6rnyezetbar\u00e1t \u00fcveg vizespalackok nagykereskedelemben, sziv\u00e1rg\u00e1smentesek \u00e9s \u00fajrafelhaszn\u00e1lhat\u00f3k a napi hidrat\u00e1l\u00e1shoz.<\/p>","protected":false},"featured_media":25425,"template":"","meta":[],"product_brand":[],"product_cat":[136,123,122],"product_tag":[],"class_list":{"0":"post-24084","1":"product","2":"type-product","3":"status-publish","4":"has-post-thumbnail","6":"product_cat-glass-water-bottles","7":"product_cat-custom-glass-bottles","8":"product_cat-custom-glass-packaging","10":"first","11":"instock","12":"shipping-taxable","13":"product-type-simple"},"jetpack_sharing_enabled":true,"_links":{"self":[{"href":"https:\/\/yebodaglass.com\/hu\/wp-json\/wp\/v2\/product\/24084","targetHints":{"allow":["GET"]}}],"collection":[{"href":"https:\/\/yebodaglass.com\/hu\/wp-json\/wp\/v2\/product"}],"about":[{"href":"https:\/\/yebodaglass.com\/hu\/wp-json\/wp\/v2\/types\/product"}],"version-history":[{"count":5,"href":"https:\/\/yebodaglass.com\/hu\/wp-json\/wp\/v2\/product\/24084\/revisions"}],"predecessor-version":[{"id":25427,"href":"https:\/\/yebodaglass.com\/hu\/wp-json\/wp\/v2\/product\/24084\/revisions\/25427"}],"wp:featuredmedia":[{"embeddable":true,"href":"https:\/\/yebodaglass.com\/hu\/wp-json\/wp\/v2\/media\/25425"}],"wp:attachment":[{"href":"https:\/\/yebodaglass.com\/hu\/wp-json\/wp\/v2\/media?parent=24084"}],"wp:term":[{"taxonomy":"product_brand","embeddable":true,"href":"https:\/\/yebodaglass.com\/hu\/wp-json\/wp\/v2\/product_brand?post=24084"},{"taxonomy":"product_cat","embeddable":true,"href":"https:\/\/yebodaglass.com\/hu\/wp-json\/wp\/v2\/product_cat?post=24084"},{"taxonomy":"product_tag","embeddable":true,"href":"https:\/\/yebodaglass.com\/hu\/wp-json\/wp\/v2\/product_tag?post=24084"}],"curies":[{"name":"wp","href":"https:\/\/api.w.org\/{rel}","templated":true}]}}