{"id":24080,"date":"2025-11-26T09:31:37","date_gmt":"2025-11-26T01:31:37","guid":{"rendered":"https:\/\/yebodaglass.com\/?post_type=product&#038;p=24080"},"modified":"2025-11-26T11:53:52","modified_gmt":"2025-11-26T03:53:52","slug":"wholesale-small-clear-glass-storage-jars-with-lids","status":"publish","type":"product","link":"https:\/\/yebodaglass.com\/hu\/wholesale-small-clear-glass-storage-jars-with-lids\/","title":{"rendered":"Nagykereskedelmi kis \u00e1tl\u00e1tsz\u00f3 \u00fcveg t\u00e1rol\u00f3ed\u00e9nyek fed\u00e9llel 80ml 100ml 150ml"},"content":{"rendered":"<p data-start=\"66\" data-end=\"288\">Ezek henger alak\u00fa t\u00e1rol\u00f3ed\u00e9nyek, \u00e1tl\u00e1tsz\u00f3 \u00fcvegb\u0151l k\u00e9sz\u00fcltek. Minden \u00fcveghez egy divatos f\u00e9m patentz\u00e1r is tartozik.<\/p>\n<h2>Term\u00e9kjellemz\u0151k<\/h2>\n<ul>\n<li><strong>\u00c1tl\u00e1tsz\u00f3 anyag:<\/strong> Az \u00fcvegek teljesen \u00e1tl\u00e1tsz\u00f3 \u00fcvegb\u0151l k\u00e9sz\u00fcltek, \u00edgy a benn\u00fck l\u00e9v\u0151 dolgok t\u00edpusa \u00e9s mennyis\u00e9ge j\u00f3l l\u00e1that\u00f3, \u00edgy k\u00f6nnyen azonos\u00edthat\u00f3k a fed\u00e9l kinyit\u00e1sa n\u00e9lk\u00fcl.<\/li>\n<li><strong>R\u00e1pattinthat\u00f3 t\u00f6m\u00edt\u00e9s kialak\u00edt\u00e1sa:<\/strong> F\u00e9m, r\u00e1pattinthat\u00f3 z\u00e1r\u00f3fed\u00e9llel van felszerelve, amely kiv\u00e1l\u00f3 t\u00f6m\u00edt\u00e9st biztos\u00edt, \u00e9s hat\u00e9konyan megakad\u00e1lyozza a nedvess\u00e9g bejut\u00e1s\u00e1t, \u00edgy meg\u0151rzi a frissess\u00e9get. A z\u00e1r\u00e1s \u00e9s a nyit\u00e1s meglehet\u0151sen egyszer\u0171 \u00e9s gyors.<\/li>\n<li><strong>R\u00f6vid \u00e9s stabil kialak\u00edt\u00e1s:<\/strong> Az \u00fcvegek r\u00f6vid, massz\u00edv \u00e9s lekerek\u00edtett teste nemcsak stabilit\u00e1st \u00e9s tart\u00f3ss\u00e1got biztos\u00edt a polcokon, hanem helyet is takar\u00edt meg, \u00edgy alkalmasak konyh\u00e1kba, szekr\u00e9nyekbe \u00e9s m\u00e1s helyekre.<\/li>\n<\/ul>\n<h2 style=\"text-align: left;\">F\u0151bb specifik\u00e1ci\u00f3k<\/h2>\n<table class=\"aligncenter\" style=\"border-collapse: collapse; width: 519.77pt;\" border=\"0\" width=\"693\" cellspacing=\"0\" cellpadding=\"0\">\n<tbody>\n<tr style=\"height: 13.50pt;\">\n<td style=\"height: 13.50pt; width: 94.50pt;\" width=\"126\" height=\"18\">Jellemz\u0151<\/td>\n<td style=\"width: 425.25pt;\" width=\"567\">R\u00e9szletek<\/td>\n<\/tr>\n<tr style=\"height: 13.50pt;\">\n<td style=\"height: 13.50pt;\" height=\"18\">M\u00e9retek<\/td>\n<td>80 ml: 6,1 \u00d7 7,3 cm \/ 100 ml: 6,3 \u00d7 7,1 cm \/ 150 ml: 7,5 \u00d7 7,2 cm<\/td>\n<\/tr>\n<tr style=\"height: 13.50pt;\">\n<td style=\"height: 13.50pt;\" height=\"18\">Anyag<\/td>\n<td>\u00c1tl\u00e1tsz\u00f3 sz\u00f3da-lime \u00fcveged\u00e9ny + edzett \u00fcveg fed\u00e9l<\/td>\n<\/tr>\n<tr style=\"height: 13.50pt;\">\n<td style=\"height: 13.50pt;\" height=\"18\">T\u00f6m\u00edt\u00e9s t\u00edpusa<\/td>\n<td>A dr\u00f3tkapocs r\u00f6gz\u00edt\u00e9se l\u00e9gmentesen z\u00e1r\u00f3d\u00f3 fed\u00e9llel<\/td>\n<\/tr>\n<tr style=\"height: 13.50pt;\">\n<td style=\"height: 13.50pt;\" height=\"18\">Alkalmas<\/td>\n<td>\u00dcveg t\u00e1rol\u00f3ed\u00e9ny, \u00e9lelmiszert\u00e1rol\u00f3 ed\u00e9ny<\/td>\n<\/tr>\n<\/tbody>\n<\/table>\n<h2>Sikert\u00f6rt\u00e9net: Egy \u00e9lelmiszerm\u00e1rka t\u00e1rol\u00e1si korszer\u0171s\u00edt\u00e9se<\/h2>\n<p>Egy speci\u00e1lis \u00e9lelmiszereket gy\u00e1rt\u00f3 c\u00e9g kis, fedeles \u00fcvegt\u00e1rol\u00f3kat keresett pr\u00e9mium f\u0171szerkever\u00e9keinek csomagol\u00e1s\u00e1ra. A mi 150 ml-es \u00fcvegt\u00e1rol\u00f3ink \u200b\u200blettek a v\u00e9gs\u0151 v\u00e1laszt\u00e1suk. A v\u00e1s\u00e1rl\u00f3i el\u00e9gedetts\u00e9g 35%-kal n\u0151tt a r\u00e1pattinthat\u00f3 fedelek kiv\u00e1l\u00f3 z\u00e1r\u00e1s\u00e1nak k\u00f6sz\u00f6nhet\u0151en, amelyek t\u00f6bb mint 12 h\u00f3napig frissen tartott\u00e1k a f\u0171szereket. A v\u00e1s\u00e1rl\u00f3k tiszt\u00e1n l\u00e1thatt\u00e1k a f\u0171szerek \u00e9l\u00e9nk sz\u00edneit az \u00e1ltaluk v\u00e1s\u00e1rolt \u00fcvegeken kereszt\u00fcl, ami 20%-os n\u00f6veked\u00e9st eredm\u00e9nyezett az \u00fczletekben. A v\u00e1llalat annyira \u00f6r\u00fclt, hogy \u00fajabb 200 000 \u00fcvegre vonatkoz\u00f3 nagy t\u00e9telben rendelt, hogy \u00faj kiskereskedelmi piacokra is kiterjeszthesse \u00fczleti tev\u00e9kenys\u00e9g\u00e9t.<\/p>\n<h2>\u00dcvegt\u00e1rol\u00f3 ed\u00e9ny testreszab\u00e1si megold\u00e1sok<\/h2>\n<ul>\n<li>Szitanyomott c\u00edmk\u00e9k \u2013 Tart\u00f3s ker\u00e1mia nyomtat\u00e1si m\u00f3dszerrel vizu\u00e1lisan leny\u0171g\u00f6z\u0151 m\u00e1rkaidentit\u00e1st hozhat l\u00e9tre.<\/li>\n<li>Matt \u00fcveghat\u00e1s \u2013 Eleg\u00e1ns matt fel\u00fcletet kaphat savas marat\u00e1sos m\u00f3dszerrel.<\/li>\n<li>Kapacit\u00e1sjel\u00f6l\u00e9sek \u2013 Dombornyomott vagy nyomtatott beoszt\u00e1sok hozz\u00e1ad\u00e1s\u00e1val megk\u00f6nny\u00edtheti a felhaszn\u00e1l\u00f3i navig\u00e1ci\u00f3t.<\/li>\n<li>Egyedi \u00fcvegform\u00e1k \u2013 Csak egy kis v\u00e1ltoztat\u00e1s a k\u00f6rvonalon az egyedi megjelen\u00e9s\u00e9rt.<\/li>\n<\/ul>\n<p>Ha egy adott piacra szabott megold\u00e1sra van sz\u00fcks\u00e9ge, vagy kapacit\u00e1salap\u00fa \u00e1rlist\u00e1t szeretne hozz\u00e1adni, ne habozzon kapcsolatba l\u00e9pni vel\u00fcnk.<\/p>","protected":false},"excerpt":{"rendered":"<p>Kerek \u00fcveg t\u00e1rol\u00f3ed\u00e9ny\u00fcnk l\u00e9gmentesen z\u00e1r\u00f3dik f\u0171szerek, r\u00e1gcs\u00e1lnival\u00f3k \u00e9s k\u00e9zm\u0171ves term\u00e9kek t\u00e1rol\u00e1s\u00e1ra. Pr\u00e9mium min\u0151s\u00e9g\u0171, fedeles \u00fcveg t\u00e1rol\u00f3ed\u00e9nyek, azonnal sz\u00e1ll\u00edthat\u00f3ak, gyors sz\u00e1ll\u00edt\u00e1ssal.<\/p>","protected":false},"featured_media":24093,"template":"","meta":[],"product_brand":[],"product_cat":[122,134,124],"product_tag":[],"class_list":{"0":"post-24080","1":"product","2":"type-product","3":"status-publish","4":"has-post-thumbnail","6":"product_cat-custom-glass-packaging","7":"product_cat-airtight-jars","8":"product_cat-custom-glass-jars","10":"first","11":"instock","12":"shipping-taxable","13":"product-type-simple"},"jetpack_sharing_enabled":true,"_links":{"self":[{"href":"https:\/\/yebodaglass.com\/hu\/wp-json\/wp\/v2\/product\/24080","targetHints":{"allow":["GET"]}}],"collection":[{"href":"https:\/\/yebodaglass.com\/hu\/wp-json\/wp\/v2\/product"}],"about":[{"href":"https:\/\/yebodaglass.com\/hu\/wp-json\/wp\/v2\/types\/product"}],"version-history":[{"count":3,"href":"https:\/\/yebodaglass.com\/hu\/wp-json\/wp\/v2\/product\/24080\/revisions"}],"predecessor-version":[{"id":24098,"href":"https:\/\/yebodaglass.com\/hu\/wp-json\/wp\/v2\/product\/24080\/revisions\/24098"}],"wp:featuredmedia":[{"embeddable":true,"href":"https:\/\/yebodaglass.com\/hu\/wp-json\/wp\/v2\/media\/24093"}],"wp:attachment":[{"href":"https:\/\/yebodaglass.com\/hu\/wp-json\/wp\/v2\/media?parent=24080"}],"wp:term":[{"taxonomy":"product_brand","embeddable":true,"href":"https:\/\/yebodaglass.com\/hu\/wp-json\/wp\/v2\/product_brand?post=24080"},{"taxonomy":"product_cat","embeddable":true,"href":"https:\/\/yebodaglass.com\/hu\/wp-json\/wp\/v2\/product_cat?post=24080"},{"taxonomy":"product_tag","embeddable":true,"href":"https:\/\/yebodaglass.com\/hu\/wp-json\/wp\/v2\/product_tag?post=24080"}],"curies":[{"name":"wp","href":"https:\/\/api.w.org\/{rel}","templated":true}]}}