{"id":24044,"date":"2025-11-24T16:02:34","date_gmt":"2025-11-24T08:02:34","guid":{"rendered":"https:\/\/yebodaglass.com\/?post_type=product&#038;p=24044"},"modified":"2025-11-24T17:34:31","modified_gmt":"2025-11-24T09:34:31","slug":"vintage-spice-jars-with-wooden-lids-wholesale","status":"publish","type":"product","link":"https:\/\/yebodaglass.com\/hu\/vintage-spice-jars-with-wooden-lids-wholesale\/","title":{"rendered":"Vintage f\u0171szertart\u00f3k fa fed\u00e9llel, nagykereskedelem, 410ml"},"content":{"rendered":"<p>Elege van a r\u00e9gi f\u0171szertart\u00f3kb\u00f3l, amik nem tartj\u00e1k meg a f\u0171szerek frissess\u00e9g\u00e9t? Mi vintage f\u0171szertart\u00f3kat k\u00e9sz\u00edt\u00fcnk \u2013 fa tet\u0151vel a vintage hangulat\u00e9rt. Ezek a f\u0171szertart\u00f3 k\u00e9szletek m\u00e1rkam\u00e1gness\u00e9 var\u00e1zsolj\u00e1k a f\u0171szert\u00e1rol\u00f3j\u00e1t. A nagy t\u00e9telben rendelt term\u00e9kek egyedi fa fel\u00fcletkezel\u00e9st kapnak, hogy illeszkedjenek a c\u00edmk\u00e9hez.<\/p>\n<h2>Term\u00e9kjellemz\u0151k<\/h2>\n<p><strong>Vintage text\u00fara<\/strong><\/p>\n<p>Emelt mint\u00e1zat\u00fa matt \u00fcveg \u2013 f\u0171szereknek k\u00e9sz\u00fclt.<\/p>\n<p><strong>Fa fed\u00e9lt\u00f6m\u00edt\u00e9s<\/strong><\/p>\n<p>A fa fed\u00e9l l\u00e9gmentesen z\u00e1r\u00f3dik \u2013 frissen tartja a f\u0171szereket.<\/p>\n<p><strong>Sokoldal\u00fa, 410 ml-es \u0171rtartalom<\/strong><\/p>\n<p>B\u00e1rmilyen f\u0171szer t\u00e1rol\u00e1s\u00e1ra alkalmas \u2013 t\u00f6k\u00e9letes nagykereskedelmi \u00e9s \u00f6mlesztett v\u00e1s\u00e1rl\u00e1shoz.<\/p>\n<h2>F\u0151bb specifik\u00e1ci\u00f3k<\/h2>\n<table style=\"border-collapse: collapse; width: 80%; margin-left: auto; margin-right: auto;\" border=\"0\" width=\"216\" cellspacing=\"0\" cellpadding=\"0\">\n<tbody>\n<tr style=\"height: 13.50pt;\">\n<td style=\"height: 13.5pt; width: 54pt; text-align: center;\" width=\"72\" height=\"18\">Kapacit\u00e1s<\/td>\n<td style=\"width: 54pt; text-align: center;\" width=\"72\">M\u00e9ret (cm)<\/td>\n<td style=\"width: 54pt; text-align: center;\" width=\"72\">Kieg\u00e9sz\u00edt\u0151k<\/td>\n<\/tr>\n<tr style=\"height: 13.50pt;\">\n<td style=\"height: 13.5pt; text-align: center;\" height=\"18\">410 ml<\/td>\n<td style=\"text-align: center;\">8,6 x 10,5<\/td>\n<td style=\"text-align: center;\">Fakan\u00e1l<\/td>\n<\/tr>\n<\/tbody>\n<\/table>\n<h2>Sikeres eset<\/h2>\n<p>Egy vancouveri luxusm\u00e1rka, a c\u00e9g r\u00e9g\u00f3ta neh\u00e9z helyzetben volt term\u00e9kei k\u00f6vetkezetlens\u00e9ge miatt, ami megnehez\u00edtette a felt\u0171n\u00e9st a boltok polcain. Ez\u00e9rt ezt a vintage f\u0171szertart\u00f3t v\u00e1lasztott\u00e1k fa fed\u00e9llel \u00e9s kan\u00e1lk\u00e9szlettel. Dombornyomott text\u00far\u00e1nkkal, s\u00f6t\u00e9t fa fedel\u00fcnkkel \u00e9s szem\u00e9lyre szabott m\u00e9retv\u00e1laszt\u00e9kunkkal olyan m\u00e1rkaidentit\u00e1st tudtak l\u00e9trehozni, amely term\u00e9szetesebbnek \u00e9s k\u00e9zm\u0171vesebbnek t\u0171nik.<\/p>\n<p>Az \u00faj term\u00e9k bevezet\u00e9s\u00e9t k\u00f6vet\u0151 els\u0151 h\u00e1rom h\u00f3napban dr\u00e1mai v\u00e1ltoz\u00e1s t\u00f6rt\u00e9nt a kiskereskedelmi visszajelz\u00e9sekben, k\u00fcl\u00f6n\u00f6sen a term\u00e9khez tartoz\u00f3 aj\u00e1nd\u00e9kk\u00e9szlet fogyott nagyon j\u00f3l. A teljes bev\u00e9tel mintegy 28%-kal n\u0151tt az el\u0151z\u0151 csomagol\u00e1shoz k\u00e9pest.<\/p>\n<h2>Testreszab\u00e1si k\u00e9zik\u00f6nyved<\/h2>\n<ol>\n<li><strong>Testreszabhat\u00f3\u200b\u200d\u200b\u200c\u200d\u200b\u200d\u200b\u200c\u200b\u200d\u200b\u200c\u200d\u200b\u200d\u200c Fa fedelek:<\/strong>V\u00e1lasszon olyan anyagokat, mint a di\u00f3, a bambusz vagy a t\u00f6lgy a fed\u0151ihez, \u00e9s v\u00e1lassza ki azt a sz\u00ednt \u00e9s text\u00far\u00e1t, amely a legjobban kieg\u00e9sz\u00edti m\u00e1rk\u00e1ja term\u00e9szetes vagy luxus aspektus\u00e1t.<\/li>\n<li><strong>\u00dcveg dombornyom\u00e1s \u00e9s textur\u00e1lt fel\u00fcletek:<\/strong>K\u00edn\u00e1ljon gy\u00e9m\u00e1nt, hull\u00e1mos, vintage kock\u00e1s mint\u00e1kat vagy egyedi dombornyomott log\u00f3t \u00fcgyfeleinek, hogy m\u00e1rk\u00e1ja felismerhet\u0151bb legyen.<\/li>\n<li><strong>Kapacit\u00e1s \u00e9s nyakkialak\u00edt\u00e1si lehet\u0151s\u00e9gek:<\/strong>Az \u00fcveg t\u00e9rfogat\u00e1t 100 ml, 150 ml \u00e9s 250 ml k\u00f6z\u00fcl v\u00e1laszthatod ki, vagy m\u00f3dos\u00edthatod a nyak m\u00e9ret\u00e9t, hogy a kan\u00e1l vagy a fed\u00e9l a sz\u0171r\u0151vel belef\u00e9rjen.<\/li>\n<\/ol>","protected":false},"excerpt":{"rendered":"<p>Vintage f\u0171szertart\u00f3k ihlette f\u0171szerk\u00e9szlet, amely a f\u0171szertart\u00f3k var\u00e1zs\u00e1t k\u00edn\u00e1lja, ide\u00e1lis azok sz\u00e1m\u00e1ra, akik st\u00edlusos \u00e9s testreszabhat\u00f3 f\u0171szert\u00e1rol\u00e1st keresnek.<\/p>","protected":false},"featured_media":24059,"template":"","meta":[],"product_brand":[],"product_cat":[128,124,122],"product_tag":[],"class_list":{"0":"post-24044","1":"product","2":"type-product","3":"status-publish","4":"has-post-thumbnail","6":"product_cat-spice-jars","7":"product_cat-custom-glass-jars","8":"product_cat-custom-glass-packaging","10":"first","11":"instock","12":"shipping-taxable","13":"product-type-simple"},"jetpack_sharing_enabled":true,"_links":{"self":[{"href":"https:\/\/yebodaglass.com\/hu\/wp-json\/wp\/v2\/product\/24044","targetHints":{"allow":["GET"]}}],"collection":[{"href":"https:\/\/yebodaglass.com\/hu\/wp-json\/wp\/v2\/product"}],"about":[{"href":"https:\/\/yebodaglass.com\/hu\/wp-json\/wp\/v2\/types\/product"}],"version-history":[{"count":5,"href":"https:\/\/yebodaglass.com\/hu\/wp-json\/wp\/v2\/product\/24044\/revisions"}],"predecessor-version":[{"id":24060,"href":"https:\/\/yebodaglass.com\/hu\/wp-json\/wp\/v2\/product\/24044\/revisions\/24060"}],"wp:featuredmedia":[{"embeddable":true,"href":"https:\/\/yebodaglass.com\/hu\/wp-json\/wp\/v2\/media\/24059"}],"wp:attachment":[{"href":"https:\/\/yebodaglass.com\/hu\/wp-json\/wp\/v2\/media?parent=24044"}],"wp:term":[{"taxonomy":"product_brand","embeddable":true,"href":"https:\/\/yebodaglass.com\/hu\/wp-json\/wp\/v2\/product_brand?post=24044"},{"taxonomy":"product_cat","embeddable":true,"href":"https:\/\/yebodaglass.com\/hu\/wp-json\/wp\/v2\/product_cat?post=24044"},{"taxonomy":"product_tag","embeddable":true,"href":"https:\/\/yebodaglass.com\/hu\/wp-json\/wp\/v2\/product_tag?post=24044"}],"curies":[{"name":"wp","href":"https:\/\/api.w.org\/{rel}","templated":true}]}}