{"id":24035,"date":"2025-11-24T14:21:56","date_gmt":"2025-11-24T06:21:56","guid":{"rendered":"https:\/\/yebodaglass.com\/?post_type=product&#038;p=24035"},"modified":"2025-11-24T17:30:11","modified_gmt":"2025-11-24T09:30:11","slug":"custom-vintage-pickle-jar-with-lids-wholesale","status":"publish","type":"product","link":"https:\/\/yebodaglass.com\/hu\/custom-vintage-pickle-jar-with-lids-wholesale\/","title":{"rendered":"50ml \u2013 380ml Egyedi Vintage Savany\u00fas\u00e1gos \u00dcveg Fed\u00e9llel Nagykereskedelem"},"content":{"rendered":"<p>Elege van az ubork\u00e1t fak\u00edt\u00f3 savany\u00fas\u00e1g\u00fcvegekb\u0151l? Vintage savany\u00fas\u00e1g\u00fcvegeket k\u00e9sz\u00edt\u00fcnk \u2013 piros-feh\u00e9r fed\u00e9llel az azonnali nosztalgia jegy\u00e9ben. Ezek az ecetes hagym\u00e1s \u00fcvegek m\u00e1rkam\u00e1gness\u00e9 var\u00e1zsolj\u00e1k az \u00e9lelmiszert\u00e1rol\u00f3j\u00e1t. A nagy t\u00e9telben rendelt \u00fcvegek egyedi m\u00e9reteket kapnak, hogy illeszkedjenek a c\u00edmkefelhaszn\u00e1l\u00e1shoz.<\/p>\n<h2>Term\u00e9kjellemz\u0151k<\/h2>\n<p><strong>Klasszikus retr\u00f3 megjelen\u00e9s<\/strong><\/p>\n<p>Retro kock\u00e1s, csavaros tetej\u0171 st\u00edlus\u00e1val ez a term\u00e9k vizu\u00e1lisan kiemeli a tekintetet, \u00e9s t\u00f6k\u00e9letesen illik k\u00e9zm\u0171ves \u00e9lelmiszerekhez, mez\u0151gazdas\u00e1gi feldolgoz\u00f3\u00fczemekhez \u00e9s m\u00e1rk\u00e1s aj\u00e1nd\u00e9kcsomagokhoz.<\/p>\n<p><strong>T\u00f6bb m\u00e9retben kaphat\u00f3<\/strong><\/p>\n<p>A term\u00e9kcsal\u00e1d k\u00e9pes kiel\u00e9g\u00edteni a nagykeresked\u0151k \u00e9s \u00e9lelmiszergy\u00e1rak csomagol\u00e1si ig\u00e9nyeit a k\u00fcl\u00f6nf\u00e9le savany\u00fas\u00e1gok eset\u00e9ben, a kis \u00fcvegcs\u00e9kt\u0151l a nagy csal\u00e1di kiszerel\u00e9sig terjed\u0151 m\u00e9retsk\u00e1l\u00e1n.<\/p>\n<p><strong>Magas h\u0151- \u00e9s sav\u00e1ll\u00f3s\u00e1g<\/strong><\/p>\n<p>Az \u00fcveg a z\u00f6lds\u00e9gek k\u00fcl\u00f6nf\u00e9le folyad\u00e9kokban, p\u00e9ld\u00e1ul ecetben, chiliolajban \u00e9s cukorszirupban val\u00f3 p\u00e1col\u00e1s\u00e1ra szolg\u00e1l, \u00e9s ellen\u00e1ll a szagoknak \u00e9s a korr\u00f3zi\u00f3nak, \u00edgy garant\u00e1lja a hossz\u00fa t\u00e1v\u00fa biztons\u00e1gos t\u00e1rol\u00e1st.<\/p>\n<h2>F\u0151bb specifik\u00e1ci\u00f3k<\/h2>\n<table style=\"border-collapse: collapse; width: 80%; margin-left: auto; margin-right: auto;\" border=\"0\" width=\"288\" cellspacing=\"0\" cellpadding=\"0\">\n<tbody>\n<tr style=\"height: 13.50pt;\">\n<td style=\"height: 13.5pt; width: 54pt; text-align: center;\" width=\"72\" height=\"18\">Kapacit\u00e1s (ml)<\/td>\n<td style=\"width: 54pt; text-align: center;\" width=\"72\">M\u00e9ret (cm)<\/td>\n<td style=\"width: 54pt; text-align: center;\" width=\"72\">Haszn\u00e1lat<\/td>\n<td style=\"width: 54pt; text-align: center;\" width=\"72\">Fed\u0151k<\/td>\n<\/tr>\n<tr style=\"height: 13.50pt;\">\n<td style=\"height: 13.5pt; text-align: center;\" align=\"right\" height=\"18\">50<\/td>\n<td style=\"text-align: center;\">4.4 * 5.5<\/td>\n<td class=\"et2\" style=\"text-align: center;\" rowspan=\"6\">Lekv\u00e1r, savany\u00fas\u00e1g, m\u00e9z<\/td>\n<td class=\"et2\" style=\"text-align: center;\" rowspan=\"6\">B\u00e1dog bor\u00edt\u00e1s<\/td>\n<\/tr>\n<tr style=\"height: 13.50pt;\">\n<td style=\"height: 13.5pt; text-align: center;\" align=\"right\" height=\"18\">100<\/td>\n<td style=\"text-align: center;\">5.9 * 6.4<\/td>\n<\/tr>\n<tr style=\"height: 13.50pt;\">\n<td style=\"height: 13.5pt; text-align: center;\" align=\"right\" height=\"18\">150<\/td>\n<td style=\"text-align: center;\">6.5 * 6.8<\/td>\n<\/tr>\n<tr style=\"height: 13.50pt;\">\n<td style=\"height: 13.5pt; text-align: center;\" align=\"right\" height=\"18\">200<\/td>\n<td style=\"text-align: center;\">6.5 * 8.5<\/td>\n<\/tr>\n<tr style=\"height: 13.50pt;\">\n<td style=\"height: 13.5pt; text-align: center;\" align=\"right\" height=\"18\">250<\/td>\n<td style=\"text-align: center;\">7.5 * 9.7<\/td>\n<\/tr>\n<tr style=\"height: 13.50pt;\">\n<td style=\"height: 13.5pt; text-align: center;\" align=\"right\" height=\"18\">380<\/td>\n<td style=\"text-align: center;\">8.4 * 11.5<\/td>\n<\/tr>\n<\/tbody>\n<\/table>\n<h2>Sikeres eset<\/h2>\n<p>A lengyel mez\u0151gazdas\u00e1gi feldolgoz\u00e1ssal foglalkoz\u00f3 c\u00e9g azzal a kih\u00edv\u00e1ssal fordult hozz\u00e1nk, hogy olyan csomagol\u00e1st alkossunk, amely nemcsak a hagyom\u00e1nyos, otthonos st\u00edlust t\u00fckr\u00f6zi, hanem a m\u00e1rka l\u00e1that\u00f3s\u00e1g\u00e1t is n\u00f6veli a szupermarketekben. Javaslatunk egy r\u00e9gim\u00f3di savany\u00fas\u00e1gos \u00fcveg volt nosztalgikus kock\u00e1s fed\u00e9llel, \u00e9s a k\u00e9t term\u00e9kcsal\u00e1dhoz \u2013 savany\u00fas\u00e1gos hagyma \u00e9s vegyes z\u00f6lds\u00e9g \u2013 a fed\u00e9l m\u00e9ret\u00e9t \u00e9s sz\u00edn\u00e9t v\u00e1ltoztattuk meg.<\/p>\n<p>A helyi szupermarketl\u00e1ncok \u00e1ltal forgalmazott ecetes hagyma\u00fcvegek els\u0151 adagj\u00e1nak elad\u00e1s\u00e1t k\u00f6vet\u0151en mind\u00f6ssze k\u00e9t h\u00f3nappal 35%-os \u00e9rt\u00e9kes\u00edt\u00e9si n\u00f6veked\u00e9st regisztr\u00e1ltak, k\u00f6sz\u00f6nhet\u0151en vonz\u00f3 megjelen\u00e9s\u00fcknek \u00e9s j\u00f3 z\u00e1rhat\u00f3s\u00e1guknak.<\/p>\n<h2>Testreszab\u00e1si k\u00e9zik\u00f6nyved<\/h2>\n<ol>\n<li><strong>Tedd szem\u00e9lyesebb\u00e9 a fed\u00e9l kialak\u00edt\u00e1s\u00e1t:<\/strong> Helyezd el a c\u00e9ged log\u00f3j\u00e1t, szeg\u00e9lytext\u00far\u00e1j\u00e1t vagy a kiv\u00e1lasztott t\u00e9ma sz\u00ednblokkjait a klasszikus piros-feh\u00e9r kock\u00e1s mint\u00e1val egy\u00fctt a fed\u00e9len, hogy egyedi azonos\u00edt\u00f3v\u00e1 v\u00e1ljon.<\/li>\n<li><strong>A c\u00edmke anyag\u00e1nak jav\u00edt\u00e1sa:<\/strong> V\u00e1lasszon matt pap\u00edrt, oleof\u00f3b szintetikus pap\u00edrt vagy f\u00e9mes c\u00edmk\u00e9ket, hogy kifinomultabb vagy \u201erusztikus retr\u00f3\u201d vizu\u00e1lis st\u00edlust \u00e9s text\u00far\u00e1t k\u00f6lcs\u00f6n\u00f6zz\u00f6n term\u00e9k\u00e9nek.<\/li>\n<\/ol>","protected":false},"excerpt":{"rendered":"<p>Vintage savany\u00fas\u00e1gos \u00fcveg tet\u0151vel, ide\u00e1lis savany\u00fas\u00e1gos hagyma\u00fcvegek az \u00d6n sz\u00e1m\u00e1ra. K\u00f6zvetlen gy\u00e1ri sz\u00e1ll\u00edt\u00e1s \u00e9s testreszab\u00e1s is lehets\u00e9ges. Azonnal sz\u00e1ll\u00edthat\u00f3.<\/p>","protected":false},"featured_media":24036,"template":"","meta":[],"product_brand":[],"product_cat":[122,124,133],"product_tag":[],"class_list":{"0":"post-24035","1":"product","2":"type-product","3":"status-publish","4":"has-post-thumbnail","6":"product_cat-custom-glass-packaging","7":"product_cat-custom-glass-jars","8":"product_cat-pickle-jars","10":"first","11":"instock","12":"shipping-taxable","13":"product-type-simple"},"jetpack_sharing_enabled":true,"_links":{"self":[{"href":"https:\/\/yebodaglass.com\/hu\/wp-json\/wp\/v2\/product\/24035","targetHints":{"allow":["GET"]}}],"collection":[{"href":"https:\/\/yebodaglass.com\/hu\/wp-json\/wp\/v2\/product"}],"about":[{"href":"https:\/\/yebodaglass.com\/hu\/wp-json\/wp\/v2\/types\/product"}],"version-history":[{"count":5,"href":"https:\/\/yebodaglass.com\/hu\/wp-json\/wp\/v2\/product\/24035\/revisions"}],"predecessor-version":[{"id":24054,"href":"https:\/\/yebodaglass.com\/hu\/wp-json\/wp\/v2\/product\/24035\/revisions\/24054"}],"wp:featuredmedia":[{"embeddable":true,"href":"https:\/\/yebodaglass.com\/hu\/wp-json\/wp\/v2\/media\/24036"}],"wp:attachment":[{"href":"https:\/\/yebodaglass.com\/hu\/wp-json\/wp\/v2\/media?parent=24035"}],"wp:term":[{"taxonomy":"product_brand","embeddable":true,"href":"https:\/\/yebodaglass.com\/hu\/wp-json\/wp\/v2\/product_brand?post=24035"},{"taxonomy":"product_cat","embeddable":true,"href":"https:\/\/yebodaglass.com\/hu\/wp-json\/wp\/v2\/product_cat?post=24035"},{"taxonomy":"product_tag","embeddable":true,"href":"https:\/\/yebodaglass.com\/hu\/wp-json\/wp\/v2\/product_tag?post=24035"}],"curies":[{"name":"wp","href":"https:\/\/api.w.org\/{rel}","templated":true}]}}