{"id":24010,"date":"2025-11-21T14:34:47","date_gmt":"2025-11-21T06:34:47","guid":{"rendered":"https:\/\/yebodaglass.com\/?post_type=product&#038;p=24010"},"modified":"2025-11-21T14:52:06","modified_gmt":"2025-11-21T06:52:06","slug":"glass-pickle-jars-wholesale-with-high-top-lids","status":"publish","type":"product","link":"https:\/\/yebodaglass.com\/hu\/glass-pickle-jars-wholesale-with-high-top-lids\/","title":{"rendered":"100 ml \u2013 750 ml-es \u00fcveg savany\u00fas\u00e1gtart\u00f3k nagykereskedelemben, magas tet\u0151vel"},"content":{"rendered":"<p>Elege van a sziv\u00e1rg\u00f3 vagy foltokat okoz\u00f3 savany\u00fas\u00e1g\u00fcvegekb\u0151l? Nagykereskedelemben gy\u00e1rtunk \u00fcveg savany\u00fas\u00e1g\u00fcvegeket \u2013 nincs t\u00f6bb\u00e9 szomor\u00fa l\u00e9fr\u00f6ccsen\u00e9s. Ezek a savany\u00fas\u00e1g\u00fcvegek m\u00e1rk\u00e1s er\u0151m\u0171v\u00e9 var\u00e1zsolj\u00e1k az \u00e9lelmiszert\u00e1rol\u00f3j\u00e1t. A nagy t\u00e9telben rendelt term\u00e9kek egyedi m\u00e9retekben kaphat\u00f3k, hogy illeszkedjenek a m\u00e1rk\u00e1j\u00e1hoz.<\/p>\n<h2>Term\u00e9kjellemz\u0151k<\/h2>\n<p><strong>Magas tetej\u0171 f\u00e9m fed\u00e9lt\u00f6m\u00edt\u00e9s<\/strong><\/p>\n<p>A f\u00e9m fed\u00e9l meg\u0151rzi a s\u00f3letet \u00e9s az \u00edzt \u2013 a savany\u00fas\u00e1g friss marad, soha nem romlik meg.<\/p>\n<p><strong>Krist\u00e1lytiszta \u00fcveg l\u00e1that\u00f3s\u00e1g<\/strong><\/p>\n<p>Tekintse meg a legfrissebb kapros koh\u00f3kat \u2013 az \u00fcveged\u00e9nyek azonnal bizalmat keltenek az \u00fcgyfelekben.<\/p>\n<p><strong>T\u00f6bb kapacit\u00e1si lehet\u0151s\u00e9g<\/strong><\/p>\n<p>100 ml-t\u0151l 220 ml-ig terjed\u0151 kiszerel\u00e9sben kis t\u00e9telek vagy nagy mennyis\u00e9g\u0171 \u200b\u200d\u200b\u200c\u200d\u200b\u200d\u200c\u200b\u200d\u200b\u200c\u200d\u200b\u200d\u200c\u200d\u200c ig\u00e9nyek kiel\u00e9g\u00edt\u00e9s\u00e9re alkalmas.<\/p>\n<h2>F\u0151bb specifik\u00e1ci\u00f3k<\/h2>\n<table style=\"border-collapse: collapse; width: 80%; margin-left: auto; margin-right: auto;\" border=\"0\" width=\"216\" cellspacing=\"0\" cellpadding=\"0\">\n<tbody>\n<tr style=\"height: 13.50pt;\">\n<td style=\"height: 13.5pt; width: 54pt; text-align: center;\" width=\"72\" height=\"18\">Kapacit\u00e1s (ml)<\/td>\n<td style=\"width: 54pt; text-align: center;\" width=\"72\">M\u00e9ret (cm)<\/td>\n<td style=\"width: 54pt; text-align: center;\" width=\"72\">Fed\u0151k<\/td>\n<\/tr>\n<tr style=\"height: 13.50pt;\">\n<td style=\"height: 13.5pt; text-align: center;\" align=\"right\" height=\"18\">100<\/td>\n<td style=\"text-align: center;\">6,2 x 6,8<\/td>\n<td class=\"et2\" style=\"text-align: center;\" rowspan=\"7\">Magas tetej\u0171 f\u00e9m fedelek<\/td>\n<\/tr>\n<tr style=\"height: 13.50pt;\">\n<td style=\"height: 13.5pt; text-align: center;\" align=\"right\" height=\"18\">150 \/ 5oz<\/td>\n<td style=\"text-align: center;\">7,5 x 6,6<\/td>\n<\/tr>\n<tr style=\"height: 13.50pt;\">\n<td style=\"height: 13.5pt; text-align: center;\" align=\"right\" height=\"18\">180 \/ 6oz<\/td>\n<td style=\"text-align: center;\">7,3 x 7,8<\/td>\n<\/tr>\n<tr style=\"height: 13.50pt;\">\n<td style=\"height: 13.5pt; text-align: center;\" align=\"right\" height=\"18\">220<\/td>\n<td style=\"text-align: center;\">6,6 x 10,6<\/td>\n<\/tr>\n<tr style=\"height: 13.50pt;\">\n<td style=\"height: 13.5pt; text-align: center;\" align=\"right\" height=\"18\">380<\/td>\n<td style=\"text-align: center;\">7,5 x 12,5<\/td>\n<\/tr>\n<tr style=\"height: 13.50pt;\">\n<td style=\"height: 13.5pt; text-align: center;\" align=\"right\" height=\"18\">500<\/td>\n<td style=\"text-align: center;\">7,5 x 14,9<\/td>\n<\/tr>\n<tr style=\"height: 13.50pt;\">\n<td style=\"height: 13.5pt; text-align: center;\" align=\"right\" height=\"18\">750 \/ 25oz<\/td>\n<td style=\"text-align: center;\">8,6 x 17,5<\/td>\n<\/tr>\n<\/tbody>\n<\/table>\n<h2>Sikert\u00f6rt\u00e9net<\/h2>\n<p>Egy nyugat-kanadai savany\u00fas\u00e1gspecialit\u00e1s-m\u00e1rka vel\u00fcnk tartott, hogy meg\u00faj\u00edtsa term\u00e9kk\u00edn\u00e1lat\u00e1t ezzel a magas tetej\u0171 \u00fcveg savany\u00fas\u00e1gbef\u0151ttes\u00fcveggel. \u00daj term\u00e9keik k\u00fcl\u00f6nf\u00e9le savany\u00fas\u00e1gok \u00e9s s\u00f3letek voltak, a r\u00e9gi csomagol\u00e1s pedig gyakran sziv\u00e1rgott \u00e9s megs\u00e9r\u00fclt a sz\u00e1ll\u00edt\u00e1s sor\u00e1n. Adtunk nekik egy vastagabb fal\u00fa \u00e9s stabilabb magas tetej\u0171 \u00fcveget.<\/p>\n<p>Ennek eredm\u00e9nyek\u00e9nt az \u00faj \u00fcveg savany\u00fas\u00e1gtart\u00f3 jav\u00edtani tudta a t\u00f6m\u00edt\u00e9st, \u00e9s az \u00faj term\u00e9k elad\u00e1sai h\u00e1rom h\u00f3napon bel\u00fcl k\u00f6zel 30%-kal n\u0151ttek.<\/p>\n<h2>Testreszab\u00e1si k\u00e9zik\u00f6nyved<\/h2>\n<ol>\n<li><strong>T\u00f6bb sapkat\u00edpust t\u00e1mogat:<\/strong> Az egyszer\u0171 magas kupak mellett a v\u00e1laszt\u00e9k tartalmazhat t\u00f6m\u00edt\u00e9ssel meger\u0151s\u00edtett kupakokat vagy k\u00fcl\u00f6nb\u00f6z\u0151 anyagokb\u00f3l k\u00e9sz\u00fclt kupakokat, \u00edgy harmonikusabb st\u00edlust \u00e9s jobb kompatibilit\u00e1st biztos\u00edtva az automatiz\u00e1lt kupakgy\u00e1rt\u00f3 sorokkal.<\/li>\n<li><strong>Matt c\u00edmkefel\u00fclet:<\/strong> A tart\u00e1ly lehet matt vagy enyh\u00e9n cs\u00fasz\u00e1sg\u00e1tl\u00f3 text\u00far\u00e1j\u00fa, \u00edgy a c\u00edmk\u00e9k k\u00f6nnyebben felhelyezhet\u0151k, \u00e9s a csomagol\u00e1s \u00e1ltal\u00e1nos min\u0151s\u00e9ge is javul.<\/li>\n<li><strong>Nagyobb megrendel\u00e9sek eset\u00e9n az \u00d6n \u00e1ltal v\u00e1lasztott sz\u00ednes \u00fcveg:<\/strong> A borosty\u00e1n, z\u00f6ld vagy b\u00e1rmilyen m\u00e1s sz\u00ednezett \u00fcveg nemcsak a f\u00e9ny\u00e9rz\u00e9keny term\u00e9kek v\u00e9delmi tulajdons\u00e1gainak jav\u00edt\u00e1s\u00e1ra haszn\u00e1lhat\u00f3, hanem a m\u00e1rka er\u0151s\u00edt\u00e9s\u00e9re is.<\/li>\n<\/ol>","protected":false},"excerpt":{"rendered":"<p>Nagykereskedelmi \u00fcveg savany\u00fas\u00e1gtart\u00f3k magas fed\u00e9llel, ide\u00e1lis azoknak a m\u00e1rk\u00e1knak, amelyek nagy t\u00e9telben keresnek savany\u00fas\u00e1gtart\u00f3t, k\u00f6zvetlen gy\u00e1ri sz\u00e1ll\u00edt\u00e1ssal \u00e9s testreszabhat\u00f3 opci\u00f3kkal.<\/p>","protected":false},"featured_media":24020,"template":"","meta":[],"product_brand":[],"product_cat":[122,124,133],"product_tag":[],"class_list":{"0":"post-24010","1":"product","2":"type-product","3":"status-publish","4":"has-post-thumbnail","6":"product_cat-custom-glass-packaging","7":"product_cat-custom-glass-jars","8":"product_cat-pickle-jars","10":"first","11":"instock","12":"shipping-taxable","13":"product-type-simple"},"jetpack_sharing_enabled":true,"_links":{"self":[{"href":"https:\/\/yebodaglass.com\/hu\/wp-json\/wp\/v2\/product\/24010","targetHints":{"allow":["GET"]}}],"collection":[{"href":"https:\/\/yebodaglass.com\/hu\/wp-json\/wp\/v2\/product"}],"about":[{"href":"https:\/\/yebodaglass.com\/hu\/wp-json\/wp\/v2\/types\/product"}],"version-history":[{"count":5,"href":"https:\/\/yebodaglass.com\/hu\/wp-json\/wp\/v2\/product\/24010\/revisions"}],"predecessor-version":[{"id":24021,"href":"https:\/\/yebodaglass.com\/hu\/wp-json\/wp\/v2\/product\/24010\/revisions\/24021"}],"wp:featuredmedia":[{"embeddable":true,"href":"https:\/\/yebodaglass.com\/hu\/wp-json\/wp\/v2\/media\/24020"}],"wp:attachment":[{"href":"https:\/\/yebodaglass.com\/hu\/wp-json\/wp\/v2\/media?parent=24010"}],"wp:term":[{"taxonomy":"product_brand","embeddable":true,"href":"https:\/\/yebodaglass.com\/hu\/wp-json\/wp\/v2\/product_brand?post=24010"},{"taxonomy":"product_cat","embeddable":true,"href":"https:\/\/yebodaglass.com\/hu\/wp-json\/wp\/v2\/product_cat?post=24010"},{"taxonomy":"product_tag","embeddable":true,"href":"https:\/\/yebodaglass.com\/hu\/wp-json\/wp\/v2\/product_tag?post=24010"}],"curies":[{"name":"wp","href":"https:\/\/api.w.org\/{rel}","templated":true}]}}