{"id":23940,"date":"2025-11-19T14:08:56","date_gmt":"2025-11-19T06:08:56","guid":{"rendered":"https:\/\/yebodaglass.com\/?post_type=product&#038;p=23940"},"modified":"2025-11-19T17:21:31","modified_gmt":"2025-11-19T09:21:31","slug":"custom-glass-jar-for-pickle-with-airtight-cap-bulk","status":"publish","type":"product","link":"https:\/\/yebodaglass.com\/hu\/custom-glass-jar-for-pickle-with-airtight-cap-bulk\/","title":{"rendered":"Egyedi \u00fcveged\u00e9ny savany\u00fas\u00e1ghoz l\u00e9gmentesen z\u00e1r\u00f3d\u00f3 kupakkal 100 oz"},"content":{"rendered":"<p>Elege van a savany\u00fas\u00e1g\u00fcvegekb\u0151l, amikb\u0151l sziv\u00e1rog vagy kifakul az uborka? Mi \u00fcvegbef\u0151ttes\u00fcvegeket k\u00e9sz\u00edt\u00fcnk savany\u00fas\u00e1gokhoz \u2013 nincs t\u00f6bb\u00e9 szomor\u00fa ki\u00f6ml\u00e9s. Ezek az \u00fcvegbef\u0151ttes\u00fcvegek m\u00e1rk\u00e1s er\u0151m\u0171v\u00e9 var\u00e1zsolj\u00e1k az \u00e9lelmiszert\u00e1rol\u00f3j\u00e1t. A nagy t\u00e9telben rendelt term\u00e9kek egyedi fel\u00fcletkezel\u00e9st kapnak, amely illeszkedik a m\u00e1rk\u00e1j\u00e1hoz.<\/p>\n<h2>Term\u00e9kjellemz\u0151k<\/h2>\n<p><strong>Nagy\u200b\u200d\u200b\u200c\u200d\u200b\u200d\u200c\u200b\u200d\u200b\u200c\u200d\u200b\u200d\u200d\u200c k\u00f6tetszerkezet<\/strong><\/p>\n<p>Haszn\u00e1lhat\u00f3 eg\u00e9sz z\u00f6lds\u00e9g vagy nagyobb adag alapanyag savany\u00edt\u00e1s\u00e1ra, \u00edgy kiel\u00e9g\u00edtheti csal\u00e1dok, nagy \u00e9ttermek vagy \u00e9lelmiszergy\u00e1rak t\u00e1rol\u00e1si ig\u00e9nyeit.<\/p>\n<p><strong>\u00dcvegfed\u00e9l + f\u00e9m bepattinthat\u00f3 t\u00f6m\u00edt\u0151szerkezet<\/strong><\/p>\n<p>A bepattinthat\u00f3 z\u00e1r er\u0151s\u00edti a l\u00e9gmentess\u00e9get, \u00edgy hat\u00e9konyan cs\u00f6kkenti a leveg\u0151 bejut\u00e1s\u00e1t, \u00edgy alkalmass\u00e1 teszi az eszk\u00f6zt erjeszt\u00e9sre, savany\u00edt\u00e1sra \u00e9s hossz\u00fa t\u00e1v\u00fa t\u00e1rol\u00e1sra.<\/p>\n<p><strong>Szuper tiszta \u00fcveg<\/strong><\/p>\n<p>Az \u00fcveg vizu\u00e1lisan mutatja a p\u00e1colt term\u00e9kek sz\u00edn\u00e9t \u00e9s \u00e1llapot\u00e1t, \u00edgy nagyon k\u00f6nnyen nyomon k\u00f6vethet\u0151 az erjed\u00e9s vagy a min\u0151s\u00e9gben bek\u00f6vetkez\u0151 v\u00e1ltoz\u00e1sok.<\/p>\n<h2>F\u0151bb specifik\u00e1ci\u00f3k<\/h2>\n<table style=\"border-collapse: collapse; width: 80%; margin-left: AUTO; margin-right: AUTO;\" border=\"0\" width=\"288\" cellspacing=\"0\" cellpadding=\"0\">\n<tbody>\n<tr style=\"height: 13.50pt;\">\n<td style=\"height: 13.5pt; width: 54pt; text-align: center;\" width=\"72\" height=\"18\">Kapacit\u00e1s<\/td>\n<td style=\"width: 54pt; text-align: center;\" width=\"72\">Anyag<\/td>\n<td style=\"width: 54pt; text-align: center;\" width=\"72\">Fed\u00e9l t\u00edpusa<\/td>\n<td style=\"width: 54pt; text-align: center;\" width=\"72\">Alak<\/td>\n<\/tr>\n<tr style=\"height: 13.50pt;\">\n<td style=\"height: 13.5pt; text-align: center;\" height=\"18\">3000 ml (egyedi)<\/td>\n<td style=\"text-align: center;\">Kiv\u00e1l\u00f3 \u00fcveg<\/td>\n<td style=\"text-align: center;\">L\u00e9gmentesen z\u00e1r\u00f3d\u00f3 fedelek r\u00f6gz\u00edt\u00e9se<\/td>\n<td style=\"text-align: center;\">Kerek (testreszabhat\u00f3)<\/td>\n<\/tr>\n<\/tbody>\n<\/table>\n<h2>Sikeres eset<\/h2>\n<p>A hagyom\u00e1nyos savany\u00fas\u00e1gokat el\u0151\u00e1ll\u00edt\u00f3 nagy \u00e9lelmiszer-feldolgoz\u00f3 \u00fczem \u00fagy d\u00f6nt\u00f6tt, hogy nagy kapacit\u00e1s\u00fa \u00fcvegeinket haszn\u00e1lja savany\u00fas\u00e1gaihoz, amikor jobb csomagol\u00e1si megold\u00e1st keresett az erjeszt\u00e9si folyamat\u00e1hoz. A nehezen kivitelezhet\u0151 \u00e9s hossz\u00fa erjeszt\u00e9si ciklusok k\u00f6vetelm\u00e9nyeinek kiel\u00e9g\u00edt\u00e9se \u00e9rdek\u00e9ben az \u00fczem vastagabbra \u00e9p\u00edtette az \u00fcvegek fal\u00e1t, \u00e9s s\u00f3- \u00e9s sav\u00e1ll\u00f3 t\u00f6m\u00edt\u0151t\u00f6m\u00edt\u00e9seket szerelt be, hogy a f\u00e9m z\u00e1r\u00f3szerkezet stabil maradjon m\u00e9g hossz\u00fa ideig magas s\u00f3tartalm\u00fa k\u00f6rnyezetben is.<\/p>\n<p>A fejleszt\u00e9snek k\u00f6sz\u00f6nhet\u0151en a savany\u00fas\u00e1gok vizu\u00e1lisan is l\u00e1that\u00f3v\u00e1 v\u00e1ltak az erjeszt\u00e9s sor\u00e1n, a t\u00e9telhib\u00e1k ar\u00e1nya k\u00f6r\u00fclbel\u00fcl 22%-kal cs\u00f6kkent, \u00e9s a rakt\u00e1rkezel\u00e9s ink\u00e1bb emberek munk\u00e1j\u00e1v\u00e1 v\u00e1lt.<\/p>\n<h2>Testreszab\u00e1si k\u00e9zik\u00f6nyved<\/h2>\n<ol>\n<li><strong>T\u00f6m\u00edt\u0151rendszer friss\u00edt\u00e9se:<\/strong>A f\u00e9mz\u00e1rak galvaniz\u00e1lt, festett vagy rozsdamentes ac\u00e9l kivitelben k\u00e9sz\u00fclhetnek, a sav\u00e1ll\u00f3 t\u00f6m\u00edt\u00e9sek \u00e9s a szilikongy\u0171r\u0171k pedig jobb t\u00f6m\u00edt\u00e9sre cser\u00e9lhet\u0151k.<\/li>\n<li><strong>\u00dcveganyagok \u00e9s fel\u00fcletek:<\/strong>Vannak olyan anyagok, mint a nagy \u00e1tl\u00e1tsz\u00f3s\u00e1g\u00fa, matt, f\u00e9lig \u00e1tl\u00e1tsz\u00f3 \u00e9s robban\u00e1sbiztos \u00fcveg. Ezenk\u00edv\u00fcl a log\u00f3k dombornyomottak lehetnek a palack test\u00e9n vagy alj\u00e1n.<\/li>\n<li><strong>Kieg\u00e9sz\u00edt\u0151 opci\u00f3k:<\/strong>A m\u00e9r\u0151kanalak, a z\u00e1r\u00f3matric\u00e1k, a m\u00e1rkajelz\u00e9ses c\u00edmk\u00e9k \u00e9s a k\u00fcls\u0151 c\u00edmketervek mind kompatibilis term\u00e9kek, amelyekkel teljesebb term\u00e9kportf\u00f3li\u00f3t hozhat l\u00e9tre a m\u00e1rk\u00e1j\u00e1val.<\/li>\n<\/ol>","protected":false},"excerpt":{"rendered":"<p>Glass jar for pickle are available with free samples for testing. And glass jars for pickling, ideal for bulk buyers with factory-direct supply. Custom available.<\/p>","protected":false},"featured_media":23941,"template":"","meta":[],"product_brand":[],"product_cat":[122,124,133],"product_tag":[],"class_list":{"0":"post-23940","1":"product","2":"type-product","3":"status-publish","4":"has-post-thumbnail","6":"product_cat-custom-glass-packaging","7":"product_cat-custom-glass-jars","8":"product_cat-pickle-jars","10":"first","11":"instock","12":"shipping-taxable","13":"product-type-simple"},"jetpack_sharing_enabled":true,"_links":{"self":[{"href":"https:\/\/yebodaglass.com\/hu\/wp-json\/wp\/v2\/product\/23940","targetHints":{"allow":["GET"]}}],"collection":[{"href":"https:\/\/yebodaglass.com\/hu\/wp-json\/wp\/v2\/product"}],"about":[{"href":"https:\/\/yebodaglass.com\/hu\/wp-json\/wp\/v2\/types\/product"}],"version-history":[{"count":5,"href":"https:\/\/yebodaglass.com\/hu\/wp-json\/wp\/v2\/product\/23940\/revisions"}],"predecessor-version":[{"id":23954,"href":"https:\/\/yebodaglass.com\/hu\/wp-json\/wp\/v2\/product\/23940\/revisions\/23954"}],"wp:featuredmedia":[{"embeddable":true,"href":"https:\/\/yebodaglass.com\/hu\/wp-json\/wp\/v2\/media\/23941"}],"wp:attachment":[{"href":"https:\/\/yebodaglass.com\/hu\/wp-json\/wp\/v2\/media?parent=23940"}],"wp:term":[{"taxonomy":"product_brand","embeddable":true,"href":"https:\/\/yebodaglass.com\/hu\/wp-json\/wp\/v2\/product_brand?post=23940"},{"taxonomy":"product_cat","embeddable":true,"href":"https:\/\/yebodaglass.com\/hu\/wp-json\/wp\/v2\/product_cat?post=23940"},{"taxonomy":"product_tag","embeddable":true,"href":"https:\/\/yebodaglass.com\/hu\/wp-json\/wp\/v2\/product_tag?post=23940"}],"curies":[{"name":"wp","href":"https:\/\/api.w.org\/{rel}","templated":true}]}}