{"id":23903,"date":"2025-11-18T16:15:47","date_gmt":"2025-11-18T08:15:47","guid":{"rendered":"https:\/\/yebodaglass.com\/?post_type=product&#038;p=23903"},"modified":"2026-03-26T14:10:56","modified_gmt":"2026-03-26T06:10:56","slug":"wholesale-clear-32-oz-swing-top-bottles-with-stripes","status":"publish","type":"product","link":"https:\/\/yebodaglass.com\/hu\/wholesale-clear-32-oz-swing-top-bottles-with-stripes\/","title":{"rendered":"Nagykereskedelmi \u00e1tl\u00e1tsz\u00f3 16 oz-os 32 oz-os cs\u00edkos, leng\u0151tetej\u0171 palackok"},"content":{"rendered":"<p data-start=\"66\" data-end=\"288\">Ezek a 940 ml-es, leng\u0151tetej\u0171 palackok \u00e1tl\u00e1tsz\u00f3 \u00fcvegb\u0151l k\u00e9sz\u00fclnek, st\u00edlusos f\u00fcgg\u0151leges cs\u00edkos mint\u00e1zattal. A f\u00e9m r\u00e1pattinthat\u00f3 kupak nemcsak nagyszer\u0171 diz\u00e1jnelem, hanem nagyon megb\u00edzhat\u00f3 t\u00f6m\u00edt\u00e9ssel is rendelkezik, \u00edgy ezek a palackok t\u00f6k\u00e9letesek folyad\u00e9kok t\u00e1rol\u00e1s\u00e1ra.<\/p>\n<h2>Term\u00e9kjellemz\u0151k<\/h2>\n<ul>\n<li><strong>\u00c1tl\u00e1tsz\u00f3 \u00fcveg anyaga:<\/strong> Az \u00e1tl\u00e1tsz\u00f3 \u00fcveg sokat seg\u00edt a folyad\u00e9k k\u00edv\u00fclr\u0151l t\u00f6rt\u00e9n\u0151 azonos\u00edt\u00e1s\u00e1ban, mivel a sz\u00edn \u00e9s a t\u00e9rfogat is k\u00f6nnyen ellen\u0151rizhet\u0151.<\/li>\n<li><strong>F\u00fcgg\u0151leges cs\u00edk:<\/strong> A f\u00fcgg\u0151leges cs\u00edkos minta hozz\u00e1j\u00e1rul a term\u00e9k sz\u00e9ps\u00e9g\u00e9hez \u00e9s egyedis\u00e9g\u00e9hez, egy\u00fattal jobb fog\u00e1st biztos\u00edt a felhaszn\u00e1l\u00f3 sz\u00e1m\u00e1ra.<\/li>\n<li><strong>R\u00e1pattinthat\u00f3 t\u00f6m\u00edt\u00e9s kialak\u00edt\u00e1sa:<\/strong> Ez egy f\u00e9mb\u0151l k\u00e9sz\u00fclt, r\u00e1pattinthat\u00f3 dug\u00f3, amely szorosan z\u00e1r\u00f3dik, \u00edgy hat\u00e9konyan z\u00e1r, frissen tartja a tartalmat, \u00e9s megk\u00f6nny\u00edti a nyit\u00e1st \u00e9s z\u00e1r\u00e1st.<\/li>\n<\/ul>\n<h2 style=\"text-align: left;\">F\u0151bb specifik\u00e1ci\u00f3k<\/h2>\n<table class=\"aligncenter\" style=\"border-collapse: collapse; width: 474.77pt;\" border=\"0\" width=\"633\" cellspacing=\"0\" cellpadding=\"0\">\n<tbody>\n<tr style=\"height: 13.50pt;\">\n<td style=\"height: 13.50pt; width: 98.25pt;\" width=\"131\" height=\"18\">Specifik\u00e1ci\u00f3<\/td>\n<td style=\"width: 376.50pt;\" width=\"502\">R\u00e9szletek<\/td>\n<\/tr>\n<tr style=\"height: 13.50pt;\">\n<td style=\"height: 13.50pt;\" height=\"18\">M\u00e9retek<\/td>\n<td>500 ml (16 uncia): 7 cm \u00d7 26,6 cm \/ 1000 ml (32 uncia): 8,5 cm \u00d7 31,5 cm<\/td>\n<\/tr>\n<tr style=\"height: 13.50pt;\">\n<td style=\"height: 13.50pt;\" height=\"18\">Anyag<\/td>\n<td>Nagy tisztas\u00e1g\u00fa \u00fcveg<\/td>\n<\/tr>\n<tr style=\"height: 13.50pt;\">\n<td style=\"height: 13.50pt;\" height=\"18\">Fel\u00fcleti text\u00fara<\/td>\n<td>F\u00fcgg\u0151leges cs\u00edkos minta a jobb tapad\u00e1s \u00e9s eszt\u00e9tika \u00e9rdek\u00e9ben<\/td>\n<\/tr>\n<tr style=\"height: 13.50pt;\">\n<td style=\"height: 13.50pt;\" height=\"18\">Z\u00e1r\u00f3rendszer<\/td>\n<td>Rozsdamentes ac\u00e9l leng\u0151tet\u0151k narancss\u00e1rga\/feh\u00e9r dug\u00f3val<\/td>\n<\/tr>\n<tr style=\"height: 13.50pt;\">\n<td style=\"height: 13.50pt;\" height=\"18\">Ide\u00e1lis<\/td>\n<td>Felpattinthat\u00f3 tetej\u0171 palackok, leng\u0151tetej\u0171 palackok nagykereskedelemben<\/td>\n<\/tr>\n<\/tbody>\n<\/table>\n<h2>Sikert\u00f6rt\u00e9net: Egy k\u00e9zm\u0171ves \u00fcd\u00edt\u0151ital-gy\u00e1rt\u00f3 pr\u00e9mium \u00e1talakul\u00e1sa<\/h2>\n<p>Egy k\u00e9zm\u0171ves \u00fcd\u00edt\u0151ital-m\u00e1rka be akart terjeszkedni a luxus aj\u00e1nd\u00e9kt\u00e1rgyak piac\u00e1ra. Kiemelt term\u00e9k\u00fck kiemel\u00e9s\u00e9re \u00fagy d\u00f6nt\u00f6ttek, hogy a f\u00fcgg\u0151leges cs\u00edkos mint\u00e1zattal d\u00edsz\u00edtett, leng\u0151tetej\u0171 palackjainkat haszn\u00e1lj\u00e1k nagykereskedelmi forgalomban. Az egyedi cs\u00edk a m\u00e1rka siker\u00e9nek egyik f\u0151 t\u00e9nyez\u0151j\u00e9nek bizonyult. Jav\u00edtotta a felhaszn\u00e1l\u00f3 tapad\u00e1s\u00e1t a kupakon, \u00edgy a cs\u00fasz\u00e1s \u00e9s lees\u00e9s miatti balesetek sz\u00e1ma 42%-kal cs\u00f6kkent, \u00e9s ennek k\u00f6vetkezt\u00e9ben az elad\u00e1sok 75%-kal n\u0151ttek. A pozit\u00edv fogyaszt\u00f3i reakci\u00f3knak k\u00f6sz\u00f6nhet\u0151en a m\u00e1rka jelenleg t\u00e9telenk\u00e9nt 200 000 palackot rendel, \u00edgy ez a diz\u00e1jn az egyetlen csomagol\u00e1suk a z\u00e1szl\u00f3shaj\u00f3 term\u00e9khez.<\/p>\n<h2>Szabja testre textur\u00e1lt leng\u0151tetej\u0171 palackj\u00e1t<\/h2>\n<p>Haszn\u00e1lja ezeket a term\u00e9kk\u00f6zpont\u00fa testreszab\u00e1si lehet\u0151s\u00e9geket egy olyan m\u00e1rk\u00e1s, csavaros kupakkal ell\u00e1tott palack l\u00e9trehoz\u00e1s\u00e1hoz, amelyet m\u00e1s term\u00e9kek nem tudnak lem\u00e1solni:<\/p>\n<ul>\n<li><strong>T\u00f6m\u00edt\u0151gy\u0171r\u0171 sz\u00ednv\u00e1laszt\u00e1sa:<\/strong> Ir\u00e1ny\u00edtsd a t\u00f6m\u00edt\u0151gy\u0171r\u0171t a m\u00e1rk\u00e1d sz\u00edn\u00e9hez, \u00e9s \u00edgy az \u00fajra a m\u00e1rk\u00e1d sz\u00edn\u00e9ben lesz a polcon.<\/li>\n<li><strong>\u00d3lom\u00fcveg:<\/strong> A borosty\u00e1n vagy z\u00f6ld \u00fcveg haszn\u00e1lata az \u00e1tl\u00e1tsz\u00f3 helyett f\u00e9ny\u00e9rz\u00e9keny italokhoz, p\u00e9ld\u00e1ul s\u00f6rh\u00f6z aj\u00e1nlott.<\/li>\n<li><strong>Fagyos text\u00fara:<\/strong> A bord\u00e1k matt fel\u00fclete dr\u00e1mai kontrasztot \u00e9s textur\u00e1ltabb tapint\u00e1si \u00e9lm\u00e9nyt ny\u00fajt.<\/li>\n<li><strong>Speci\u00e1lis sz\u00ednes m\u00e1z:<\/strong> A sz\u00ednes \u00fcvegcs\u00edk hozz\u00e1ad\u00e1sa a palack alj\u00e1hoz vagy nyak\u00e1hoz egyedi megjelen\u00e9st k\u00f6lcs\u00f6n\u00f6z.<\/li>\n<\/ul>\n<p>K\u00e9rj\u00fck, vegye fel vel\u00fcnk a kapcsolatot, ha meg szeretn\u00e9 tudni a 32 unci\u00e1s, leng\u0151tetej\u0171 palackok nagykereskedelmi \u00e1rait.<\/p>","protected":false},"excerpt":{"rendered":"<p>Eleg\u00e1ns, cs\u00edkos, 940 ml-es (940 ml-es) billen\u0151tet\u0151s palackok pr\u00e9mium min\u0151s\u00e9g\u0171, sziv\u00e1rg\u00e1smentes t\u00f6m\u00edt\u00e9ssel \u2013 italok, erjeszt\u00e9s \u00e9s \u00e9lelmiszerek csomagol\u00e1s\u00e1ra tervezve. Nagykereskedelmi \u00e1ron kaphat\u00f3.<\/p>","protected":false},"featured_media":25628,"template":"","meta":[],"product_brand":[],"product_cat":[132,123,122],"product_tag":[],"class_list":{"0":"post-23903","1":"product","2":"type-product","3":"status-publish","4":"has-post-thumbnail","6":"product_cat-glass-flip-top-bottles","7":"product_cat-custom-glass-bottles","8":"product_cat-custom-glass-packaging","10":"first","11":"instock","12":"shipping-taxable","13":"product-type-simple"},"jetpack_sharing_enabled":true,"_links":{"self":[{"href":"https:\/\/yebodaglass.com\/hu\/wp-json\/wp\/v2\/product\/23903","targetHints":{"allow":["GET"]}}],"collection":[{"href":"https:\/\/yebodaglass.com\/hu\/wp-json\/wp\/v2\/product"}],"about":[{"href":"https:\/\/yebodaglass.com\/hu\/wp-json\/wp\/v2\/types\/product"}],"version-history":[{"count":4,"href":"https:\/\/yebodaglass.com\/hu\/wp-json\/wp\/v2\/product\/23903\/revisions"}],"predecessor-version":[{"id":23921,"href":"https:\/\/yebodaglass.com\/hu\/wp-json\/wp\/v2\/product\/23903\/revisions\/23921"}],"wp:featuredmedia":[{"embeddable":true,"href":"https:\/\/yebodaglass.com\/hu\/wp-json\/wp\/v2\/media\/25628"}],"wp:attachment":[{"href":"https:\/\/yebodaglass.com\/hu\/wp-json\/wp\/v2\/media?parent=23903"}],"wp:term":[{"taxonomy":"product_brand","embeddable":true,"href":"https:\/\/yebodaglass.com\/hu\/wp-json\/wp\/v2\/product_brand?post=23903"},{"taxonomy":"product_cat","embeddable":true,"href":"https:\/\/yebodaglass.com\/hu\/wp-json\/wp\/v2\/product_cat?post=23903"},{"taxonomy":"product_tag","embeddable":true,"href":"https:\/\/yebodaglass.com\/hu\/wp-json\/wp\/v2\/product_tag?post=23903"}],"curies":[{"name":"wp","href":"https:\/\/api.w.org\/{rel}","templated":true}]}}