{"id":23900,"date":"2025-11-18T17:00:16","date_gmt":"2025-11-18T09:00:16","guid":{"rendered":"https:\/\/yebodaglass.com\/?post_type=product&#038;p=23900"},"modified":"2025-11-18T17:00:18","modified_gmt":"2025-11-18T09:00:18","slug":"wholesale-square-glass-jars-for-pickle-for-packing","status":"publish","type":"product","link":"https:\/\/yebodaglass.com\/hu\/wholesale-square-glass-jars-for-pickle-for-packing\/","title":{"rendered":"Nagykereskedelmi n\u00e9gyzet alak\u00fa \u00fcveged\u00e9nyek savany\u00fas\u00e1ghoz, csomagol\u00e1shoz 50ml - 150ml"},"content":{"rendered":"<p>Elege van a sziv\u00e1rg\u00f3 vagy az ubork\u00e1t matt\u00e1 tev\u0151 savany\u00fas\u00e1g\u00fcvegekb\u0151l? Mi \u00fcvegeket k\u00e9sz\u00edt\u00fcnk savany\u00fas\u00e1gokhoz \u2013 nincs t\u00f6bb\u00e9 szomor\u00fa ki\u00f6ml\u00e9s. Ezek az \u00fcres savany\u00fas\u00e1g\u00fcvegek m\u00e1rk\u00e1s er\u0151m\u0171vet var\u00e1zsolnak az \u00e9lelmiszert\u00e1rol\u00f3j\u00e1b\u00f3l. A nagy t\u00e9telben rendelt term\u00e9kek egyedi m\u00e9retekben kaphat\u00f3k, hogy illeszkedjenek a m\u00e1rk\u00e1j\u00e1hoz.<\/p>\n<h2>Term\u00e9kjellemz\u0151k<\/h2>\n<p><strong>Nagy \u00e1tl\u00e1tsz\u00f3s\u00e1g\u00fa \u00fcveg<\/strong><\/p>\n<p>Az \u00e1tl\u00e1tsz\u00f3 \u00fcvegben l\u00e1that\u00f3v\u00e1 v\u00e1lnak a sz\u00ednes z\u00f6lds\u00e9gek \u00e9s tart\u00f3s\u00edtott term\u00e9kek, ez\u00e1ltal feldobva a kiskereskedelmi polcok megjelen\u00e9s\u00e9t.<\/p>\n<p><strong>F\u00e9m csavaros kupak pecs\u00e9tje<\/strong><\/p>\n<p>Bels\u0151 p\u00e1rn\u00e1j\u00e1nak k\u00f6sz\u00f6nhet\u0151en nagyon l\u00e9gmentes \u00e9s elker\u00fclhet\u0151 az oxid\u00e1ci\u00f3, \u00edgy hossz\u00fa ideig t\u00e1rolhat\u00f3.<\/p>\n<p><strong>Tiszta c\u00edmketer\u00fclet<\/strong><\/p>\n<p>Az \u00fcveg egyenletes fel\u00fclete j\u00f3 nyomtat\u00e1si \u00e9s c\u00edmk\u00e9z\u00e9si fel\u00fclet, \u00edgy a m\u00e1rkamegjelen\u00e9s k\u00f6vetkezetesebb\u00e9 \u00e9s professzion\u00e1lisabb\u00e1 v\u00e1lik.<\/p>\n<h2>F\u0151bb specifik\u00e1ci\u00f3k<\/h2>\n<table style=\"border-collapse: collapse; width: 80%; margin-left: auto; margin-right: auto;\" border=\"0\" width=\"216\" cellspacing=\"0\" cellpadding=\"0\">\n<tbody>\n<tr style=\"height: 13.50pt;\">\n<td style=\"height: 13.5pt; width: 54pt; text-align: center;\" width=\"72\" height=\"18\">Kapacit\u00e1s<\/td>\n<td style=\"width: 54pt; text-align: center;\" width=\"72\">M\u00e9ret (cm)<\/td>\n<td style=\"width: 54pt; text-align: center;\" width=\"72\">Z\u00e1r\u00e1s t\u00edpusa<\/td>\n<\/tr>\n<tr style=\"height: 13.50pt;\">\n<td style=\"height: 13.5pt; text-align: center;\" height=\"18\">50 ml<\/td>\n<td style=\"text-align: center;\">4,5 x 5,6<\/td>\n<td class=\"et2\" style=\"text-align: center;\" rowspan=\"4\">Menetes (m\u0171anyag\/f\u00e9m)<\/td>\n<\/tr>\n<tr style=\"height: 13.50pt;\">\n<td style=\"height: 13.5pt; text-align: center;\" height=\"18\">80 ml<\/td>\n<td style=\"text-align: center;\">5,0 x 5,5<\/td>\n<\/tr>\n<tr style=\"height: 13.50pt;\">\n<td style=\"height: 13.5pt; text-align: center;\" height=\"18\">100 ml<\/td>\n<td style=\"text-align: center;\">5,4 x 7,5<\/td>\n<\/tr>\n<tr style=\"height: 13.50pt;\">\n<td style=\"height: 13.5pt; text-align: center;\" height=\"18\">150 ml<\/td>\n<td style=\"text-align: center;\">5,7 x 7,6<\/td>\n<\/tr>\n<\/tbody>\n<\/table>\n<h2>Sikeres eset<\/h2>\n<p>Amikor egy savany\u00fa paprik\u00e1ra \u00e9s sal\u00e1t\u00e1kra szakosodott \u00e9lelmiszergy\u00e1r \u00fagy d\u00f6nt\u00f6tt, hogy korszer\u0171s\u00edti a csomagol\u00e1s\u00e1t, a mi n\u00e9gyzet alak\u00fa, \u00fcres savany\u00fas\u00e1g\u00fcvegeink mellett d\u00f6nt\u00f6ttek. A f\u00e9nyes, \u00e1tl\u00e1tsz\u00f3 \u00fcveg nagyban seg\u00edti term\u00e9keinket abban, hogy kit\u0171njenek a szupermarketek polcain a t\u00f6bbi k\u00f6z\u00fcl, ez\u00e1ltal jelent\u0151sen n\u00f6velve kiskereskedelmi vonzerej\u00fcket. A fekete, sziv\u00e1rg\u00e1smentes kupakokat \u00e9s a c\u00edmkefel\u00fclet m\u00e9ret\u00e9t pontosan a sz\u00e1mukra alak\u00edtottuk ki, hogy a t\u00f6lt\u0151soron k\u00f6zvetlen\u00fcl, v\u00e1ltoztat\u00e1sok n\u00e9lk\u00fcl megkezdhesse a termel\u00e9st.<\/p>\n<p>A csomagol\u00e1sv\u00e1lt\u00e1s eredm\u00e9nyek\u00e9nt a m\u00e1rka \u00faj term\u00e9keinek elad\u00e1sai k\u00e9t negyed\u00e9v alatt 29%-kal n\u0151ttek.<\/p>\n<h2>Testreszab\u00e1si \u00fatmutat\u00f3 \u00fcres savany\u00fas\u00e1g\u00fcvegekhez<\/h2>\n<ol>\n<li><strong>Palack\u200b\u200d\u200b\u200c\u200d\u200b\u200d\u200c\u200b\u200d\u200b\u200c\u200d\u200b\u200d\u200c Nyomtat\u00e1si \u00e9s c\u00edmk\u00e9z\u00e9si folyamatok:<\/strong>A m\u00e1rk\u00e1k szitanyom\u00e1st, dombornyom\u00e1st, meleg sajtol\u00e1st vagy \u00e1tl\u00e1tsz\u00f3 \u00f6ntapad\u00f3s c\u00edmk\u00e9ket haszn\u00e1lhatnak log\u00f3ik vonz\u00f3bb, olaj- \u00e9s kop\u00e1s\u00e1ll\u00f3bb megjelen\u00edt\u00e9s\u00e9hez.<\/li>\n<li><strong>Palackkupak anyaga \u00e9s sz\u00ednv\u00e1laszt\u00e9ka:<\/strong>L\u00e9teznek fekete f\u00e9mkupakok, sz\u00ednes f\u00e9mkupakok vagy \u00e9lelmiszeripari min\u0151s\u00e9g\u0171 m\u0171anyag kupakok, amelyek k\u00f6z\u00fcl v\u00e1laszthatunk, hogy biztons\u00e1gi gy\u0171r\u0171ket, sziv\u00e1rg\u00e1smentes t\u00f6m\u00edt\u00e9seket vagy t\u00f6m\u00edt\u0151er\u0151s\u00edt\u0151 szerkezeteket adjunk hozz\u00e1.<\/li>\n<li><strong>Fel\u00fcletkezel\u00e9sek \u00e9s palackfejleszt\u00e9sek:<\/strong>Az \u00fcveg k\u00e9sz\u00fclhet matt, f\u00e9lig \u00e1tl\u00e1tsz\u00f3 vagy textur\u00e1lt kivitelben, a log\u00f3 \u00e9s a gy\u00e1rt\u00e1si sz\u00e1m pedig a palack alj\u00e1ra dombornyomott form\u00e1ban is megjelenhet a m\u00e1rkaismerts\u00e9g n\u00f6vel\u00e9se \u00e9rdek\u00e9ben.<\/li>\n<\/ol>","protected":false},"excerpt":{"rendered":"<p>Savany\u00fas\u00e1gokhoz \u00fcvegeket k\u00edn\u00e1lunk, amelyeket m\u00e1rkajelz\u00e9ssel is ell\u00e1that. Ezek az \u00fcres savany\u00fas\u00e1g\u00fcvegek k\u00f6zvetlen\u00fcl a gy\u00e1rb\u00f3l, nagykereskedelmi \u00e1ron kaphat\u00f3k.<\/p>","protected":false},"featured_media":23904,"template":"","meta":[],"product_brand":[],"product_cat":[122,124,133],"product_tag":[],"class_list":{"0":"post-23900","1":"product","2":"type-product","3":"status-publish","4":"has-post-thumbnail","6":"product_cat-custom-glass-packaging","7":"product_cat-custom-glass-jars","8":"product_cat-pickle-jars","10":"first","11":"instock","12":"shipping-taxable","13":"product-type-simple"},"jetpack_sharing_enabled":true,"_links":{"self":[{"href":"https:\/\/yebodaglass.com\/hu\/wp-json\/wp\/v2\/product\/23900","targetHints":{"allow":["GET"]}}],"collection":[{"href":"https:\/\/yebodaglass.com\/hu\/wp-json\/wp\/v2\/product"}],"about":[{"href":"https:\/\/yebodaglass.com\/hu\/wp-json\/wp\/v2\/types\/product"}],"version-history":[{"count":5,"href":"https:\/\/yebodaglass.com\/hu\/wp-json\/wp\/v2\/product\/23900\/revisions"}],"predecessor-version":[{"id":23913,"href":"https:\/\/yebodaglass.com\/hu\/wp-json\/wp\/v2\/product\/23900\/revisions\/23913"}],"wp:featuredmedia":[{"embeddable":true,"href":"https:\/\/yebodaglass.com\/hu\/wp-json\/wp\/v2\/media\/23904"}],"wp:attachment":[{"href":"https:\/\/yebodaglass.com\/hu\/wp-json\/wp\/v2\/media?parent=23900"}],"wp:term":[{"taxonomy":"product_brand","embeddable":true,"href":"https:\/\/yebodaglass.com\/hu\/wp-json\/wp\/v2\/product_brand?post=23900"},{"taxonomy":"product_cat","embeddable":true,"href":"https:\/\/yebodaglass.com\/hu\/wp-json\/wp\/v2\/product_cat?post=23900"},{"taxonomy":"product_tag","embeddable":true,"href":"https:\/\/yebodaglass.com\/hu\/wp-json\/wp\/v2\/product_tag?post=23900"}],"curies":[{"name":"wp","href":"https:\/\/api.w.org\/{rel}","templated":true}]}}