{"id":23894,"date":"2025-11-18T15:02:38","date_gmt":"2025-11-18T07:02:38","guid":{"rendered":"https:\/\/yebodaglass.com\/?post_type=product&#038;p=23894"},"modified":"2026-04-10T09:36:18","modified_gmt":"2026-04-10T01:36:18","slug":"empty-clear-glass-flip-top-bottles-wholesale","status":"publish","type":"product","link":"https:\/\/yebodaglass.com\/hu\/empty-clear-glass-flip-top-bottles-wholesale\/","title":{"rendered":"350ml \u2013 1000ml \u00fcres, \u00e1tl\u00e1tsz\u00f3 \u00fcveg pattint\u00f3s tetej\u0171 palackok nagykereskedelemben"},"content":{"rendered":"<p data-start=\"66\" data-end=\"288\"><span aria-haspopup=\"dialog\" aria-expanded=\"false\" aria-controls=\"radix-_r_8f_\" data-state=\"closed\" data-slot=\"popover-trigger\">Egy hagyom\u00e1nyos \u00e9s praktikus palack, sima \u00e9s enyh\u00e9n k\u00fapos testtel \u00e9s karcs\u00fa nyakkal, ez az \u00fcveg pattint\u00f3s tetej\u0171 palack klasszikus.<\/span> <span aria-haspopup=\"dialog\" aria-expanded=\"false\" aria-controls=\"radix-_r_8g_\" data-state=\"closed\" data-slot=\"popover-trigger\">Az \u00fcveg \u00e1tl\u00e1tsz\u00f3 \u00fcvegb\u0151l k\u00e9sz\u00fclt, egy felpattinthat\u00f3 kupakkal, amely szil\u00e1rdan z\u00e1rja a palackot.<\/span> <span aria-haspopup=\"dialog\" aria-expanded=\"false\" aria-controls=\"radix-_r_8h_\" data-state=\"closed\" data-slot=\"popover-trigger\">Ez az \u00e9p\u00fclet l\u00e9gmentesen z\u00e1r\u00f3d\u00f3 burkolatot k\u00e9pez, amely meg\u0151rzi a frissess\u00e9get, \u00e9s elker\u00fcli a sziv\u00e1rg\u00e1sokat.<\/span> <span aria-haspopup=\"dialog\" aria-expanded=\"false\" aria-controls=\"radix-_r_8i_\" data-state=\"closed\" data-slot=\"popover-trigger\">A sorozat rugalmass\u00e1got biztos\u00edt a csomagol\u00e1si k\u00f6vetelm\u00e9nyek ter\u00e9n, mivel 350 ml-t\u0151l 1000 ml-ig kaphat\u00f3.<\/span> <span aria-haspopup=\"dialog\" aria-expanded=\"false\" aria-controls=\"radix-_r_8j_\" data-state=\"closed\" data-slot=\"popover-trigger\">Ezek olyan palackok, amelyek gyakoriak olyan italok t\u00e1rol\u00e1s\u00e1ra, mint az \u00fcd\u00edt\u0151k, gy\u00fcm\u00f6lcslevek \u00e9s kombucha. Nagykereskedelemben k\u00edn\u00e1lunk pattint\u00f3s tetej\u0171 palackokat.<\/span><\/p>\n<h2>Term\u00e9kjellemz\u0151k<\/h2>\n<ul>\n<li><strong>R\u00e1pattinthat\u00f3 t\u00f6m\u00edt\u00e9s kialak\u00edt\u00e1sa:<\/strong> A piros \u00e9s feh\u00e9r f\u00e9m dug\u00f3k j\u00f3 t\u00f6m\u00edt\u00e9st biztos\u00edtanak, \u00edgy a tartalom tov\u00e1bb el\u00e1ll. Emellett a nyit\u00e1s \u00e9s z\u00e1r\u00e1s is nagyon egyszer\u0171.<\/li>\n<li><strong>K\u00fcl\u00f6nb\u00f6z\u0151 palackform\u00e1k \u00e9s m\u00e9retek:<\/strong> N\u00e9gy k\u00fcl\u00f6nb\u00f6z\u0151 palackforma \u00e9s -m\u00e9ret k\u00e9pes nemcsak a k\u00fcl\u00f6nb\u00f6z\u0151 t\u00e9rfogati, hanem a vizu\u00e1lis ig\u00e9nyeket is kiel\u00e9g\u00edteni. Emellett italokhoz, sz\u00f3szokhoz \u00e9s egy\u00e9b csomagol\u00e1si helyzetekhez is haszn\u00e1lhat\u00f3k.<\/li>\n<li><strong>Sorozattervez\u00e9s:<\/strong> Az egys\u00e9ges diz\u00e1jnst\u00edlus\u00fa t\u00e1rol\u00f3k sorozatk\u00e9nt is haszn\u00e1lhat\u00f3k, \u00edgy fokozva a t\u00e1rol\u00e1s \u00e9s a haszn\u00e1lat \u00f6sszhangj\u00e1t.<\/li>\n<\/ul>\n<h2 style=\"text-align: left;\">F\u0151bb specifik\u00e1ci\u00f3k<\/h2>\n<table style=\"border-collapse: collapse; width: 80%; margin-left: auto; margin-right: auto;\" border=\"0\" width=\"144\" cellspacing=\"0\" cellpadding=\"0\">\n<tbody>\n<tr style=\"height: 13.50pt;\">\n<td style=\"height: 13.5pt; width: 54pt; text-align: center;\" width=\"72\" height=\"18\">Specifik\u00e1ci\u00f3<\/td>\n<td style=\"width: 54pt; text-align: center;\" width=\"72\">R\u00e9szletek<\/td>\n<\/tr>\n<tr style=\"height: 13.50pt;\">\n<td style=\"height: 13.5pt; text-align: center;\" height=\"18\">Kapacit\u00e1sok<\/td>\n<td style=\"text-align: center;\">350 ml (12 uncia) \/ 500 ml (16 uncia) \/ 750 ml (25 uncia) \/ 1000 ml (32 uncia)<\/td>\n<\/tr>\n<tr style=\"height: 13.50pt;\">\n<td style=\"height: 13.5pt; text-align: center;\" height=\"18\">Nyakny\u00edl\u00e1s<\/td>\n<td style=\"text-align: center;\">1,9 cm (350 500 ml) \u2022 1,8 cm (750 1000 ml)<\/td>\n<\/tr>\n<tr style=\"height: 13.50pt;\">\n<td style=\"height: 13.5pt; text-align: center;\" height=\"18\">Bez\u00e1r\u00e1s<\/td>\n<td style=\"text-align: center;\">F\u00e9m leng\u0151tet\u0151 piros\/feh\u00e9r dug\u00f3val \u00e9s cser\u00e9lhet\u0151 szilikon t\u00f6m\u00edt\u00e9ssel<\/td>\n<\/tr>\n<tr style=\"height: 13.50pt;\">\n<td style=\"height: 13.5pt; text-align: center;\" height=\"18\">Anyag<\/td>\n<td style=\"text-align: center;\">Nagy tisztas\u00e1g\u00fa \u00fcveg<\/td>\n<\/tr>\n<tr style=\"height: 13.50pt;\">\n<td style=\"height: 13.5pt; text-align: center;\" height=\"18\">T\u00f6m\u00edt\u00e9s t\u00edpusa<\/td>\n<td style=\"text-align: center;\">Kompresszi\u00f3s t\u00f6m\u00edt\u00e9ssel ell\u00e1tott fed\u00e9l gumiszer\u0171 al\u00e1t\u00e9ttel<\/td>\n<\/tr>\n<\/tbody>\n<\/table>\n<h2>Sikert\u00f6rt\u00e9net<\/h2>\n<p><span aria-haspopup=\"dialog\" aria-expanded=\"false\" aria-controls=\"radix-_r_8k_\" data-state=\"closed\" data-slot=\"popover-trigger\">Az egyik n\u00e9met k\u00e9zm\u0171ves italm\u00e1rka egy \u00faj, k\u00e9zzel k\u00e9sz\u00edtett sz\u00e9nsavas limon\u00e1d\u00e9 term\u00e9kcsal\u00e1d bevezet\u00e9s\u00e9re k\u00e9sz\u00fclt.<\/span> <span aria-haspopup=\"dialog\" aria-expanded=\"false\" aria-controls=\"radix-_r_8l_\" data-state=\"closed\" data-slot=\"popover-trigger\">T\u00f6bb besz\u00e1ll\u00edt\u00f3 \u00f6sszehasonl\u00edt\u00e1sa ut\u00e1n a 25 unci\u00e1s, r\u00e1pattinthat\u00f3 \u00fcvegpalackjaink mellett d\u00f6nt\u00f6ttek.<\/span> <span aria-haspopup=\"dialog\" aria-expanded=\"false\" aria-controls=\"radix-_r_8m_\" data-state=\"closed\" data-slot=\"popover-trigger\">A m\u00e1rk\u00e1jukat feh\u00e9r ker\u00e1mi\u00e1val nyomtatt\u00e1k az \u00fcvegre, a rozsdamentes ac\u00e9l csavaros kupak pedig s\u00e1rga, \u00e9lelmiszeripari min\u0151s\u00e9g\u0171 szilikon t\u00f6m\u00edt\u00e9ssel rendelkezik, amely hosszan tart\u00f3 pezsg\u0151 hat\u00e1st biztos\u00edt az \u00fcvegnek, \u00e9s a citromos t\u00e9m\u00e1t sugallja.<\/span><\/p>\n<p><span aria-haspopup=\"dialog\" aria-expanded=\"false\" aria-controls=\"radix-_r_8n_\" data-state=\"closed\" data-slot=\"popover-trigger\">Hat h\u00f3nap alatt a m\u00e1rka 28 sz\u00e1zal\u00e9kkal nagyobb mennyis\u00e9gben \u00e9rt\u00e9kes\u00edtette az \u00faj csomagol\u00e1s\u00e1t, mint az \u00faj csomagol\u00e1s bevezet\u00e9sekor.<\/span> <span aria-haspopup=\"dialog\" aria-expanded=\"false\" aria-controls=\"radix-_r_8o_\" data-state=\"closed\" data-slot=\"popover-trigger\">Az \u00fcgyf\u00e9l az els\u0151 \u00e9vben h\u00e1rom nagy t\u00e9telben t\u00f6rt\u00e9n\u0151 megrendel\u00e9st is leadott a pozit\u00edv piaci reakci\u00f3knak k\u00f6sz\u00f6nhet\u0151en.<\/span><\/p>\n<h2>Tervezze meg felpattinthat\u00f3 tetej\u0171 palackjait<\/h2>\n<ul>\n<li><strong>Egyedi\u200b\u200d\u200b\u200c\u200d\u200b\u200d\u200c\u200b\u200d\u200b\u200c\u200d\u200b\u200d\u200c\u200d\u200c T\u00f6m\u00edt\u00e9s sz\u00edne:<\/strong> Alak\u00edtsa \u00e1t a pecs\u00e9t piros \u00e9s feh\u00e9r r\u00e9szeit a m\u00e1rka sz\u00edn\u00e9re a gyors \u00e9s egyszer\u0171 felismer\u00e9s \u00e9rdek\u00e9ben.<\/li>\n<li><strong>\u00dcveg sz\u00ednez\u00e9se:<\/strong> Borosty\u00e1nsz\u00edn\u0171 vagy z\u00f6ld \u00fcveget haszn\u00e1lj, ha f\u00e9ny\u00e9rz\u00e9keny term\u00e9keket, p\u00e9ld\u00e1ul s\u00f6rt vagy ecetet szeretn\u00e9l megv\u00e9deni az UV-sugarakt\u00f3l.<\/li>\n<li><strong>Savas arc\u00fa log\u00f3:<\/strong> Ragassza log\u00f3j\u00e1t az \u00fcvegre savas marat\u00e1ssal az eleg\u00e1ns, tart\u00f3s \u00e9s let\u00f6r\u00f6lhetetlen matt st\u00edlus \u00e9rdek\u00e9ben.<\/li>\n<li><strong>Patentz\u00e1ras fel\u00fclet:<\/strong> Szem\u00e9lyre szabottabb megjelen\u00e9st k\u00f6lcs\u00f6n\u00f6zhetsz a patentkapocsnak, ha speci\u00e1lis f\u00e9m patentkapocs-fel\u00fcletet v\u00e1lasztasz, p\u00e9ld\u00e1ul feket\u00e9t vagy horganyzottat.<\/li>\n<\/ul>\n<p>Nagykereskedelmi \u00e1ron k\u00edn\u00e1lunk felpattinthat\u00f3 tetej\u0171 palackokat, amelyek gyors sz\u00e1ll\u00edt\u00e1ssal, t\u00f6meges \u00e1ron v\u00e1s\u00e1rolhat\u00f3k meg. Forduljon hozz\u00e1nk bizalommal, ha \u00e1raj\u00e1nlatot szeretne k\u00e9rni erre a t\u00f6bbc\u00e9l\u00fa, csavaros tetej\u0171 \u00fcvegpalackra.<\/p>","protected":false},"excerpt":{"rendered":"<p>Tart\u00f3s \u00fcveg pattint\u00f3s tetej\u0171 palackok nagykereskedelemben, er\u0151s leng\u0151tekercsekkel, l\u00e9gmentesen z\u00e1r\u00f3d\u00f3. T\u00f6k\u00e9letes azoknak a m\u00e1rk\u00e1knak, akik pattint\u00f3s tetej\u0171 palackokat keresnek nagykereskedelemben. Ingyenes mint\u00e1k.<\/p>","protected":false},"featured_media":23895,"template":"","meta":[],"product_brand":[],"product_cat":[132,123,122],"product_tag":[],"class_list":{"0":"post-23894","1":"product","2":"type-product","3":"status-publish","4":"has-post-thumbnail","6":"product_cat-glass-flip-top-bottles","7":"product_cat-custom-glass-bottles","8":"product_cat-custom-glass-packaging","10":"first","11":"instock","12":"shipping-taxable","13":"product-type-simple"},"jetpack_sharing_enabled":true,"_links":{"self":[{"href":"https:\/\/yebodaglass.com\/hu\/wp-json\/wp\/v2\/product\/23894","targetHints":{"allow":["GET"]}}],"collection":[{"href":"https:\/\/yebodaglass.com\/hu\/wp-json\/wp\/v2\/product"}],"about":[{"href":"https:\/\/yebodaglass.com\/hu\/wp-json\/wp\/v2\/types\/product"}],"version-history":[{"count":5,"href":"https:\/\/yebodaglass.com\/hu\/wp-json\/wp\/v2\/product\/23894\/revisions"}],"predecessor-version":[{"id":25398,"href":"https:\/\/yebodaglass.com\/hu\/wp-json\/wp\/v2\/product\/23894\/revisions\/25398"}],"wp:featuredmedia":[{"embeddable":true,"href":"https:\/\/yebodaglass.com\/hu\/wp-json\/wp\/v2\/media\/23895"}],"wp:attachment":[{"href":"https:\/\/yebodaglass.com\/hu\/wp-json\/wp\/v2\/media?parent=23894"}],"wp:term":[{"taxonomy":"product_brand","embeddable":true,"href":"https:\/\/yebodaglass.com\/hu\/wp-json\/wp\/v2\/product_brand?post=23894"},{"taxonomy":"product_cat","embeddable":true,"href":"https:\/\/yebodaglass.com\/hu\/wp-json\/wp\/v2\/product_cat?post=23894"},{"taxonomy":"product_tag","embeddable":true,"href":"https:\/\/yebodaglass.com\/hu\/wp-json\/wp\/v2\/product_tag?post=23894"}],"curies":[{"name":"wp","href":"https:\/\/api.w.org\/{rel}","templated":true}]}}