{"id":23879,"date":"2025-11-18T13:42:49","date_gmt":"2025-11-18T05:42:49","guid":{"rendered":"https:\/\/yebodaglass.com\/?post_type=product&#038;p=23879"},"modified":"2026-03-26T13:58:11","modified_gmt":"2026-03-26T05:58:11","slug":"wholesale-clear-cylindrical-glass-resealable-bottles","status":"publish","type":"product","link":"https:\/\/yebodaglass.com\/hu\/wholesale-clear-cylindrical-glass-resealable-bottles\/","title":{"rendered":"Nagykereskedelmi \u00e1tl\u00e1tsz\u00f3 hengeres \u00fcveg \u00fajraz\u00e1rhat\u00f3 palackok 600ml 1000ml"},"content":{"rendered":"<p>Our glass resealable bottles ( 600ml and 1000ml capacities ) feature a clean cylindrical shape with a distinct shoulder and thick, stable base. The bottles are made of clear glass that gives the product a high visibility. The durable swing top topper is attached to each unit, consisting of a metal wire bail and a food grade sealing gasket to provide airtight protection. There is also easy branding and labelling done on the smooth surface.<\/p>\n<h2 style=\"text-align: left;\">F\u0151bb specifik\u00e1ci\u00f3k<\/h2>\n<table class=\"aligncenter\" style=\"border-collapse: collapse; width: 581.27pt;\" border=\"0\" width=\"775\" cellspacing=\"0\" cellpadding=\"0\">\n<tbody>\n<tr style=\"height: 13.50pt;\">\n<td style=\"height: 13.50pt; width: 164.25pt;\" width=\"219\" height=\"18\">Specifik\u00e1ci\u00f3<\/td>\n<td style=\"width: 417.00pt;\" width=\"556\">R\u00e9szletek<\/td>\n<\/tr>\n<tr style=\"height: 13.50pt;\">\n<td style=\"height: 13.50pt;\" height=\"18\">M\u00e9retek (M \u00d7 M)<\/td>\n<td>600 ml (20 uncia) 7,4 \u00d7 23,7 cm \/ 1000 ml (32 uncia) 8,1 \u00d7 28,9 cm<\/td>\n<\/tr>\n<tr style=\"height: 13.50pt;\">\n<td style=\"height: 13.50pt;\" height=\"18\">Palacknyak bels\u0151 \u00e1tm\u00e9r\u0151je<\/td>\n<td>2,8 cm \u00e1tm\u00e9r\u0151j\u0171<\/td>\n<\/tr>\n<tr style=\"height: 13.50pt;\">\n<td style=\"height: 13.50pt;\" height=\"18\">Z\u00e1r\u00e1s t\u00edpusa<\/td>\n<td>swing top<\/td>\n<\/tr>\n<tr style=\"height: 13.50pt;\">\n<td style=\"height: 13.50pt;\" height=\"18\">Anyag<\/td>\n<td>Lead-free soda-lime glass, stainless steel, silicone pad<\/td>\n<\/tr>\n<tr style=\"height: 13.50pt;\">\n<td style=\"height: 13.50pt;\" height=\"18\">ustomization Options:<\/td>\n<td>C Color, Size, Surface Finish, Logo, Packaging<\/td>\n<\/tr>\n<\/tbody>\n<\/table>\n<h2>Alkalmaz\u00e1s<\/h2>\n<p>These sealable glass bottles are widely used across food and beverage industries where airtight storage is essential. They can be used to store oils, vinegar, syrups and homemade beverages or to package water, juices, kombucha, beer and other fermented beverages. The resealable secure closure ensures that they can be distributed to retailers as well as used repeatedly by consumers. Moreover, they are also widely utilised in the hospitality, cafes, breweries, and line of their own products to provide quality preservation and maintenance of the quality of products during storing and transportation.<\/p>\n<h2>Sikert\u00f6rt\u00e9net: T\u00f6k\u00e9letes v\u00e1laszt\u00e1s egy k\u00e9zm\u0171ves s\u00f6rf\u0151zd\u00e9nek<\/h2>\n<p>Egy k\u00e9zm\u0171ves \u00fcd\u00edt\u0151ket gy\u00e1rt\u00f3 kis s\u00f6rf\u0151zde strapab\u00edr\u00f3 tart\u00e1lyra volt sz\u00fcks\u00e9ge a magas sz\u00e9nsavtartalm\u00fa gy\u00f6mb\u00e9rs\u00f6r\u00e9hez. A lez\u00e1rhat\u00f3 \u00fcvegpalackjaink v\u00e1laszt\u00e1s\u00e1nak k\u00f6sz\u00f6nhet\u0151en 7 napon bel\u00fcl kevesebb mint 2%-os sz\u00e9n-dioxid-vesztes\u00e9get regisztr\u00e1ltak, \u00e9s a lapos s\u00f6r\u00f6kkel kapcsolatos v\u00e1s\u00e1rl\u00f3i panaszok null\u00e1ra cs\u00f6kkentek. R\u00e1ad\u00e1sul a t\u00f6m\u00edt\u00e9s cser\u00e9j\u00e9nek ar\u00e1nya palackonk\u00e9nt 5 palackoz\u00e1s ut\u00e1n kevesebb mint 0,5% volt. Nagyon el\u00e9gedettek voltak, \u00e9s \u00fagy d\u00f6nt\u00f6ttek, hogy hat h\u00f3napon bel\u00fcl h\u00e1romszor is \u00fajrarendelnek, \u00edgy a hat h\u00f3napos id\u0151szak v\u00e9g\u00e9re 1200 palackr\u00f3l 200 000 palackra n\u00f6velt\u00e9k a rendel\u00e9si mennyis\u00e9get.<\/p>\n<h2>Szabja testre csavaros kupakos palackjait<\/h2>\n<ul>\n<li><strong>Szitanyom\u00e1s:<\/strong> Szitanyom\u00e1ssal vigye fel a c\u00edmkemint\u00e1t k\u00f6zvetlen\u00fcl az \u00fcvegre, ami egy nagyon tart\u00f3s \u00e9s professzion\u00e1lis megjelen\u00e9s\u0171 fel\u00fclet.<\/li>\n<li><strong>Patentz\u00e1ras fel\u00fcletek:<\/strong> P\u00e9ld\u00e1ul a f\u00e9m patentkapcsok k\u00f6z\u00fcl n\u00e9h\u00e1ny fekete vagy horganyzott kivitelben kaphat\u00f3, amelyeket a term\u00e9k egyedi megjelen\u00e9se \u00e9rdek\u00e9ben v\u00e1laszthat.<\/li>\n<li><strong>Borosty\u00e1n vagy z\u00f6ld \u00fcveg:<\/strong> A sz\u00ednes \u00fcveg v\u00e1laszt\u00e1sa a f\u00e9ny\u00e9rz\u00e9keny italok, p\u00e9ld\u00e1ul a s\u00f6r vagy az ecet v\u00e9delm\u00e9nek egyik m\u00f3dja lehet.<\/li>\n<li><strong>K\u00f6tetjel\u00f6l\u00e9sek:<\/strong> A palack oldal\u00e1ra dombornyomott vagy nyomtatott t\u00e9rfogatjel\u00f6l\u00e9seket is elhelyezhet, mind a hasznoss\u00e1g, mind a professzionalizmus kedv\u00e9\u00e9rt.<\/li>\n<\/ul>\n<p>K\u00e9szen \u00e1llsz megtervezni az ide\u00e1lis csomagol\u00e1st? Csavaros kupakos flakonjaink azonnal megv\u00e1s\u00e1rolhat\u00f3k, \u00e9s r\u00f6vid id\u0151n bel\u00fcl kisz\u00e1ll\u00edtjuk neked. Az \u00fajrafelhaszn\u00e1lhat\u00f3 \u00fcvegpalackok nagykereskedelmi \u00e1rair\u00f3l t\u00e1rgyalhatunk, ha m\u00e9g ma felveszed vel\u00fcnk a kapcsolatot.<\/p>","protected":false},"excerpt":{"rendered":"<p>\u00dcveg \u00fajraz\u00e1rhat\u00f3 palackok feh\u00e9r leng\u0151tekerccsel, t\u00f6k\u00e9letesek \u00e9telekhez, italokhoz vagy erjeszt\u00e9shez. Lez\u00e1rhat\u00f3 \u00fcvegpalackok \u00f6mlesztett kiszerel\u00e9sben is kaphat\u00f3k. Gyors sz\u00e1ll\u00edt\u00e1s.<\/p>","protected":false},"featured_media":25624,"template":"","meta":[],"product_brand":[],"product_cat":[132,123,122,80,81,20],"product_tag":[],"class_list":{"0":"post-23879","1":"product","2":"type-product","3":"status-publish","4":"has-post-thumbnail","6":"product_cat-glass-flip-top-bottles","7":"product_cat-custom-glass-bottles","8":"product_cat-custom-glass-packaging","9":"product_cat-glass-bottles","10":"product_cat-flip-top-bottles","11":"product_cat-glass-containers","13":"first","14":"instock","15":"shipping-taxable","16":"product-type-simple"},"jetpack_sharing_enabled":true,"_links":{"self":[{"href":"https:\/\/yebodaglass.com\/hu\/wp-json\/wp\/v2\/product\/23879","targetHints":{"allow":["GET"]}}],"collection":[{"href":"https:\/\/yebodaglass.com\/hu\/wp-json\/wp\/v2\/product"}],"about":[{"href":"https:\/\/yebodaglass.com\/hu\/wp-json\/wp\/v2\/types\/product"}],"version-history":[{"count":5,"href":"https:\/\/yebodaglass.com\/hu\/wp-json\/wp\/v2\/product\/23879\/revisions"}],"predecessor-version":[{"id":25617,"href":"https:\/\/yebodaglass.com\/hu\/wp-json\/wp\/v2\/product\/23879\/revisions\/25617"}],"wp:featuredmedia":[{"embeddable":true,"href":"https:\/\/yebodaglass.com\/hu\/wp-json\/wp\/v2\/media\/25624"}],"wp:attachment":[{"href":"https:\/\/yebodaglass.com\/hu\/wp-json\/wp\/v2\/media?parent=23879"}],"wp:term":[{"taxonomy":"product_brand","embeddable":true,"href":"https:\/\/yebodaglass.com\/hu\/wp-json\/wp\/v2\/product_brand?post=23879"},{"taxonomy":"product_cat","embeddable":true,"href":"https:\/\/yebodaglass.com\/hu\/wp-json\/wp\/v2\/product_cat?post=23879"},{"taxonomy":"product_tag","embeddable":true,"href":"https:\/\/yebodaglass.com\/hu\/wp-json\/wp\/v2\/product_tag?post=23879"}],"curies":[{"name":"wp","href":"https:\/\/api.w.org\/{rel}","templated":true}]}}