{"id":23874,"date":"2025-11-18T14:12:37","date_gmt":"2025-11-18T06:12:37","guid":{"rendered":"https:\/\/yebodaglass.com\/?post_type=product&#038;p=23874"},"modified":"2025-11-18T14:12:38","modified_gmt":"2025-11-18T06:12:38","slug":"pickling-jar-wholesale-glass-jar-factory","status":"publish","type":"product","link":"https:\/\/yebodaglass.com\/hu\/pickling-jar-wholesale-glass-jar-factory\/","title":{"rendered":"\u00c1tl\u00e1tsz\u00f3 \u00fcveg p\u00e1col\u00f3ed\u00e9ny csomagol\u00e1shoz nagykereskedelemben 220ml 250ml 280ml"},"content":{"rendered":"<p>Elege van a sziv\u00e1rg\u00f3 vagy az ubork\u00e1t matt\u00e1 tev\u0151 savany\u00fas\u00e1g\u00fcvegekb\u0151l? Mi \u00fcveg savany\u00fas\u00e1gos z\u00f6lds\u00e9ges bef\u0151ttes\u00fcvegeket k\u00e9sz\u00edt\u00fcnk \u2013 nincs t\u00f6bb\u00e9 szomor\u00fa l\u00e9fr\u00f6ccsen\u00e9s. Ezek az savany\u00fas\u00e1gos z\u00f6lds\u00e9ges bef\u0151ttes\u00fcvegek m\u00e1rk\u00e1ss\u00e1 var\u00e1zsolj\u00e1k az \u00e9lelmiszert\u00e1rol\u00e1st. A nagy t\u00e9telben rendelt term\u00e9kek egyedi sz\u00ednekben kaphat\u00f3k, hogy illeszkedjenek a m\u00e1rk\u00e1j\u00e1hoz.<\/p>\n<h2>Term\u00e9kjellemz\u0151k<\/h2>\n<p><strong>Cs\u00fasz\u00e1smentes\u200b\u200d\u200b\u200c\u200d\u200b\u200d\u200c\u200b\u200d\u200b\u200c\u200d\u200b\u200d\u200c palack alja<\/strong><\/p>\n<p>A cs\u00fasz\u00e1smentes palackalj-kialak\u00edt\u00e1s nemcsak stabiliz\u00e1lja a savany\u00fas\u00e1gos z\u00f6lds\u00e9ges \u00fcveget, hanem biztons\u00e1gosabb\u00e1 is teszi a kezel\u00e9s\u00e9t.<\/p>\n<p><strong>3D textur\u00e1lt fel\u00fclet<\/strong><\/p>\n<p>A savany\u00fas\u00e1g\u00fcveg oldal\u00e1n tal\u00e1lhat\u00f3 text\u00fara nemcsak abban seg\u00edt, hogy a felhaszn\u00e1l\u00f3 szil\u00e1rdan tartsa az \u00fcveget, hanem vizu\u00e1lisan is vonz\u00f3bb\u00e1 teszi az \u00fcveg tartalm\u00e1t.<\/p>\n<p><strong>Csavaros kupakos t\u00f6m\u00edt\u00e9s kialak\u00edt\u00e1s<\/strong><\/p>\n<p>A piros csavaros kupak szoros menetes szerkezettel rendelkezik, amely kiemelked\u0151 sziv\u00e1rg\u00e1smentes teljes\u00edtm\u00e9nyt ny\u00fajt, lehet\u0151v\u00e9 t\u00e9ve a forr\u00f3 t\u00f6lt\u00e9st \u00e9s a szobah\u0151m\u00e9rs\u00e9kleten t\u00f6rt\u00e9n\u0151 t\u00e1rol\u00e1st.<\/p>\n<h2>F\u0151bb specifik\u00e1ci\u00f3k<\/h2>\n<table style=\"border-collapse: collapse; width: 80%; margin-left: auto; margin-right: auto;\" border=\"0\" width=\"216\" cellspacing=\"0\" cellpadding=\"0\">\n<tbody>\n<tr style=\"height: 13.50pt;\">\n<td style=\"height: 13.5pt; width: 54pt; text-align: center;\" width=\"72\" height=\"18\">Kapacit\u00e1s (ml)<\/td>\n<td style=\"width: 54pt; text-align: center;\" width=\"72\">M\u00e9ret (cm)<\/td>\n<td style=\"width: 54pt; text-align: center;\" width=\"72\">Egy\u00e9ni be\u00e1ll\u00edt\u00e1sok<\/td>\n<\/tr>\n<tr style=\"height: 13.50pt;\">\n<td style=\"height: 13.5pt; text-align: center;\" align=\"right\" height=\"18\">220<\/td>\n<td style=\"text-align: center;\">6,2 x 11,3<\/td>\n<td class=\"et2\" style=\"text-align: center;\" rowspan=\"3\">Fed\u0151k, sz\u00edn, c\u00edmke, log\u00f3<\/td>\n<\/tr>\n<tr style=\"height: 13.50pt;\">\n<td style=\"height: 13.5pt; text-align: center;\" align=\"right\" height=\"18\">250<\/td>\n<td style=\"text-align: center;\">6,5 x 12,7<\/td>\n<\/tr>\n<tr style=\"height: 13.50pt;\">\n<td style=\"height: 13.5pt; text-align: center;\" align=\"right\" height=\"18\">280<\/td>\n<td style=\"text-align: center;\">6,5 x 13,5<\/td>\n<\/tr>\n<\/tbody>\n<\/table>\n<h2>Sikeres eset<\/h2>\n<p>Egy\u200b\u200d\u200b\u200c\u200d\u200b\u200d\u200b\u200d\u200b\u200c\u200d\u200b\u200d\u200d\u200b\u200d Egy kelet-eur\u00f3pai savany\u00fas\u00e1gm\u00e1rka a mi savany\u00fas\u00e1g\u00fcveg\u00fcnket v\u00e1lasztotta csomagol\u00e1s\u00e1nak korszer\u0171s\u00edt\u00e9s\u00e9hez. A term\u00e9k min\u0151s\u00e9g\u00e9nek hangs\u00falyoz\u00e1sa \u00e9rdek\u00e9ben egyedi m\u00e1rkac\u00edmk\u00e9t \u00e9s egy fekete z\u00e1r\u00f3kupakot k\u00e9sz\u00edtettek, amelyhez egy rendk\u00edv\u00fcl \u00e1tl\u00e1tsz\u00f3 \u00fcveg is tartozott.<\/p>\n<p>\u00daj csomagjuk kulcsszerepet j\u00e1tszott abban, hogy a bevezet\u00e9s ut\u00e1ni utols\u00f3 negyed\u00e9vben 28%-os \u00e1rbev\u00e9tel-n\u00f6veked\u00e9st \u00e9rtek el.<\/p>\n<h2>A savany\u00fas\u00e1ged\u00e9ny testreszab\u00e1si k\u00e9zik\u00f6nyve<\/h2>\n<ol>\n<li><strong>Palack\u200b\u200d\u200b\u200c\u200d\u200b\u200d\u200b\u200d\u200b\u200c\u200d\u200b\u200d\u200d\u200c Nyomtat\u00e1s \u00e9s c\u00edmke testreszab\u00e1sa:<\/strong> V\u00e1laszthat a nyomtat\u00e1si m\u00f3dszerek egyik\u00e9t, p\u00e9ld\u00e1ul szitanyom\u00e1st vagy h\u0151transzferes nyomtat\u00e1st, hogy m\u00e1rkalog\u00f3t, grafik\u00e1t vagy sz\u00f6veget k\u00f6zvetlen\u00fcl a savany\u00fas\u00e1g\u00fcvegre nyomtasson; vagy v\u00e1laszthat sz\u00ednes vagy \u00e1tl\u00e1tsz\u00f3 c\u00edmk\u00e9ket a k\u00fcl\u00f6nb\u00f6z\u0151 csomagol\u00e1si st\u00edlusokhoz.<\/li>\n<li><strong>Palackkupak anyaga \u00e9s sz\u00ednv\u00e1laszt\u00e9k:<\/strong> V\u00e1laszthat\u00f3ak galvaniz\u00e1lt, s\u00fct\u0151fest\u00e9kkel vagy matt fel\u00fcletkezel\u00e9s\u0171 f\u00e9m csavaros kupakok az \u00d6n ig\u00e9nyeinek megfelel\u0151en; vagy v\u00e1laszthat\u00f3 a palack st\u00edlus\u00e1hoz illeszked\u0151 sz\u00edn\u0171 m\u0171anyag csavaros kupak, ami megk\u00f6nny\u00edti a t\u00f6meggy\u00e1rt\u00e1st.<\/li>\n<\/ol>\n<p>&nbsp;<\/p>","protected":false},"excerpt":{"rendered":"<p>Gy\u00e1rilag k\u00f6zvetlen savany\u00fas\u00e1gt\u00e1rol\u00f3 \u00e9lelmiszerm\u00e1rk\u00e1k sz\u00e1m\u00e1ra; ez a savany\u00fas\u00e1gt\u00e1rol\u00f3 nagy t\u00e9telben is v\u00e1s\u00e1rolhat\u00f3, egyedi fedelekkel \u00e9s c\u00edmk\u00e9kkel is ell\u00e1that\u00f3, valamint megb\u00edzhat\u00f3 csomagol\u00e1st k\u00edn\u00e1l a v\u00e1s\u00e1rl\u00f3knak.<\/p>","protected":false},"featured_media":23880,"template":"","meta":[],"product_brand":[],"product_cat":[122,124,133],"product_tag":[],"class_list":{"0":"post-23874","1":"product","2":"type-product","3":"status-publish","4":"has-post-thumbnail","6":"product_cat-custom-glass-packaging","7":"product_cat-custom-glass-jars","8":"product_cat-pickle-jars","10":"first","11":"instock","12":"shipping-taxable","13":"product-type-simple"},"jetpack_sharing_enabled":true,"_links":{"self":[{"href":"https:\/\/yebodaglass.com\/hu\/wp-json\/wp\/v2\/product\/23874","targetHints":{"allow":["GET"]}}],"collection":[{"href":"https:\/\/yebodaglass.com\/hu\/wp-json\/wp\/v2\/product"}],"about":[{"href":"https:\/\/yebodaglass.com\/hu\/wp-json\/wp\/v2\/types\/product"}],"version-history":[{"count":2,"href":"https:\/\/yebodaglass.com\/hu\/wp-json\/wp\/v2\/product\/23874\/revisions"}],"predecessor-version":[{"id":23884,"href":"https:\/\/yebodaglass.com\/hu\/wp-json\/wp\/v2\/product\/23874\/revisions\/23884"}],"wp:featuredmedia":[{"embeddable":true,"href":"https:\/\/yebodaglass.com\/hu\/wp-json\/wp\/v2\/media\/23880"}],"wp:attachment":[{"href":"https:\/\/yebodaglass.com\/hu\/wp-json\/wp\/v2\/media?parent=23874"}],"wp:term":[{"taxonomy":"product_brand","embeddable":true,"href":"https:\/\/yebodaglass.com\/hu\/wp-json\/wp\/v2\/product_brand?post=23874"},{"taxonomy":"product_cat","embeddable":true,"href":"https:\/\/yebodaglass.com\/hu\/wp-json\/wp\/v2\/product_cat?post=23874"},{"taxonomy":"product_tag","embeddable":true,"href":"https:\/\/yebodaglass.com\/hu\/wp-json\/wp\/v2\/product_tag?post=23874"}],"curies":[{"name":"wp","href":"https:\/\/api.w.org\/{rel}","templated":true}]}}