{"id":23813,"date":"2025-11-17T16:50:25","date_gmt":"2025-11-17T08:50:25","guid":{"rendered":"https:\/\/yebodaglass.com\/?post_type=product&#038;p=23813"},"modified":"2026-03-12T15:12:09","modified_gmt":"2026-03-12T07:12:09","slug":"amber-glass-pop-top-bottles-with-metal-clamp-wholesale","status":"publish","type":"product","link":"https:\/\/yebodaglass.com\/hu\/amber-glass-pop-top-bottles-with-metal-clamp-wholesale\/","title":{"rendered":"485 ml-es borosty\u00e1nsz\u00edn\u0171 \u00fcveg Pop Top palackok f\u00e9m bilinccsel, nagykereskedelemben"},"content":{"rendered":"<p data-start=\"66\" data-end=\"288\">A pop-up palackok minimalista, hossz\u00fak\u00e1s form\u00e1j\u00faak, borosty\u00e1nbarna \u00fcvegb\u0151l k\u00e9sz\u00fcltek. \u00dajraz\u00e1rhat\u00f3 test\u00fck f\u00e9m patentz\u00e1rral van ell\u00e1tva, amely l\u00e9gmentesen z\u00e1r\u00f3dik, \u00edgy ezek a palackok a legjobb v\u00e1laszt\u00e1s folyad\u00e9kok vagy \u00edzes\u00edt\u0151k t\u00e1rol\u00e1s\u00e1ra.<\/p>\n<h2>Term\u00e9kjellemz\u0151k<\/h2>\n<ul>\n<li>\n<div class=\"whitespace-pre-line p-2 sm:p-1 min-h-[80px] max-w-full overflow-x-auto\"><span aria-haspopup=\"dialog\" aria-expanded=\"false\" aria-controls=\"radix-_r_9a_\" data-state=\"closed\" data-slot=\"popover-trigger\"><strong>Borosty\u00e1nsz\u00edn\u0171 UV-v\u00e9d\u0151 \u00fcveg:<\/strong> A palack borosty\u00e1nsz\u00edn\u0171 \u00fcvegb\u0151l k\u00e9sz\u00fclt, amely hozz\u00e1j\u00e1rul az ultraibolya f\u00e9ny kiz\u00e1r\u00e1s\u00e1hoz, ami meg\u0151rzi az olyan \u00e9rz\u00e9keny italokat, mint a s\u00f6r, \u00e9s seg\u00edt meg\u0151rizni az ital \u00edz\u00e9t az id\u0151 m\u00fal\u00e1s\u00e1val.<\/span><\/div>\n<\/li>\n<li>\n<div class=\"whitespace-pre-line p-2 sm:p-1 min-h-[80px] max-w-full overflow-x-auto\"><span aria-haspopup=\"dialog\" aria-expanded=\"false\" aria-controls=\"radix-_r_9b_\" data-state=\"closed\" data-slot=\"popover-trigger\"><strong>\u00dajrafelhaszn\u00e1lhat\u00f3 mechanikus z\u00e1rrendszer:<\/strong> A leng\u0151tetej\u0171 rendszer szersz\u00e1mok n\u00e9lk\u00fcl is sokszor kinyithat\u00f3 \u00e9s bez\u00e1rhat\u00f3, \u00edgy a palack k\u00f6nnyen \u00fajrafelhaszn\u00e1lhat\u00f3 \u00e9s k\u00f6nnyen haszn\u00e1lhat\u00f3 \u00fajrat\u00f6lthet\u0151 italok t\u00e1rol\u00e1s\u00e1ra.<\/span><\/div>\n<\/li>\n<li>\n<div class=\"whitespace-pre-line p-2 sm:p-1 min-h-[80px] max-w-full overflow-x-auto\"><span aria-haspopup=\"dialog\" aria-expanded=\"false\" aria-controls=\"radix-_r_9c_\" data-state=\"closed\" data-slot=\"popover-trigger\"><strong>Lapos alap:<\/strong> Lapos \u00e9s sz\u00e9les alj: A lapos alj fokozza a stabilit\u00e1st asztalokon, polcokon vagy b\u00e1rpultokon val\u00f3 elhelyez\u00e9skor, \u00edgy cs\u00f6kkenti a felborul\u00e1s es\u00e9ly\u00e9t haszn\u00e1lat vagy ki\u00e1ll\u00edt\u00e1s k\u00f6zben.<\/span><\/div>\n<div class=\"bg-border shrink-0 data-[orientation=horizontal]:h-px data-[orientation=horizontal]:w-full data-[orientation=vertical]:h-full data-[orientation=vertical]:w-px my-2\" role=\"none\" data-orientation=\"horizontal\" data-slot=\"separator\"><\/div>\n<\/li>\n<\/ul>\n<h2 style=\"text-align: left;\">F\u0151bb specifik\u00e1ci\u00f3k<\/h2>\n<table style=\"border-collapse: collapse; width: 80%; margin-left: auto; margin-right: auto;\" border=\"0\" width=\"856\" cellspacing=\"0\" cellpadding=\"0\">\n<tbody>\n<tr style=\"height: 13.50pt;\">\n<td style=\"height: 13.5pt; width: 128.25pt; text-align: center;\" width=\"171\" height=\"18\">Specifik\u00e1ci\u00f3<\/td>\n<td style=\"width: 513.75pt; text-align: center;\" width=\"685\">R\u00e9szletek<\/td>\n<\/tr>\n<tr style=\"height: 13.50pt;\">\n<td style=\"height: 13.5pt; text-align: center;\" height=\"18\">Kapacit\u00e1s<\/td>\n<td style=\"text-align: center;\">485 ml<\/td>\n<\/tr>\n<tr style=\"height: 13.50pt;\">\n<td style=\"height: 13.5pt; text-align: center;\" height=\"18\">M\u00e9retek<\/td>\n<td style=\"text-align: center;\">7,75 cm \u00d7 22,3 cm<\/td>\n<\/tr>\n<tr style=\"height: 13.50pt;\">\n<td style=\"height: 13.5pt; text-align: center;\" height=\"18\">Anyag<\/td>\n<td style=\"text-align: center;\">Barna \u00fcveg (UV-sz\u0171r\u0151s)<\/td>\n<\/tr>\n<tr style=\"height: 13.50pt;\">\n<td style=\"height: 13.5pt; text-align: center;\" height=\"18\">Z\u00e1r\u00e1s t\u00edpusa<\/td>\n<td style=\"text-align: center;\">Rozsdamentes ac\u00e9l leng\u0151tet\u0151k dug\u00f3val<\/td>\n<\/tr>\n<tr style=\"height: 13.50pt;\">\n<td style=\"height: 13.5pt; text-align: center;\" height=\"18\">T\u00f6m\u00edt\u00e9si lehet\u0151s\u00e9gek<\/td>\n<td style=\"text-align: center;\">Standard gumi vagy sav-\/h\u0151\u00e1ll\u00f3 szilikonra v\u00e1lt\u00e1s<\/td>\n<\/tr>\n<tr style=\"height: 13.50pt;\">\n<td style=\"height: 13.5pt; text-align: center;\" height=\"18\">T\u00f6m\u00edt\u00e9si teljes\u00edtm\u00e9ny<\/td>\n<td style=\"text-align: center;\">L\u00e9gmentesen z\u00e1r\u00f3d\u00f3, nyom\u00e1stesztelt akt\u00edv karboniz\u00e1ci\u00f3 szempontj\u00e1b\u00f3l<\/td>\n<\/tr>\n<tr style=\"height: 13.50pt;\">\n<td style=\"height: 13.5pt; text-align: center;\" height=\"18\">Ide\u00e1lis<\/td>\n<td style=\"text-align: center;\">S\u00f6r, kombucha, sz\u00f3da, ecet, bork\u00e9sz\u00edt\u00e9s, erjesztett ital<\/td>\n<\/tr>\n<\/tbody>\n<\/table>\n<h2>Sikeres eset<\/h2>\n<p><span aria-haspopup=\"dialog\" aria-expanded=\"false\" aria-controls=\"radix-_r_97_\" data-state=\"closed\" data-slot=\"popover-trigger\">Az egyik kis s\u00f6rf\u0151zde \u00fagy d\u00f6nt\u00f6tt, hogy borosty\u00e1nsz\u00edn\u0171 csavaros kupakos \u00fcvegpalackjainkat haszn\u00e1lja f\u0151 csomagol\u00e1sk\u00e9nt, hogy elind\u00edtsa limit\u00e1lt kiad\u00e1s\u00fa szezon\u00e1lis s\u00f6r\u00f6k sorozat\u00e1t.<\/span> <span aria-haspopup=\"dialog\" aria-expanded=\"false\" aria-controls=\"radix-_r_98_\" data-state=\"closed\" data-slot=\"popover-trigger\">Er\u0151sebb borosty\u00e1nsz\u00edn\u0171 \u00fcvegfalakat k\u00f6veteltek, hogy tart\u00f3sabbak legyenek a m\u00e1sodlagos erjeszt\u00e9s sor\u00e1n; dombornyomott ker\u00e9kmint\u00e1t \u00e9s a s\u00f6rf\u0151zde log\u00f3j\u00e1t a palack als\u00f3 r\u00e9sz\u00e9n, valamint egy ker\u00e1mia tetej\u00e9t, amelyen m\u00e9lyv\u00f6r\u00f6s t\u00f6m\u00edt\u0151gy\u0171r\u0171 volt, hogy megfeleljen a s\u00f6rc\u00edmk\u00e9knek.<\/span> <span aria-haspopup=\"dialog\" aria-expanded=\"false\" aria-controls=\"radix-_r_99_\" data-state=\"closed\" data-slot=\"popover-trigger\">A k\u00fcl\u00f6nleges s\u00f6r\u00f6k, amiket forgalmaznak, 35%-os n\u00f6veked\u00e9st mutattak az els\u0151 k\u00e9t bevezet\u00e9si id\u0151szakban, \u00e9s a j\u00f3 piaci fogadtat\u00e1snak k\u00f6sz\u00f6nhet\u0151en a s\u00f6rf\u0151zde tov\u00e1bbra is rendszeresen rendelni fog bel\u0151l\u00fck.<\/span><\/p>\n<h2>Testreszab\u00e1si lehet\u0151s\u00e9gek<\/h2>\n<ul>\n<li><strong>Egyedi ker\u00e1mia kupak sz\u00edne:<\/strong> V\u00e1lassz egy sz\u00ednt a konzervkupakhoz, hogy a m\u00e1rk\u00e1d hihetetlen\u00fcl felkeltse a polcon l\u00e9v\u0151 v\u00e1s\u00e1rl\u00f3k figyelm\u00e9t.<\/li>\n<li><strong>Dombornyom\u00e1sos log\u00f3:<\/strong> Dombor\u00edtson log\u00f3t a palack v\u00e1ll\u00e1ra vagy alj\u00e1ra az exkluz\u00edv \u00e9s pr\u00e9mium m\u00e1rkaidentit\u00e1s\u00e9rt, amely k\u00e9zzel is \u00e9rezhet\u0151.<\/li>\n<li><strong>Savmaratott t\u00e9rfogatjel\u00f6l\u00e9s:<\/strong> Professzion\u00e1lis megjelen\u00e9st k\u00f6lcs\u00f6n\u00f6zhet a palack alj\u00e1ra maratott, matt \u201e485ml\u201d jelz\u00e9ssel.<\/li>\n<li><strong>Savmaratott t\u00e9rfogatjel\u00f6l\u00e9s:<\/strong> A dr\u00f3th\u00e1l\u00f3 fekete vagy sz\u00ednes epoxi bevonata haszn\u00e1lhat\u00f3 ak\u00e1r a dr\u00f3th\u00e1l\u00f3 d\u00edsz\u00edt\u00e9s\u00e9re, ak\u00e1r a teljes diz\u00e1jnhoz val\u00f3 jobb illeszked\u00e9s \u00e9rdek\u00e9ben.<\/li>\n<\/ul>","protected":false},"excerpt":{"rendered":"<p>Borosty\u00e1nsz\u00edn\u0171, \u00fajraz\u00e1rhat\u00f3 \u00fcvegpalackok er\u0151s dr\u00f3tkapcsos kupakkal, amelyek szoros z\u00e1r\u00e1st biztos\u00edtanak \u2013 t\u00f6k\u00e9letes palackok \u00fcd\u00edt\u0151kh\u00f6z, s\u00f6rh\u00f6z vagy kombuch\u00e1hoz. Gyors sz\u00e1ll\u00edt\u00e1s.<\/p>","protected":false},"featured_media":23831,"template":"","meta":[],"product_brand":[],"product_cat":[122,123,132],"product_tag":[],"class_list":{"0":"post-23813","1":"product","2":"type-product","3":"status-publish","4":"has-post-thumbnail","6":"product_cat-custom-glass-packaging","7":"product_cat-custom-glass-bottles","8":"product_cat-glass-flip-top-bottles","10":"first","11":"instock","12":"shipping-taxable","13":"product-type-simple"},"jetpack_sharing_enabled":true,"_links":{"self":[{"href":"https:\/\/yebodaglass.com\/hu\/wp-json\/wp\/v2\/product\/23813","targetHints":{"allow":["GET"]}}],"collection":[{"href":"https:\/\/yebodaglass.com\/hu\/wp-json\/wp\/v2\/product"}],"about":[{"href":"https:\/\/yebodaglass.com\/hu\/wp-json\/wp\/v2\/types\/product"}],"version-history":[{"count":5,"href":"https:\/\/yebodaglass.com\/hu\/wp-json\/wp\/v2\/product\/23813\/revisions"}],"predecessor-version":[{"id":25410,"href":"https:\/\/yebodaglass.com\/hu\/wp-json\/wp\/v2\/product\/23813\/revisions\/25410"}],"wp:featuredmedia":[{"embeddable":true,"href":"https:\/\/yebodaglass.com\/hu\/wp-json\/wp\/v2\/media\/23831"}],"wp:attachment":[{"href":"https:\/\/yebodaglass.com\/hu\/wp-json\/wp\/v2\/media?parent=23813"}],"wp:term":[{"taxonomy":"product_brand","embeddable":true,"href":"https:\/\/yebodaglass.com\/hu\/wp-json\/wp\/v2\/product_brand?post=23813"},{"taxonomy":"product_cat","embeddable":true,"href":"https:\/\/yebodaglass.com\/hu\/wp-json\/wp\/v2\/product_cat?post=23813"},{"taxonomy":"product_tag","embeddable":true,"href":"https:\/\/yebodaglass.com\/hu\/wp-json\/wp\/v2\/product_tag?post=23813"}],"curies":[{"name":"wp","href":"https:\/\/api.w.org\/{rel}","templated":true}]}}