{"id":23811,"date":"2025-11-17T17:24:30","date_gmt":"2025-11-17T09:24:30","guid":{"rendered":"https:\/\/yebodaglass.com\/?post_type=product&#038;p=23811"},"modified":"2025-11-18T10:20:05","modified_gmt":"2025-11-18T02:20:05","slug":"pickling-containers-bulk-glass-pickling-jar","status":"publish","type":"product","link":"https:\/\/yebodaglass.com\/hu\/pickling-containers-bulk-glass-pickling-jar\/","title":{"rendered":"350 ml \u2013 730 ml-es \u00fcveg kimchi s\u00f3z\u00e1shoz"},"content":{"rendered":"<p>Elege van a sziv\u00e1rg\u00f3 vagy frissess\u00e9get vesz\u00edt\u0151 savany\u00fas\u00e1g\u00fcvegekb\u0151l? \u00dcveg savany\u00fas\u00e1gokat k\u00e9sz\u00edt\u00fcnk \u2013 nincs t\u00f6bb\u00e9 szomor\u00fa kapor- vagy uborkacsomag. Ezek a savany\u00fas\u00e1gt\u00e1rol\u00f3k m\u00e1rk\u00e1s er\u0151m\u0171v\u00e9 var\u00e1zsolj\u00e1k az \u00e9lelmiszer-t\u00e1rol\u00f3j\u00e1t. A nagy t\u00e9telben rendelt term\u00e9kek egyedi m\u00e9retben kaphat\u00f3k, hogy illeszkedjenek v\u00e1llalkoz\u00e1s\u00e1hoz.<\/p>\n<h2>Term\u00e9kjellemz\u0151k<\/h2>\n<p><strong>Vastag\u00edtott \u00e1tl\u00e1tsz\u00f3 \u00fcveg<\/strong><\/p>\n<p>A tart\u00e1ly oldalai er\u0151sek \u00e9s tart\u00f3sak, sav- \u00e9s s\u00f3\u00e1ll\u00f3ak, \u00edgy savany\u00edt\u00e1shoz, erjeszt\u00e9shez, sz\u00f3szokhoz \u00e9s sz\u00e1mos m\u00e1s \u00e9lelmiszerterm\u00e9khez haszn\u00e1lhat\u00f3k.<\/p>\n<p><strong>Kiv\u00e1l\u00f3 t\u00f6m\u00edt\u0151k\u00e9pess\u00e9g<\/strong><\/p>\n<p>A csavaros kupak kialak\u00edt\u00e1sa egy\u00fcttes haszn\u00e1lat eset\u00e9n jelent\u0151sen megakad\u00e1lyozza a leveg\u0151 bejut\u00e1s\u00e1t, \u00edgy az \u00f6sszetev\u0151k \u00edze \u00e9s tisztas\u00e1ga meg\u0151rz\u0151dik.<\/p>\n<p><strong>Kerek alak\u00fa palack<\/strong><\/p>\n<p>T\u00e9rfogatosabb megjelen\u00e9s\u00e9nek k\u00f6sz\u00f6nhet\u0151en j\u00f3l illik a kirakatterm\u00e9kekhez, \u00edgy a polcok vonzereje fokoz\u00f3dik.<\/p>\n<h2>F\u0151bb specifik\u00e1ci\u00f3k<\/h2>\n<table style=\"border-collapse: collapse; width: 80%; margin-left: auto; margin-right: auto;\" border=\"0\" width=\"216\" cellspacing=\"0\" cellpadding=\"0\">\n<tbody>\n<tr style=\"height: 13.50pt;\">\n<td style=\"height: 13.5pt; width: 54pt; text-align: center;\" width=\"72\" height=\"18\">Kapacit\u00e1s (ml)<\/td>\n<td style=\"width: 54pt; text-align: center;\" width=\"72\">M\u00e9ret (cm)<\/td>\n<td style=\"width: 54pt; text-align: center;\" width=\"72\">Egy\u00e9ni be\u00e1ll\u00edt\u00e1sok<\/td>\n<\/tr>\n<tr style=\"height: 13.50pt;\">\n<td style=\"height: 13.5pt; text-align: center;\" align=\"right\" height=\"18\">350<\/td>\n<td style=\"text-align: center;\">8,5 \u00d7 8,1 \u00d7 11,0<\/td>\n<td class=\"et2\" style=\"text-align: center;\" rowspan=\"3\">Fedelek, sz\u00edn, log\u00f3...<\/td>\n<\/tr>\n<tr style=\"height: 13.50pt;\">\n<td style=\"height: 13.5pt; text-align: center;\" align=\"right\" height=\"18\">480<\/td>\n<td style=\"text-align: center;\">9,2 \u00d7 8,9 \u00d7 12,2<\/td>\n<\/tr>\n<tr style=\"height: 13.50pt;\">\n<td style=\"height: 13.5pt; text-align: center;\" align=\"right\" height=\"18\">730<\/td>\n<td style=\"text-align: center;\">9,5 x 14,5<\/td>\n<\/tr>\n<\/tbody>\n<\/table>\n<h2>Sikert\u00f6rt\u00e9net<\/h2>\n<p>Amikor egy d\u00e9lkelet-\u00e1zsiai cs\u00edp\u0151s sz\u00f3sz m\u00e1rka \u00fagy d\u00f6nt\u00f6tt, hogy megv\u00e1ltoztatja a csomagol\u00e1s\u00e1t, a mi \u00fcveg savany\u00fas\u00e1g\u00fcveg\u00fcnket v\u00e1lasztott\u00e1k. Az \u00faj, kerek \u00e9s \u00e1tl\u00e1tsz\u00f3 \u00fcveg a polcon vizu\u00e1lisan nagyon tetszett a fogyaszt\u00f3knak, akik azonnal l\u00e1thatt\u00e1k az eredeti \u00e9s darabos \u00f6sszetev\u0151ket. A csavaros kupak a term\u00e9k hosszabb ideig frissen tart\u00e1s\u00e1ban is seg\u00edtett.<\/p>\n<p>R\u00f6vid, h\u00e1rom h\u00f3napon bel\u00fcl az \u00faj csomagol\u00e1ssorozat elad\u00e1sai jelent\u0151sen megn\u0151ttek, \u00edgy a m\u00e1rka \u00e1tt\u00f6r\u00e9st \u00e9rt el az er\u0151sen versenyk\u00e9pes \u200b\u200d\u200b\u200c\u200d\u200b\u200d\u200c\u200b\u200d\u200b\u200c\u200d\u200b\u200d\u200c\u200d\u200cpiacon.<\/p>\n<h2>A savany\u00fas\u00e1gt\u00e1rol\u00f3k testreszab\u00e1si k\u00e9zik\u00f6nyve<\/h2>\n<ol>\n<li><strong>Egyedi t\u00f6m\u00edt\u0151kupakok:<\/strong> A savany\u00fas\u00e1gok jobb lez\u00e1r\u00e1sa \u00e9s tart\u00f3s\u00edt\u00e1sa \u00e9rdek\u00e9ben v\u00e1laszthat f\u00e9m, nedvess\u00e9g\u00e1ll\u00f3 m\u0171anyag vagy szilikon t\u00f6m\u00edt\u0151gy\u0171r\u0171ket.<\/li>\n<li><strong>C\u00edmk\u00e9z\u00e9si \u00e9s nyomtat\u00e1si m\u0171veletek:<\/strong> A m\u00e1rka vizu\u00e1lis k\u00f6vetelm\u00e9nyeit a k\u00f6vetkez\u0151k b\u00e1rmelyik\u00e9nek megval\u00f3s\u00edt\u00e1s\u00e1val t\u00e1mogatja: s\u00fclt zom\u00e1nc, szitanyom\u00e1s, dombornyom\u00e1s vagy teljes c\u00edmketervez\u00e9s.<\/li>\n<li><strong>A kupakok sz\u00edne \u00e9s cs\u00fasz\u00e1sg\u00e1tl\u00f3 text\u00far\u00e1ja:<\/strong> K\u00fcl\u00f6nb\u00f6z\u0151 sz\u00edn\u0171, textur\u00e1lt fel\u00fclet\u0171 vagy an\u00e9lk\u00fcli kupakokat haszn\u00e1lnak, hogy vonzz\u00e1k a fogyaszt\u00f3 tekintet\u00e9t a polcon, \u00e9s jobb fog\u00e1st biztos\u00edtsanak nyit\u00e1s k\u00f6zben.<\/li>\n<\/ol>","protected":false},"excerpt":{"rendered":"<p>Savany\u00edt\u00f3ed\u00e9nyek sz\u00f3szokhoz \u00e9s erjesztett \u00e9lelmiszerekhez. \u00dcveg savany\u00edt\u00f3ed\u00e9ny\u00fcnk \u00e1tl\u00e1that\u00f3 megjelen\u00edt\u00e9st, l\u00e9gmentes z\u00e1r\u00e1st \u00e9s megb\u00edzhat\u00f3 nagykereskedelmi csomagol\u00e1st biztos\u00edt m\u00e1rk\u00e1k sz\u00e1m\u00e1ra.<\/p>","protected":false},"featured_media":23817,"template":"","meta":[],"product_brand":[],"product_cat":[122,124,133],"product_tag":[],"class_list":{"0":"post-23811","1":"product","2":"type-product","3":"status-publish","4":"has-post-thumbnail","6":"product_cat-custom-glass-packaging","7":"product_cat-custom-glass-jars","8":"product_cat-pickle-jars","10":"first","11":"instock","12":"shipping-taxable","13":"product-type-simple"},"jetpack_sharing_enabled":true,"_links":{"self":[{"href":"https:\/\/yebodaglass.com\/hu\/wp-json\/wp\/v2\/product\/23811","targetHints":{"allow":["GET"]}}],"collection":[{"href":"https:\/\/yebodaglass.com\/hu\/wp-json\/wp\/v2\/product"}],"about":[{"href":"https:\/\/yebodaglass.com\/hu\/wp-json\/wp\/v2\/types\/product"}],"version-history":[{"count":5,"href":"https:\/\/yebodaglass.com\/hu\/wp-json\/wp\/v2\/product\/23811\/revisions"}],"predecessor-version":[{"id":23836,"href":"https:\/\/yebodaglass.com\/hu\/wp-json\/wp\/v2\/product\/23811\/revisions\/23836"}],"wp:featuredmedia":[{"embeddable":true,"href":"https:\/\/yebodaglass.com\/hu\/wp-json\/wp\/v2\/media\/23817"}],"wp:attachment":[{"href":"https:\/\/yebodaglass.com\/hu\/wp-json\/wp\/v2\/media?parent=23811"}],"wp:term":[{"taxonomy":"product_brand","embeddable":true,"href":"https:\/\/yebodaglass.com\/hu\/wp-json\/wp\/v2\/product_brand?post=23811"},{"taxonomy":"product_cat","embeddable":true,"href":"https:\/\/yebodaglass.com\/hu\/wp-json\/wp\/v2\/product_cat?post=23811"},{"taxonomy":"product_tag","embeddable":true,"href":"https:\/\/yebodaglass.com\/hu\/wp-json\/wp\/v2\/product_tag?post=23811"}],"curies":[{"name":"wp","href":"https:\/\/api.w.org\/{rel}","templated":true}]}}