{"id":23801,"date":"2025-11-17T15:49:26","date_gmt":"2025-11-17T07:49:26","guid":{"rendered":"https:\/\/yebodaglass.com\/?post_type=product&#038;p=23801"},"modified":"2025-11-17T16:50:04","modified_gmt":"2025-11-17T08:50:04","slug":"custom-grooved-resealable-bottles-for-fermentation","status":"publish","type":"product","link":"https:\/\/yebodaglass.com\/hu\/custom-grooved-resealable-bottles-for-fermentation\/","title":{"rendered":"Egyedi 465 ml-es hornyolt, \u00fajraz\u00e1rhat\u00f3 palackok erjeszt\u00e9shez"},"content":{"rendered":"<p data-start=\"66\" data-end=\"288\">\u00c1tl\u00e1tsz\u00f3 \u00fcvegb\u0151l k\u00e9sz\u00fclt, \u00fajraz\u00e1rhat\u00f3 palackok bord\u00e1zott mint\u00e1zattal \u00e9s f\u00e9m patentkupakkal rendelkeznek, \u00edgy a st\u00edlust, a k\u00e9nyelmet \u00e9s a biztons\u00e1gos z\u00e1r\u00e1st \u00f6tv\u00f6zik a modern, m\u00e9gis id\u0151tlen megjelen\u00e9s \u00e9rdek\u00e9ben.<\/p>\n<h2>Term\u00e9kjellemz\u0151k<\/h2>\n<ul>\n<li><strong>Bord\u00e1zott palack:<\/strong> A bord\u00e1zott minta nemcsak d\u00edsz\u00edti a term\u00e9ket \u00e9s teszi felismerhet\u0151bb\u00e9 a m\u00e1rk\u00e1t, hanem fokozza a tapad\u00e1st \u00e9s cs\u00f6kkenti a cs\u00fasz\u00e1s val\u00f3sz\u00edn\u0171s\u00e9g\u00e9t is.<\/li>\n<li><strong>Press-Stop lez\u00e1r\u00e1s:<\/strong> A f\u00e9m nyom\u00f3gombos dug\u00f3nak k\u00f6sz\u00f6nhet\u0151en ezeknek a palackoknak a lez\u00e1r\u00e1sa egy\u00e1ltal\u00e1n nem jelent probl\u00e9m\u00e1t, \u00edgy nagyon j\u00f3l z\u00e1r\u00f3dik, \u00edgy hat\u00e9konyan friss\u00edti a tartalmat, \u00e9s megk\u00f6nny\u00edti a nyit\u00e1st \u00e9s z\u00e1r\u00e1st.<\/li>\n<li><strong>Kiv\u00e1l\u00f3 megjelen\u00e9s:<\/strong> A term\u00e9k luxus megjelen\u00e9st k\u00f6lcs\u00f6n\u00f6z a textur\u00e1lt mint\u00e1nak \u00e9s a vintage st\u00edlus\u00fa csavaros kupaknak, \u00edgy igazi tekinteteket vonz az \u00fczletek polcain.<\/li>\n<\/ul>\n<h2 style=\"text-align: left;\">F\u0151bb specifik\u00e1ci\u00f3k<\/h2>\n<table class=\"aligncenter\" style=\"border-collapse: collapse; width: 426.02pt;\" border=\"0\" width=\"568\" cellspacing=\"0\" cellpadding=\"0\">\n<tbody>\n<tr style=\"height: 13.50pt;\">\n<td style=\"height: 13.50pt; width: 105.75pt;\" width=\"141\" height=\"18\">Specifik\u00e1ci\u00f3<\/td>\n<td style=\"width: 320.25pt;\" width=\"427\">R\u00e9szletek<\/td>\n<\/tr>\n<tr style=\"height: 13.50pt;\">\n<td style=\"height: 13.50pt;\" height=\"18\">Kapacit\u00e1s<\/td>\n<td>465 ml<\/td>\n<\/tr>\n<tr style=\"height: 13.50pt;\">\n<td style=\"height: 13.50pt;\" height=\"18\">M\u00e9retek<\/td>\n<td>7,75 cm \u00d7 22,3 cm<\/td>\n<\/tr>\n<tr style=\"height: 13.50pt;\">\n<td style=\"height: 13.50pt;\" height=\"18\">Anyag<\/td>\n<td>Nagy tisztas\u00e1g\u00fa \u00fcveg<\/td>\n<\/tr>\n<tr style=\"height: 13.50pt;\">\n<td style=\"height: 13.50pt;\" height=\"18\">Karossz\u00e9ria kialak\u00edt\u00e1s<\/td>\n<td>F\u00fcgg\u0151leges bar\u00e1zd\u00e1k a tapad\u00e1s \u00e9s a meger\u0151s\u00edt\u00e9s \u00e9rdek\u00e9ben<\/td>\n<\/tr>\n<tr style=\"height: 13.50pt;\">\n<td style=\"height: 13.50pt;\" height=\"18\">Z\u00e1r\u00e1s t\u00edpusa<\/td>\n<td>Rozsdamentes ac\u00e9l leng\u0151tet\u0151k piros\/feh\u00e9r dug\u00f3val<\/td>\n<\/tr>\n<tr style=\"height: 13.50pt;\">\n<td style=\"height: 13.50pt;\" height=\"18\">Ide\u00e1lis<\/td>\n<td>erjeszt\u0151palack, pattint\u00f3s tetej\u0171 palackok<\/td>\n<\/tr>\n<\/tbody>\n<\/table>\n<h2>Sikert\u00f6rt\u00e9net: Egy ecetm\u00e1rka im\u00e1zs\u00e1nak er\u0151s\u00edt\u00e9se<\/h2>\n<p>Az egyik k\u00e9zm\u0171ves ecetgy\u00e1rt\u00f3nak olyan csomagol\u00e1sra volt sz\u00fcks\u00e9ge, amely k\u00e9pes elviselni a karboniz\u00e1ci\u00f3s nyom\u00e1st, \u00e9s egyben t\u00fckr\u00f6zi a term\u00e9k magas sz\u00ednvonal\u00fa pozicion\u00e1l\u00e1s\u00e1t is. V\u00e9g\u00fcl a mi bar\u00e1zd\u00e1lt palackunkat v\u00e1lasztott\u00e1k az erjeszt\u00e9shez. A bar\u00e1zd\u00e1lt form\u00e1nak k\u00f6sz\u00f6nhet\u0151en 41%-kal cs\u00f6kkent a ki\u00f6ml\u00e9s, az \u00edzvesztes\u00e9g pedig 38%-kal, mivel a s\u00f6r frissen tart\u00e1s\u00e1ra haszn\u00e1lt csavaros kupakot a palack szoros lez\u00e1r\u00e1s\u00e1ra is haszn\u00e1lt\u00e1k. Ezt az eredm\u00e9nyt kiindul\u00f3pontk\u00e9nt tekintve a v\u00e1llalat egym\u00e1s ut\u00e1n n\u00e9gy, \u00f6sszesen 500 000 palackot kitev\u0151 megrendel\u00e9st adott le \u00e9rt\u00e9kes\u00edt\u00e9si h\u00e1l\u00f3zat\u00e1nak b\u0151v\u00edt\u00e9se \u00e9rdek\u00e9ben.<\/p>\n<h2>Testreszab\u00e1si lehet\u0151s\u00e9gek<\/h2>\n<p>Ezek lehetnek az \u00d6n \u00e1ltal meg\u00faj\u00edtott, \u00fajraz\u00e1rhat\u00f3 palackok, ha a k\u00f6vetkez\u0151 testreszab\u00e1si lehet\u0151s\u00e9geket haszn\u00e1lja:<\/p>\n<ul>\n<li><strong>Groove magasf\u00e9ny\u0171 sz\u00ednez\u00e9s:<\/strong> A f\u00fcgg\u0151leges hornyok sz\u00ednes zom\u00e1nccal d\u00edsz\u00edthet\u0151k, ami jellegzetes cs\u00edkos mint\u00e1zatot eredm\u00e9nyez, amely a m\u00e1rka sz\u00edneiben pomp\u00e1zhat.<\/li>\n<li><strong>Dombornyomott t\u00e9rfogatjel\u00f6l\u00e9s:<\/strong> Helyezzen egy finom, kiemelked\u0151 \u201e465ml\u201d jel\u00f6l\u00e9st a palack alj\u00e1ra vagy als\u00f3 r\u00e9sz\u00e9re, ami luxusabb megjelen\u00e9st k\u00f6lcs\u00f6n\u00f6z a term\u00e9knek.<\/li>\n<li><strong>Egy\u00e9ni Kupak Sz\u00edne:<\/strong> Lehet\u0151s\u00e9g van olyan ker\u00e1mia sapka sz\u00edn kiv\u00e1laszt\u00e1s\u00e1ra, amely j\u00f3l illeszkedik a m\u00e1rka els\u0151dleges sz\u00edns\u00e9m\u00e1j\u00e1hoz.<\/li>\n<li><strong>Savmaratott log\u00f3:<\/strong> A savmaratott matt log\u00f3val ell\u00e1tott \u00e1tl\u00e1tsz\u00f3 \u00fcvegfel\u00fclet nemcsak kifinomult, de tart\u00f3s \u00e9s pr\u00e9mium m\u00e1rkaim\u00e1zs-megjelen\u00edt\u0151 is.<\/li>\n<\/ul>","protected":false},"excerpt":{"rendered":"<p>\u00c1tl\u00e1tsz\u00f3 \u00fcvegpalack erjeszt\u00e9shez, bar\u00e1zd\u00e1lt testtel \u00e9s l\u00e9gmentesen z\u00e1r\u00f3d\u00f3 kupakkal. St\u00edlusos, tart\u00f3s, \u00fajraz\u00e1rhat\u00f3 palackok, amelyek t\u00f6k\u00e9letesek s\u00f6rf\u0151z\u00e9shez \u00e9s t\u00e1rol\u00e1shoz. Ingyenes mint\u00e1k.<\/p>","protected":false},"featured_media":23804,"template":"","meta":[],"product_brand":[],"product_cat":[122,123,132],"product_tag":[],"class_list":{"0":"post-23801","1":"product","2":"type-product","3":"status-publish","4":"has-post-thumbnail","6":"product_cat-custom-glass-packaging","7":"product_cat-custom-glass-bottles","8":"product_cat-glass-flip-top-bottles","10":"first","11":"instock","12":"shipping-taxable","13":"product-type-simple"},"jetpack_sharing_enabled":true,"_links":{"self":[{"href":"https:\/\/yebodaglass.com\/hu\/wp-json\/wp\/v2\/product\/23801","targetHints":{"allow":["GET"]}}],"collection":[{"href":"https:\/\/yebodaglass.com\/hu\/wp-json\/wp\/v2\/product"}],"about":[{"href":"https:\/\/yebodaglass.com\/hu\/wp-json\/wp\/v2\/types\/product"}],"version-history":[{"count":4,"href":"https:\/\/yebodaglass.com\/hu\/wp-json\/wp\/v2\/product\/23801\/revisions"}],"predecessor-version":[{"id":23812,"href":"https:\/\/yebodaglass.com\/hu\/wp-json\/wp\/v2\/product\/23801\/revisions\/23812"}],"wp:featuredmedia":[{"embeddable":true,"href":"https:\/\/yebodaglass.com\/hu\/wp-json\/wp\/v2\/media\/23804"}],"wp:attachment":[{"href":"https:\/\/yebodaglass.com\/hu\/wp-json\/wp\/v2\/media?parent=23801"}],"wp:term":[{"taxonomy":"product_brand","embeddable":true,"href":"https:\/\/yebodaglass.com\/hu\/wp-json\/wp\/v2\/product_brand?post=23801"},{"taxonomy":"product_cat","embeddable":true,"href":"https:\/\/yebodaglass.com\/hu\/wp-json\/wp\/v2\/product_cat?post=23801"},{"taxonomy":"product_tag","embeddable":true,"href":"https:\/\/yebodaglass.com\/hu\/wp-json\/wp\/v2\/product_tag?post=23801"}],"curies":[{"name":"wp","href":"https:\/\/api.w.org\/{rel}","templated":true}]}}