{"id":23792,"date":"2025-11-17T14:17:35","date_gmt":"2025-11-17T06:17:35","guid":{"rendered":"https:\/\/yebodaglass.com\/?post_type=product&#038;p=23792"},"modified":"2026-03-26T14:20:30","modified_gmt":"2026-03-26T06:20:30","slug":"wholesale-clear-fermentation-bottles-with-handles","status":"publish","type":"product","link":"https:\/\/yebodaglass.com\/hu\/wholesale-clear-fermentation-bottles-with-handles\/","title":{"rendered":"Nagykereskedelmi tiszta erjeszt\u00e9si palackok foganty\u00fakkal 250ml 350ml 500ml"},"content":{"rendered":"<p>Intended to withstand usage, be easy to carry and manage, and provide assurance to good sealing ability, this glass bottle family ( 250ml, 350ml and 500ml picks ) will have built in handle and swing top closure. The bottles are made of pure, clear glass, with an easy, ergonomic handle and a rounded, smooth body that makes them easy to fill and pour in either the work or home setting.<\/p>\n<h2>Term\u00e9kjellemz\u0151k<\/h2>\n<p>All bottles come packaged with a swivel-top (flip-top) system of bottle closure: A glass stopper, stainless wire bail, and a food grade sealing gasket. This construction provides an airtight sealed cover and the bottles can be used to preserve freshness and to facilitate the fermentation process. Product visibility is improved by the transparent glass body and therefore the ease with which users can track contents.<\/p>\n<h2 style=\"text-align: left;\">F\u0151bb specifik\u00e1ci\u00f3k<\/h2>\n<table class=\"aligncenter\" style=\"border-collapse: collapse; width: 762.77pt;\" border=\"0\" width=\"1017\" cellspacing=\"0\" cellpadding=\"0\">\n<tbody>\n<tr style=\"height: 13.50pt;\">\n<td style=\"height: 13.50pt; width: 138.75pt;\" width=\"185\" height=\"18\">Specifik\u00e1ci\u00f3<\/td>\n<td style=\"width: 624.00pt;\" width=\"832\">R\u00e9szletek<\/td>\n<\/tr>\n<tr style=\"height: 13.50pt;\">\n<td style=\"height: 13.50pt;\" height=\"18\">M\u00e9retek<\/td>\n<td>250ml (8oz): 350ml(12oz): 6,7 cm \u00d7 17,2 cm\/350ml(12oz): 6,7 cm \u00d7 17,2 cm: 7,6 cm \u00d7 20 cm\/500ml(16oz): 8,7 cm \u00d7 21,8 cm<\/td>\n<\/tr>\n<tr style=\"height: 13.50pt;\">\n<td style=\"height: 13.50pt;\" height=\"18\">Anyag<\/td>\n<td>\u00d3lommentes sz\u00f3da\u00fcveg<\/td>\n<\/tr>\n<tr style=\"height: 13.50pt;\">\n<td style=\"height: 13.50pt;\" height=\"18\">Foganty\u00fa kialak\u00edt\u00e1sa<\/td>\n<td>Beform\u00e1zott ergonomikus foganty\u00fa minden m\u00e9retben<\/td>\n<\/tr>\n<tr style=\"height: 13.50pt;\">\n<td style=\"height: 13.50pt;\" height=\"18\">Z\u00e1r\u00e1s t\u00edpusa<\/td>\n<td>\u00a0swing top<\/td>\n<\/tr>\n<tr style=\"height: 13.50pt;\">\n<td style=\"height: 13.50pt;\" height=\"18\">T\u00f6m\u00edt\u00e9si lehet\u0151s\u00e9gek<\/td>\n<td>\u00c9lelmiszeripari min\u0151s\u00e9g\u0171 gumi vagy szilikon<\/td>\n<\/tr>\n<tr style=\"height: 13.50pt;\">\n<td style=\"height: 13.50pt;\" height=\"18\">T\u00f6m\u00edt\u00e9si teljes\u00edtm\u00e9ny<\/td>\n<td>L\u00e9gmentes, nyom\u00e1s\u00e1ll\u00f3 - ide\u00e1lis a term\u00e9szetes sz\u00e9nsavasod\u00e1shoz<\/td>\n<\/tr>\n<tr style=\"height: 13.50pt;\">\n<td style=\"height: 13.50pt;\" height=\"18\">Ide\u00e1lis<\/td>\n<td>S\u00f6r, sz\u00f3da, bork\u00e9sz\u00edt\u00e9s, probiotikus tonik, Kombucha<\/td>\n<\/tr>\n<\/tbody>\n<\/table>\n<h2>Sikert\u00f6rt\u00e9net: Kombucha gy\u00e1rt\u00f3sor optimaliz\u00e1l\u00e1sa<\/h2>\n<p>A Kombucha s\u00f6rf\u0151zde a gy\u00e1rt\u00e1si folyamat instabilit\u00e1s\u00e1nak probl\u00e9m\u00e1j\u00e1val szembes\u00fclt, mivel erjeszt\u0151 tart\u00e1lyokat haszn\u00e1lt a m\u00e1sodlagos erjeszt\u00e9shez, majd a term\u00e9keket hagyom\u00e1nyos palackokban \u00e9rt\u00e9kes\u00edtette. K\u00f6vetkez\u00e9sk\u00e9ppen a szennyez\u0151d\u00e9sek ar\u00e1nya nagyon magas volt, \u00e9s a termel\u00e9s instabil volt. \u00c1t\u00e1lltak a mi foganty\u00fas ferment\u00e1ci\u00f3s palackjainkra, \u00e9s ekkor vett\u00e9k \u00e9szre, hogy a palackok jobb z\u00e1r\u00f3d\u00e1s\u00e1nak k\u00f6sz\u00f6nhet\u0151en 38%-vel cs\u00f6kkent a szennyez\u0151d\u00e9si ar\u00e1ny. Az alkalmazottak a termel\u0151i piacon a mintav\u00e9telt is k\u00f6nnyebbnek tal\u00e1lt\u00e1k, mivel a palackokat a foganty\u00fakn\u00e1l fogva meg tudt\u00e1k fogni, \u00edgy a kezel\u00e9s k\u00f6zbeni t\u00f6r\u00e9s 15%-tel cs\u00f6kkent. A s\u00f6rf\u0151zde annyira el\u00e9gedett volt a term\u00e9k teljes\u00edtm\u00e9ny\u00e9vel \u00e9s a v\u00e1s\u00e1rl\u00f3i visszajelz\u00e9sekkel, hogy \u00fagy d\u00f6nt\u00f6ttek, tov\u00e1bbi h\u00e1rom megrendel\u00e9st adnak le egyenk\u00e9nt 100 000 palackkal.<\/p>\n<h2>Testreszab\u00e1si javaslatok az erjeszt\u0151 palackokhoz<\/h2>\n<p>Tegye vonz\u00f3bb\u00e1 \u00e9s m\u00e1rkatudatosabb\u00e1 a funkcion\u00e1lis erjeszt\u0151 palackokat ezekkel a term\u00e9khez kapcsol\u00f3d\u00f3 testreszab\u00e1si lehet\u0151s\u00e9gekkel:<\/p>\n<ul>\n<li><strong>Illusztr\u00e1lt kapacit\u00e1svonalak:<\/strong> A palack v\u00e1ll\u00e1n vil\u00e1gosan megjel\u00f6lt t\u00e9rfogatvonalak biztos\u00edtj\u00e1k a pontos t\u00e9rfogatot minden egyes t\u00e9tel eset\u00e9ben.<\/li>\n<li><strong>\u00dcvegszitanyom\u00e1s:<\/strong> A palackon l\u00e9v\u0151 grafika tart\u00f3s \u00e9s vegyszer\u00e1ll\u00f3 anyagb\u00f3l k\u00e9sz\u00fclt, amely k\u00f6zvetlen\u00fcl a palacktestre van nyomtatva, \u00edgy ellen\u00e1ll a gyakori mos\u00e1snak \u00e9s kezel\u00e9snek.<\/li>\n<li><strong>Fagyasztott foganty\u00fak:<\/strong> A foganty\u00fak matt\u00edtott megjelen\u00e9s\u0171ek, ami a jobb fog\u00e1st \u00e9s a f\u00e9ny\u0171z\u0151bb \u00e9lm\u00e9nyt szolg\u00e1lja.<\/li>\n<li><strong>Dombornyomott log\u00f3 az alj\u00e1n:<\/strong> A palack alj\u00e1ra nyomtatott kicsi, kiemelked\u0151 \u00e9s finom log\u00f3 professzion\u00e1lis megjelen\u00e9st k\u00f6lcs\u00f6n\u00f6z a term\u00e9knek an\u00e9lk\u00fcl, hogy \u00fatban lenne a \u200d\u200d\u200d\u200d\u200d\u200d\u200d\u200d\u200dc\u00edmke.<\/li>\n<\/ul>","protected":false},"excerpt":{"rendered":"<p>Durable fermentation bottles with swing top and handle. Clear ferment bottles in 250ml, 350ml, 500ml for brewing, storage, and beverage packaging.<\/p>","protected":false},"featured_media":25629,"template":"","meta":[],"product_brand":[],"product_cat":[132,123,122],"product_tag":[],"class_list":{"0":"post-23792","1":"product","2":"type-product","3":"status-publish","4":"has-post-thumbnail","6":"product_cat-glass-flip-top-bottles","7":"product_cat-custom-glass-bottles","8":"product_cat-custom-glass-packaging","10":"first","11":"instock","12":"shipping-taxable","13":"product-type-simple"},"jetpack_sharing_enabled":true,"_links":{"self":[{"href":"https:\/\/yebodaglass.com\/hu\/wp-json\/wp\/v2\/product\/23792","targetHints":{"allow":["GET"]}}],"collection":[{"href":"https:\/\/yebodaglass.com\/hu\/wp-json\/wp\/v2\/product"}],"about":[{"href":"https:\/\/yebodaglass.com\/hu\/wp-json\/wp\/v2\/types\/product"}],"version-history":[{"count":5,"href":"https:\/\/yebodaglass.com\/hu\/wp-json\/wp\/v2\/product\/23792\/revisions"}],"predecessor-version":[{"id":25615,"href":"https:\/\/yebodaglass.com\/hu\/wp-json\/wp\/v2\/product\/23792\/revisions\/25615"}],"wp:featuredmedia":[{"embeddable":true,"href":"https:\/\/yebodaglass.com\/hu\/wp-json\/wp\/v2\/media\/25629"}],"wp:attachment":[{"href":"https:\/\/yebodaglass.com\/hu\/wp-json\/wp\/v2\/media?parent=23792"}],"wp:term":[{"taxonomy":"product_brand","embeddable":true,"href":"https:\/\/yebodaglass.com\/hu\/wp-json\/wp\/v2\/product_brand?post=23792"},{"taxonomy":"product_cat","embeddable":true,"href":"https:\/\/yebodaglass.com\/hu\/wp-json\/wp\/v2\/product_cat?post=23792"},{"taxonomy":"product_tag","embeddable":true,"href":"https:\/\/yebodaglass.com\/hu\/wp-json\/wp\/v2\/product_tag?post=23792"}],"curies":[{"name":"wp","href":"https:\/\/api.w.org\/{rel}","templated":true}]}}