{"id":23764,"date":"2025-11-14T16:48:27","date_gmt":"2025-11-14T08:48:27","guid":{"rendered":"https:\/\/yebodaglass.com\/?post_type=product&#038;p=23764"},"modified":"2025-11-18T10:21:39","modified_gmt":"2025-11-18T02:21:39","slug":"wholesale-clear-grolsch-bottle-with-swing-top","status":"publish","type":"product","link":"https:\/\/yebodaglass.com\/hu\/wholesale-clear-grolsch-bottle-with-swing-top\/","title":{"rendered":"Nagykereskedelmi 16 oz Clear Grolsch palackok Swing Top"},"content":{"rendered":"<p data-start=\"66\" data-end=\"288\">It\u200d\u200d\u200d\u200d\u200d\u200d\u200d\u200d\u200d egy \u00e1tl\u00e1tsz\u00f3 \u00fcvegb\u0151l k\u00e9sz\u00fclt grolsch palack, f\u00e9m pattint\u00f3s kupakkal \u00e9s piros \u00e9s feh\u00e9r sz\u00edn\u0171 \u00f6sszetev\u0151kkel. Hasznoss\u00e1ga \u00e9s j\u00f3l z\u00e1r\u00f3d\u00f3 z\u00e1r\u00e1sa mellett kiv\u00e1l\u00f3an alkalmas italok vagy \u00e9lelmiszerek t\u00e1rol\u00e1s\u00e1ra.<\/p>\n<h2>Term\u00e9kjellemz\u0151k<\/h2>\n<ul>\n<li><strong>\u00c1tl\u00e1tsz\u00f3 \u00fcveg anyaga:<\/strong> Az \u00e1tl\u00e1tsz\u00f3 \u00fcveggel a folyad\u00e9k sz\u00edne \u00e9s mennyis\u00e9ge vizu\u00e1lisan ellen\u0151rizhet\u0151 a tart\u00e1ly felnyit\u00e1sa n\u00e9lk\u00fcl, ami megk\u00f6nny\u00edti a term\u00e9k azonos\u00edt\u00e1s\u00e1t \u00e9s ellen\u0151rz\u00e9s\u00e9t.<\/li>\n<li><strong>Snap-lock t\u00f6m\u00edt\u0151 kialak\u00edt\u00e1s:<\/strong> A tart\u00e1lyhoz r\u00f6gz\u00edtett piros-feh\u00e9r f\u00e9m pattinthat\u00f3 dug\u00f3 nagyszer\u0171 z\u00e1r\u00e1st biztos\u00edt, \u00edgy a benne l\u00e9v\u0151 folyad\u00e9k frissess\u00e9ge garant\u00e1lt, ugyanakkor a fed\u00e9l k\u00f6nnyen elt\u00e1vol\u00edthat\u00f3 \u00e9s visszahelyezhet\u0151.<\/li>\n<li><strong>Egyszer\u0171 \u00e9s praktikus kialak\u00edt\u00e1s:<\/strong> A palack tiszta, \u00e1raml\u00f3 vonalakkal \u00e9s minimalista st\u00edlussal rendelkezik, amelyek eszt\u00e9tikailag vonz\u00f3ak \u00e9s praktikusak egyszerre, \u00edgy olyan term\u00e9ket kap, amely nemcsak k\u00f6nnyen kezelhet\u0151, hanem t\u00e1rolhat\u00f3 is.<\/li>\n<\/ul>\n<h2 style=\"text-align: left;\">F\u0151bb specifik\u00e1ci\u00f3k<\/h2>\n<table class=\"aligncenter\" style=\"border-collapse: collapse; width: 564.02pt;\" border=\"0\" width=\"752\" cellspacing=\"0\" cellpadding=\"0\">\n<tbody>\n<tr style=\"height: 13.50pt;\">\n<td style=\"height: 13.50pt; width: 115.50pt;\" width=\"154\" height=\"18\">Specifik\u00e1ci\u00f3<\/td>\n<td style=\"width: 448.50pt;\" width=\"598\">R\u00e9szletek<\/td>\n<\/tr>\n<tr style=\"height: 13.50pt;\">\n<td style=\"height: 13.50pt;\" height=\"18\">M\u00e9retek<\/td>\n<td>500ml (16oz): 8,1 cm \u00d7 22,3 cm<\/td>\n<\/tr>\n<tr style=\"height: 13.50pt;\">\n<td style=\"height: 13.50pt;\" height=\"18\">Anyag<\/td>\n<td>Nagy tisztas\u00e1g\u00fa \u00fcveg<\/td>\n<\/tr>\n<tr style=\"height: 13.50pt;\">\n<td style=\"height: 13.50pt;\" height=\"18\">Z\u00e1r\u00f3rendszer<\/td>\n<td>Rozsdamentes ac\u00e9lb\u00f3l k\u00e9sz\u00fclt leng\u0151kupak piros\/feh\u00e9r dug\u00f3val + \u00e9lelmiszeripari t\u00f6m\u00edt\u00e9ssel<\/td>\n<\/tr>\n<tr style=\"height: 13.50pt;\">\n<td style=\"height: 13.50pt;\" height=\"18\">Neck Finish<\/td>\n<td>Kompatibilis a szabv\u00e1nyos ez sapkacser\u00e9kkel \u00e9s al\u00e1t\u00e9tk\u00e9szletekkel<\/td>\n<\/tr>\n<tr style=\"height: 13.50pt;\">\n<td style=\"height: 13.50pt;\" height=\"18\">Ide\u00e1lis<\/td>\n<td>Kombucha, s\u00f6r, sz\u00f3da, sz\u00f3da, bork\u00e9sz\u00edt\u00e9s, erjesztett tonikok<\/td>\n<\/tr>\n<\/tbody>\n<\/table>\n<h2>Sikert\u00f6rt\u00e9net: Craft Soft Drink Business Turned Around<\/h2>\n<p>Egy kis \u00fcd\u00edt\u0151ital-gy\u00e1rt\u00f3 c\u00e9g az\u00e9rt volt bajban, mert nem \u00e1llt rendelkez\u00e9sre a megfelel\u0151 t\u00edpus\u00fa csomagol\u00e1s, amely seg\u00edthetett volna a pr\u00e9mium m\u00e1rka im\u00e1zs\u00e1t t\u00fckr\u00f6zni. V\u00e9g\u00fcl a mi\u200d\u200d\u200d\u200d\u200d\u200d\u200d\u200d 16 unci\u00e1s leng\u0151kupakos palackjaink mellett d\u00f6nt\u00f6ttek a jellegzetes ginger ale \u00e9s sarsaparilla csomagol\u00e1s\u00e1hoz. A csal\u00e1dok nagyon \u00f6r\u00fcltek a nagy m\u00e9reteknek. A t\u00e1rol\u00e1s k\u00f6zbeni sz\u00e9nsavvesztes\u00e9g volt a f\u0151 t\u00e9nyez\u0151, amely a l\u00e9gmentes csavarz\u00e1ras lez\u00e1r\u00e1soknak k\u00f6sz\u00f6nhet\u0151en 43%-tel cs\u00f6kkent, ami k\u00f6vetkez\u00e9sk\u00e9ppen minimaliz\u00e1lta a roml\u00e1ssal kapcsolatos panaszokat, \u00e9s \u200d\u200d\u200d\u200d\u200d\u200d\u200d\u200d\u200d52%-tel n\u00f6velte az \u00fajrav\u00e1s\u00e1rl\u00e1si ar\u00e1nyt. \u00edgy a v\u00e1llalatr\u00f3l elmondhat\u00f3, hogy a v\u00e1s\u00e1rl\u00f3i h\u0171s\u00e9g szempontj\u00e1b\u00f3l j\u00f3l teljes\u00edt. Ez sok pozit\u00edv besz\u00e9lget\u00e9st eredm\u00e9nyezett a v\u00e1llalat, a fogyaszt\u00f3k \u00e9s a forgalmaz\u00f3k k\u00f6r\u00e9ben, ami azt eredm\u00e9nyezte, hogy negyed\u00e9vente 250 000 darabra emelkedett a forgalmaz\u00f3helyek megrendel\u00e9se.<\/p>\n<h2>Grolsch palack szem\u00e9lyre szab\u00e1si \u00f6tletek<\/h2>\n<ul>\n<li><strong>\u00dcvegszitanyom\u00e1s:<\/strong> Az \u00e1tl\u00e1tsz\u00f3 \u00fcvegtart\u00e1lyt d\u00edsz\u00edtheti divatosan nyomtathat\u00f3, \u00e9l\u00e9nk m\u00e1rkalog\u00f3kkal vagy m\u00e1s, hossz\u00fa ideig tart\u00f3, a m\u00e1rka arculat\u00e1nak \u00e9s identit\u00e1s\u00e1nak bemutat\u00e1s\u00e1ra ide\u00e1lis mint\u00e1kkal.<\/li>\n<li><strong>Dombornyomott kapacit\u00e1sjelz\u00e9s:<\/strong> Tegye hangs\u00falyosabb\u00e1 a tart\u00e1ly professzion\u00e1lis megjelen\u00e9s\u00e9t, ha a palack alj\u00e1n vagy als\u00f3 r\u00e9sz\u00e9n finoman dombornyomott \"16 OZ\" vagy \"1 L\" feliratot helyez el.<\/li>\n<li><strong>Sz\u00ednes szilikon t\u00f6m\u00edt\u0151gy\u0171r\u0171:<\/strong> A m\u00e1rka sz\u00edneivel \u00f6sszhangban l\u00e9v\u0151 szilikon t\u00f6m\u00edt\u0151gy\u0171r\u0171t kaphat, amely a kupak r\u00f6gz\u00edt\u00e9sekor egy apr\u00f3, de j\u00f3l \u00e9szrevehet\u0151 egy\u00e9ni r\u00e9szletk\u00e9nt szolg\u00e1l.<\/li>\n<li><strong>K\u00fcl\u00f6nleges f\u00e9nyes\/matta c\u00edmkepanelek:<\/strong> Vezessen be k\u00fcl\u00f6nb\u00f6z\u0151 f\u00e9nyes vagy matt \u00fcvegtext\u00far\u00e1kat a matrica fel\u00fclet\u00e9n, hogy az els\u0151dleges c\u00edmke megkapja azt a figyelmet, amit \u200d\u200d\u200d\u200d\u200d\u200d\u200d\u200d\u200d meg\u00e9rdemel.<\/li>\n<\/ul>","protected":false},"excerpt":{"rendered":"<p>Pr\u00e9mium 16 oz-os, Grolsch-palack form\u00e1j\u00fa leng\u0151kupakos palackok, f\u00e9m kupakkal a biztons\u00e1gos, \u00fajrafelhaszn\u00e1lhat\u00f3 italt\u00e1rol\u00e1s \u00e9rdek\u00e9ben. Gyors sz\u00e1ll\u00edt\u00e1s. Ingyenes mint\u00e1kat biztos\u00edtunk.<\/p>","protected":false},"featured_media":23788,"template":"","meta":[],"product_brand":[],"product_cat":[122,123,132],"product_tag":[],"class_list":{"0":"post-23764","1":"product","2":"type-product","3":"status-publish","4":"has-post-thumbnail","6":"product_cat-custom-glass-packaging","7":"product_cat-custom-glass-bottles","8":"product_cat-glass-flip-top-bottles","10":"first","11":"instock","12":"shipping-taxable","13":"product-type-simple"},"jetpack_sharing_enabled":true,"_links":{"self":[{"href":"https:\/\/yebodaglass.com\/hu\/wp-json\/wp\/v2\/product\/23764","targetHints":{"allow":["GET"]}}],"collection":[{"href":"https:\/\/yebodaglass.com\/hu\/wp-json\/wp\/v2\/product"}],"about":[{"href":"https:\/\/yebodaglass.com\/hu\/wp-json\/wp\/v2\/types\/product"}],"version-history":[{"count":4,"href":"https:\/\/yebodaglass.com\/hu\/wp-json\/wp\/v2\/product\/23764\/revisions"}],"predecessor-version":[{"id":23838,"href":"https:\/\/yebodaglass.com\/hu\/wp-json\/wp\/v2\/product\/23764\/revisions\/23838"}],"wp:featuredmedia":[{"embeddable":true,"href":"https:\/\/yebodaglass.com\/hu\/wp-json\/wp\/v2\/media\/23788"}],"wp:attachment":[{"href":"https:\/\/yebodaglass.com\/hu\/wp-json\/wp\/v2\/media?parent=23764"}],"wp:term":[{"taxonomy":"product_brand","embeddable":true,"href":"https:\/\/yebodaglass.com\/hu\/wp-json\/wp\/v2\/product_brand?post=23764"},{"taxonomy":"product_cat","embeddable":true,"href":"https:\/\/yebodaglass.com\/hu\/wp-json\/wp\/v2\/product_cat?post=23764"},{"taxonomy":"product_tag","embeddable":true,"href":"https:\/\/yebodaglass.com\/hu\/wp-json\/wp\/v2\/product_tag?post=23764"}],"curies":[{"name":"wp","href":"https:\/\/api.w.org\/{rel}","templated":true}]}}