{"id":23742,"date":"2025-11-14T16:48:48","date_gmt":"2025-11-14T08:48:48","guid":{"rendered":"https:\/\/yebodaglass.com\/?post_type=product&#038;p=23742"},"modified":"2026-04-14T16:03:36","modified_gmt":"2026-04-14T08:03:36","slug":"custom-pickle-container-pickles-jars-wholesale","status":"publish","type":"product","link":"https:\/\/yebodaglass.com\/hu\/custom-pickle-container-pickles-jars-wholesale\/","title":{"rendered":"125 ml \u2013 280 ml egyedi \u00fcveg savany\u00fas\u00e1gt\u00e1rol\u00f3 nagykereskedelemben"},"content":{"rendered":"<p>Elege van a sziv\u00e1rg\u00f3 vagy az ubork\u00e1t elrejt\u0151 savany\u00fas\u00e1g\u00fcvegekb\u0151l? \u00dcveg savany\u00fas\u00e1gtart\u00f3kat k\u00e9sz\u00edt\u00fcnk \u2013 nincs t\u00f6bb\u00e9 maszatos ki\u00f6ml\u00e9s. Ezek a savany\u00fas\u00e1g\u00fcveg-k\u00e9szletek m\u00e1rk\u00e1ss\u00e1 var\u00e1zsolj\u00e1k az \u00e9lelmiszert\u00e1rol\u00e1st. A nagy t\u00e9telben rendelt term\u00e9kek egyedi sz\u00edneket kapnak, hogy illeszkedjenek a m\u00e1rk\u00e1j\u00e1hoz.<\/p>\n<h2>Term\u00e9kjellemz\u0151k<\/h2>\n<ul>\n<li><strong>Thick\u200b\u200d\u200b\u200c\u200d\u200b\u200d\u200c\u200b\u200d\u200b\u200c\u200d\u200b\u200d\u200c Glass Durability: <\/strong>Nem t\u00f6rik k\u00f6nnyen \u2013 h\u00f3napokig meg\u0151rzi a savany\u00fas\u00e1g min\u0151s\u00e9g\u00e9t an\u00e9lk\u00fcl, hogy elvesz\u00edten\u00e9 sz\u00edn\u00e9t.<\/li>\n<li><strong>Airtight Metal Lid Seal: <\/strong>Megakad\u00e1lyozza a leveg\u0151 bejut\u00e1s\u00e1t \u2013 \u00edgy a kapor, az ecet \u00e9s az \u00edzek frissek maradnak.<\/li>\n<li><strong>Wide Mouth Glass Opening: <\/strong>K\u00e9nyelmes z\u00f6lds\u00e9gekkel t\u00f6lteni \u2013 az erjesztett \u00e9tel rendetlens\u00e9g n\u00e9lk\u00fcl elk\u00e9sz\u00edthet\u0151.<\/li>\n<\/ul>\n<h2>F\u0151bb specifik\u00e1ci\u00f3k<\/h2>\n<p>&nbsp;<\/p>\n<table style=\"border-collapse: collapse; width: 80%; margin-left: auto; margin-right: auto;\" border=\"0\" width=\"288\" cellspacing=\"0\" cellpadding=\"0\">\n<tbody>\n<tr style=\"height: 13.50pt;\">\n<td style=\"height: 13.5pt; width: 54pt; text-align: center;\" width=\"72\" height=\"18\">Kapacit\u00e1s (ml)<\/td>\n<td style=\"width: 54pt; text-align: center;\" width=\"72\">M\u00e9ret (cm)<\/td>\n<td style=\"width: 54pt; text-align: center;\" width=\"72\">Z\u00e1r\u00e1s t\u00edpusa<\/td>\n<\/tr>\n<tr style=\"height: 13.50pt;\">\n<td style=\"height: 13.5pt; text-align: center;\" height=\"18\">125<\/td>\n<td style=\"text-align: center;\">7.5 x 7.3<\/td>\n<td class=\"et2\" style=\"text-align: center;\" rowspan=\"3\">Menetes (m\u0171anyag\/f\u00e9m)<\/td>\n<\/tr>\n<tr style=\"height: 13.50pt;\">\n<td style=\"height: 13.5pt; text-align: center;\" height=\"18\">180<\/td>\n<td style=\"text-align: center;\">8.0 x 7.7<\/td>\n<\/tr>\n<tr style=\"height: 13.50pt;\">\n<td style=\"height: 13.5pt; text-align: center;\" height=\"18\">280<\/td>\n<td style=\"text-align: center;\">8.2 x 7.9<\/td>\n<\/tr>\n<\/tbody>\n<\/table>\n<h2>Sikeres eset<\/h2>\n<p>Amikor egy d\u00e9lkelet-\u00e1zsiai savany\u00fas\u00e1gm\u00e1rka \u00fagy d\u00f6nt\u00f6tt, hogy korszer\u0171s\u00edti a csomagol\u00e1s\u00e1t, a mi savany\u00fas\u00e1gt\u00e1rol\u00f3nkat v\u00e1lasztott\u00e1k. Az \u00edvelt, \u00e1tl\u00e1tsz\u00f3 \u00fcveg vizu\u00e1lisan sz\u00ednesebb\u00e9 teszi a term\u00e9ket, ami remek\u00fcl mutat a polcon; a jobb lez\u00e1r\u00e1s azonban a sz\u00e1ll\u00edt\u00e1s sor\u00e1n a t\u00f6r\u00e9si ar\u00e1ny 30%-kal cs\u00f6kken\u00e9s\u00e9hez is hozz\u00e1j\u00e1rul.<\/p>\n<p>A m\u00e1rka savany\u00fas\u00e1gsorozat\u00e1nak elad\u00e1sai 22%-kal n\u0151ttek az \u00faj term\u00e9k bevezet\u00e9s\u00e9t k\u00f6vet\u0151 h\u00e1rom h\u00f3napon bel\u00fcl, \u00edgy a m\u00e1rka ismerts\u00e9ge \u00e9s a csatornab\u0151v\u00edt\u00e9s megdupl\u00e1z\u00f3dott.<\/p>\n<h2>A savany\u00fas\u00e1gt\u00e1rol\u00f3 testreszab\u00e1si k\u00e9zik\u00f6nyve<\/h2>\n<ol>\n<li><strong>Testreszabhat\u00f3\u200b\u200d\u200b\u200c\u200d\u200b\u200d\u200b\u200c\u200b\u200d\u200b\u200c\u200d\u200b\u200d\u200c Kapacit\u00e1sok:<\/strong> A kicsit\u0151l a nagyig terjed\u0151 kupakm\u00e9retek k\u00fcl\u00f6nf\u00e9le f\u0171szertartalomhoz (eg\u00e9sz gy\u00fcm\u00f6lcs, szeletek vagy z\u00fazott \u00f6sszetev\u0151k) illeszkednek, \u00edgy a term\u00e9kcsal\u00e1d m\u00e9g teljesebb\u00e9 v\u00e1lik.<\/li>\n<li><strong>V\u00e1laszthat\u00f3 fed\u00e9l anyaga \u00e9s sz\u00edne:<\/strong> Testreszabhat\u00f3 f\u00e9m, m\u0171anyag vagy robban\u00e1sbiztos kupakok k\u00f6z\u00fcl v\u00e1laszthat, t\u00f6bbsz\u00edn\u0171 s\u00fct\u0151fest\u00e9kkel, ez\u00fcst, fekete \u00e9s arany sz\u00ednben.<\/li>\n<li><strong>Egyedi c\u00edmk\u00e9k \u00e9s dombornyom\u00e1s:<\/strong> Lehet\u0151v\u00e9 teszi a m\u00e1rkalog\u00f3 testreszab\u00e1s\u00e1t a palackon, \u00e9s olaj- \u00e9s nedvess\u00e9g\u00e1ll\u00f3 c\u00edmkeanyagokat biztos\u00edt, \u00edgy professzion\u00e1lisabb \u00e9s tart\u00f3sabb megjelen\u00e9st biztos\u00edt.<\/li>\n<\/ol>","protected":false},"excerpt":{"rendered":"<p>Tart\u00f3s \u00fcveg savany\u00fas\u00e1gtart\u00e1ly az \u00e9lelmiszer-gy\u00e1rak sz\u00e1m\u00e1ra; \u00c9s a savany\u00fas\u00e1gos \u00fcveg t\u00e1mogatja a t\u00f6meges megrendel\u00e9seket, az erjesztett vagy tart\u00f3s\u00edtott term\u00e9kek egyedi c\u00edmkecsomagol\u00e1s\u00e1t.<\/p>","protected":false},"featured_media":23743,"template":"","meta":[],"product_brand":[],"product_cat":[133,124,122],"product_tag":[],"class_list":{"0":"post-23742","1":"product","2":"type-product","3":"status-publish","4":"has-post-thumbnail","6":"product_cat-pickle-jars","7":"product_cat-custom-glass-jars","8":"product_cat-custom-glass-packaging","10":"first","11":"instock","12":"shipping-taxable","13":"product-type-simple"},"jetpack_sharing_enabled":true,"_links":{"self":[{"href":"https:\/\/yebodaglass.com\/hu\/wp-json\/wp\/v2\/product\/23742","targetHints":{"allow":["GET"]}}],"collection":[{"href":"https:\/\/yebodaglass.com\/hu\/wp-json\/wp\/v2\/product"}],"about":[{"href":"https:\/\/yebodaglass.com\/hu\/wp-json\/wp\/v2\/types\/product"}],"version-history":[{"count":5,"href":"https:\/\/yebodaglass.com\/hu\/wp-json\/wp\/v2\/product\/23742\/revisions"}],"predecessor-version":[{"id":25784,"href":"https:\/\/yebodaglass.com\/hu\/wp-json\/wp\/v2\/product\/23742\/revisions\/25784"}],"wp:featuredmedia":[{"embeddable":true,"href":"https:\/\/yebodaglass.com\/hu\/wp-json\/wp\/v2\/media\/23743"}],"wp:attachment":[{"href":"https:\/\/yebodaglass.com\/hu\/wp-json\/wp\/v2\/media?parent=23742"}],"wp:term":[{"taxonomy":"product_brand","embeddable":true,"href":"https:\/\/yebodaglass.com\/hu\/wp-json\/wp\/v2\/product_brand?post=23742"},{"taxonomy":"product_cat","embeddable":true,"href":"https:\/\/yebodaglass.com\/hu\/wp-json\/wp\/v2\/product_cat?post=23742"},{"taxonomy":"product_tag","embeddable":true,"href":"https:\/\/yebodaglass.com\/hu\/wp-json\/wp\/v2\/product_tag?post=23742"}],"curies":[{"name":"wp","href":"https:\/\/api.w.org\/{rel}","templated":true}]}}