{"id":23732,"date":"2025-11-14T15:47:14","date_gmt":"2025-11-14T07:47:14","guid":{"rendered":"https:\/\/yebodaglass.com\/?post_type=product&#038;p=23732"},"modified":"2025-11-14T17:05:53","modified_gmt":"2025-11-14T09:05:53","slug":"wholesale-brown-grolsch-beer-bottles-with-swing-top","status":"publish","type":"product","link":"https:\/\/yebodaglass.com\/hu\/wholesale-brown-grolsch-beer-bottles-with-swing-top\/","title":{"rendered":"Nagykereskedelmi barna Grolsch s\u00f6r\u00f6s\u00fcvegek leng\u0151tet\u0151vel 485ml 500ml"},"content":{"rendered":"<p data-start=\"66\" data-end=\"288\">A Grolsch barna \u00fcvegb\u0151l k\u00e9sz\u00fclt, k\u00e9t m\u00e9retben kaphat\u00f3 s\u00f6r\u00f6s\u00fcvegei t\u00f6k\u00e9letesek folyad\u00e9kok vagy s\u00f6r\u00f6k t\u00e1rol\u00e1s\u00e1ra.<\/p>\n<h2>Term\u00e9kjellemz\u0151k<\/h2>\n<ul>\n<li><strong>Barna \u00fcveg anyaga:<\/strong> A barna \u00fcveg ide\u00e1lis anyag a f\u00e9nyv\u00e9delemhez, \u00e9s antik megjelen\u00e9st is k\u00f6lcs\u00f6n\u00f6z a term\u00e9knek.<\/li>\n<li><strong>Press-Stop lez\u00e1r\u00e1s:<\/strong> A piros-feh\u00e9r f\u00e9m nyom\u00f3z\u00e1ras kupak a palackok z\u00e1r\u00f3eleme, amely lehet\u0151v\u00e9 teszi a hossz\u00fa t\u00e1v\u00fa frissess\u00e9gmeg\u0151rz\u00e9st, \u00e9s gyors hozz\u00e1f\u00e9r\u00e9st biztos\u00edt a felhaszn\u00e1l\u00f3k sz\u00e1m\u00e1ra.<\/li>\n<li><strong>K\u00fcl\u00f6nb\u00f6z\u0151 sapka opci\u00f3k:<\/strong> A palack lehet kupak n\u00e9lk\u00fcli (nyom\u00e1sreteszel\u0151) vagy aranykoron\u00e1s kupakkal, ami egy m\u00e1sik lehet\u0151s\u00e9get k\u00edn\u00e1l, \u00e9s n\u00f6veli a term\u00e9k sokoldal\u00fas\u00e1g\u00e1t is.<\/li>\n<\/ul>\n<h2 style=\"text-align: left;\">F\u0151bb specifik\u00e1ci\u00f3k<\/h2>\n<table class=\"aligncenter\" style=\"border-collapse: collapse; width: 541.52pt;\" border=\"0\" width=\"722\" cellspacing=\"0\" cellpadding=\"0\">\n<tbody>\n<tr style=\"height: 13.50pt;\">\n<td style=\"height: 13.50pt; width: 119.25pt;\" width=\"159\" height=\"18\">Jellemz\u0151k<\/td>\n<td style=\"width: 422.25pt;\" width=\"563\">Le\u00edr\u00e1s<\/td>\n<\/tr>\n<tr style=\"height: 13.50pt;\">\n<td style=\"height: 13.50pt;\" height=\"18\">Kapacit\u00e1s<\/td>\n<td>485 ml\/500 ml<\/td>\n<\/tr>\n<tr style=\"height: 13.50pt;\">\n<td style=\"height: 13.50pt;\" height=\"18\">M\u00e9retek<\/td>\n<td>7,75 cm \u00d7 22,6 cm \/ 8,1 cm \u00d7 22,3 cm<\/td>\n<\/tr>\n<tr style=\"height: 13.50pt;\">\n<td style=\"height: 13.50pt;\" height=\"18\">Anyag<\/td>\n<td>Vastag fal\u00fa barna \u00fcveg (UV-sz\u0171r\u0151s)<\/td>\n<\/tr>\n<tr style=\"height: 13.50pt;\">\n<td style=\"height: 13.50pt;\" height=\"18\">Z\u00e1r\u00e1s t\u00edpusa<\/td>\n<td>Rozsdamentes ac\u00e9l leng\u0151tet\u0151k piros\/feh\u00e9r vagy arany dug\u00f3val<\/td>\n<\/tr>\n<tr style=\"height: 13.50pt;\">\n<td style=\"height: 13.50pt;\" height=\"18\">T\u00f6m\u00edt\u00e9s anyaga<\/td>\n<td>\u00c9lelmiszeripari min\u0151s\u00e9g\u0171 gumi (standard) vagy szilikonra v\u00e1lt\u00e1s<\/td>\n<\/tr>\n<tr style=\"height: 13.50pt;\">\n<td style=\"height: 13.50pt;\" height=\"18\">Ide\u00e1lis<\/td>\n<td>S\u00f6rf\u0151z\u00e9s, ecet, sz\u00f3da, bork\u00e9sz\u00edt\u00e9s, k\u00e9zm\u0171ves italok<\/td>\n<\/tr>\n<\/tbody>\n<\/table>\n<h2>Sikert\u00f6rt\u00e9net: K\u00e9zm\u0171ves s\u00f6rf\u0151zde b\u0151v\u00edt\u00e9se<\/h2>\n<p>A helyi k\u00e9zm\u0171ves s\u00f6rf\u0151zde, amely f\u0151k\u00e9nt belga st\u00edlus\u00fa ale-ket k\u00e9sz\u00edt, olyan csomagol\u00e1si m\u00f3dszert keresett, amely vizu\u00e1lisan is k\u00f6zvet\u00edti term\u00e9keik min\u0151s\u00e9g\u00e9t. Els\u0151 adagjukhoz barna \u00fcvegb\u0151l k\u00e9sz\u00fclt, leng\u0151tetej\u0171 palackjainkat haszn\u00e1lt\u00e1k. Az UV-\u00e1ll\u00f3 \u00fcveg haszn\u00e1lat\u00e1nak k\u00f6sz\u00f6nhet\u0151en a s\u00f6r t\u00e1rol\u00e1s miatti \u00edzv\u00e1ltoz\u00e1sa 43%-kal cs\u00f6kkent, \u00edgy a rendel\u00e9si mennyis\u00e9g 40%-kal n\u0151tt, ami v\u00e9g\u00fcl arra k\u00e9sztette a s\u00f6rf\u0151zd\u00e9t, hogy ezeket a csavaros kupakos palackokat standard csomagol\u00e1ss\u00e1 tegye, \u00e9s \u00edgy h\u00e1rom egym\u00e1st k\u00f6vet\u0151 negyed\u00e9vben is leadnak rendel\u00e9seket.<\/p>\n<h2>Grolsch s\u00f6r\u00f6s\u00fcvegek testreszab\u00e1si javaslatai<\/h2>\n<ul>\n<li><strong>Egy\u00e9ni Kupak Sz\u00edne:<\/strong> V\u00e1lassza ki a ker\u00e1mia kupak sz\u00edn\u00e9t a kupakm\u00e1rk\u00e1j\u00e1nak megfelel\u0151en (pl. arany, feh\u00e9r vagy fekete), \u00e9s azonnal felismeri a m\u00e1rk\u00e1j\u00e1t.<\/li>\n<li><strong>Nyomtatott log\u00f3:<\/strong> Helyezd el log\u00f3dat fizikailag a barna \u00fcvegpalackon, \u00e9s tapasztald meg v\u00e1s\u00e1rl\u00f3id \u00f6r\u00f6m\u00e9t, ahogy meg\u00e9rintik az \u00fcveget \u00e9s \u00e9rzik a k\u00fcl\u00f6nbs\u00e9get.<\/li>\n<li><strong>Savmaratott m\u00e1rkajelz\u00e9s:<\/strong> Helyezz el egy gy\u00f6ny\u00f6r\u0171 log\u00f3t vagy diz\u00e1jnt a palackon savmarat\u00e1si technik\u00e1val, amely v\u00e9glegesen integr\u00e1lja a m\u00e1rk\u00e1dat a palackkal.<\/li>\n<li><strong>Sz\u00ednes szilikon t\u00f6m\u00edt\u00e9sek:<\/strong> A m\u00e1rk\u00e1d sz\u00edn\u00e9ben pomp\u00e1z\u00f3 sz\u00ednes szilikon t\u00f6m\u00edt\u00e9sek apr\u00f3, m\u00e9gis nagyon hat\u00e9kony, egyedi r\u00e9szletekhez haszn\u00e1lhat\u00f3k, amelyek szemet gy\u00f6ny\u00f6rk\u00f6dtet\u0151ek lesznek.<\/li>\n<\/ul>","protected":false},"excerpt":{"rendered":"<p>St\u00edlusos grolsch s\u00f6r\u00f6s\u00fcvegek vintage b\u00e1jjal - a barna \u00fcvegb\u0151l k\u00e9sz\u00fclt leng\u0151fejes palackok a tart\u00f3ss\u00e1got \u00e9s a praktikumot \u00f6tv\u00f6zik. Gy\u00e1ri k\u00f6zvetlen \u00e9rt\u00e9kes\u00edt\u00e9s, gyors sz\u00e1ll\u00edt\u00e1s.<\/p>","protected":false},"featured_media":23751,"template":"","meta":[],"product_brand":[],"product_cat":[122,123,132],"product_tag":[],"class_list":{"0":"post-23732","1":"product","2":"type-product","3":"status-publish","4":"has-post-thumbnail","6":"product_cat-custom-glass-packaging","7":"product_cat-custom-glass-bottles","8":"product_cat-glass-flip-top-bottles","10":"first","11":"instock","12":"shipping-taxable","13":"product-type-simple"},"jetpack_sharing_enabled":true,"_links":{"self":[{"href":"https:\/\/yebodaglass.com\/hu\/wp-json\/wp\/v2\/product\/23732","targetHints":{"allow":["GET"]}}],"collection":[{"href":"https:\/\/yebodaglass.com\/hu\/wp-json\/wp\/v2\/product"}],"about":[{"href":"https:\/\/yebodaglass.com\/hu\/wp-json\/wp\/v2\/types\/product"}],"version-history":[{"count":5,"href":"https:\/\/yebodaglass.com\/hu\/wp-json\/wp\/v2\/product\/23732\/revisions"}],"predecessor-version":[{"id":23758,"href":"https:\/\/yebodaglass.com\/hu\/wp-json\/wp\/v2\/product\/23732\/revisions\/23758"}],"wp:featuredmedia":[{"embeddable":true,"href":"https:\/\/yebodaglass.com\/hu\/wp-json\/wp\/v2\/media\/23751"}],"wp:attachment":[{"href":"https:\/\/yebodaglass.com\/hu\/wp-json\/wp\/v2\/media?parent=23732"}],"wp:term":[{"taxonomy":"product_brand","embeddable":true,"href":"https:\/\/yebodaglass.com\/hu\/wp-json\/wp\/v2\/product_brand?post=23732"},{"taxonomy":"product_cat","embeddable":true,"href":"https:\/\/yebodaglass.com\/hu\/wp-json\/wp\/v2\/product_cat?post=23732"},{"taxonomy":"product_tag","embeddable":true,"href":"https:\/\/yebodaglass.com\/hu\/wp-json\/wp\/v2\/product_tag?post=23732"}],"curies":[{"name":"wp","href":"https:\/\/api.w.org\/{rel}","templated":true}]}}