{"id":23714,"date":"2025-11-14T14:43:57","date_gmt":"2025-11-14T06:43:57","guid":{"rendered":"https:\/\/yebodaglass.com\/?post_type=product&#038;p=23714"},"modified":"2025-11-14T15:28:06","modified_gmt":"2025-11-14T07:28:06","slug":"wholesale-32-oz-flip-top-bottles-with-tapered-shape","status":"publish","type":"product","link":"https:\/\/yebodaglass.com\/hu\/wholesale-32-oz-flip-top-bottles-with-tapered-shape\/","title":{"rendered":"Nagykereskedelmi 16 oz-os 32 oz-os, k\u00fapos alak\u00fa, felpattinthat\u00f3 tetej\u0171 palackok"},"content":{"rendered":"<p data-start=\"66\" data-end=\"288\">Ezek a 32 unci\u00e1s (946 ml) pattint\u00f3s tetej\u0171 palackok \u00e1tl\u00e1tsz\u00f3 \u00fcvegb\u0151l k\u00e9sz\u00fcltek, \u00e9s k\u00e9t st\u00edlusos k\u00fapos kialak\u00edt\u00e1ssal rendelkeznek. A fekete vagy vil\u00e1gosz\u00f6ld f\u00e9mkapcsok seg\u00edts\u00e9g\u00e9vel meg\u0151rzik a folyad\u00e9kok frissess\u00e9g\u00e9t, \u00e9s biztons\u00e1goss\u00e1 is teszik azokat.<\/p>\n<h2>Term\u00e9kjellemz\u0151k<\/h2>\n<ul>\n<li><strong>R\u00e1pattinthat\u00f3 t\u00f6m\u00edt\u00e9s:<\/strong> A palackok f\u00e9mkapcsokkal r\u00f6gz\u00edtett, r\u00e1pattinthat\u00f3 dug\u00f3kkal vannak felszerelve. Ez biztos\u00edtja a j\u00f3 t\u00f6m\u00edt\u00e9st, \u00edgy a tartalom frissess\u00e9ge hat\u00e9konyan meg\u0151rz\u0151dik, \u00e9s a nyit\u00e1s, illetve z\u00e1r\u00e1s is k\u00f6nnyebb.<\/li>\n<li><strong>T\u00f6bbsz\u00f6r\u00f6s k\u00fapos alakzatok:<\/strong> A palackok egyedi \u00e9s divatos kialak\u00edt\u00e1sa k\u00f6nnyebben felismerhet\u0151v\u00e9 teszi \u0151ket a fogyaszt\u00f3k sz\u00e1m\u00e1ra, \u00e9s k\u00e9nyelmesebb fog\u00e1st biztos\u00edt. R\u00e1ad\u00e1sul a kivitel k\u00fapos \u00e9s hossz\u00fak\u00e1s form\u00e1ban is kaphat\u00f3.<\/li>\n<li><strong>K\u00e9t m\u00e9ret, k\u00e9t st\u00edlus:<\/strong> K\u00e9tf\u00e9le term\u00e9k kaphat\u00f3, mindegyik k\u00e9t k\u00fcl\u00f6nb\u00f6z\u0151 m\u00e9retben, valamint fekete vagy vil\u00e1gosz\u00f6ld kupakkal, hogy megfeleljen a k\u00fcl\u00f6nb\u00f6z\u0151 eszt\u00e9tikai preferenci\u00e1knak \u00e9s felhaszn\u00e1l\u00e1si forgat\u00f3k\u00f6nyveknek.<\/li>\n<\/ul>\n<h2 style=\"text-align: left;\">F\u0151bb specifik\u00e1ci\u00f3k<\/h2>\n<table class=\"aligncenter\" width=\"741\">\n<tbody>\n<tr>\n<td width=\"159\">Jellemz\u0151<\/td>\n<td width=\"582\">R\u00e9szletek<\/td>\n<\/tr>\n<tr>\n<td>Anyag<\/td>\n<td>Nagy tisztas\u00e1g\u00fa \u00fcveg<\/td>\n<\/tr>\n<tr>\n<td>M\u00e9retek<\/td>\n<td>500 ml (16 uncia): 8 cm \u00d7 23 cm \/ 1000 ml (32 uncia): 10 cm \u00d7 29 cm<\/td>\n<\/tr>\n<tr>\n<td>Z\u00e1r\u00e1s t\u00edpusa<\/td>\n<td>Leng\u0151tet\u0151 rozsdamentes ac\u00e9l kengyellel + sz\u00ednes dug\u00f3val (Testreszabhat\u00f3)<\/td>\n<\/tr>\n<tr>\n<td>T\u00f6m\u00edt\u00e9si lehet\u0151s\u00e9gek<\/td>\n<td>\u00c9lelmiszeripari min\u0151s\u00e9g\u0171 gumi vagy szilikon<\/td>\n<\/tr>\n<tr>\n<td>T\u00f6m\u00edt\u00e9si teljes\u00edtm\u00e9ny<\/td>\n<td>L\u00e9gmentes, sziv\u00e1rg\u00e1smentes, j\u00f3l kezeli a sz\u00e9nsavas \u00e9s savas tartalmakat<\/td>\n<\/tr>\n<tr>\n<td>Ide\u00e1lis<\/td>\n<td>Kombucha, sz\u00f3da, ecet, s\u00f6rf\u0151z\u00e9s, k\u00e9zm\u0171ves s\u00f6r<\/td>\n<\/tr>\n<\/tbody>\n<\/table>\n<h2>Sikert\u00f6rt\u00e9net: A k\u00e9zm\u0171ves s\u00f6r\u00f6k m\u00e1rkaim\u00e1zs\u00e1nak er\u0151s\u00edt\u00e9se<\/h2>\n<p>Egy k\u00e9zm\u0171ves hidegen f\u0151z\u00f6tt k\u00e1v\u00e9t \u00e9s kombuch\u00e1t gy\u00e1rt\u00f3 startup csomagol\u00e1sa volt a f\u0151 szempont, amit a v\u00e1llalatnak figyelembe kellett vennie, hogy t\u00fckr\u00f6zze a modern m\u00e1rkakoncepci\u00f3t. \u00dagy d\u00f6nt\u00f6ttek, hogy a hagyom\u00e1nyos palackokr\u00f3l a 470 ml-es \u00fcvegpalackokra v\u00e1ltanak. Az \u00fajszer\u0171 palackdiz\u00e1jnnak k\u00f6sz\u00f6nhet\u0151en term\u00e9keik m\u00e9g a zs\u00fafolt polcokon is felt\u0171nnek, \u00e9s a kiskeresked\u0151k 20%-os n\u00f6veked\u00e9st tapasztaltak az els\u0151 v\u00e1s\u00e1rl\u00f3k sz\u00e1m\u00e1ban. Az \u00fajrav\u00e1s\u00e1rl\u00e1si ar\u00e1ny 39%-kal n\u0151tt, mivel a v\u00e1s\u00e1rl\u00f3k kedvelik az \u00fajrafelhaszn\u00e1lhat\u00f3 diz\u00e1jnt \u00e9s a palackok eszt\u00e9tik\u00e1j\u00e1t. Palackrendel\u00e9seik sz\u00e1ma m\u00e1ra negyed\u00e9vente 150 000 darab.<\/p>\n<h2>32 unci\u00e1s, felpattinthat\u00f3 tetej\u0171 palackok testreszab\u00e1si javaslatai<\/h2>\n<ul>\n<li><strong>Egyedi sapka sz\u00edn:<\/strong> Alkosson egyedi megjelen\u00e9st a ker\u00e1mia kupak sz\u00edn\u00e9nek kiv\u00e1laszt\u00e1s\u00e1val a k\u00e9pen l\u00e1that\u00f3 sz\u00e9les v\u00e1laszt\u00e9kb\u00f3l, p\u00e9ld\u00e1ul fekete vagy vil\u00e1gosz\u00f6ld.<\/li>\n<li><strong>Matt \u00fcveg fel\u00fclet:<\/strong> A teljes matt bevonat nagyszer\u0171 v\u00e1ltozatoss\u00e1g az \u00e1tl\u00e1tsz\u00f3 \u00fcvegpalackhoz k\u00e9pest, amely nemcsak puha \u00e9s kifinomult matt \u00e9rzetet k\u00f6lcs\u00f6n\u00f6z, hanem ujjlenyomat-tasz\u00edt\u00f3 fel\u00fcletk\u00e9nt is szolg\u00e1l.<\/li>\n<li><strong>F\u00e9nyes szitanyom\u00e1s:<\/strong> Nyomtasson \u00e9les \u00e9s \u00e9l\u00e9nk m\u00e1rkalog\u00f3kat \u00e9s grafik\u00e1kat a palack k\u00f6rvonal\u00e1ra a tart\u00f3s \u00e9s figyelemfelkelt\u0151 m\u00e1rkaim\u00e1zs \u00e9rdek\u00e9ben.<\/li>\n<li><strong>Savmaratott kapacit\u00e1sjel\u00f6l\u00e9sek:<\/strong> Tegye palackj\u00e1t vonz\u00f3bb\u00e1 dombornyomott vagy savmaratott \u0171rtartalom-jel\u00f6l\u00e9sekkel. P\u00e9ld\u00e1ul a 16 unci\u00e1s \u00e9s 32 unci\u00e1s beoszt\u00e1s nemcsak a t\u00e9rfogat egyszer\u0171 azonos\u00edt\u00e1s\u00e1t teszi lehet\u0151v\u00e9, hanem eleg\u00e1ns kieg\u00e9sz\u00edt\u0151je is a palack diz\u00e1jnj\u00e1nak.<\/li>\n<\/ul>","protected":false},"excerpt":{"rendered":"<p>V\u00e1lasszon pr\u00e9mium 470 ml-es \u00fcvegpalackokat \u00e9s tart\u00f3s 940 ml-es pattint\u00f3s tetej\u0171 palackokat a sokoldal\u00fas\u00e1g \u00e9s a kiv\u00e1l\u00f3 tart\u00f3ss\u00e1g \u00e9rdek\u00e9ben. K\u00f6zvetlen gy\u00e1ri \u00e9rt\u00e9kes\u00edt\u00e9s, ingyenes mint\u00e1k el\u00e9rhet\u0151k.<\/p>","protected":false},"featured_media":23725,"template":"","meta":[],"product_brand":[],"product_cat":[122,123,132],"product_tag":[],"class_list":{"0":"post-23714","1":"product","2":"type-product","3":"status-publish","4":"has-post-thumbnail","6":"product_cat-custom-glass-packaging","7":"product_cat-custom-glass-bottles","8":"product_cat-glass-flip-top-bottles","10":"first","11":"instock","12":"shipping-taxable","13":"product-type-simple"},"jetpack_sharing_enabled":true,"_links":{"self":[{"href":"https:\/\/yebodaglass.com\/hu\/wp-json\/wp\/v2\/product\/23714","targetHints":{"allow":["GET"]}}],"collection":[{"href":"https:\/\/yebodaglass.com\/hu\/wp-json\/wp\/v2\/product"}],"about":[{"href":"https:\/\/yebodaglass.com\/hu\/wp-json\/wp\/v2\/types\/product"}],"version-history":[{"count":2,"href":"https:\/\/yebodaglass.com\/hu\/wp-json\/wp\/v2\/product\/23714\/revisions"}],"predecessor-version":[{"id":23729,"href":"https:\/\/yebodaglass.com\/hu\/wp-json\/wp\/v2\/product\/23714\/revisions\/23729"}],"wp:featuredmedia":[{"embeddable":true,"href":"https:\/\/yebodaglass.com\/hu\/wp-json\/wp\/v2\/media\/23725"}],"wp:attachment":[{"href":"https:\/\/yebodaglass.com\/hu\/wp-json\/wp\/v2\/media?parent=23714"}],"wp:term":[{"taxonomy":"product_brand","embeddable":true,"href":"https:\/\/yebodaglass.com\/hu\/wp-json\/wp\/v2\/product_brand?post=23714"},{"taxonomy":"product_cat","embeddable":true,"href":"https:\/\/yebodaglass.com\/hu\/wp-json\/wp\/v2\/product_cat?post=23714"},{"taxonomy":"product_tag","embeddable":true,"href":"https:\/\/yebodaglass.com\/hu\/wp-json\/wp\/v2\/product_tag?post=23714"}],"curies":[{"name":"wp","href":"https:\/\/api.w.org\/{rel}","templated":true}]}}