{"id":23709,"date":"2025-11-14T15:58:45","date_gmt":"2025-11-14T07:58:45","guid":{"rendered":"https:\/\/yebodaglass.com\/?post_type=product&#038;p=23709"},"modified":"2026-03-11T15:12:59","modified_gmt":"2026-03-11T07:12:59","slug":"clear-glass-large-pickle-jars-with-metal-lids-bulk","status":"publish","type":"product","link":"https:\/\/yebodaglass.com\/hu\/clear-glass-large-pickle-jars-with-metal-lids-bulk\/","title":{"rendered":"\u00c1tl\u00e1tsz\u00f3 \u00fcveg nagy savany\u00fas\u00e1g\u00fcvegek f\u00e9m fed\u00e9llel, \u00f6mlesztett"},"content":{"rendered":"<p>Ez egy nagy, sz\u00e9les sz\u00e1j\u00fa, hengeres alak\u00fa savany\u00fas\u00e1g\u00fcveg, \u00e1tl\u00e1tsz\u00f3 \u00fcvegb\u0151l k\u00e9sz\u00fclt, amely tart\u00f3s \u00e9s szorosan z\u00e1r\u00f3d\u00f3 ez\u00fcst f\u00e9m csavaros teteje l\u00e9gmentes \u00e9s biztons\u00e1gos z\u00e1r\u00e1st biztos\u00edt, \u00edgy a legjobb savany\u00fas\u00e1gok, p\u00e1cok \u00e9s lekv\u00e1rok erjeszt\u00e9s\u00e9re \u00e9s tart\u00f3s\u00edt\u00e1s\u00e1ra.<\/p>\n<h2>Term\u00e9kjellemz\u0151k<\/h2>\n<ul>\n<li><strong>Klasszikus sz\u00e9les sz\u00e1j\u00fa kialak\u00edt\u00e1s:<\/strong> A sz\u00e9les sz\u00e1jny\u00edl\u00e1s megk\u00f6nny\u00edti a t\u00f6lt\u00e9st, a csomagol\u00e1st \u00e9s a tiszt\u00edt\u00e1st is, ami elengedhetetlen az \u00fcvegez\u00e9s \u00e9s az erjeszt\u00e9si folyamat sor\u00e1n.<\/li>\n<li><strong>Biztons\u00e1gos f\u00e9mz\u00e1r:<\/strong> Az ez\u00fcst f\u00e9m csavaros teteje l\u00e9gmentesen tartja \u00e9s erjeszti az \u00e9telt, valamint seg\u00edt frissen tartani.<\/li>\n<li><strong>\u00c1tl\u00e1tsz\u00f3:<\/strong> Az \u00e1tl\u00e1tsz\u00f3 \u00fcvegnek k\u00f6sz\u00f6nhet\u0151en k\u00f6nnyen megfigyelhet\u0151 az \u00fcvegben l\u00e9v\u0151 \u00e9tel, a p\u00e1cl\u00e9 mennyis\u00e9ge \u00e9s az erjed\u00e9si folyamat.<\/li>\n<\/ul>\n<h2>F\u0151bb specifik\u00e1ci\u00f3k<\/h2>\n<table style=\"border-collapse: collapse; width: 80%; margin-left: auto; margin-right: auto;\" border=\"0\" width=\"288\" cellspacing=\"0\" cellpadding=\"0\">\n<tbody>\n<tr style=\"height: 13.50pt;\">\n<td style=\"height: 13.5pt; width: 54pt; text-align: center;\" width=\"72\" height=\"18\">Kapacit\u00e1s (ml)<\/td>\n<td style=\"width: 54pt; text-align: center;\" width=\"72\">M\u00e9ret (cm)<\/td>\n<td style=\"width: 54pt; text-align: center;\" width=\"72\">Fel\u00fcletkezel\u00e9s<\/td>\n<td style=\"width: 54pt; text-align: center;\" width=\"72\">Alak<\/td>\n<\/tr>\n<tr style=\"height: 13.50pt;\">\n<td style=\"height: 13.5pt; text-align: center;\" height=\"18\">750<\/td>\n<td style=\"text-align: center;\">9,3 x 15,1<\/td>\n<td class=\"et2\" style=\"text-align: center;\" rowspan=\"3\">Fest\u00e9s sz\u00f3r\u00f3fejjel, farag\u00e1s, dombornyom\u00e1s stb.<\/td>\n<td class=\"et2\" style=\"text-align: center;\" rowspan=\"3\">Kerek<\/td>\n<\/tr>\n<tr style=\"height: 13.50pt;\">\n<td style=\"height: 13.5pt; text-align: center;\" height=\"18\">950<\/td>\n<td style=\"text-align: center;\">9,1 x 18,8<\/td>\n<\/tr>\n<tr style=\"height: 13.50pt;\">\n<td style=\"height: 13.5pt; text-align: center;\" height=\"18\">1500<\/td>\n<td style=\"text-align: center;\">10,5 x 20,4<\/td>\n<\/tr>\n<\/tbody>\n<\/table>\n<h2>Sikeres eset: Fermentation Brand egyedi megrendel\u00e9se a Csendes-\u00f3ce\u00e1n \u00e9szaknyugati r\u00e9sz\u00e9n<\/h2>\n<p>Egy amerikai professzion\u00e1lis erjeszt\u0151 c\u00e9g v\u00e1lasztotta ki a savany\u00fas\u00e1g\u00fcveg\u00fcnket, amelyet borosty\u00e1nsz\u00edn\u0171 \u00fcveggel \u00e9s matt fekete f\u00e9mtet\u0151vel, be\u00e9p\u00edtett gumit\u00f6m\u00edt\u00e9ssel l\u00e1ttak el. Ez egy egyedi tervez\u00e9s\u0171 term\u00e9k, amely egy f\u0151 kih\u00edv\u00e1sra adott v\u00e1laszt: a borosty\u00e1nsz\u00edn\u0171 \u00fcveg cs\u00f6kkenti a f\u00e9ny behatol\u00e1s\u00e1t, ami megakad\u00e1lyozza az alg\u00e1k n\u00f6veked\u00e9s\u00e9t, \u00e9s ez\u00e1ltal 18%-kal cs\u00f6kkenti a roml\u00e1s m\u00e9rt\u00e9k\u00e9t. A kupak kiv\u00e1l\u00f3 min\u0151s\u00e9g\u0171 t\u00f6m\u00edt\u00e9se tov\u00e1bbi negyed\u00e9vel n\u00f6velte a savany\u00fas\u00e1gok eltarthat\u00f3s\u00e1g\u00e1t. Az eredm\u00e9nyek nagyon j\u00f3k voltak, \u00e9s tov\u00e1bbi 80 000 \u00fcveget rendeltek, hogy el\u0151seg\u00edts\u00e9k az orsz\u00e1g kiskereskedelmi \u00fczleteiben val\u00f3 terjeszked\u00e9s\u00fcket.<\/p>\n<h2>Nagy savany\u00fas\u00e1g\u00fcvegek testreszab\u00e1si aj\u00e1nl\u00e1sai<\/h2>\n<ul>\n<li>F\u00e9nyv\u00e9d\u0151 \u00fcveg: borosty\u00e1n vagy z\u00f6ld sz\u00edn\u0171 \u00fcvegekben kaphat\u00f3, hogy a f\u00e9ny\u00e9rz\u00e9keny erjesztett \u00e9s savany\u00edtott \u00e9lelmiszereket tart\u00f3s\u00edts\u00e1k.<\/li>\n<li>Speci\u00e1lis fed\u0151rendszerek: a fed\u0151k be\u00e9p\u00edtett gumit\u00f6m\u00edt\u00e9sekkel, erjeszt\u0151szelepekkel vagy m\u0171anyaggal bevont bels\u0151 falakkal kaphat\u00f3k a savak \u00e9s s\u00f3k korr\u00f3zi\u00f3j\u00e1nak elker\u00fcl\u00e9se \u00e9rdek\u00e9ben.<\/li>\n<li>Egyedi bef\u0151ttes\u00fcveg-form\u00e1k: Hagyom\u00e1nyos hengeres bef\u0151ttes\u00fcvegek \u00e1talak\u00edt\u00e1sa n\u00e9gyzet vagy t\u00e9glalap alak\u00fa bef\u0151ttes\u00fcvegekk\u00e9, amelyek hat\u00e9konyabban helyezhet\u0151k el a polcokon \u00e9s csomagolhat\u00f3k.<\/li>\n<\/ul>","protected":false},"excerpt":{"rendered":"<p>Sz\u00e9les sz\u00e1j\u00fa savany\u00fas\u00e1g\u00fcveg a k\u00f6nny\u0171 t\u00f6lt\u00e9s \u00e9s tiszt\u00edt\u00e1s \u00e9rdek\u00e9ben. Megb\u00edzhat\u00f3, nagym\u00e9ret\u0171 savany\u00fas\u00e1g\u00fcveg, ide\u00e1lis otthoni savany\u00edt\u00e1shoz \u00e9s konyhai t\u00e1rol\u00e1shoz. Gyors sz\u00e1ll\u00edt\u00e1s.<\/p>","protected":false},"featured_media":23740,"template":"","meta":[],"product_brand":[],"product_cat":[122,124,133],"product_tag":[],"class_list":{"0":"post-23709","1":"product","2":"type-product","3":"status-publish","4":"has-post-thumbnail","6":"product_cat-custom-glass-packaging","7":"product_cat-custom-glass-jars","8":"product_cat-pickle-jars","10":"first","11":"instock","12":"shipping-taxable","13":"product-type-simple"},"jetpack_sharing_enabled":true,"_links":{"self":[{"href":"https:\/\/yebodaglass.com\/hu\/wp-json\/wp\/v2\/product\/23709","targetHints":{"allow":["GET"]}}],"collection":[{"href":"https:\/\/yebodaglass.com\/hu\/wp-json\/wp\/v2\/product"}],"about":[{"href":"https:\/\/yebodaglass.com\/hu\/wp-json\/wp\/v2\/types\/product"}],"version-history":[{"count":5,"href":"https:\/\/yebodaglass.com\/hu\/wp-json\/wp\/v2\/product\/23709\/revisions"}],"predecessor-version":[{"id":25378,"href":"https:\/\/yebodaglass.com\/hu\/wp-json\/wp\/v2\/product\/23709\/revisions\/25378"}],"wp:featuredmedia":[{"embeddable":true,"href":"https:\/\/yebodaglass.com\/hu\/wp-json\/wp\/v2\/media\/23740"}],"wp:attachment":[{"href":"https:\/\/yebodaglass.com\/hu\/wp-json\/wp\/v2\/media?parent=23709"}],"wp:term":[{"taxonomy":"product_brand","embeddable":true,"href":"https:\/\/yebodaglass.com\/hu\/wp-json\/wp\/v2\/product_brand?post=23709"},{"taxonomy":"product_cat","embeddable":true,"href":"https:\/\/yebodaglass.com\/hu\/wp-json\/wp\/v2\/product_cat?post=23709"},{"taxonomy":"product_tag","embeddable":true,"href":"https:\/\/yebodaglass.com\/hu\/wp-json\/wp\/v2\/product_tag?post=23709"}],"curies":[{"name":"wp","href":"https:\/\/api.w.org\/{rel}","templated":true}]}}