{"id":23693,"date":"2025-11-14T13:16:17","date_gmt":"2025-11-14T05:16:17","guid":{"rendered":"https:\/\/yebodaglass.com\/?post_type=product&#038;p=23693"},"modified":"2026-03-26T13:59:14","modified_gmt":"2026-03-26T05:59:14","slug":"wholesale-clear-flip-top-glass-bottles-1-liter","status":"publish","type":"product","link":"https:\/\/yebodaglass.com\/hu\/wholesale-clear-flip-top-glass-bottles-1-liter\/","title":{"rendered":"Nagykereskedelmi \u00e1tl\u00e1tsz\u00f3, flip tetej\u0171 \u00fcvegpalackok 1 literes"},"content":{"rendered":"<p data-start=\"66\" data-end=\"288\">Az 1 literes, magas, egyenes, hengeres form\u00e1j\u00fa, krist\u00e1lytiszta \u00fcvegb\u0151l k\u00e9sz\u00fclt, pattint\u00f3s tetej\u0171 \u00fcvegpalackok. A kupakon tal\u00e1lhat\u00f3 hagyom\u00e1nyos f\u00e9mdr\u00f3tos, csukl\u00f3s csat szorosan r\u00f6gz\u00edti a piros-feh\u00e9r ker\u00e1mia vagy m\u0171anyag dug\u00f3t, amely gumit\u00f6m\u00edt\u00e9ssel er\u0151s, l\u00e9gmentes z\u00e1r\u00e1st biztos\u00edt.<\/p>\n<h2>Term\u00e9kjellemz\u0151k<\/h2>\n<ul>\n<li><strong>Nagy, 1 literes \u0171rtartalom:<\/strong> A nagy m\u00e9ret kiv\u00e1l\u00f3an alkalmas nagy mennyis\u00e9g\u0171 ital elk\u00e9sz\u00edt\u00e9s\u00e9hez, forr\u00e1z\u00e1shoz, \u00e9s hagyom\u00e1nyos vizespalackk\u00e9nt is haszn\u00e1lhat\u00f3.<\/li>\n<li><strong>Lez\u00e1rt pattint\u00f3s tet\u0151:<\/strong> A t\u00f6m\u00edt\u0151gy\u0171r\u0171 \u00e9s a f\u00e9m csat szoros t\u00f6m\u00edt\u00e9st biztos\u00edt, amely lehet\u0151v\u00e9 teszi, hogy a term\u00e9k meg\u0151rizze tartalm\u00e1nak frissess\u00e9g\u00e9t, illetve megakad\u00e1lyozza a sz\u00e9nsavas italok ki\u00f6ml\u00e9s\u00e9t.<\/li>\n<li><strong>Sz\u00e9les l\u00e1t\u00f3sz\u00f6g\u0171, \u00e1tl\u00e1tsz\u00f3 \u00fcveg:<\/strong> K\u00f6nnyen \u00e1tl\u00e1tsz az \u00e1tl\u00e1tsz\u00f3 \u00fcvegen; a szint \u00e9s az \u00e1tl\u00e1tsz\u00f3s\u00e1g.<\/li>\n<\/ul>\n<h2 style=\"text-align: left;\">F\u0151bb specifik\u00e1ci\u00f3k<\/h2>\n<table class=\"aligncenter\" style=\"border-collapse: collapse; width: 476.27pt;\" border=\"0\" width=\"635\" cellspacing=\"0\" cellpadding=\"0\">\n<tbody>\n<tr style=\"height: 13.50pt;\">\n<td style=\"height: 13.50pt; width: 119.25pt;\" width=\"159\" height=\"18\">Specifik\u00e1ci\u00f3<\/td>\n<td style=\"width: 357.00pt;\" width=\"476\">R\u00e9szletek<\/td>\n<\/tr>\n<tr style=\"height: 13.50pt;\">\n<td style=\"height: 13.50pt;\" height=\"18\">Kapacit\u00e1s<\/td>\n<td>1 liter (32 uncia)<\/td>\n<\/tr>\n<tr style=\"height: 13.50pt;\">\n<td style=\"height: 13.50pt;\" height=\"18\">M\u00e9retek<\/td>\n<td>8,7 cm \u00d7 29,6 cm<\/td>\n<\/tr>\n<tr style=\"height: 13.50pt;\">\n<td style=\"height: 13.50pt;\" height=\"18\">Anyag<\/td>\n<td>Nagy tisztas\u00e1g\u00fa, \u00e9lelmiszeripari min\u0151s\u00e9g\u0171 \u00e1tl\u00e1tsz\u00f3 \u00fcveg<\/td>\n<\/tr>\n<tr style=\"height: 13.50pt;\">\n<td style=\"height: 13.50pt;\" height=\"18\">Nyak bels\u0151 \u00e1tm\u00e9r\u0151je<\/td>\n<td>2 cm<\/td>\n<\/tr>\n<tr style=\"height: 13.50pt;\">\n<td style=\"height: 13.50pt;\" height=\"18\">Z\u00e1r\u00e1s t\u00edpusa<\/td>\n<td>Piros d\u00edsz\u00edt\u00e9s\u0171 dug\u00f3val \u00e9s rozsdamentes ac\u00e9l felakaszthat\u00f3 leng\u0151tekerccsel ell\u00e1tott<\/td>\n<\/tr>\n<tr style=\"height: 13.50pt;\">\n<td style=\"height: 13.50pt;\" height=\"18\">T\u00f6m\u00edt\u00e9si lehet\u0151s\u00e9gek<\/td>\n<td>Standard gumi<\/td>\n<\/tr>\n<tr style=\"height: 13.50pt;\">\n<td style=\"height: 13.50pt;\" height=\"18\">Ide\u00e1lis<\/td>\n<td>Kombucha, sz\u00f3da, ecet, s\u00f6rf\u0151z\u00e9s, bork\u00e9sz\u00edt\u00e9s<\/td>\n<\/tr>\n<\/tbody>\n<\/table>\n<h2>Sikert\u00f6rt\u00e9net<\/h2>\n<p>1 literes \u00e1tl\u00e1tsz\u00f3 \u00fcvegpalackjainkat egy kaliforniai \u00f3ri\u00e1si hidegen sajtolt gy\u00fcm\u00f6lcsl\u00e9gy\u00e1rt\u00f3 c\u00e9g v\u00e1lasztotta, \u00e9s a kapacit\u00e1st jelz\u0151 jel\u00f6l\u00e9sek szitanyom\u00e1ssal k\u00e9sz\u00fclnek, a v\u00e1llalat ig\u00e9nyeihez igaz\u00edtva. Az egyedi gy\u00e1rt\u00e1s\u00fa palackokat a m\u0171k\u00f6d\u00e9s sor\u00e1n felmer\u00fcl\u0151 f\u0151bb kih\u00edv\u00e1sok n\u00e9melyik\u00e9nek kezel\u00e9s\u00e9re haszn\u00e1lt\u00e1k: a l\u00e9gmentesen z\u00e1r\u00f3d\u00f3 tet\u0151 \u00e9s a nagy m\u00e9ret 30 \u00e9vvel meghosszabb\u00edtotta a paszt\u0151r\u00f6z\u00f6tt levek eltarthat\u00f3s\u00e1g\u00e1t, minimaliz\u00e1lta a roml\u00e1st, \u00e9s az \u00e9l\u00e9nk sz\u00edn\u0171 levek az \u00fcvegpalackokban mutattak a legjobban. Azt \u00e1ll\u00edtj\u00e1k, hogy 20 sz\u00e1zal\u00e9kkal n\u0151tt a k\u00e1v\u00e9z\u00f3knak t\u00f6rt\u00e9n\u0151 k\u00f6zvetlen \u00e9rt\u00e9kes\u00edt\u00e9s\u00fck. Erre a sikerre \u00e9p\u00edtve \u00fajabb 650 000 palackos megrendel\u00e9st adtak le, hogy bevezess\u00e9k a funkcion\u00e1lis eg\u00e9szs\u00e9g\u00fcd\u00edt\u0151 italok \u00faj kateg\u00f3ri\u00e1j\u00e1t.<\/p>\n<h2>Aj\u00e1nl\u00e1sok az \u00e1tl\u00e1tsz\u00f3 \u00fcvegpalackok testreszab\u00e1s\u00e1hoz<\/h2>\n<ul>\n<li>Palackcsatok \u00e9s dug\u00f3k fel\u00fcletkezel\u00e9se: A m\u00e1rka sz\u00e1mos fel\u00fcletkezel\u00e9ssel (r\u00e9z, s\u00e1rgar\u00e9z, matt fekete) \u00e9s k\u00fcl\u00f6nf\u00e9le sz\u00edn\u0171 dug\u00f3kkal testreszabhat\u00f3.<\/li>\n<li>UV-\u00e1ll\u00f3 sz\u00ednes \u00fcveg: Az 1 literes, borosty\u00e1nsz\u00edn\u0171 vagy z\u00f6ld \u00fcvegb\u0151l k\u00e9sz\u00fclt hengeres palackok f\u00e9ny\u00e9rz\u00e9keny italok, p\u00e9ld\u00e1ul kombucha, s\u00f6r vagy egyes olajok v\u00e9delm\u00e9re szolg\u00e1lnak.<\/li>\n<li>T\u00e9glalap alak\u00fa kialak\u00edt\u00e1s: Az 1 literes palack t\u00e9glalap alak\u00fa kialak\u00edt\u00e1sa helyet takar\u00edt meg a h\u0171t\u0151szekr\u00e9nyben \u00e9s a polcokon.<\/li>\n<li>Szilikon v\u00e9d\u0151h\u00fcvely\/v\u00e9d\u0151: Ez egy levehet\u0151, cs\u00fasz\u00e1smentes szilikonh\u00fcvely, amely a palack als\u00f3 fel\u00e9t v\u00e9di az \u00fct\u00e9sekt\u0151l, szigeteli a palackot, \u00e9s jobb fog\u00e1st biztos\u00edt.<\/li>\n<\/ul>","protected":false},"excerpt":{"rendered":"<p>Tart\u00f3s, \u00e1tl\u00e1tsz\u00f3 \u00fcvegpalack \u00e9s pr\u00e9mium min\u0151s\u00e9g\u0171, pattint\u00f3s tetej\u0171, 1 literes \u00fcvegek, t\u00f6k\u00e9letesek italok t\u00e1rol\u00e1s\u00e1ra. Krist\u00e1lytiszta kialak\u00edt\u00e1s l\u00e9gmentesen z\u00e1r\u00f3d\u00f3 kivitelben. Ingyenes mint\u00e1k.<\/p>","protected":false},"featured_media":23704,"template":"","meta":[],"product_brand":[],"product_cat":[132,123,122],"product_tag":[],"class_list":{"0":"post-23693","1":"product","2":"type-product","3":"status-publish","4":"has-post-thumbnail","6":"product_cat-glass-flip-top-bottles","7":"product_cat-custom-glass-bottles","8":"product_cat-custom-glass-packaging","10":"first","11":"instock","12":"shipping-taxable","13":"product-type-simple"},"jetpack_sharing_enabled":true,"_links":{"self":[{"href":"https:\/\/yebodaglass.com\/hu\/wp-json\/wp\/v2\/product\/23693","targetHints":{"allow":["GET"]}}],"collection":[{"href":"https:\/\/yebodaglass.com\/hu\/wp-json\/wp\/v2\/product"}],"about":[{"href":"https:\/\/yebodaglass.com\/hu\/wp-json\/wp\/v2\/types\/product"}],"version-history":[{"count":5,"href":"https:\/\/yebodaglass.com\/hu\/wp-json\/wp\/v2\/product\/23693\/revisions"}],"predecessor-version":[{"id":25626,"href":"https:\/\/yebodaglass.com\/hu\/wp-json\/wp\/v2\/product\/23693\/revisions\/25626"}],"wp:featuredmedia":[{"embeddable":true,"href":"https:\/\/yebodaglass.com\/hu\/wp-json\/wp\/v2\/media\/23704"}],"wp:attachment":[{"href":"https:\/\/yebodaglass.com\/hu\/wp-json\/wp\/v2\/media?parent=23693"}],"wp:term":[{"taxonomy":"product_brand","embeddable":true,"href":"https:\/\/yebodaglass.com\/hu\/wp-json\/wp\/v2\/product_brand?post=23693"},{"taxonomy":"product_cat","embeddable":true,"href":"https:\/\/yebodaglass.com\/hu\/wp-json\/wp\/v2\/product_cat?post=23693"},{"taxonomy":"product_tag","embeddable":true,"href":"https:\/\/yebodaglass.com\/hu\/wp-json\/wp\/v2\/product_tag?post=23693"}],"curies":[{"name":"wp","href":"https:\/\/api.w.org\/{rel}","templated":true}]}}