{"id":23678,"date":"2025-11-14T14:23:47","date_gmt":"2025-11-14T06:23:47","guid":{"rendered":"https:\/\/yebodaglass.com\/?post_type=product&#038;p=23678"},"modified":"2026-03-11T16:11:43","modified_gmt":"2026-03-11T08:11:43","slug":"clear-glass-pickle-jars-with-black-lids-wholesale","status":"publish","type":"product","link":"https:\/\/yebodaglass.com\/hu\/clear-glass-pickle-jars-with-black-lids-wholesale\/","title":{"rendered":"105 ml \u2013 550 ml \u00e1tl\u00e1tsz\u00f3 \u00fcveg savany\u00fas\u00e1g\u00fcvegek fekete fed\u00e9llel, nagykereskedelem"},"content":{"rendered":"<p>Egy sima, hengeres, krist\u00e1lytiszta \u00fcveg savany\u00fas\u00e1g\u00fcveg, matt fekete f\u00e9m csavaros kupakkal a tetej\u00e9n, amely t\u00f6k\u00e9letesen z\u00e1r. Ez a fajta savany\u00fas\u00e1g\u00fcveg a legjobb v\u00e1laszt\u00e1s savany\u00fas\u00e1gok, p\u00e1cok \u00e9s lekv\u00e1rok erjeszt\u00e9s\u00e9hez.<\/p>\n<h2>Term\u00e9kjellemz\u0151k<\/h2>\n<ul>\n<li><strong>Egyszer\u0171 hengeres kialak\u00edt\u00e1s:<\/strong> Egyszer\u0171, egyenes falakkal \u00e9s k\u00f6nnyen tiszt\u00edthat\u00f3 aljjal, amely hat\u00e9konyabban is haszn\u00e1lhat\u00f3 a t\u00e9r kihaszn\u00e1l\u00e1s\u00e1ra.<\/li>\n<li><strong>Nagy tisztas\u00e1g\u00fa \u00fcveg:<\/strong> Az \u00e1tl\u00e1tsz\u00f3 \u00fcvegnek k\u00f6sz\u00f6nhet\u0151en bel\u00e1that\u00f3 az \u00e9tel belsej\u00e9be \u00e9s \u00e1llapota.<\/li>\n<li><strong>Biztons\u00e1gos fekete f\u00e9mkupak:<\/strong> Ez a fekete csavaros kupak nagyon hat\u00e9kony, mivel l\u00e9gmentesen z\u00e1r\u00f3dik, \u00edgy hossz\u00fa ideig t\u00e1rolhat\u00f3.<\/li>\n<\/ul>\n<h2>F\u0151bb specifik\u00e1ci\u00f3k<\/h2>\n<table style=\"border-collapse: collapse; width: 80%; margin-left: auto; margin-right: auto;\" border=\"0\" width=\"288\" cellspacing=\"0\" cellpadding=\"0\">\n<tbody>\n<tr style=\"height: 13.50pt;\">\n<td style=\"height: 13.5pt; width: 54pt; text-align: center;\" width=\"72\" height=\"18\">Kapacit\u00e1s (ml)<\/td>\n<td style=\"width: 54pt; text-align: center;\" width=\"72\">M\u00e9ret (cm)<\/td>\n<td style=\"width: 54pt; text-align: center;\" width=\"72\">Alak<\/td>\n<\/tr>\n<tr style=\"height: 13.50pt;\">\n<td style=\"height: 13.5pt; text-align: center;\" align=\"right\" height=\"18\">105<\/td>\n<td style=\"text-align: center;\">5,5 x 6,5<\/td>\n<td class=\"et2\" style=\"text-align: center;\" rowspan=\"5\">Kerek<\/td>\n<\/tr>\n<tr style=\"height: 13.50pt;\">\n<td style=\"height: 13.5pt; text-align: center;\" align=\"right\" height=\"18\">230<\/td>\n<td style=\"text-align: center;\">6,7 x 9,0<\/td>\n<\/tr>\n<tr style=\"height: 13.50pt;\">\n<td style=\"height: 13.5pt; text-align: center;\" align=\"right\" height=\"18\">350<\/td>\n<td style=\"text-align: center;\">7,4 x 10,9<\/td>\n<\/tr>\n<tr style=\"height: 13.50pt;\">\n<td style=\"height: 13.5pt; text-align: center;\" align=\"right\" height=\"18\">420<\/td>\n<td style=\"text-align: center;\">9,4 x 9,2<\/td>\n<\/tr>\n<tr style=\"height: 13.50pt;\">\n<td style=\"height: 13.5pt; text-align: center;\" align=\"right\" height=\"18\">550<\/td>\n<td style=\"text-align: center;\">8,6 x 12,6<\/td>\n<\/tr>\n<\/tbody>\n<\/table>\n<h2>Sikeres eset<\/h2>\n<p>Az egyik austini savany\u00fas\u00e1gk\u00e9sz\u00edt\u0151 \u00fcveggy\u00e1rt\u00f3 c\u00e9g fogta a mi savany\u00fas\u00e1gtev\u0151 \u00fcvegeinket, \u00e9s egy m\u00e1sik, l\u00e9zerrel maratott vonalakkal \u00e9s feh\u00e9r plasztiszol b\u00e9l\u00e9ssel ell\u00e1tott fedelet rendelt, hogy az \u00fcvegek nagyobb sav\u00e1ll\u00f3s\u00e1got kapjanak. Ezek a testreszab\u00e1si lehet\u0151s\u00e9gek k\u00e9zzelfoghat\u00f3 \u00e9rt\u00e9ket k\u00e9pviseltek: a m\u00e9rlegek lehet\u0151v\u00e9 tett\u00e9k sz\u00e1mukra, hogy 15%-kal cs\u00f6kkents\u00e9k a nyersanyag-pazarl\u00e1st a t\u00f6megtermel\u00e9s sor\u00e1n; az egyedi gy\u00e1rt\u00e1s\u00fa fedelek k\u00e9pesek voltak megakad\u00e1lyozni a rozsd\u00e1sod\u00e1st \u00e9s a t\u00f6m\u00edt\u00e9s meghib\u00e1sod\u00e1s\u00e1t, \u00edgy 20%-kal cs\u00f6kkentett\u00e9k a term\u00e9kek roml\u00e1s\u00e1t. Az \u00fcgyf\u00e9l annyira el\u00e9gedett volt, hogy a m\u00e1sodik negyed\u00e9vben egy m\u00e1sodik rendel\u00e9st is leadtak 200 000 savany\u00fas\u00e1gtev\u0151 \u00fcvegre vonatkoz\u00f3an egy \u00faj szerz\u0151d\u00e9ses csomagol\u00f3g\u00e9p \u00fczem felt\u00f6lt\u00e9s\u00e9re, amely orsz\u00e1gszerte sz\u00e1ll\u00edtana.<\/p>\n<h2>Savany\u00fas\u00e1g\u00fcveg szem\u00e9lyre szab\u00e1si aj\u00e1nl\u00e1sai.<\/h2>\n<ul>\n<li>Alakv\u00e1ltozat: Az \u00fcvegek lehetnek n\u00e9gyzet vagy t\u00e9glalap alak\u00faak, hogy maxim\u00e1lis helyet nyerjenek a kamra polcain \u00e9s a sz\u00e1ll\u00edt\u00f3tart\u00e1lyokban.<\/li>\n<li>F\u00e9ny\u00e1rny\u00e9kol\u00f3 \u00fcveg: A borosty\u00e1nsz\u00edn\u0171 vagy z\u00f6ld \u00fcvegb\u0151l k\u00e9sz\u00fclt bef\u0151ttes\u00fcvegek f\u00e9ny\u00e9rz\u00e9keny lekv\u00e1rok \u00e9s erjesztett \u00e9lelmiszerek tart\u00f3s\u00edt\u00e1s\u00e1ra haszn\u00e1lhat\u00f3k.<\/li>\n<li>Speci\u00e1lis fed\u0151k: A speci\u00e1lis fed\u0151k be\u00e9p\u00edtett erjeszt\u0151szelepekkel, bambuszfed\u00e9llel vagy sav\u00e1ll\u00f3 bels\u0151 m\u0171anyag bevonattal rendelkeznek.<\/li>\n<\/ul>","protected":false},"excerpt":{"rendered":"<p>Tart\u00f3s savany\u00fas\u00e1g\u00fcveg krist\u00e1lytiszta \u00fcvegb\u0151l, biztons\u00e1gos fekete fed\u00e9llel. Praktikus savany\u00fas\u00e1g\u00fcvegek, ide\u00e1lisak savany\u00fas\u00e1gok, sz\u00f3szok \u00e9s sz\u00e1raz \u00e9lelmiszerek t\u00e1rol\u00e1s\u00e1ra. Ingyenes mint\u00e1k.<\/p>","protected":false},"featured_media":23679,"template":"","meta":[],"product_brand":[],"product_cat":[122,124,133],"product_tag":[],"class_list":{"0":"post-23678","1":"product","2":"type-product","3":"status-publish","4":"has-post-thumbnail","6":"product_cat-custom-glass-packaging","7":"product_cat-custom-glass-jars","8":"product_cat-pickle-jars","10":"first","11":"instock","12":"shipping-taxable","13":"product-type-simple"},"jetpack_sharing_enabled":true,"_links":{"self":[{"href":"https:\/\/yebodaglass.com\/hu\/wp-json\/wp\/v2\/product\/23678","targetHints":{"allow":["GET"]}}],"collection":[{"href":"https:\/\/yebodaglass.com\/hu\/wp-json\/wp\/v2\/product"}],"about":[{"href":"https:\/\/yebodaglass.com\/hu\/wp-json\/wp\/v2\/types\/product"}],"version-history":[{"count":5,"href":"https:\/\/yebodaglass.com\/hu\/wp-json\/wp\/v2\/product\/23678\/revisions"}],"predecessor-version":[{"id":25382,"href":"https:\/\/yebodaglass.com\/hu\/wp-json\/wp\/v2\/product\/23678\/revisions\/25382"}],"wp:featuredmedia":[{"embeddable":true,"href":"https:\/\/yebodaglass.com\/hu\/wp-json\/wp\/v2\/media\/23679"}],"wp:attachment":[{"href":"https:\/\/yebodaglass.com\/hu\/wp-json\/wp\/v2\/media?parent=23678"}],"wp:term":[{"taxonomy":"product_brand","embeddable":true,"href":"https:\/\/yebodaglass.com\/hu\/wp-json\/wp\/v2\/product_brand?post=23678"},{"taxonomy":"product_cat","embeddable":true,"href":"https:\/\/yebodaglass.com\/hu\/wp-json\/wp\/v2\/product_cat?post=23678"},{"taxonomy":"product_tag","embeddable":true,"href":"https:\/\/yebodaglass.com\/hu\/wp-json\/wp\/v2\/product_tag?post=23678"}],"curies":[{"name":"wp","href":"https:\/\/api.w.org\/{rel}","templated":true}]}}