{"id":23651,"date":"2025-11-13T15:54:32","date_gmt":"2025-11-13T07:54:32","guid":{"rendered":"https:\/\/yebodaglass.com\/?post_type=product&#038;p=23651"},"modified":"2026-03-12T14:44:21","modified_gmt":"2026-03-12T06:44:21","slug":"brown-glass-grolsch-beer-bottles-with-handle-bulk","status":"publish","type":"product","link":"https:\/\/yebodaglass.com\/hu\/brown-glass-grolsch-beer-bottles-with-handle-bulk\/","title":{"rendered":"32oz-os 64oz-os barna \u00fcveg Grolsch s\u00f6r\u00f6s\u00fcvegek foganty\u00faval, \u00f6mlesztett"},"content":{"rendered":"<p data-start=\"66\" data-end=\"288\">Ezek a grolsch s\u00f6r\u00f6s\u00fcvegek borosty\u00e1nbarna \u00fcvegb\u0151l k\u00e9sz\u00fcltek, retr\u00f3 megjelen\u00e9s\u0171ek, lekerek\u00edtett sziluettj\u00fckkel \u00e9s praktikus fogantyaluk vannak. A piros-feh\u00e9r pattint\u00f3s kupakot egy f\u00e9m patent r\u00f6gz\u00edti, amely kiv\u00e1l\u00f3an alkalmas folyad\u00e9kok vagy \u00edzes\u00edt\u0151k t\u00e1rol\u00e1s\u00e1ra \u00e9s dekorat\u00edv bemutat\u00e1s\u00e1ra.<\/p>\n<h2>Term\u00e9kjellemz\u0151k<\/h2>\n<ul>\n<li><strong>Barna \u00fcveg anyaga:<\/strong> A barna \u00fcvegb\u0151l k\u00e9sz\u00fclt palack hat\u00e9kony f\u00e9nyz\u00e1r\u00f3, \u00edgy a folyad\u00e9kok, p\u00e9ld\u00e1ul sz\u00f3szok \u00e9s italok min\u0151s\u00e9ge j\u00f3l meg\u0151rz\u0151dik, ugyanakkor a palack sz\u00e9p retr\u00f3 megjelen\u00e9st k\u00f6lcs\u00f6n\u00f6z.<\/li>\n<li><strong>Pattan\u00f3z\u00e1ras\u200b\u200d\u200b\u200c\u200d\u200b\u200d\u200c\u200b\u200d\u200b\u200c\u200d\u200b\u200d\u200c T\u00f6m\u00edt\u00e9s kialak\u00edt\u00e1sa:<\/strong> A k\u00e9sz\u00fcl\u00e9k f\u00e9m patentz\u00e1rral ell\u00e1tott bepattinthat\u00f3 dug\u00f3val rendelkezik. Nagy hat\u00e9konys\u00e1ggal z\u00e1r, \u00edgy a tartalom frissess\u00e9ge hossz\u00fa ideig meg\u0151rz\u0151dik, emellett felhaszn\u00e1l\u00f3bar\u00e1t nyit\u00e1si \u00e9s z\u00e1r\u00e1si m\u00f3dot biztos\u00edt.<\/li>\n<li><strong>Palack foganty\u00faval:<\/strong> Ez\u00e9rt a palack \u00edvelt foganty\u00faval rendelkezik a k\u00f6nny\u0171 megfog\u00e1s \u00e9s hordoz\u00e1s \u00e9rdek\u00e9ben, \u00edgy a term\u00e9k haszn\u00e1lhat\u00f3s\u00e1ga megn\u0151, \u00e9s alkalmass\u00e1 v\u00e1lik k\u00fcl\u00f6nb\u00f6z\u0151 helyeken, p\u00e9ld\u00e1ul otthon \u00e9s \u00e9ttermekben.<\/li>\n<\/ul>\n<h2 style=\"text-align: left;\">F\u0151bb specifik\u00e1ci\u00f3k<\/h2>\n<table style=\"border-collapse: collapse; width: 80%; margin-left: auto; margin-right: auto;\" border=\"0\" width=\"677\" cellspacing=\"0\" cellpadding=\"0\">\n<tbody>\n<tr style=\"height: 13.50pt;\">\n<td style=\"height: 13.5pt; width: 119.25pt; text-align: center;\" width=\"159\" height=\"18\">Jellemz\u0151<\/td>\n<td style=\"width: 388.5pt; text-align: center;\" width=\"518\">Le\u00edr\u00e1s<\/td>\n<\/tr>\n<tr style=\"height: 13.50pt;\">\n<td style=\"height: 13.5pt; text-align: center;\" height=\"18\">Anyag<\/td>\n<td style=\"text-align: center;\">UV-sz\u0171r\u0151s barna \u00fcveg<\/td>\n<\/tr>\n<tr style=\"height: 13.50pt;\">\n<td style=\"height: 13.5pt; text-align: center;\" height=\"18\">Kapacit\u00e1s<\/td>\n<td style=\"text-align: center;\">1 liter (32 uncia) \/ 2 liter (64 uncia)<\/td>\n<\/tr>\n<tr style=\"height: 13.50pt;\">\n<td style=\"height: 13.5pt; text-align: center;\" height=\"18\">M\u00e9ret<\/td>\n<td style=\"text-align: center;\">7,5 \u00d7 24 cm \/ 9,5 \u00d7 26 cm<\/td>\n<\/tr>\n<tr style=\"height: 13.50pt;\">\n<td style=\"height: 13.5pt; text-align: center;\" height=\"18\">Z\u00e1r\u00f3rendszer<\/td>\n<td style=\"text-align: center;\">Rozsdamentes ac\u00e9l kengyel + dug\u00f3 gumi\/szilikon t\u00f6m\u00edt\u00e9ssel<\/td>\n<\/tr>\n<tr style=\"height: 13.50pt;\">\n<td style=\"height: 13.5pt; text-align: center;\" height=\"18\">Ide\u00e1lis<\/td>\n<td style=\"text-align: center;\">S\u00f6r, kombucha, sz\u00f3da, ecet, h\u00e1zilag k\u00e9sz\u00edtett \u00fcd\u00edt\u0151k, sz\u00e9nsavas italok<\/td>\n<\/tr>\n<\/tbody>\n<\/table>\n<h2>Sikeres eset<\/h2>\n<p><span aria-haspopup=\"dialog\" aria-expanded=\"false\" aria-controls=\"radix-_r_8v_\" data-state=\"closed\" data-slot=\"popover-trigger\">Az egyik helyi, k\u00e9zzel k\u00e9sz\u00edtett kombucha m\u00e1rka, amely az erjesztett italokra \u00f6sszpontos\u00edt, \u00fagy d\u00f6nt\u00f6tt, hogy a 32 unci\u00e1s, csavaros tetej\u0171 borosty\u00e1nsz\u00edn\u0171 \u00fcvegpalackunkat haszn\u00e1lja limit\u00e1lt kiad\u00e1s\u00fa \u00edz\u00e9nek bemutat\u00e1s\u00e1ra.<\/span> <span aria-haspopup=\"dialog\" aria-expanded=\"false\" aria-controls=\"radix-_r_90_\" data-state=\"closed\" data-slot=\"popover-trigger\">A borosty\u00e1nsz\u00edn\u0171 \u00fcveg enyhe s\u00f6t\u00e9t\u00edt\u00e9se a nagyobb UV-v\u00e9delem \u00e9rdek\u00e9ben, valamint a meger\u0151s\u00edtett rozsdamentes ac\u00e9lhuzalb\u00f3l k\u00e9sz\u00fclt csavaros kupak, valamint a csavaros kupak nehezebb, \u00e9lelmiszeripari min\u0151s\u00e9g\u0171 szilikon t\u00f6m\u00edt\u00e9se jobban illeszkedik a m\u00e1rkafiloz\u00f3fi\u00e1j\u00e1hoz.<\/span> <span aria-haspopup=\"dialog\" aria-expanded=\"false\" aria-controls=\"radix-_r_91_\" data-state=\"closed\" data-slot=\"popover-trigger\">A palack elej\u00e9n a m\u00e1rkalog\u00f3 dombornyom\u00e1ssal l\u00e1that\u00f3, a dr\u00f3t pedig m\u00e9ly bronz \u00e1rnyalatban, k\u00e9zzel k\u00e9sz\u00edtett, hogy r\u00e9gi, k\u00e9zm\u0171ves megjelen\u00e9st k\u00f6lcs\u00f6n\u00f6zz\u00f6n.<\/span><\/p>\n<p><span aria-haspopup=\"dialog\" aria-expanded=\"false\" aria-controls=\"radix-_r_92_\" data-state=\"closed\" data-slot=\"popover-trigger\">Az egyedi palack bevezet\u00e9se ut\u00e1n a kiskereskedelmi megrendel\u00e9seik 37 sz\u00e1zal\u00e9kkal n\u0151ttek az els\u0151 negyed\u00e9vben.<\/span> <span aria-haspopup=\"dialog\" aria-expanded=\"false\" aria-controls=\"radix-_r_93_\" data-state=\"closed\" data-slot=\"popover-trigger\">Ennek k\u00f6vetkezt\u00e9ben a m\u00e1rka tov\u00e1bbi szezon\u00e1lis term\u00e9kekb\u0151l is rendelt.<\/span><\/p>\n<h2>Grolsch palackok testreszab\u00e1si javaslatai<\/h2>\n<ol>\n<li><span aria-haspopup=\"dialog\" aria-expanded=\"false\" aria-controls=\"radix-_r_8s_\" data-state=\"closed\" data-slot=\"popover-trigger\"><strong>Dug\u00f3anyagok:<\/strong> Szabd testre a teted ker\u00e1mia, \u00e9lelmiszeripari min\u0151s\u00e9g\u0171 m\u0171anyag vagy fahat\u00e1s\u00fa tetejjel, \u00e9s tartsd meg a szilikon t\u00f6m\u00edt\u0151gy\u0171r\u0171t a l\u00e9gmentes z\u00e1r\u00e1s \u00e9rdek\u00e9ben.<\/span><\/li>\n<li><span aria-haspopup=\"dialog\" aria-expanded=\"false\" aria-controls=\"radix-_r_8t_\" data-state=\"closed\" data-slot=\"popover-trigger\"><strong>Dombornyomott m\u00e1rkajelz\u00e9s a palack test\u00e9n:<\/strong> A palack kerek v\u00e1ll\u00e1n vagy a palack elej\u00e9n a panelen dombornyomott log\u00f3val, s\u00f6rf\u0151zde nev\u00e9vel vagy d\u00edsz\u00edt\u0151 mint\u00e1val kell rendelkeznie.<\/span><\/li>\n<li><span aria-haspopup=\"dialog\" aria-expanded=\"false\" aria-controls=\"radix-_r_8u_\" data-state=\"closed\" data-slot=\"popover-trigger\"><strong>Egyedi nyak\u00f6rv sz\u00edne:<\/strong> k\u00fcl\u00f6nf\u00e9le sz\u00edn\u0171 t\u00f6m\u00edt\u0151gy\u0171r\u0171ket k\u00edn\u00e1lnak (piros, narancss\u00e1rga, fekete, z\u00f6ld), hogy megk\u00fcl\u00f6nb\u00f6ztess\u00e9k a term\u00e9kcsal\u00e1dokat vagy az italok \u00edzeit.<\/span><\/li>\n<\/ol>","protected":false},"excerpt":{"rendered":"<p>Barna \u00fcveg grolsch s\u00f6r\u00f6s\u00fcveg foganty\u00faval \u00e9s biztons\u00e1gos leng\u0151kupakkal. Nagyszer\u0171 s\u00f6rf\u0151zd\u00e9khez vagy \u00f6mlesztett v\u00e1s\u00e1rl\u00e1shoz. \u00dajrafelhaszn\u00e1lhat\u00f3 \u00e9s tart\u00f3s, gyors sz\u00e1ll\u00edt\u00e1s a t\u00f6meges megrendel\u00e9sekhez.<\/p>","protected":false},"featured_media":23695,"template":"","meta":[],"product_brand":[],"product_cat":[122,123,132],"product_tag":[],"class_list":{"0":"post-23651","1":"product","2":"type-product","3":"status-publish","4":"has-post-thumbnail","6":"product_cat-custom-glass-packaging","7":"product_cat-custom-glass-bottles","8":"product_cat-glass-flip-top-bottles","10":"first","11":"instock","12":"shipping-taxable","13":"product-type-simple"},"jetpack_sharing_enabled":true,"_links":{"self":[{"href":"https:\/\/yebodaglass.com\/hu\/wp-json\/wp\/v2\/product\/23651","targetHints":{"allow":["GET"]}}],"collection":[{"href":"https:\/\/yebodaglass.com\/hu\/wp-json\/wp\/v2\/product"}],"about":[{"href":"https:\/\/yebodaglass.com\/hu\/wp-json\/wp\/v2\/types\/product"}],"version-history":[{"count":6,"href":"https:\/\/yebodaglass.com\/hu\/wp-json\/wp\/v2\/product\/23651\/revisions"}],"predecessor-version":[{"id":25406,"href":"https:\/\/yebodaglass.com\/hu\/wp-json\/wp\/v2\/product\/23651\/revisions\/25406"}],"wp:featuredmedia":[{"embeddable":true,"href":"https:\/\/yebodaglass.com\/hu\/wp-json\/wp\/v2\/media\/23695"}],"wp:attachment":[{"href":"https:\/\/yebodaglass.com\/hu\/wp-json\/wp\/v2\/media?parent=23651"}],"wp:term":[{"taxonomy":"product_brand","embeddable":true,"href":"https:\/\/yebodaglass.com\/hu\/wp-json\/wp\/v2\/product_brand?post=23651"},{"taxonomy":"product_cat","embeddable":true,"href":"https:\/\/yebodaglass.com\/hu\/wp-json\/wp\/v2\/product_cat?post=23651"},{"taxonomy":"product_tag","embeddable":true,"href":"https:\/\/yebodaglass.com\/hu\/wp-json\/wp\/v2\/product_tag?post=23651"}],"curies":[{"name":"wp","href":"https:\/\/api.w.org\/{rel}","templated":true}]}}