{"id":23606,"date":"2025-11-12T13:17:31","date_gmt":"2025-11-12T05:17:31","guid":{"rendered":"https:\/\/yebodaglass.com\/?post_type=product&#038;p=23606"},"modified":"2026-04-14T11:37:45","modified_gmt":"2026-04-14T03:37:45","slug":"wholesale-clear-round-glass-soy-sauce-bottles","status":"publish","type":"product","link":"https:\/\/yebodaglass.com\/hu\/wholesale-clear-round-glass-soy-sauce-bottles\/","title":{"rendered":"Nagykereskedelmi \u00e1tl\u00e1tsz\u00f3 kerek \u00fcveg sz\u00f3jasz\u00f3sz palackok 267ml 473ml"},"content":{"rendered":"<p data-start=\"66\" data-end=\"288\">Ezek a sz\u00f3jasz\u00f3szos \u00fcvegek egy henger alak\u00fa \u00fcvegtestet foglalnak magukban, amely a nyak fel\u00e9 keskenyedik, az alja pedig kifel\u00e9 ny\u00falik a jobb egyens\u00faly \u00e9rdek\u00e9ben. A kupakok ez\u00fcst vagy fekete f\u00e9m csavaros kupakkal kaphat\u00f3k.<\/p>\n<h2>Term\u00e9kjellemz\u0151k<\/h2>\n<ul>\n<li><strong>Minimalista palackdiz\u00e1jn:<\/strong> A palack lekerek\u00edtett sz\u00e9lei nemcsak k\u00e9nyelmes fog\u00e1st biztos\u00edtanak, hanem megk\u00f6nny\u00edtik a t\u00e1rol\u00e1st is, \u00edgy k\u00fcl\u00f6nb\u00f6z\u0151 helyeken haszn\u00e1lhat\u00f3, p\u00e9ld\u00e1ul otthoni konyh\u00e1ban vagy egy \u00e9tteremben.<\/li>\n<li><strong>Praktikus csavaros kupak kialak\u00edt\u00e1s:<\/strong> A f\u00e9m csavaros kupak, amivel fel van szerelve, l\u00e9gmentes z\u00e1r\u00e1st biztos\u00edt, \u00edgy a sz\u00f3szok frissek maradnak, ugyanakkor k\u00f6nnyen kivehet\u0151k.<\/li>\n<li><strong>Stabil alapkialak\u00edt\u00e1s:<\/strong> A sz\u00e9les alap a f\u0151 oka annak, hogy az \u00fcveg nem borul fel, \u00edgy a sz\u00f3szos \u00fcveg mindig f\u00fcgg\u0151legesen \u00e1ll, ak\u00e1r t\u00f6ltik, ak\u00e1r ki\u00e1ll\u00edtj\u00e1k.<\/li>\n<\/ul>\n<h2 style=\"text-align: left;\">F\u0151bb specifik\u00e1ci\u00f3k<\/h2>\n<table class=\"aligncenter\" style=\"border-collapse: collapse; width: 423.02pt;\" border=\"0\" width=\"564\" cellspacing=\"0\" cellpadding=\"0\">\n<tbody>\n<tr style=\"height: 13.50pt;\">\n<td style=\"height: 13.50pt; width: 107.25pt;\" width=\"143\" height=\"18\">Specifik\u00e1ci\u00f3<\/td>\n<td style=\"width: 315.75pt;\" width=\"421\">R\u00e9szletek<\/td>\n<\/tr>\n<tr style=\"height: 13.50pt;\">\n<td style=\"height: 13.50pt;\" height=\"18\">El\u00e9rhet\u0151 m\u00e9retek<\/td>\n<td>267 ml, 473 ml<\/td>\n<\/tr>\n<tr style=\"height: 13.50pt;\">\n<td style=\"height: 13.50pt;\" height=\"18\">Csomagol\u00e1s m\u00e9rete<\/td>\n<td>20\u00d725\u00d715 cm (mindkett\u0151)<\/td>\n<\/tr>\n<tr style=\"height: 13.50pt;\">\n<td style=\"height: 13.50pt;\" height=\"18\">Anyag<\/td>\n<td>\u00c9lelmiszeripari min\u0151s\u00e9g\u0171 \u00e1tl\u00e1tsz\u00f3 \u00fcveg stout<\/td>\n<\/tr>\n<tr style=\"height: 13.50pt;\">\n<td style=\"height: 13.50pt;\" height=\"18\">Ide\u00e1lis<\/td>\n<td>Sz\u00f3jasz\u00f3sz, chili sz\u00f3sz, cs\u00edp\u0151s sz\u00f3sz<\/td>\n<\/tr>\n<tr style=\"height: 13.50pt;\">\n<td style=\"height: 13.50pt;\" height=\"18\">Haszn\u00e1lati eset<\/td>\n<td>\u00dcres sz\u00f3jasz\u00f3szos \u00fcvegek, \u00f6mlesztett chilisz\u00f3szos \u00fcveg<\/td>\n<\/tr>\n<\/tbody>\n<\/table>\n<h2>Sikert\u00f6rt\u00e9net: Egyedi megrendel\u00e9s egy d\u00e9lkelet-\u00e1zsiai chilisz\u00f3sz m\u00e1rk\u00e1t\u00f3l<\/h2>\n<p>Egy thai chilisz\u00f3sz m\u00e1rka a mi 500 ml-es chilisz\u00f3sz palackunkat v\u00e1lasztotta, \u00e9s csepp\u00e1ll\u00f3 ki\u00f6nt\u0151vel \u00e9s chilis diz\u00e1jnnal l\u00e1tta el. Az egyedi chilisz\u00f3sz palack kiv\u00e1l\u00f3 eredm\u00e9nyeket \u00e9rt el, mivel a csepp\u00e1ll\u00f3 ki\u00f6nt\u0151 30 sz\u00e1zal\u00e9kkal cs\u00f6kkentette a fogyaszt\u00f3i panaszokat a ki\u00f6ml\u00e9s miatt, m\u00edg a palack kiv\u00e1l\u00f3 min\u0151s\u00e9g\u0171 \u00fcvegb\u0151l \u00e9s f\u00e9mb\u0151l k\u00e9sz\u00fclt kupakkal k\u00e9sz\u00fclt, ami 20 sz\u00e1zal\u00e9kkal n\u00f6velte az export \u00e9rt\u00e9k\u00e9t. A siker\u00fcket k\u00f6vet\u0151en az els\u0151, 450 000 palackos megrendel\u00e9s\u00fck is \u00e9rkezett hozz\u00e1nk, mivel egy \u00faj, ferment\u00e1lt chilisz\u00f3sz term\u00e9kcsal\u00e1dot szerettek volna l\u00e9trehozni.<\/p>\n<h2>Sz\u00f3jasz\u00f3sz palackok testreszab\u00e1si javaslatai<\/h2>\n<ul>\n<li><strong>Dombornyomott kapacit\u00e1sjel\u00f6l\u00e9sek:<\/strong> Helyezd a sk\u00e1la kiemelked\u0151 jel\u00f6l\u00e9seit a palack v\u00e1ll\u00e1ra.<\/li>\n<li><strong>Szitanyom\u00e1ssal nyomtatott log\u00f3 elhelyez\u00e9se:<\/strong> Diszkr\u00e9ten nyomtassa a m\u00e1rkalog\u00f3t az \u00edvelt r\u00e9szbe, hogy a lehet\u0151 legjobban l\u00e1that\u00f3 legyen.<\/li>\n<li><strong>Textur\u00e1lt foganty\u00fa:<\/strong> Enyhe text\u00far\u00e1t adhatsz a der\u00e9kr\u00e9szhez a jobb fog\u00e1s \u00e9s a nagyobb biztons\u00e1g \u00e9rdek\u00e9ben.<\/li>\n<\/ul>","protected":false},"excerpt":{"rendered":"<p>\u00c1tl\u00e1tsz\u00f3 \u00fcveg chilisz\u00f3sz \u00e9s sz\u00f3jasz\u00f3sz palackok csavaros kupakkal. Konyhai haszn\u00e1latra vagy nagy t\u00e9telben t\u00f6rt\u00e9n\u0151 rendel\u00e9sre alkalmas. Nagy t\u00e9telben t\u00f6rt\u00e9n\u0151 rendel\u00e9s eset\u00e9n ingyenes mint\u00e1k \u00e1llnak rendelkez\u00e9sre.<\/p>","protected":false},"featured_media":23611,"template":"","meta":[],"product_brand":[],"product_cat":[129,123,122],"product_tag":[],"class_list":{"0":"post-23606","1":"product","2":"type-product","3":"status-publish","4":"has-post-thumbnail","6":"product_cat-hot-sauce-bottles","7":"product_cat-custom-glass-bottles","8":"product_cat-custom-glass-packaging","10":"first","11":"instock","12":"shipping-taxable","13":"product-type-simple"},"jetpack_sharing_enabled":true,"_links":{"self":[{"href":"https:\/\/yebodaglass.com\/hu\/wp-json\/wp\/v2\/product\/23606","targetHints":{"allow":["GET"]}}],"collection":[{"href":"https:\/\/yebodaglass.com\/hu\/wp-json\/wp\/v2\/product"}],"about":[{"href":"https:\/\/yebodaglass.com\/hu\/wp-json\/wp\/v2\/types\/product"}],"version-history":[{"count":5,"href":"https:\/\/yebodaglass.com\/hu\/wp-json\/wp\/v2\/product\/23606\/revisions"}],"predecessor-version":[{"id":25778,"href":"https:\/\/yebodaglass.com\/hu\/wp-json\/wp\/v2\/product\/23606\/revisions\/25778"}],"wp:featuredmedia":[{"embeddable":true,"href":"https:\/\/yebodaglass.com\/hu\/wp-json\/wp\/v2\/media\/23611"}],"wp:attachment":[{"href":"https:\/\/yebodaglass.com\/hu\/wp-json\/wp\/v2\/media?parent=23606"}],"wp:term":[{"taxonomy":"product_brand","embeddable":true,"href":"https:\/\/yebodaglass.com\/hu\/wp-json\/wp\/v2\/product_brand?post=23606"},{"taxonomy":"product_cat","embeddable":true,"href":"https:\/\/yebodaglass.com\/hu\/wp-json\/wp\/v2\/product_cat?post=23606"},{"taxonomy":"product_tag","embeddable":true,"href":"https:\/\/yebodaglass.com\/hu\/wp-json\/wp\/v2\/product_tag?post=23606"}],"curies":[{"name":"wp","href":"https:\/\/api.w.org\/{rel}","templated":true}]}}