{"id":23554,"date":"2025-11-10T17:29:24","date_gmt":"2025-11-10T09:29:24","guid":{"rendered":"https:\/\/yebodaglass.com\/?post_type=product&#038;p=23554"},"modified":"2025-11-10T17:34:16","modified_gmt":"2025-11-10T09:34:16","slug":"40ml-glass-spice-bottles-for-salt-pepper-and-herbs-bulk","status":"publish","type":"product","link":"https:\/\/yebodaglass.com\/hu\/40ml-glass-spice-bottles-for-salt-pepper-and-herbs-bulk\/","title":{"rendered":"40 ml-es \u00fcveg f\u0171szeres palackok s\u00f3hoz, borshoz \u00e9s f\u0171szern\u00f6v\u00e9nyekhez"},"content":{"rendered":"<p>Tov\u00e1bbra is szenvedhetsz a ki\u00f6ml\u00f6tt f\u0171szeres\u00fcvegekt\u0151l vagy a kifolyt borst\u00f3l. \u00c1tl\u00e1tsz\u00f3 f\u0171szeres\u00fcvegeket tervez\u00fcnk f\u00e9m r\u00e1z\u00f3fed\u00e9llel \u2013 nincs t\u00f6bb piszkos pillanat a konyh\u00e1dban. Ezek a f\u0171szeres \u00fcvegk\u00e9szletek m\u00e1rk\u00e1dd\u00e1 var\u00e1zsolj\u00e1k a t\u00e1rol\u00f3ed\u00e9nyeidet. Egyedi sz\u00ednekben is rendelhetsz nagy t\u00e9telben.<\/p>\n<h2>Term\u00e9kjellemz\u0151k<\/h2>\n<p><strong>Lekerek\u00edtett palacknyak<\/strong><\/p>\n<p>A kicsi, lekerek\u00edtett nyak szorosan lez\u00e1rja a k\u00e9sz\u00fcl\u00e9ket, \u00e9s megakad\u00e1lyozza a term\u00e9k sziv\u00e1rg\u00e1s\u00e1t.<\/p>\n<p><strong>Prec\u00edzi\u00f3s f\u00e9m shake fedelek<\/strong><\/p>\n<p>A perfor\u00e1ci\u00f3ban l\u00e9v\u0151 kis lyukak pontosan szab\u00e1lyozz\u00e1k a paprika \u00e1raml\u00e1s\u00e1t \u2013 ne agg\u00f3djon t\u00f6bb\u00e9 a s\u00f3 vagy a liszt ki\u00f6ml\u00e9se miatt.<\/p>\n<p><strong>Cs\u00fasz\u00e1smentes als\u00f3 kialak\u00edt\u00e1s<\/strong><\/p>\n<p>A megvastag\u00edtott alj cs\u00fasz\u00e1sg\u00e1tl\u00f3 mint\u00e1zattal van d\u00edsz\u00edtve, \u00edgy s\u00edk fel\u00fcletre helyezve a palack tov\u00e1bbra is stabil marad.<\/p>\n<h2>F\u0151bb specifik\u00e1ci\u00f3k<\/h2>\n<table style=\"border-collapse: collapse; width: 80%; margin-left: auto; margin-right: auto;\" border=\"0\" width=\"144\" cellspacing=\"0\" cellpadding=\"0\">\n<tbody>\n<tr style=\"height: 13.50pt;\">\n<td style=\"height: 13.5pt; width: 54pt; text-align: center;\" width=\"72\" height=\"18\">Jellemz\u0151<\/td>\n<td style=\"width: 54pt; text-align: center;\" width=\"72\">Specifik\u00e1ci\u00f3<\/td>\n<\/tr>\n<tr style=\"height: 13.50pt;\">\n<td style=\"height: 13.5pt; text-align: center;\" height=\"18\">Kapacit\u00e1s<\/td>\n<td style=\"text-align: center;\">40 ml<\/td>\n<\/tr>\n<tr style=\"height: 13.50pt;\">\n<td style=\"height: 13.5pt; text-align: center;\" height=\"18\">M\u00e9ret (cm)<\/td>\n<td style=\"text-align: center;\">4.5 * 10.0<\/td>\n<\/tr>\n<tr style=\"height: 13.50pt;\">\n<td style=\"height: 13.5pt; text-align: center;\" height=\"18\">Tartoz\u00e9k<\/td>\n<td style=\"text-align: center;\">Rozsdamentes ac\u00e9l kupakok<\/td>\n<\/tr>\n<tr style=\"height: 13.50pt;\">\n<td style=\"height: 13.5pt; text-align: center;\" height=\"18\">Sz\u00edn<\/td>\n<td style=\"text-align: center;\">Tiszta, Egyedi<\/td>\n<\/tr>\n<\/tbody>\n<\/table>\n<h2>Sikeres eset<\/h2>\n<p>Egy amerikai \u00e9lelmiszeripari szolg\u00e1ltat\u00f3 c\u00e9g, amely egy\u00fcttm\u0171k\u00f6d\u00f6tt vel\u00fcnk, egyedi \u00fcveg f\u0171szeres palackokat k\u00e9sz\u00edtett \u00faj, h\u00e9tk\u00f6znapi \u00e9ttereml\u00e1ncuk sz\u00e1m\u00e1ra. M\u00f3dos\u00edtott\u00e1k a k\u00fapos \u00fcvegtestet \u00e9s a rozsdamentes ac\u00e9l kupakot, valamint a palack ny\u00edl\u00e1s\u00e1nak m\u00e9ret\u00e9t, hogy a s\u00f3 \u00e9s a fokhagymagerezdek egyenletesen oszlanak el.<\/p>\n<p>A term\u00e9ket haszn\u00e1l\u00f3k nagy sz\u00e1ma k\u00f6z\u00fcl a v\u00e1s\u00e1rl\u00f3k 70%-a nyilatkozta, hogy a term\u00e9k j\u00f3, \u00e9s hogy finom port adagol, ami k\u00e9nyelmess\u00e9 teszi a haszn\u00e1latot \u00e9tkez\u00e9s k\u00f6zben.<\/p>\n<h2>Testreszab\u00e1si k\u00e9zik\u00f6nyved<\/h2>\n<ol>\n<li><strong>Tov\u00e1bbfejlesztett\u200b\u200d\u200b\u200c\u200d\u200b\u200d\u200b\u200d\u200b\u200c\u200d\u200b\u200d\u200d\u200c\u200d sapka anyaga:<\/strong> D\u00edsz\u00edtsen rozsdamentes ac\u00e9l vagy galvaniz\u00e1lt alum\u00ednium kupakkal, amelyek illeszkednek az \u00e9tterem vagy otthona k\u00fcl\u00f6nb\u00f6z\u0151 st\u00edlusaihoz.<\/li>\n<li><strong>Palacknyom\u00e1s:<\/strong> M\u00e1rkanevek, f\u0171szerek nevei vagy fokozatos jel\u00f6l\u00e9sek nyomtathat\u00f3k a palackra a m\u00e1rkafelismer\u00e9s \u00e9s a k\u00f6nny\u0171 haszn\u00e1lat \u00e9rdek\u00e9ben.<\/li>\n<li><strong>Palack sz\u00ednei:<\/strong> Az \u00fcveg lehet \u00e1tl\u00e1tsz\u00f3, borosty\u00e1nsz\u00edn\u0171, matt vagy \u00e1tmenetes, \u00e9s mindegyik opci\u00f3 el\u00e9rhet\u0151 mind eszt\u00e9tikai, mind UV-v\u00e9delmi c\u00e9lokra.<\/li>\n<\/ol>","protected":false},"excerpt":{"rendered":"<p>Tart\u00f3s \u00fcveg f\u0171szeres \u00fcvegek f\u00e9m shaker tet\u0151vel, ide\u00e1lis f\u0171szeres \u00fcveg s\u00f3hoz, borshoz vagy f\u0171szern\u00f6v\u00e9nyekhez. T\u00f6k\u00e9letes konyhai haszn\u00e1latra vagy \u00e9ttermi ki\u00e1ll\u00edt\u00e1sra.<\/p>","protected":false},"featured_media":23557,"template":"","meta":[],"product_brand":[],"product_cat":[122,124,128],"product_tag":[],"class_list":{"0":"post-23554","1":"product","2":"type-product","3":"status-publish","4":"has-post-thumbnail","6":"product_cat-custom-glass-packaging","7":"product_cat-custom-glass-jars","8":"product_cat-spice-jars","10":"first","11":"instock","12":"shipping-taxable","13":"product-type-simple"},"jetpack_sharing_enabled":true,"_links":{"self":[{"href":"https:\/\/yebodaglass.com\/hu\/wp-json\/wp\/v2\/product\/23554","targetHints":{"allow":["GET"]}}],"collection":[{"href":"https:\/\/yebodaglass.com\/hu\/wp-json\/wp\/v2\/product"}],"about":[{"href":"https:\/\/yebodaglass.com\/hu\/wp-json\/wp\/v2\/types\/product"}],"version-history":[{"count":5,"href":"https:\/\/yebodaglass.com\/hu\/wp-json\/wp\/v2\/product\/23554\/revisions"}],"predecessor-version":[{"id":23570,"href":"https:\/\/yebodaglass.com\/hu\/wp-json\/wp\/v2\/product\/23554\/revisions\/23570"}],"wp:featuredmedia":[{"embeddable":true,"href":"https:\/\/yebodaglass.com\/hu\/wp-json\/wp\/v2\/media\/23557"}],"wp:attachment":[{"href":"https:\/\/yebodaglass.com\/hu\/wp-json\/wp\/v2\/media?parent=23554"}],"wp:term":[{"taxonomy":"product_brand","embeddable":true,"href":"https:\/\/yebodaglass.com\/hu\/wp-json\/wp\/v2\/product_brand?post=23554"},{"taxonomy":"product_cat","embeddable":true,"href":"https:\/\/yebodaglass.com\/hu\/wp-json\/wp\/v2\/product_cat?post=23554"},{"taxonomy":"product_tag","embeddable":true,"href":"https:\/\/yebodaglass.com\/hu\/wp-json\/wp\/v2\/product_tag?post=23554"}],"curies":[{"name":"wp","href":"https:\/\/api.w.org\/{rel}","templated":true}]}}