{"id":23531,"date":"2025-11-10T14:29:06","date_gmt":"2025-11-10T06:29:06","guid":{"rendered":"https:\/\/yebodaglass.com\/?post_type=product&#038;p=23531"},"modified":"2026-04-09T17:59:19","modified_gmt":"2026-04-09T09:59:19","slug":"beverage-bottles-wholesale-glass-bottles-with-lids","status":"publish","type":"product","link":"https:\/\/yebodaglass.com\/hu\/beverage-bottles-wholesale-glass-bottles-with-lids\/","title":{"rendered":"Italpalackok nagykereskedelme | \u00dcvegpalackok fed\u00e9llel"},"content":{"rendered":"<p data-start=\"66\" data-end=\"288\">Ez a tet\u0151s \u00fcvegpalack-sorozat lapos \u00e9s t\u00e9glalap alak\u00fa, lekerek\u00edtett v\u00e1ll\u00fa \u00e9s keskeny nyak\u00fa. Ezek az \u00fcvegpalackok min\u0151s\u00e9gi, \u00e1tl\u00e1tsz\u00f3 \u00fcvegb\u0151l k\u00e9sz\u00fcltek, \u00edgy l\u00e1that\u00f3, mi van benn\u00fck. Minden palackhoz tartozik egy csavarozhat\u00f3, alum\u00edniumb\u00f3l k\u00e9sz\u00fclt kupak, amelynek belsej\u00e9ben m\u0171anyag t\u00f6m\u00edt\u00e9s tal\u00e1lhat\u00f3. Ez a kupak biztos\u00edtja, hogy a palack szorosan z\u00e1r\u00f3djon \u00e9s k\u00f6nnyen kezelhet\u0151 legyen. Ezek az italpalackok 50 ml-t\u0151l 500 ml-ig terjed\u0151 m\u00e9retben kaphat\u00f3k. Kiv\u00e1l\u00f3an alkalmasak k\u00e1v\u00e9, gy\u00fcm\u00f6lcsl\u00e9, tejes tea \u00e9s egy\u00e9b folyad\u00e9kok csomagol\u00e1s\u00e1ra. A palackok kompaktak \u00e9s er\u0151sek, \u00edgy t\u00f6k\u00e9letesek az \u00fczletekben val\u00f3 kihelyez\u00e9shez, elvitelre \u00e9s nagy t\u00e9telben t\u00f6rt\u00e9n\u0151 \u00e9rt\u00e9kes\u00edt\u00e9sre.<\/p>\n<h2>F\u0151bb jellemz\u0151k<\/h2>\n<ul>\n<li><strong>Az italos palackok nem sziv\u00e1rognak<\/strong>Az alum\u00ednium fed\u00e9l \u00e9s a m\u0171anyag t\u00f6m\u00edt\u00e9s egy\u00fcttesen tartja a folyad\u00e9kot a palackokban, \u00edgy sz\u00e1ll\u00edt\u00e1s k\u00f6zben nem kell agg\u00f3dnia a ki\u00f6ml\u00e9s miatt.<\/li>\n<\/ul>\n<ul>\n<li><strong>Az \u00fcveg er\u0151s \u00e9s \u00fajrahasznos\u00edthat\u00f3<\/strong>Egy \u00fcvegpalackokat gy\u00e1rt\u00f3 c\u00e9g professzion\u00e1lisan gy\u00e1rtotta ezeket a tart\u00e1lyokat. Er\u0151sek, t\u00f6bbsz\u00f6r is haszn\u00e1lhat\u00f3k \u00e9s \u00fajrahasznos\u00edthat\u00f3k, ami j\u00f3t tesz a k\u00f6rnyezetnek.<\/li>\n<\/ul>\n<ul>\n<li><strong>A lapos forma j\u00f3 a m\u00e1rkajelz\u00e9shez<\/strong>A palackok s\u00edk fel\u00fclete megk\u00f6nny\u00edti a c\u00edmk\u00e9k felhelyez\u00e9s\u00e9t. Nagyszer\u0171en mutatnak a polcokon. Ez t\u00f6k\u00e9letess\u00e9 teszi \u0151ket azoknak a v\u00e1llalatoknak, amelyek egyedi \u00fcvegpalackokat szeretn\u00e9nek l\u00e9trehozni, \u00e9s kiemelni m\u00e1rk\u00e1jukat.<\/li>\n<\/ul>\n<h2 style=\"text-align: left;\">F\u0151bb specifik\u00e1ci\u00f3k<\/h2>\n<table style=\"border-collapse: collapse; margin-left: auto; margin-right: auto; width: 80%;\" border=\"0\" width=\"905\" cellspacing=\"0\" cellpadding=\"0\">\n<tbody>\n<tr style=\"height: 13.50pt;\">\n<td style=\"height: 13.50pt; width: 54.00pt;\" width=\"72\" height=\"18\">Kapacit\u00e1s<\/td>\n<td style=\"width: 54.00pt;\" width=\"72\">Magass\u00e1g<\/td>\n<td style=\"width: 54.00pt;\" width=\"72\">Sz\u00e9less\u00e9g<\/td>\n<td style=\"width: 129.75pt;\" width=\"173\">Alkalmaz\u00e1s<\/td>\n<td style=\"width: 98.25pt;\" width=\"131\">Anyag<\/td>\n<td style=\"width: 121.50pt;\" width=\"162\">Fed\u00e9l t\u00edpusa<\/td>\n<td style=\"width: 167.25pt;\" width=\"223\">T\u00f6m\u00edt\u00e9s<\/td>\n<\/tr>\n<tr style=\"height: 13.50pt;\">\n<td style=\"height: 13.50pt;\" height=\"18\">50 ml<\/td>\n<td>10,6 cm<\/td>\n<td>5,3 cm<\/td>\n<td>K\u00e1v\u00e9, mint\u00e1k<\/td>\n<td class=\"et2\" rowspan=\"6\">\u00d3lommentes \u00fcveg<\/td>\n<td class=\"et2\" rowspan=\"6\">Alum\u00ednium csavaros kupak + m\u0171anyag bels\u0151 fed\u00e9l<\/td>\n<td class=\"et2\" rowspan=\"6\">Szoros t\u00f6m\u00edt\u00e9s, sziv\u00e1rg\u00e1smentes<\/td>\n<\/tr>\n<tr style=\"height: 13.50pt;\">\n<td style=\"height: 13.50pt;\" height=\"18\">100 ml<\/td>\n<td>12,5 cm<\/td>\n<td>6,7 cm<\/td>\n<td>Gy\u00fcm\u00f6lcslevek, italok<\/td>\n<\/tr>\n<tr style=\"height: 13.50pt;\">\n<td style=\"height: 13.50pt;\" height=\"18\">200 ml<\/td>\n<td>15 cm<\/td>\n<td>7,7 cm<\/td>\n<td>Tejes tea, hidegen f\u0151z\u00f6tt<\/td>\n<\/tr>\n<tr style=\"height: 13.50pt;\">\n<td style=\"height: 13.50pt;\" height=\"18\">250 ml<\/td>\n<td>16 cm<\/td>\n<td>8,3 cm<\/td>\n<td>Gy\u00fcm\u00f6lcslevek, italok<\/td>\n<\/tr>\n<tr style=\"height: 13.50pt;\">\n<td style=\"height: 13.50pt;\" height=\"18\">350 ml<\/td>\n<td>17 cm<\/td>\n<td>8,9 cm<\/td>\n<td>K\u00e1v\u00e9, italok<\/td>\n<\/tr>\n<tr style=\"height: 13.50pt;\">\n<td style=\"height: 13.50pt;\" height=\"18\">500 ml<\/td>\n<td>20 cm<\/td>\n<td>10,1 cm<\/td>\n<td>Nagy t\u00e9telben kaphat\u00f3 italok<\/td>\n<\/tr>\n<\/tbody>\n<\/table>\n<h2>Esettanulm\u00e1ny<\/h2>\n<p>Egy nagy lengyelorsz\u00e1gi szupermarket a mi \u00fcvegpalackjainkat haszn\u00e1lta a k\u00e1v\u00e9- \u00e9s gy\u00fcm\u00f6lcsl\u00e9m\u00e1rk\u00e1ihoz. Kor\u00e1bban egy m\u00e1sik c\u00e9g palackjait haszn\u00e1lt\u00e1k. Probl\u00e9m\u00e1ik voltak azzal, hogy a kupakok nem z\u00e1r\u00f3dtak megfelel\u0151en, \u00e9s a gy\u00fcm\u00f6lcsl\u00e9 kifolyt sz\u00e1ll\u00edt\u00e1s k\u00f6zben. Emiatt elvesztek a term\u00e9keik, \u00e9s a v\u00e1s\u00e1rl\u00f3k is panaszkodtak r\u00e1juk.<\/p>\n<p>Amikor elkezdt\u00e9k haszn\u00e1lni az \u00fcvegpalackjainkat, a 250 ml-es \u00e9s 350 ml-es m\u00e9reteket v\u00e1lasztott\u00e1k. Egyedi c\u00edmk\u00e9ket \u00e9s speci\u00e1lis bevonatot ragasztottak r\u00e1juk, hogy eleg\u00e1nsabbak legyenek. Az \u00faj kupakok jobban m\u0171k\u00f6dtek, \u00e9s alig sziv\u00e1rogtak. Az \u00e1tl\u00e1tsz\u00f3 \u00fcvegnek k\u00f6sz\u00f6nhet\u0151en a term\u00e9kek a polcokon is jobban mutattak.<\/p>\n<p>Hat h\u00f3nap eltelt\u00e9vel a szupermarket italelad\u00e1sai 28%-kal n\u0151ttek, \u00e9s a v\u00e1s\u00e1rl\u00f3k sokkal el\u00e9gedettebbek voltak. Most m\u00e1r folyamatosan v\u00e1s\u00e1rolj\u00e1k a fedeles \u00fcvegpalackjainkat. Negyed\u00e9vente legal\u00e1bb 100 000 darabot rendelnek. M\u00e9g az \u00e1rban is alkut k\u00f6t\u00f6ttek, mert rengeteget v\u00e1s\u00e1rolnak.<\/p>\n<h2>Testreszab\u00e1si javaslatok B2B v\u00e1s\u00e1rl\u00f3knak<\/h2>\n<ol>\n<li><strong>K\u00e1v\u00e9m\u00e1rk\u00e1knak<\/strong>Haszn\u00e1ljon borosty\u00e1nsz\u00edn\u0171 bevonatot vagy selyemnyom\u00e1st \u00fcvegpalackokon, hogy pr\u00e9mium min\u0151s\u00e9g\u0171 hidegen f\u0151z\u00f6tt ed\u00e9nyt hozzon l\u00e9tre, l\u00e9gmentesen z\u00e1r\u00f3d\u00f3 csavaros kupakkal kombin\u00e1lva.<\/li>\n<li><strong>Gy\u00fcm\u00f6lcsl\u00e9- \u00e9s italm\u00e1rk\u00e1knak<\/strong>Sz\u00ednes sz\u00f3r\u00f3bevonat vagy c\u00edmk\u00e9z\u00e9s alkalmaz\u00e1sa az \u00edzek megk\u00fcl\u00f6nb\u00f6ztet\u00e9s\u00e9hez, mik\u00f6zben az \u00fcvegcsomagol\u00e1s form\u00e1tuma egys\u00e9ges marad a teljes v\u00e1laszt\u00e9kban.<\/li>\n<li><strong>Kiskereskedelmi \u00e9s saj\u00e1t m\u00e1rk\u00e1s v\u00e1llalkoz\u00e1sok sz\u00e1m\u00e1ra<\/strong>T\u00f6bb m\u00e9ret (100 ml\u2013500 ml) szabv\u00e1nyos\u00edt\u00e1sa egys\u00e9ges tart\u00e1lyrendszerk\u00e9nt a t\u00e1rol\u00e1s, a logisztika \u00e9s a nagykereskedelmi \u00fcvegbeszerz\u00e9s hat\u00e9konys\u00e1g\u00e1nak optimaliz\u00e1l\u00e1sa \u00e9rdek\u00e9ben.<\/li>\n<\/ol>","protected":false},"excerpt":{"rendered":"<p>Pr\u00e9mium italospalackok \u00e9s \u00fcvegpalackok tet\u0151vel nagykereskedelemben, 50 ml-t\u0151l 500 ml-ig. Tart\u00f3s, sziv\u00e1rg\u00e1smentes \u00fcvegcsomagol\u00e1s k\u00e1v\u00e9hoz, gy\u00fcm\u00f6lcsl\u00e9hez \u00e9s nagykereskedelmi forgalomba.<\/p>","protected":false},"featured_media":25706,"template":"","meta":[],"product_brand":[],"product_cat":[123,122],"product_tag":[],"class_list":{"0":"post-23531","1":"product","2":"type-product","3":"status-publish","4":"has-post-thumbnail","6":"product_cat-custom-glass-bottles","7":"product_cat-custom-glass-packaging","9":"first","10":"instock","11":"shipping-taxable","12":"product-type-simple"},"jetpack_sharing_enabled":true,"_links":{"self":[{"href":"https:\/\/yebodaglass.com\/hu\/wp-json\/wp\/v2\/product\/23531","targetHints":{"allow":["GET"]}}],"collection":[{"href":"https:\/\/yebodaglass.com\/hu\/wp-json\/wp\/v2\/product"}],"about":[{"href":"https:\/\/yebodaglass.com\/hu\/wp-json\/wp\/v2\/types\/product"}],"version-history":[{"count":5,"href":"https:\/\/yebodaglass.com\/hu\/wp-json\/wp\/v2\/product\/23531\/revisions"}],"predecessor-version":[{"id":25712,"href":"https:\/\/yebodaglass.com\/hu\/wp-json\/wp\/v2\/product\/23531\/revisions\/25712"}],"wp:featuredmedia":[{"embeddable":true,"href":"https:\/\/yebodaglass.com\/hu\/wp-json\/wp\/v2\/media\/25706"}],"wp:attachment":[{"href":"https:\/\/yebodaglass.com\/hu\/wp-json\/wp\/v2\/media?parent=23531"}],"wp:term":[{"taxonomy":"product_brand","embeddable":true,"href":"https:\/\/yebodaglass.com\/hu\/wp-json\/wp\/v2\/product_brand?post=23531"},{"taxonomy":"product_cat","embeddable":true,"href":"https:\/\/yebodaglass.com\/hu\/wp-json\/wp\/v2\/product_cat?post=23531"},{"taxonomy":"product_tag","embeddable":true,"href":"https:\/\/yebodaglass.com\/hu\/wp-json\/wp\/v2\/product_tag?post=23531"}],"curies":[{"name":"wp","href":"https:\/\/api.w.org\/{rel}","templated":true}]}}