{"id":23525,"date":"2025-11-10T14:54:19","date_gmt":"2025-11-10T06:54:19","guid":{"rendered":"https:\/\/yebodaglass.com\/?post_type=product&#038;p=23525"},"modified":"2026-04-13T10:07:15","modified_gmt":"2026-04-13T02:07:15","slug":"seasoning-container-with-grinder-for-packaging-wholesale","status":"publish","type":"product","link":"https:\/\/yebodaglass.com\/hu\/seasoning-container-with-grinder-for-packaging-wholesale\/","title":{"rendered":"200 ml-es f\u0171szeres tart\u00e1ly dar\u00e1l\u00f3val nagykereskedelmi csomagol\u00e1shoz"},"content":{"rendered":"<p>Ez a konyhai alapfelszerelts\u00e9g egy modern f\u0171szertart\u00f3t k\u00edn\u00e1l, amely \u00fcveg testet \u00e9s rozsdamentes ac\u00e9l \u0151rl\u0151lapot kombin\u00e1l. A sz\u00e1raz f\u0171szer\u0151rl\u0151 rendszer egyszer\u0171 kezelhet\u0151s\u00e9get biztos\u00edt a felhaszn\u00e1l\u00f3knak, lehet\u0151v\u00e9 t\u00e9ve a bors, a s\u00f3 \u00e9s a f\u0171szerek \u0151rl\u00e9s\u00e9nek finoms\u00e1g\u00e1nak be\u00e1ll\u00edt\u00e1s\u00e1t, hogy minden egyes fordulattal friss \u00edzeket hozzanak l\u00e9tre. A term\u00e9k \u00e1tl\u00e1tsz\u00f3 kialak\u00edt\u00e1s\u00e1nak k\u00f6sz\u00f6nhet\u0151en a felhaszn\u00e1l\u00f3k l\u00e1thatj\u00e1k a tartalm\u00e1t, ami modern \u00e9s professzion\u00e1lis megjelen\u00e9st k\u00f6lcs\u00f6n\u00f6z b\u00e1rmely konyhapultnak vagy \u00e9tkez\u0151nek.<\/p>\n<h2>Term\u00e9kjellemz\u0151k<\/h2>\n<p><strong>Prec\u00edzi\u00f3s dar\u00e1l\u00f3 fels\u0151r\u00e9sz<\/strong><\/p>\n<p>Azonnal \u00e1ll\u00edtsd be a bors \u0151rl\u00e9s\u00e9nek finoms\u00e1g\u00e1t \u2013 t\u00f6k\u00e9letes liszthez, s\u00f3hoz vagy f\u0171szern\u00f6v\u00e9nyekhez b\u00e1rmikor.<\/p>\n<p><strong>\u00c1ll\u00edthat\u00f3 \u0151rl\u00e9s<\/strong><\/p>\n<p>A gomb egyszer\u0171 elforgat\u00e1s\u00e1val szab\u00e1lyozhatja az \u0151rl\u0151alkatr\u00e9szek k\u00f6z\u00f6tti t\u00e1vols\u00e1got, hogy finomra vagy durv\u00e1ra \u0151r\u00f6lje a f\u0171szereket, \u00edgy biztos\u00edtva a k\u00fcl\u00f6nb\u00f6z\u0151 f\u0151z\u00e9si m\u00f3dszerekhez sz\u00fcks\u00e9ges pontos k\u00f6vetelm\u00e9nyeket.<\/p>\n<p><strong>K\u00f6nnyen tiszt\u00edthat\u00f3<\/strong><\/p>\n<p>A letisztult, varr\u00e1smentes \u00fcvegr\u00e9sz nagyon k\u00f6nnyen moshat\u00f3. A kivehet\u0151 \u0151rl\u0151alkatr\u00e9szek megk\u00f6nny\u00edtik az alapos tiszt\u00edt\u00e1st \u00e9s a higi\u00e9nia fenntart\u00e1s\u00e1t.<\/p>\n<h2>F\u0151bb specifik\u00e1ci\u00f3k<\/h2>\n<table style=\"border-collapse: collapse; width: 80%; margin-left: auto; margin-right: auto;\" border=\"0\" width=\"144\" cellspacing=\"0\" cellpadding=\"0\">\n<tbody>\n<tr style=\"height: 13.50pt;\">\n<td style=\"height: 13.5pt; width: 54pt; text-align: center;\" width=\"72\" height=\"18\">Jellemz\u0151<\/td>\n<td style=\"width: 54pt; text-align: center;\" width=\"72\">Specifik\u00e1ci\u00f3<\/td>\n<\/tr>\n<tr style=\"height: 13.50pt;\">\n<td style=\"height: 13.5pt; text-align: center;\" height=\"18\">Kapacit\u00e1s<\/td>\n<td style=\"text-align: center;\">200 ml<\/td>\n<\/tr>\n<tr style=\"height: 13.50pt;\">\n<td style=\"height: 13.5pt; text-align: center;\" height=\"18\">M\u00e9ret (cm)<\/td>\n<td style=\"text-align: center;\">6.6&#215;18.9<\/td>\n<\/tr>\n<tr style=\"height: 13.50pt;\">\n<td style=\"height: 13.5pt; text-align: center;\" height=\"18\">Tartoz\u00e9k<\/td>\n<td style=\"text-align: center;\">\u0150rl\u0151g\u00e9p<\/td>\n<\/tr>\n<tr style=\"height: 13.50pt;\">\n<td style=\"height: 13.5pt; text-align: center;\" height=\"18\">Sz\u00edn<\/td>\n<td style=\"text-align: center;\">Tiszta, Egyedi<\/td>\n<\/tr>\n<\/tbody>\n<\/table>\n<h2>Sikeres\u200b\u200d\u200b\u200c\u200d\u200b\u200d\u200c\u200b\u200d\u200b\u200c\u200d\u200b\u200d\u200d\u200c Esettanulm\u00e1ny<\/h2>\n<p>Az egyik ilyen n\u00e9met multifunkcion\u00e1lis \u00e9ttereml\u00e1nc rajtunk kereszt\u00fcl szerette volna beszerezni az eleg\u00e1ns \u00e9tk\u00e9szlet\u00fckh\u00f6z ill\u0151 f\u0171szeres\u00fcvegeket. A mi h\u0171thet\u0151, rozsdamentes ac\u00e9lb\u00f3l k\u00e9sz\u00fclt, \u0151rl\u0151fedeles \u00fcvegeink mellett d\u00f6nt\u00f6ttek, hogy eleg\u00e1ns \u00e9s modern megjelen\u00e9st k\u00f6lcs\u00f6n\u00f6zzenek, \u00e9s egy egyedi \u0151rl\u0151mechanizmust is k\u00e9rtek mind a durva, mind a finom \u0151rl\u00e9shez.<\/p>\n<p>Ennek eredm\u00e9nyek\u00e9nt a vend\u00e9gek \u00e9kessz\u00f3l\u00f3an dics\u00e9rt\u00e9k a f\u0171szeres \u00fcvegek letisztult diz\u00e1jnj\u00e1t \u00e9s a z\u00f6kken\u0151mentes felhaszn\u00e1l\u00f3i \u00e9lm\u00e9nyt, \u00edgy \u00e9tkez\u00e9si \u00e9lm\u00e9ny\u00fck magasabb szintre emelkedett.<\/p>\n<h2>Testreszab\u00e1si k\u00e9zik\u00f6nyved<\/h2>\n<ol>\n<li><strong>Form\u00e1k\u200b\u200d\u200b\u200c\u200d\u200b\u200d\u200c\u200b\u200d\u200b\u200d\u200b\u200c\u200d\u200b\u200d\u200c\u200b\u200d\u200d\u200b\u200d\u200c\u200b\u200d\u200d\u200b\u200d\u200c\u200b\u200d\u200d\u200b\u200d\u200c \u00e9s mint\u00e1k:<\/strong> A sz\u00e1raz f\u0171szer\u0151rl\u0151 alakj\u00e1nak \u00e9s kialak\u00edt\u00e1s\u00e1nak megv\u00e1ltoztat\u00e1s\u00e1val megmutathatod szem\u00e9lyis\u00e9gedet vagy a konyh\u00e1d dekor\u00e1ci\u00f3s st\u00edlus\u00e1t, p\u00e9ld\u00e1ul kerek, sz\u00f6gletes vagy k\u00fapos form\u00e1t v\u00e1laszthatsz.<\/li>\n<li><strong>Mint\u00e1k \u00e9s sz\u00ednek:<\/strong> Haszn\u00e1lj egy m\u00e1rk\u00e1t, mint\u00e1t, sz\u00f6veget vagy sz\u00ednt, ami tetszik, \u00e9s dar\u00e1ld le egy csiszol\u00f3g\u00e9pen, hogy egyedi \u00e9s k\u00f6nnyebben azonos\u00edthat\u00f3 term\u00e9ket kapj.<\/li>\n<\/ol>","protected":false},"excerpt":{"rendered":"<p>Pr\u00e9mium \u00fcveg f\u0171szertart\u00e1ly rozsdamentes ac\u00e9lb\u00f3l k\u00e9sz\u00fclt sz\u00e1raz f\u0171szerdar\u00e1l\u00f3val. T\u00f6k\u00e9letes \u00fcres f\u0171szertart\u00e1lyok s\u00f3, bors vagy f\u0171szerek t\u00e1rol\u00e1s\u00e1ra b\u00e1rmely modern konyh\u00e1ban.<\/p>","protected":false},"featured_media":23538,"template":"","meta":[],"product_brand":[],"product_cat":[122,124,128],"product_tag":[],"class_list":{"0":"post-23525","1":"product","2":"type-product","3":"status-publish","4":"has-post-thumbnail","6":"product_cat-custom-glass-packaging","7":"product_cat-custom-glass-jars","8":"product_cat-spice-jars","10":"first","11":"instock","12":"shipping-taxable","13":"product-type-simple"},"jetpack_sharing_enabled":true,"_links":{"self":[{"href":"https:\/\/yebodaglass.com\/hu\/wp-json\/wp\/v2\/product\/23525","targetHints":{"allow":["GET"]}}],"collection":[{"href":"https:\/\/yebodaglass.com\/hu\/wp-json\/wp\/v2\/product"}],"about":[{"href":"https:\/\/yebodaglass.com\/hu\/wp-json\/wp\/v2\/types\/product"}],"version-history":[{"count":5,"href":"https:\/\/yebodaglass.com\/hu\/wp-json\/wp\/v2\/product\/23525\/revisions"}],"predecessor-version":[{"id":25757,"href":"https:\/\/yebodaglass.com\/hu\/wp-json\/wp\/v2\/product\/23525\/revisions\/25757"}],"wp:featuredmedia":[{"embeddable":true,"href":"https:\/\/yebodaglass.com\/hu\/wp-json\/wp\/v2\/media\/23538"}],"wp:attachment":[{"href":"https:\/\/yebodaglass.com\/hu\/wp-json\/wp\/v2\/media?parent=23525"}],"wp:term":[{"taxonomy":"product_brand","embeddable":true,"href":"https:\/\/yebodaglass.com\/hu\/wp-json\/wp\/v2\/product_brand?post=23525"},{"taxonomy":"product_cat","embeddable":true,"href":"https:\/\/yebodaglass.com\/hu\/wp-json\/wp\/v2\/product_cat?post=23525"},{"taxonomy":"product_tag","embeddable":true,"href":"https:\/\/yebodaglass.com\/hu\/wp-json\/wp\/v2\/product_tag?post=23525"}],"curies":[{"name":"wp","href":"https:\/\/api.w.org\/{rel}","templated":true}]}}