{"id":23513,"date":"2025-11-10T14:28:42","date_gmt":"2025-11-10T06:28:42","guid":{"rendered":"https:\/\/yebodaglass.com\/?post_type=product&#038;p=23513"},"modified":"2026-04-10T10:59:00","modified_gmt":"2026-04-10T02:59:00","slug":"6oz-empty-jars-for-spices-with-grinder-lid-wholesale","status":"publish","type":"product","link":"https:\/\/yebodaglass.com\/hu\/6oz-empty-jars-for-spices-with-grinder-lid-wholesale\/","title":{"rendered":"6oz-os \u00fcres \u00fcvegek f\u0171szerekhez dar\u00e1l\u00f3fed\u00e9llel, nagykereskedelem"},"content":{"rendered":"<p>Ezek az \u00fcres f\u0171szeres bef\u0151ttes\u00fcvegek k\u00fapos \u00fcvegtesttel \u00e9s \u00e9l\u00e9nk sz\u00edn\u0171 \u0151rl\u0151kkel rendelkeznek, ami megk\u00f6nny\u00edti az \u0151rl\u00e9st. Az \u00fcvegek rozsdamentes ac\u00e9l d\u00edszgy\u0171r\u0171kkel vannak ell\u00e1tva, amelyekkel a k\u00edv\u00e1nt \u0151rl\u00e9si finoms\u00e1gra lehet \u00e1ll\u00edtani.<\/p>\n<h2>Term\u00e9kjellemz\u0151k<\/h2>\n<ul>\n<li><strong>Frissen \u0151r\u00f6lt diz\u00e1jn:<\/strong> Be\u00e9p\u00edtett, nagy kem\u00e9nys\u00e9g\u0171 \u0151rl\u0151maggal rendelkezik, manu\u00e1lisan \u00e1ll\u00edthat\u00f3 durvas\u00e1ggal az azonnali haszn\u00e1lat \u00e9rdek\u00e9ben.<\/li>\n<li><strong>T\u00f6bbf\u00e9le sz\u00ednv\u00e1laszt\u00e9k a fed\u00e9lhez:<\/strong> A fed\u00e9l t\u00f6bbf\u00e9le sz\u00ednben kaphat\u00f3, mivel piros, z\u00f6ld, fekete \u00e9s m\u00e1s sz\u00ednekben is kaphat\u00f3, mik\u00f6zben cs\u00fasz\u00e1smentes fog\u00e1st biztos\u00edt, \u00e9s megk\u00fcl\u00f6nb\u00f6zteti a k\u00fcl\u00f6nb\u00f6z\u0151 illatokat.<\/li>\n<li><strong>Rozsdamentes ac\u00e9l d\u00edszgy\u0171r\u0171 kialak\u00edt\u00e1sa:<\/strong> A palackon egy dekorat\u00edv rozsdamentes ac\u00e9lgy\u0171r\u0171 tal\u00e1lhat\u00f3, amely fokozza a vizu\u00e1lis vonzerej\u00e9t \u00e9s az \u00f6ssz\u00e9rt\u00e9k\u00e9t, mik\u00f6zben tov\u00e1bbi szerkezeti t\u00e1maszt ny\u00fajt.<\/li>\n<\/ul>\n<h2>F\u0151bb specifik\u00e1ci\u00f3k<\/h2>\n<table style=\"border-collapse: collapse; width: 80%; margin-left: auto; margin-right: auto;\" border=\"0\" width=\"144\" cellspacing=\"0\" cellpadding=\"0\">\n<tbody>\n<tr style=\"height: 13.50pt;\">\n<td style=\"height: 13.5pt; width: 54pt; text-align: center;\" width=\"72\" height=\"18\">Jellemz\u0151<\/td>\n<td style=\"width: 54pt; text-align: center;\" width=\"72\">Specifik\u00e1ci\u00f3<\/td>\n<\/tr>\n<tr style=\"height: 13.50pt;\">\n<td style=\"height: 13.5pt; text-align: center;\" height=\"18\">Kapacit\u00e1s<\/td>\n<td style=\"text-align: center;\">180 ml\/6 uncia<\/td>\n<\/tr>\n<tr style=\"height: 13.50pt;\">\n<td style=\"height: 13.5pt; text-align: center;\" height=\"18\">M\u00e9ret (cm)<\/td>\n<td style=\"text-align: center;\">6,4 x 13<\/td>\n<\/tr>\n<tr style=\"height: 13.50pt;\">\n<td style=\"height: 13.5pt; text-align: center;\" height=\"18\">Tartoz\u00e9k<\/td>\n<td style=\"text-align: center;\">\u0150rl\u0151g\u00e9p<\/td>\n<\/tr>\n<tr style=\"height: 13.50pt;\">\n<td style=\"height: 13.5pt; text-align: center;\" height=\"18\">Sz\u00edn<\/td>\n<td style=\"text-align: center;\">Tiszta, elfogadja a testreszab\u00e1st<\/td>\n<\/tr>\n<tr style=\"height: 13.50pt;\">\n<td style=\"height: 13.5pt; text-align: center;\" height=\"18\">Haszn\u00e1lat<\/td>\n<td style=\"text-align: center;\">Bors, durva s\u00f3, k\u00f6m\u00e9ny<\/td>\n<\/tr>\n<\/tbody>\n<\/table>\n<h2>Sikert\u00f6rt\u00e9net: Eur\u00f3pai \u00e9lelmiszer-kiskeresked\u0151 saj\u00e1t m\u00e1rk\u00e1s v\u00e1llalkoz\u00e1s<\/h2>\n<p>Az egyik eur\u00f3pai luxus \u00e9lelmiszerbolt \u00fagy d\u00f6nt\u00f6tt, hogy a mi f\u0171szerdar\u00e1l\u00f3nkat haszn\u00e1lja a f\u0171szerek t\u00e1rol\u00e1s\u00e1ra, de r\u00e9zsz\u00edn\u0171 d\u00edszgy\u0171r\u0171vel d\u00edsz\u00edtett\u00e9k, az \u0151rl\u0151 fedel\u00e9re pedig egy log\u00f3 van dombornyomva. Az \u00e1tl\u00e1tsz\u00f3 \u00fcveged\u00e9nyek 40 sz\u00e1zal\u00e9kkal n\u00f6velt\u00e9k a dr\u00e1g\u00e1bb f\u0171szerek elad\u00e1s\u00e1t, mivel a v\u00e1s\u00e1rl\u00f3k fizikailag is ellen\u0151rizhett\u00e9k a term\u00e9k min\u0151s\u00e9g\u00e9t. Az \u0151rl\u0151 seg\u00edts\u00e9g\u00e9vel a finoms\u00e1g be\u00e1ll\u00edt\u00e1sa mindig k\u00f6vetkezetes volt, az \u00fcgyf\u00e9l-el\u00e9gedetts\u00e9gi ar\u00e1ny 95% volt. A kiskeresked\u0151 el\u00e9gedett volt a term\u00e9kkel, ez\u00e9rt \u00fajabb 500 000 darabos rendel\u00e9st adott le, hogy 15 orsz\u00e1gban forgalmazza saj\u00e1t m\u00e1rk\u00e1s f\u0171szereit.<\/p>\n<h2>Testreszab\u00e1si javaslatok \u00fcres f\u0171szeres \u00fcvegekhez<\/h2>\n<ol>\n<li><strong>Csiszol\u00e1s\u200b\u200d\u200b\u200c\u200d\u200b\u200d\u200c\u200b\u200d\u200b\u200d\u200b\u200c\u200d\u200b\u200d\u200c\u200b\u200d\u200d\u200b\u200d\u200c\u200b\u200d\u200d\u200b\u200d\u200c\u200b\u200d\u200d\u200b\u200d\u200c Alkatr\u00e9szek:<\/strong> Az \u0151rlend\u0151 f\u0171szerek jelleg\u00e9t\u0151l f\u00fcgg\u0151en v\u00e1lasszon alum\u00ednium-oxid ker\u00e1mi\u00e1t vagy rozsdamentes ac\u00e9lt az \u0151rl\u0151alkatr\u00e9szekhez.<\/li>\n<li><strong>Mint\u00e1k \u00e9s sz\u00ednek:<\/strong> Haszn\u00e1lj log\u00f3kat, mint\u00e1kat vagy sz\u00edneket, hogy egyedi megjelen\u00e9st k\u00f6lcs\u00f6n\u00f6zz a term\u00e9kednek.<\/li>\n<li><strong>M\u00e9retm\u00f3dos\u00edt\u00e1s:<\/strong> V\u00e1ltoztasd meg a f\u0171szerdar\u00e1l\u00f3 m\u00e9ret\u00e9t, hogy illeszkedjen a konyh\u00e1dba, vagy ar\u00e1nyos legyen a felhaszn\u00e1lt f\u0171szerek mennyis\u00e9g\u00e9vel.<\/li>\n<\/ol>","protected":false},"excerpt":{"rendered":"<p>Pr\u00e9mium min\u0151s\u00e9g\u0171, \u00fcres f\u0171szertart\u00f3k rozsdamentes ac\u00e9l gall\u00e9rral \u00e9s k\u00e9zi f\u0171szerdar\u00e1l\u00f3val. Ide\u00e1lis konyhai f\u0171szert\u00e1rol\u00e1shoz. Gyors sz\u00e1ll\u00edt\u00e1ssal is el\u00e9rhet\u0151.<\/p>","protected":false},"featured_media":23514,"template":"","meta":[],"product_brand":[],"product_cat":[128,124,122],"product_tag":[],"class_list":{"0":"post-23513","1":"product","2":"type-product","3":"status-publish","4":"has-post-thumbnail","6":"product_cat-spice-jars","7":"product_cat-custom-glass-jars","8":"product_cat-custom-glass-packaging","10":"first","11":"instock","12":"shipping-taxable","13":"product-type-simple"},"jetpack_sharing_enabled":true,"_links":{"self":[{"href":"https:\/\/yebodaglass.com\/hu\/wp-json\/wp\/v2\/product\/23513","targetHints":{"allow":["GET"]}}],"collection":[{"href":"https:\/\/yebodaglass.com\/hu\/wp-json\/wp\/v2\/product"}],"about":[{"href":"https:\/\/yebodaglass.com\/hu\/wp-json\/wp\/v2\/types\/product"}],"version-history":[{"count":5,"href":"https:\/\/yebodaglass.com\/hu\/wp-json\/wp\/v2\/product\/23513\/revisions"}],"predecessor-version":[{"id":25721,"href":"https:\/\/yebodaglass.com\/hu\/wp-json\/wp\/v2\/product\/23513\/revisions\/25721"}],"wp:featuredmedia":[{"embeddable":true,"href":"https:\/\/yebodaglass.com\/hu\/wp-json\/wp\/v2\/media\/23514"}],"wp:attachment":[{"href":"https:\/\/yebodaglass.com\/hu\/wp-json\/wp\/v2\/media?parent=23513"}],"wp:term":[{"taxonomy":"product_brand","embeddable":true,"href":"https:\/\/yebodaglass.com\/hu\/wp-json\/wp\/v2\/product_brand?post=23513"},{"taxonomy":"product_cat","embeddable":true,"href":"https:\/\/yebodaglass.com\/hu\/wp-json\/wp\/v2\/product_cat?post=23513"},{"taxonomy":"product_tag","embeddable":true,"href":"https:\/\/yebodaglass.com\/hu\/wp-json\/wp\/v2\/product_tag?post=23513"}],"curies":[{"name":"wp","href":"https:\/\/api.w.org\/{rel}","templated":true}]}}